{"id":320190,"date":"2024-04-10T15:08:01","date_gmt":"2024-04-10T13:08:01","guid":{"rendered":"https:\/\/selleetools.com\/?post_type=product&#038;p=320190"},"modified":"2025-11-20T12:21:59","modified_gmt":"2025-11-20T11:21:59","slug":"evil-bolt-grease-czarna-pasta-do-gwintow-60ml","status":"publish","type":"product","link":"https:\/\/admincentral.selleetools.com\/pl\/product\/evil-bolt-grease-czarna-pasta-do-gwintow-60ml\/","title":{"rendered":"EVIL BOLT GREASE CZARNA PASTA DO GWINT\u00d3W 60ml"},"content":{"rendered":"<div class=\"flex flex-grow flex-col gap-3 max-w-full\">\n<div class=\"min-h-[20px] flex flex-col items-start gap-3 overflow-x-auto whitespace-pre-wrap break-words\">\n<div class=\"markdown prose w-full break-words dark:prose-invert light\">\n<p>Pasta Bolt Grease to specjalny produkt, kt\u00f3ry zosta\u0142 stworzony na bazie oleju mineralnego, sta\u0142ego smaru, substancji zag\u0119szczaj\u0105cych, grafitu z molibdenem. Jej g\u0142\u00f3wnym celem jest umo\u017cliwienie optymalnego dokr\u0119cania \u015brub i wprowadzenia wst\u0119pnego napr\u0119\u017cenia w po\u0142\u0105czeniach \u015brubowych i gwintowanych. Pasta ta ma wiele zalet, takich jak zapobieganie zaci\u0119ciu si\u0119 gwint\u00f3w, zapobieganie rdzewieniu i oferowanie zar\u00f3wno smarowania, jak i oddzielania chronionych element\u00f3w. Ponadto charakteryzuje j\u0105 niski i sta\u0142y wsp\u00f3\u0142czynnik tarcia, kt\u00f3ry nie jest uzale\u017cniony od temperatury i warunk\u00f3w atmosferycznych.<\/p>\n<p>Podczas dokr\u0119cania \u015brub powierzchnie styku \u015bruby i nakr\u0119tki staj\u0105 si\u0119 cia\u0142ami tribologicznymi, co oznacza, \u017ce potrzebne jest smarowanie, aby zachowa\u0107 sta\u0142y moment tarcia i napr\u0119\u017cenie. W trakcie tego procesu wyst\u0119puj\u0105 r\u00f3wnie\u017c wysokie ci\u015bnienia powierzchniowe, cz\u0119sto osi\u0105gaj\u0105ce nawet 1000 N\/mm\u00b2, zw\u0142aszcza przy niskiej pr\u0119dko\u015bci \u015blizgowej.<\/p>\n<p>Pasta Bolt Grease jest zalecana do smarowania r\u00f3\u017cnych element\u00f3w, takich jak bolce, trzpienie gwintowane, \u015bruby, wa\u0142y rowkowane, przek\u0142adnie \u015blimakowe. Mo\u017ce tak\u017ce by\u0107 u\u017cywana jako pasta uszczelniaj\u0105ca i docieraj\u0105ca podk\u0142adki, ko\u0142a, ko\u0142nierze i \u015bruby.<\/p>\n<p>Jej sk\u0142ad zosta\u0142 starannie dobrany, aby znacz\u0105co zredukowa\u0107 moment tarcia podczas dokr\u0119cania element\u00f3w gwintowanych i obni\u017cy\u0107 napi\u0119cie mi\u0119dzy \u015brub\u0105 a nakr\u0119tk\u0105 o oko\u0142o 60%. Ponadto u\u0142atwia demonta\u017c i zmniejsza ryzyko uszkodze\u0144 wynikaj\u0105cych z pracy w trudnych warunkach, takich jak deszcz lub \u015bnieg, kt\u00f3re mog\u0105 prowadzi\u0107 do korozji (tribokorozji). Pasta ta r\u00f3wnie\u017c zapewnia ochron\u0119 przed zamarzaniem, rdz\u0105 i korozj\u0105.<\/p>\n<p>Aplikacja pasty jest standardowa dla tego typu produkt\u00f3w. Nale\u017cy oczy\u015bci\u0107 powierzchnie, na kt\u00f3rych ma by\u0107 u\u017cywana pasta Bolt Grease, a nast\u0119pnie na\u0142o\u017cy\u0107 j\u0105 za pomoc\u0105 p\u0119dzla, szpachli, tkaniny syntetycznej, g\u0105bki lub sk\u00f3ry. Wa\u017cne jest, aby nie u\u017cywa\u0107 jej w nadmiarze. Energiczne rozprowadzenie po powierzchni metalu poprawia przyczepno\u015b\u0107. Wa\u017cne jest r\u00f3wnie\u017c, aby nie miesza\u0107 tej pasty z innymi smarami ani olejami.<\/p>\n<\/div>\n<p>Podstawowe dane produktu Bolt Grease<\/p>\n<table width=\"614\">\n<tbody>\n<tr>\n<td width=\"104\">Norma<\/td>\n<td width=\"349\">Tre\u015b\u0107<\/td>\n<td width=\"89\">Jednostka<\/td>\n<td width=\"72\">Wynik<\/td>\n<\/tr>\n<tr>\n<td><\/td>\n<td>kolor<\/td>\n<td><\/td>\n<td>czarny<\/td>\n<\/tr>\n<tr>\n<td colspan=\"4\">Sk\u0142ad: olej mineralny- baza, sta\u0142e \u015brodki smarne, zag\u0119szczacz, grafit, dwusiarczek molibdenu.<\/td>\n<\/tr>\n<tr>\n<td><\/td>\n<td>Temperatura pracy w \u00b0 C<\/td>\n<td colspan=\"2\">-30 do +150<\/td>\n<\/tr>\n<tr>\n<td>ISO 2137<\/td>\n<td>Penetracja<\/td>\n<td>mm\/10<\/td>\n<td>280<\/td>\n<\/tr>\n<tr>\n<td>ISO 2811<\/td>\n<td>G\u0119sto\u015b\u0107 w 20 \u00ba C<\/td>\n<td>g \/ ml<\/td>\n<td>1,4<\/td>\n<\/tr>\n<tr>\n<td>DIN 51 350 pt.4<\/td>\n<td>Four-balltestest obci\u0105\u017cenie zespawania<\/td>\n<td>N<\/td>\n<td>2400<\/td>\n<\/tr>\n<tr>\n<td colspan=\"4\">Wsp\u00f3\u0142czynnik tarcia<\/td>\n<\/tr>\n<tr>\n<td><\/td>\n<td>Press-fit \u03bc = test<\/td>\n<td>\u03bc<\/td>\n<td>0,09<\/td>\n<\/tr>\n<tr>\n<td colspan=\"4\">Test \u015blimaka: Erichsen<\/td>\n<\/tr>\n<tr>\n<td><\/td>\n<td>Test Screw &#8211; gwint \u03bc<\/td>\n<td>\u03bc<\/td>\n<td>0,12<\/td>\n<\/tr>\n<tr>\n<td><\/td>\n<td>Test Screw &#8211; g\u0142owa \u03bc<\/td>\n<td>\u03bc<\/td>\n<td>0,07<\/td>\n<\/tr>\n<\/tbody>\n<\/table>\n<\/div>\n<\/div>\n<p>Pasta Bolt Grease to specjalny produkt, kt\u00f3ry zosta\u0142 stworzony na bazie oleju mineralnego, sta\u0142ego smaru, substancji zag\u0119szczaj\u0105cych, grafitu z molibdenem. Jej g\u0142\u00f3wnym celem jest umo\u017cliwienie optymalnego dokr\u0119cania \u015brub i wprowadzenia wst\u0119pnego napr\u0119\u017cenia w po\u0142\u0105czeniach \u015brubowych i gwintowanych. Pasta ta ma wiele zalet, takich jak zapobieganie zaci\u0119ciu si\u0119 gwint\u00f3w, zapobieganie rdzewieniu i oferowanie zar\u00f3wno smarowania, jak i oddzielania chronionych element\u00f3w. Ponadto charakteryzuje j\u0105 niski i sta\u0142y wsp\u00f3\u0142czynnik tarcia, kt\u00f3ry nie jest uzale\u017cniony od temperatury i warunk\u00f3w atmosferycznych.<\/p>\n","protected":false},"excerpt":{"rendered":"<p>Pasta Bolt Grease to specjalny produkt, kt\u00f3ry zosta\u0142 stworzony na bazie oleju mineralnego, sta\u0142ego smaru, substancji zag\u0119szczaj\u0105cych, grafitu z molibdenem. Jej g\u0142\u00f3wnym celem jest umo\u017cliwienie optymalnego dokr\u0119cania \u015brub i wprowadzenia wst\u0119pnego napr\u0119\u017cenia w po\u0142\u0105czeniach \u015brubowych i gwintowanych. Pasta ta ma wiele zalet, takich jak zapobieganie zaci\u0119ciu si\u0119 gwint\u00f3w, zapobieganie rdzewieniu i oferowanie zar\u00f3wno smarowania, jak &#8230; <a title=\"EVIL BOLT GREASE CZARNA PASTA DO GWINT\u00d3W 60ml\" class=\"read-more\" href=\"https:\/\/admincentral.selleetools.com\/pl\/product\/evil-bolt-grease-czarna-pasta-do-gwintow-60ml\/\">Read more<span class=\"screen-reader-text\">EVIL BOLT GREASE CZARNA PASTA DO GWINT\u00d3W 60ml<\/span><\/a><\/p>\n","protected":false},"featured_media":320188,"comment_status":"open","ping_status":"closed","template":"","meta":{"_links_to":"","_links_to_target":""},"yoast_head":"<!-- This site is optimized with the Yoast SEO plugin v19.4 - https:\/\/yoast.com\/wordpress\/plugins\/seo\/ -->\n<title>EVIL BOLT GREASE CZARNA PASTA DO GWINT\u00d3W 60ml - Selleetools.com<\/title>\n<meta name=\"robots\" content=\"index, follow, max-snippet:-1, max-image-preview:large, max-video-preview:-1\" \/>\n<link rel=\"canonical\" href=\"https:\/\/admincentral.selleetools.com\/pl\/product\/evil-bolt-grease-czarna-pasta-do-gwintow-60ml\/\" \/>\n<meta property=\"og:locale\" content=\"pl_PL\" \/>\n<meta property=\"og:type\" content=\"article\" \/>\n<meta property=\"og:title\" content=\"EVIL BOLT GREASE CZARNA PASTA DO GWINT\u00d3W 60ml - Selleetools.com\" \/>\n<meta property=\"og:description\" content=\"Pasta Bolt Grease to specjalny produkt, kt\u00f3ry zosta\u0142 stworzony na bazie oleju mineralnego, sta\u0142ego smaru, substancji zag\u0119szczaj\u0105cych, grafitu z molibdenem. Jej g\u0142\u00f3wnym celem jest umo\u017cliwienie optymalnego dokr\u0119cania \u015brub i wprowadzenia wst\u0119pnego napr\u0119\u017cenia w po\u0142\u0105czeniach \u015brubowych i gwintowanych. Pasta ta ma wiele zalet, takich jak zapobieganie zaci\u0119ciu si\u0119 gwint\u00f3w, zapobieganie rdzewieniu i oferowanie zar\u00f3wno smarowania, jak ... Read moreEVIL BOLT GREASE CZARNA PASTA DO GWINT\u00d3W 60ml\" \/>\n<meta property=\"og:url\" content=\"https:\/\/admincentral.selleetools.com\/pl\/product\/evil-bolt-grease-czarna-pasta-do-gwintow-60ml\/\" \/>\n<meta property=\"og:site_name\" content=\"Selleetools.com\" \/>\n<meta property=\"article:modified_time\" content=\"2025-11-20T11:21:59+00:00\" \/>\n<meta property=\"og:image\" content=\"https:\/\/selleetools.com\/wp-content\/uploads\/2024\/04\/bolt60.jpg\" \/>\n\t<meta property=\"og:image:width\" content=\"2000\" \/>\n\t<meta property=\"og:image:height\" content=\"2000\" \/>\n\t<meta property=\"og:image:type\" content=\"image\/jpeg\" \/>\n<meta name=\"twitter:card\" content=\"summary_large_image\" \/>\n<meta name=\"twitter:label1\" content=\"Est. reading time\" \/>\n\t<meta name=\"twitter:data1\" content=\"3 minuty\" \/>\n<!-- \/ Yoast SEO plugin. -->","yoast_head_json":{"title":"EVIL BOLT GREASE CZARNA PASTA DO GWINT\u00d3W 60ml - Selleetools.com","robots":{"index":"index","follow":"follow","max-snippet":"max-snippet:-1","max-image-preview":"max-image-preview:large","max-video-preview":"max-video-preview:-1"},"canonical":"https:\/\/admincentral.selleetools.com\/pl\/product\/evil-bolt-grease-czarna-pasta-do-gwintow-60ml\/","og_locale":"pl_PL","og_type":"article","og_title":"EVIL BOLT GREASE CZARNA PASTA DO GWINT\u00d3W 60ml - Selleetools.com","og_description":"Pasta Bolt Grease to specjalny produkt, kt\u00f3ry zosta\u0142 stworzony na bazie oleju mineralnego, sta\u0142ego smaru, substancji zag\u0119szczaj\u0105cych, grafitu z molibdenem. Jej g\u0142\u00f3wnym celem jest umo\u017cliwienie optymalnego dokr\u0119cania \u015brub i wprowadzenia wst\u0119pnego napr\u0119\u017cenia w po\u0142\u0105czeniach \u015brubowych i gwintowanych. Pasta ta ma wiele zalet, takich jak zapobieganie zaci\u0119ciu si\u0119 gwint\u00f3w, zapobieganie rdzewieniu i oferowanie zar\u00f3wno smarowania, jak ... Read moreEVIL BOLT GREASE CZARNA PASTA DO GWINT\u00d3W 60ml","og_url":"https:\/\/admincentral.selleetools.com\/pl\/product\/evil-bolt-grease-czarna-pasta-do-gwintow-60ml\/","og_site_name":"Selleetools.com","article_modified_time":"2025-11-20T11:21:59+00:00","og_image":[{"width":2000,"height":2000,"url":"https:\/\/selleetools.com\/wp-content\/uploads\/2024\/04\/bolt60.jpg","type":"image\/jpeg"}],"twitter_card":"summary_large_image","twitter_misc":{"Est. reading time":"3 minuty"},"schema":{"@context":"https:\/\/schema.org","@graph":[{"@type":"Organization","@id":"https:\/\/selleetools.com\/#organization","name":"Selleetools","url":"https:\/\/selleetools.com\/","sameAs":[],"logo":{"@type":"ImageObject","inLanguage":"pl-PL","@id":"https:\/\/selleetools.com\/#\/schema\/logo\/image\/","url":"https:\/\/selleetools.com\/wp-content\/uploads\/2021\/10\/logo-dark.png","contentUrl":"https:\/\/selleetools.com\/wp-content\/uploads\/2021\/10\/logo-dark.png","width":320,"height":76,"caption":"Selleetools"},"image":{"@id":"https:\/\/selleetools.com\/#\/schema\/logo\/image\/"}},{"@type":"WebSite","@id":"https:\/\/selleetools.com\/#website","url":"https:\/\/selleetools.com\/","name":"Selleetools.com","description":"","publisher":{"@id":"https:\/\/selleetools.com\/#organization"},"potentialAction":[{"@type":"SearchAction","target":{"@type":"EntryPoint","urlTemplate":"https:\/\/selleetools.com\/?s={search_term_string}"},"query-input":"required name=search_term_string"}],"inLanguage":"pl-PL"},{"@type":"WebPage","@id":"https:\/\/admincentral.selleetools.com\/pl\/product\/evil-bolt-grease-czarna-pasta-do-gwintow-60ml\/","url":"https:\/\/admincentral.selleetools.com\/pl\/product\/evil-bolt-grease-czarna-pasta-do-gwintow-60ml\/","name":"EVIL BOLT GREASE CZARNA PASTA DO GWINT\u00d3W 60ml - Selleetools.com","isPartOf":{"@id":"https:\/\/selleetools.com\/#website"},"datePublished":"2024-04-10T13:08:01+00:00","dateModified":"2025-11-20T11:21:59+00:00","breadcrumb":{"@id":"https:\/\/admincentral.selleetools.com\/pl\/product\/evil-bolt-grease-czarna-pasta-do-gwintow-60ml\/#breadcrumb"},"inLanguage":"pl-PL","potentialAction":[{"@type":"ReadAction","target":["https:\/\/admincentral.selleetools.com\/pl\/product\/evil-bolt-grease-czarna-pasta-do-gwintow-60ml\/"]}]},{"@type":"BreadcrumbList","@id":"https:\/\/admincentral.selleetools.com\/pl\/product\/evil-bolt-grease-czarna-pasta-do-gwintow-60ml\/#breadcrumb","itemListElement":[{"@type":"ListItem","position":1,"name":"Home","item":"https:\/\/selleetools.com\/pl\/"},{"@type":"ListItem","position":2,"name":"Katalog","item":"https:\/\/selleetools.com\/pl\/katalog\/"},{"@type":"ListItem","position":3,"name":"EVIL BOLT GREASE CZARNA PASTA DO GWINT\u00d3W 60ml"}]}]}},"_links":{"self":[{"href":"https:\/\/admincentral.selleetools.com\/pl\/wp-json\/wp\/v2\/product\/320190"}],"collection":[{"href":"https:\/\/admincentral.selleetools.com\/pl\/wp-json\/wp\/v2\/product"}],"about":[{"href":"https:\/\/admincentral.selleetools.com\/pl\/wp-json\/wp\/v2\/types\/product"}],"replies":[{"embeddable":true,"href":"https:\/\/admincentral.selleetools.com\/pl\/wp-json\/wp\/v2\/comments?post=320190"}],"wp:featuredmedia":[{"embeddable":true,"href":"https:\/\/admincentral.selleetools.com\/pl\/wp-json\/wp\/v2\/media\/320188"}],"wp:attachment":[{"href":"https:\/\/admincentral.selleetools.com\/pl\/wp-json\/wp\/v2\/media?parent=320190"}],"curies":[{"name":"wp","href":"https:\/\/api.w.org\/{rel}","templated":true}]}}