{"id":320208,"date":"2024-04-10T15:08:18","date_gmt":"2024-04-10T13:08:18","guid":{"rendered":"https:\/\/selleetools.com\/?post_type=product&#038;p=320208"},"modified":"2026-03-26T11:12:46","modified_gmt":"2026-03-26T10:12:46","slug":"evil-lit-grease-smar-do-lozysk-litowy-1kg","status":"publish","type":"product","link":"https:\/\/admincentral.selleetools.com\/pl\/product\/evil-lit-grease-smar-do-lozysk-litowy-1kg\/","title":{"rendered":"EVIL LIT Grease SMAR DO \u0141O\u017bYSK LITOWY 1kg"},"content":{"rendered":"<div class=\"flex flex-grow flex-col gap-3 max-w-full\">\n<div class=\"min-h-[20px] flex flex-col items-start gap-3 overflow-x-auto whitespace-pre-wrap break-words\">\n<div class=\"markdown prose w-full break-words dark:prose-invert light\">\n<p>Smar litowy stanowi od 1942 roku najbardziej popularny rodzaj \u015brodka do smarowania wykorzystywanego w gospodarstwach domowych, rolnictwie, a wcze\u015bniej tak\u017ce w przemy\u015ble. Jak ka\u017cdy smar, jego g\u0142\u00f3wnym celem jest redukcja tarcia w ruchomych cz\u0119\u015bciach maszyn. Wyb\u00f3r litowego zag\u0119szczacza okaza\u0142 si\u0119 szczeg\u00f3lnie trafny w przypadku smarowania \u0142o\u017cysk tocznych, \u0142o\u017cysk \u015blizgowych, sworzni, wielowypust\u00f3w i innych element\u00f3w poddawanych du\u017cym obci\u0105\u017ceniom, zar\u00f3wno w \u015brodkach transportu, jak i w urz\u0105dzeniach przemys\u0142owych, niezale\u017cnie od temperatury pracy.<\/p>\n<p>Niestety, obecnie dost\u0119pne na polskim rynku smary litowe niskiej jako\u015bci lub smary litowe w formie aerozolu zniekszta\u0142caj\u0105 nasze poj\u0119cie o smarze litowym. Chocia\u017c s\u0105 one \u0142atwe w u\u017cyciu, to jednak nie dor\u00f3wnuj\u0105 smarom sta\u0142ym pod wzgl\u0119dem skuteczno\u015bci. Dlatego chcieliby\u015bmy zaproponowa\u0107 Pa\u0144stwu innowacyjny smar litowy, kt\u00f3ry zawiera nowej generacji dodatki uszlachetniaj\u0105ce do smarowania element\u00f3w rowerowych, charakteryzuj\u0105cy si\u0119 du\u017c\u0105 no\u015bno\u015bci\u0105 i przyczepno\u015bci\u0105 do powierzchni metalowych. Smar litowy zapewnia doskona\u0142e w\u0142a\u015bciwo\u015bci smarne w temperaturach od -25 \u00b0C do 120 \u00b0C, nawet w bardzo wilgotnych i mokrych warunkach, a tak\u017ce skutecznie chroni smarowane elementy przed korozj\u0105.<\/p>\n<p>Sk\u0142ad tego smaru obejmuje olej mineralny jako baz\u0119, myd\u0142o litowe, dodatki EP (antywytarcie), inhibitory korozji oraz zwi\u0105zki zwi\u0119kszaj\u0105ce przyczepno\u015b\u0107. Dzi\u0119ki takiemu sk\u0142adowi jest on odpowiedni do smarowania \u0142o\u017cysk o r\u00f3\u017cnych pr\u0119dko\u015bciach obrotowych &#8211; od wolnoobrotowych do bardzo szybkobie\u017cnych (do 400 000 mm\/min), a tak\u017ce do w\u0119z\u0142\u00f3w tarcia we wszystkich urz\u0105dzeniach gospodarstwa domowego. Wskazane zastosowania obejmuj\u0105 wentylatory, \u0142o\u017cyska wrzecion, prowadnice liniowe, przek\u0142adnie \u015brubowe toczne obrabiarek, w\u00f3zki wid\u0142owe i urz\u0105dzenia do podnoszenia, wa\u0142y wielowypustowe, przeguby, z\u0119by przek\u0142adni, gwinty \u015brub ci\u0105gn\u0105cych, a nawet \u0142a\u0144cuszki pracuj\u0105ce w wodzie.<\/p>\n<p>Spos\u00f3b aplikacji jest zgodny z typowymi smarami litowymi o g\u0119sto\u015bci NGL 2. Przed na\u0142o\u017ceniem, zaleca si\u0119 dok\u0142adne wyczyszczenie punkt\u00f3w, kt\u00f3re maj\u0105 by\u0107 nasmarowane. Smar mo\u017cna nak\u0142ada\u0107 za pomoc\u0105 p\u0119dzla, szpachli, smarownicy lub automatycznego urz\u0105dzenia do smarowania. Warto r\u00f3wnie\u017c wspomnie\u0107, \u017ce mimo wysokiej g\u0119sto\u015bci, ten smar jest skutecznie wykorzystywany w systemach centralnego smarowania.<\/p>\n<p>Podstawowe dane smar litowy<\/p>\n<table width=\"645\">\n<tbody>\n<tr>\n<td width=\"138\">Norma<\/td>\n<td width=\"319\">Tre\u015b\u0107<\/td>\n<td width=\"104\">Jednostka<\/td>\n<td width=\"85\">wynik<\/td>\n<\/tr>\n<tr>\n<td>\u00a0CTM 0176B<\/td>\n<td width=\"319\">Kolor<\/td>\n<td colspan=\"2\" width=\"189\">\u00a0Zielono-\u017c\u00f3\u0142ty<\/td>\n<\/tr>\n<tr>\n<td colspan=\"4\" width=\"645\">Sk\u0142ad: Olej bazowy mineralny, myd\u0142o litowe, dodatki EP, inhibitory korozji, inhibitor adhezji<\/td>\n<\/tr>\n<tr>\n<td><\/td>\n<td width=\"319\">Konsystencja<\/td>\n<td colspan=\"2\" width=\"189\">\u00a0Pasta do z\u0119b\u00f3w<\/td>\n<\/tr>\n<tr>\n<td><\/td>\n<td width=\"319\">Temperatura pracy<\/td>\n<td width=\"104\">\u00b0 C<\/td>\n<td width=\"85\">-25 do +120<\/td>\n<\/tr>\n<tr>\n<td>DIN 51 818<\/td>\n<td width=\"319\">Klasa konsystencji NLGI<\/td>\n<td width=\"104\"><\/td>\n<td width=\"85\">2<\/td>\n<\/tr>\n<tr>\n<td>ISO 2137<\/td>\n<td width=\"319\">Penetracja<\/td>\n<td width=\"104\">mm\/10<\/td>\n<td width=\"85\">270-300<\/td>\n<\/tr>\n<tr>\n<td>ISO 2811<\/td>\n<td width=\"319\">G\u0119sto\u015b\u0107 w temperaturze 20 \u00b0 C<\/td>\n<td width=\"104\">g \/ ml<\/td>\n<td width=\"85\">0,84<\/td>\n<\/tr>\n<tr>\n<td><\/td>\n<td width=\"319\">Pr\u0119dko\u015b\u0107 Warto\u015b\u0107 DN<\/td>\n<td width=\"104\">mm \/ min<\/td>\n<td width=\"85\">400000<\/td>\n<\/tr>\n<tr>\n<td>DIN 51 562<\/td>\n<td width=\"319\">Lepko\u015b\u0107 oleju bazowego w temperaturze 40 \u00b0 C<\/td>\n<td width=\"104\">mm\u00b2\/s<\/td>\n<td width=\"85\">106<\/td>\n<\/tr>\n<tr>\n<td>DIN 51 350 pt.4<\/td>\n<td width=\"319\">Four-ball tester (VKA) obci\u0105\u017cenie zespawania<\/td>\n<td width=\"104\">N<\/td>\n<td width=\"85\">2300<\/td>\n<\/tr>\n<tr>\n<td>DIN 51 350 pt.5<\/td>\n<td width=\"319\">W\u017cery zu\u017cyciowe pod obc. 800 N<\/td>\n<td width=\"104\">mm<\/td>\n<td width=\"85\">0,9<\/td>\n<\/tr>\n<tr>\n<td>DIN 51 802<\/td>\n<td width=\"319\">Metoda SKF-Emcor Stopie\u0144 korozji<\/td>\n<td width=\"104\"><\/td>\n<td width=\"85\">1<\/td>\n<\/tr>\n<\/tbody>\n<\/table>\n<p>Trwa\u0142o\u015b\u0107 i magazynowanie: Przy przechowywaniu w temperaturze poni\u017cej 25 \u00b0 C, w oryginalnych, zamkni\u0119tych pojemnikach, zdolno\u015b\u0107 \u00a0produktu do u\u017cytku wynosi 60 miesi\u0119cy od daty produkcji.<\/p>\n<\/div>\n<\/div>\n<\/div>\n<p>Sk\u0142ad tego smaru obejmuje olej mineralny jako baz\u0119, myd\u0142o litowe, dodatki EP (antywytarcie), inhibitory korozji oraz zwi\u0105zki zwi\u0119kszaj\u0105ce przyczepno\u015b\u0107. Dzi\u0119ki takiemu sk\u0142adowi jest on odpowiedni do smarowania \u0142o\u017cysk o r\u00f3\u017cnych pr\u0119dko\u015bciach obrotowych \u2013 od wolnoobrotowych do bardzo szybkobie\u017cnych (do 400 000 mm\/min), a tak\u017ce do w\u0119z\u0142\u00f3w tarcia we wszystkich urz\u0105dzeniach gospodarstwa domowego. Wskazane zastosowania obejmuj\u0105 wentylatory, \u0142o\u017cyska wrzecion, prowadnice liniowe, przek\u0142adnie \u015brubowe toczne obrabiarek, w\u00f3zki wid\u0142owe i urz\u0105dzenia do podnoszenia, wa\u0142y wielowypustowe, przeguby, z\u0119by przek\u0142adni, gwinty \u015brub ci\u0105gn\u0105cych, a nawet \u0142a\u0144cuszki pracuj\u0105ce w wodzie.<\/p>\n","protected":false},"excerpt":{"rendered":"<p>Smar litowy stanowi od 1942 roku najbardziej popularny rodzaj \u015brodka do smarowania wykorzystywanego w gospodarstwach domowych, rolnictwie, a wcze\u015bniej tak\u017ce w przemy\u015ble. Jak ka\u017cdy smar, jego g\u0142\u00f3wnym celem jest redukcja tarcia w ruchomych cz\u0119\u015bciach maszyn. Wyb\u00f3r litowego zag\u0119szczacza okaza\u0142 si\u0119 szczeg\u00f3lnie trafny w przypadku smarowania \u0142o\u017cysk tocznych, \u0142o\u017cysk \u015blizgowych, sworzni, wielowypust\u00f3w i innych element\u00f3w poddawanych &#8230; <a title=\"EVIL LIT Grease SMAR DO \u0141O\u017bYSK LITOWY 1kg\" class=\"read-more\" href=\"https:\/\/admincentral.selleetools.com\/pl\/product\/evil-lit-grease-smar-do-lozysk-litowy-1kg\/\">Read more<span class=\"screen-reader-text\">EVIL LIT Grease SMAR DO \u0141O\u017bYSK LITOWY 1kg<\/span><\/a><\/p>\n","protected":false},"featured_media":320206,"comment_status":"open","ping_status":"closed","template":"","meta":{"_links_to":"","_links_to_target":""},"yoast_head":"<!-- This site is optimized with the Yoast SEO plugin v19.4 - https:\/\/yoast.com\/wordpress\/plugins\/seo\/ -->\n<title>EVIL LIT Grease SMAR DO \u0141O\u017bYSK LITOWY 1kg - Selleetools.com<\/title>\n<meta name=\"robots\" content=\"index, follow, max-snippet:-1, max-image-preview:large, max-video-preview:-1\" \/>\n<link rel=\"canonical\" href=\"https:\/\/selleetools.com\/product\/evil-lit-grease-smar-do-lozysk-litowy-1kg\/\" \/>\n<meta property=\"og:locale\" content=\"pl_PL\" \/>\n<meta property=\"og:type\" content=\"article\" \/>\n<meta property=\"og:title\" content=\"EVIL LIT Grease SMAR DO \u0141O\u017bYSK LITOWY 1kg - Selleetools.com\" \/>\n<meta property=\"og:description\" content=\"Smar litowy stanowi od 1942 roku najbardziej popularny rodzaj \u015brodka do smarowania wykorzystywanego w gospodarstwach domowych, rolnictwie, a wcze\u015bniej tak\u017ce w przemy\u015ble. Jak ka\u017cdy smar, jego g\u0142\u00f3wnym celem jest redukcja tarcia w ruchomych cz\u0119\u015bciach maszyn. Wyb\u00f3r litowego zag\u0119szczacza okaza\u0142 si\u0119 szczeg\u00f3lnie trafny w przypadku smarowania \u0142o\u017cysk tocznych, \u0142o\u017cysk \u015blizgowych, sworzni, wielowypust\u00f3w i innych element\u00f3w poddawanych ... Read moreEVIL LIT Grease SMAR DO \u0141O\u017bYSK LITOWY 1kg\" \/>\n<meta property=\"og:url\" content=\"https:\/\/selleetools.com\/product\/evil-lit-grease-smar-do-lozysk-litowy-1kg\/\" \/>\n<meta property=\"og:site_name\" content=\"Selleetools.com\" \/>\n<meta property=\"article:modified_time\" content=\"2026-03-26T10:12:46+00:00\" \/>\n<meta property=\"og:image\" content=\"https:\/\/selleetools.com\/wp-content\/uploads\/2024\/04\/litowy-1kg.jpg\" \/>\n\t<meta property=\"og:image:width\" content=\"2000\" \/>\n\t<meta property=\"og:image:height\" content=\"2000\" \/>\n\t<meta property=\"og:image:type\" content=\"image\/jpeg\" \/>\n<meta name=\"twitter:card\" content=\"summary_large_image\" \/>\n<meta name=\"twitter:label1\" content=\"Est. reading time\" \/>\n\t<meta name=\"twitter:data1\" content=\"3 minuty\" \/>\n<!-- \/ Yoast SEO plugin. -->","yoast_head_json":{"title":"EVIL LIT Grease SMAR DO \u0141O\u017bYSK LITOWY 1kg - Selleetools.com","robots":{"index":"index","follow":"follow","max-snippet":"max-snippet:-1","max-image-preview":"max-image-preview:large","max-video-preview":"max-video-preview:-1"},"canonical":"https:\/\/selleetools.com\/product\/evil-lit-grease-smar-do-lozysk-litowy-1kg\/","og_locale":"pl_PL","og_type":"article","og_title":"EVIL LIT Grease SMAR DO \u0141O\u017bYSK LITOWY 1kg - Selleetools.com","og_description":"Smar litowy stanowi od 1942 roku najbardziej popularny rodzaj \u015brodka do smarowania wykorzystywanego w gospodarstwach domowych, rolnictwie, a wcze\u015bniej tak\u017ce w przemy\u015ble. Jak ka\u017cdy smar, jego g\u0142\u00f3wnym celem jest redukcja tarcia w ruchomych cz\u0119\u015bciach maszyn. Wyb\u00f3r litowego zag\u0119szczacza okaza\u0142 si\u0119 szczeg\u00f3lnie trafny w przypadku smarowania \u0142o\u017cysk tocznych, \u0142o\u017cysk \u015blizgowych, sworzni, wielowypust\u00f3w i innych element\u00f3w poddawanych ... Read moreEVIL LIT Grease SMAR DO \u0141O\u017bYSK LITOWY 1kg","og_url":"https:\/\/selleetools.com\/product\/evil-lit-grease-smar-do-lozysk-litowy-1kg\/","og_site_name":"Selleetools.com","article_modified_time":"2026-03-26T10:12:46+00:00","og_image":[{"width":2000,"height":2000,"url":"https:\/\/selleetools.com\/wp-content\/uploads\/2024\/04\/litowy-1kg.jpg","type":"image\/jpeg"}],"twitter_card":"summary_large_image","twitter_misc":{"Est. reading time":"3 minuty"},"schema":{"@context":"https:\/\/schema.org","@graph":[{"@type":"Organization","@id":"https:\/\/selleetools.com\/#organization","name":"Selleetools","url":"https:\/\/selleetools.com\/","sameAs":[],"logo":{"@type":"ImageObject","inLanguage":"pl-PL","@id":"https:\/\/selleetools.com\/#\/schema\/logo\/image\/","url":"https:\/\/selleetools.com\/wp-content\/uploads\/2021\/10\/logo-dark.png","contentUrl":"https:\/\/selleetools.com\/wp-content\/uploads\/2021\/10\/logo-dark.png","width":320,"height":76,"caption":"Selleetools"},"image":{"@id":"https:\/\/selleetools.com\/#\/schema\/logo\/image\/"}},{"@type":"WebSite","@id":"https:\/\/selleetools.com\/#website","url":"https:\/\/selleetools.com\/","name":"Selleetools.com","description":"","publisher":{"@id":"https:\/\/selleetools.com\/#organization"},"potentialAction":[{"@type":"SearchAction","target":{"@type":"EntryPoint","urlTemplate":"https:\/\/selleetools.com\/?s={search_term_string}"},"query-input":"required name=search_term_string"}],"inLanguage":"pl-PL"},{"@type":"WebPage","@id":"https:\/\/selleetools.com\/product\/evil-lit-grease-smar-do-lozysk-litowy-1kg\/","url":"https:\/\/selleetools.com\/product\/evil-lit-grease-smar-do-lozysk-litowy-1kg\/","name":"EVIL LIT Grease SMAR DO \u0141O\u017bYSK LITOWY 1kg - Selleetools.com","isPartOf":{"@id":"https:\/\/selleetools.com\/#website"},"datePublished":"2024-04-10T13:08:18+00:00","dateModified":"2026-03-26T10:12:46+00:00","breadcrumb":{"@id":"https:\/\/selleetools.com\/product\/evil-lit-grease-smar-do-lozysk-litowy-1kg\/#breadcrumb"},"inLanguage":"pl-PL","potentialAction":[{"@type":"ReadAction","target":["https:\/\/selleetools.com\/product\/evil-lit-grease-smar-do-lozysk-litowy-1kg\/"]}]},{"@type":"BreadcrumbList","@id":"https:\/\/selleetools.com\/product\/evil-lit-grease-smar-do-lozysk-litowy-1kg\/#breadcrumb","itemListElement":[{"@type":"ListItem","position":1,"name":"Home","item":"https:\/\/selleetools.com\/pl\/"},{"@type":"ListItem","position":2,"name":"Katalog","item":"https:\/\/selleetools.com\/pl\/katalog\/"},{"@type":"ListItem","position":3,"name":"EVIL LIT Grease SMAR DO \u0141O\u017bYSK LITOWY 1kg"}]}]}},"_links":{"self":[{"href":"https:\/\/admincentral.selleetools.com\/pl\/wp-json\/wp\/v2\/product\/320208"}],"collection":[{"href":"https:\/\/admincentral.selleetools.com\/pl\/wp-json\/wp\/v2\/product"}],"about":[{"href":"https:\/\/admincentral.selleetools.com\/pl\/wp-json\/wp\/v2\/types\/product"}],"replies":[{"embeddable":true,"href":"https:\/\/admincentral.selleetools.com\/pl\/wp-json\/wp\/v2\/comments?post=320208"}],"wp:featuredmedia":[{"embeddable":true,"href":"https:\/\/admincentral.selleetools.com\/pl\/wp-json\/wp\/v2\/media\/320206"}],"wp:attachment":[{"href":"https:\/\/admincentral.selleetools.com\/pl\/wp-json\/wp\/v2\/media?parent=320208"}],"curies":[{"name":"wp","href":"https:\/\/api.w.org\/{rel}","templated":true}]}}