{"id":320214,"date":"2024-04-10T15:08:24","date_gmt":"2024-04-10T13:08:24","guid":{"rendered":"https:\/\/selleetools.com\/?post_type=product&#038;p=320214"},"modified":"2025-11-20T12:21:59","modified_gmt":"2025-11-20T11:21:59","slug":"evil-fork-grease-smar-do-amortyzatorow-1kg","status":"publish","type":"product","link":"https:\/\/admincentral.selleetools.com\/pl\/product\/evil-fork-grease-smar-do-amortyzatorow-1kg\/","title":{"rendered":"EVIL FORK GREASE SMAR DO AMORTYZATOR\u00d3W 1kg"},"content":{"rendered":"<p>Smar FORK Grease to produkt, kt\u00f3ry zosta\u0142 stworzony z my\u015bl\u0105 o entuzjastach jazdy rowerem, niezale\u017cnie od poziomu zaawansowania. Amortyzatory s\u0105 kluczowym elementem ka\u017cdego roweru g\u00f3rskiego, a w\u0142a\u015bciwa piel\u0119gnacja jest kluczem do utrzymania ich sprawno\u015bci i wydajno\u015bci. \u00a0Innowacyjna formu\u0142a, oparta na bazie silikonu modyfikowanego myd\u0142em, jest doskonale dostosowana do smarowania r\u00f3\u017cnorodnych element\u00f3w metalowych, gumowych i tworzyw sztucznych u\u017cywanych w sprz\u0119cie rowerowym. Dodatkowo, smar EVIL FORK GREASE charakteryzuje si\u0119 wyj\u0105tkow\u0105 odporno\u015bci\u0105 na utlenianie, wilgo\u0107 i czynniki atmosferyczne, co sprawia, \u017ce doskonale sprawdza si\u0119 w trudnych warunkach. Amortyzator rowerowy jest nara\u017conym na zu\u017cycie elementem w rowerze. Nie konserwowany traci swoje w\u0142a\u015bciwo\u015bci a w nied\u0142ugim czasie mo\u017ce zu\u017cywa\u0107 si\u0119 powoduj\u0105c rosn\u0105ce koszty naprawy.<\/p>\n<p>Nasz smar FORK Grease jest wyj\u0105tkowy z kilku powod\u00f3w:<\/p>\n<ol>\n<li><strong>Uniwersalno\u015b\u0107:<\/strong> Dzi\u0119ki zaawansowanej formule na bazie silikonu modyfikowanego myd\u0142em litowym, jest odpowiedni do smarowania r\u00f3\u017cnych rodzaj\u00f3w element\u00f3w, w tym metalowych, gumowych i plastikowych. Bez wzgl\u0119du na to, czy masz amortyzator powietrzny, spr\u0119\u017cynowy, czy hydrauliczny, FORK Grease dzia\u0142a doskonale.<\/li>\n<li><strong>Ochrona i odporno\u015b\u0107:<\/strong> Nasz smar ma doskona\u0142\u0105 odporno\u015b\u0107 na utlenienie, wilgo\u0107 i warunki atmosferyczne. Nie tylko smaruje elementy, ale tak\u017ce chroni je przed uszkodzeniami i korozj\u0105. Dzi\u0119ki temu amortyzatory d\u0142u\u017cej zachowuj\u0105 swoje w\u0142a\u015bciwo\u015bci.<\/li>\n<li><strong>Zakres temperatur:<\/strong> FORK Grease pracuje w ekstremalnych warunkach temperaturowych, od -60\u00b0C do 200\u00b0C. Niezale\u017cnie od tego, czy jeste\u015b w gor\u0105cym lecie, czy na mro\u017anej trasie, smar dzia\u0142a niezawodnie.<\/li>\n<li><strong>Wszechstronno\u015b\u0107:<\/strong> To nie tylko smar do amortyzator\u00f3w. Doskonale sprawdza si\u0119 tak\u017ce przy smarowaniu innych element\u00f3w roweru, w tym oring\u00f3w, uszczelek, \u0142o\u017cysk i wielu innych. Dzi\u0119ki temu, masz pewno\u015b\u0107, \u017ce Tw\u00f3j rower b\u0119dzie dzia\u0142a\u0142 p\u0142ynnie i bezawaryjnie.<\/li>\n<\/ol>\n<p>Dla ka\u017cdego mi\u0142o\u015bnika rower\u00f3w, bezpieczna i komfortowa jazda to priorytet. FORK Grease to narz\u0119dzie, kt\u00f3re pozwoli Ci zadba\u0107 o amortyzatory i ca\u0142y uk\u0142ad nap\u0119dowy roweru, gwarantuj\u0105c Ci wyj\u0105tkowe do\u015bwiadczenie podczas ka\u017cdej trasy. Nie zwlekaj, zainwestuj w piel\u0119gnacj\u0119 swojego roweru i ciesz si\u0119 bezpiecznymi i komfortowymi przeja\u017cd\u017ckami.<\/p>\n<p>Podstawowe dane smaru FORK GREASE Hybrid<\/p>\n<table width=\"100%\">\n<tbody>\n<tr>\n<td width=\"21%\">Norma<\/td>\n<td width=\"54%\">Tre\u015b\u0107<\/td>\n<td width=\"10%\">Jednostka<\/td>\n<td width=\"12%\">Wynik<\/td>\n<\/tr>\n<tr>\n<td width=\"21%\">CTM0176<\/td>\n<td width=\"54%\">Kolor<\/td>\n<td colspan=\"2\" width=\"23%\">fioletowy<\/td>\n<\/tr>\n<tr>\n<td colspan=\"4\" width=\"100%\">sk\u0142ad: baza silikonowa fenylometylowa, myd\u0142o litowe, dodatki smarne i przyczepne i antykorozyjne.<\/td>\n<\/tr>\n<tr>\n<td width=\"21%\"><\/td>\n<td width=\"54%\">Temperatura pracy w \u00b0C<\/td>\n<td colspan=\"2\" width=\"23%\">-60 do+200<\/td>\n<\/tr>\n<tr>\n<td width=\"21%\">DIN 51 818<\/td>\n<td width=\"54%\">Konsystencja NLGI<\/td>\n<td width=\"10%\"><\/td>\n<td width=\"12%\">2<\/td>\n<\/tr>\n<tr>\n<td width=\"21%\">ISO 2137<\/td>\n<td width=\"54%\">Penetracja po ugniataniu<\/td>\n<td width=\"10%\">mm\/10<\/td>\n<td width=\"12%\">265<\/td>\n<\/tr>\n<tr>\n<td width=\"21%\">ISO 2811<\/td>\n<td width=\"54%\">G\u0119sto\u015b\u0107 w 20 \u00b0C<\/td>\n<td width=\"10%\">g\/ml<\/td>\n<td width=\"12%\">0,99<\/td>\n<\/tr>\n<tr>\n<td width=\"21%\">ISO 2176<\/td>\n<td width=\"54%\">Temperatura kroplenia<\/td>\n<td width=\"10%\">\u00b0C<\/td>\n<td width=\"12%\">226<\/td>\n<\/tr>\n<tr>\n<td width=\"21%\">DIN 51 350 pkt.4<\/td>\n<td width=\"54%\">Test 4 kulowy. Obci\u0105\u017cenie do zespawania<\/td>\n<td width=\"10%\">N<\/td>\n<td width=\"12%\">1200<\/td>\n<\/tr>\n<tr>\n<td width=\"21%\">FEd STD 791<\/td>\n<td width=\"54%\">Wydzielanie oleju &#8211; bleed, (24 h, 150 \u00b0 C)<\/td>\n<td width=\"10%\">%<\/td>\n<td width=\"12%\">0.99<\/td>\n<\/tr>\n<tr>\n<td width=\"21%\">DIN 51817<\/td>\n<td width=\"54%\">Oddzielanie oleju test standardowy<\/td>\n<td width=\"10%\">%<\/td>\n<td width=\"12%\">1,6<\/td>\n<\/tr>\n<\/tbody>\n<\/table>\n<p><u>dost\u0119pne opakowanie:\u00a0 10ml, 30ml, 100ml, 1kg,<br \/>\n<\/u><\/p>\n<p><u>Trwa\u0142o\u015b\u0107 i magazynowanie:<\/u> przy przechowywaniu w temperaturze poni\u017cej 30 \u00b0C smar ma trwa\u0142o\u015b\u0107 60 miesi\u0119cy od data produkcji.<\/p>\n<p>\u00a0<\/p>\n<p><u>Produkty o podobnym zastosowaniu<\/u> lub sk\u0142adzie technicznym: Deo Brunox,Turboline, RST smar do amortyzator\u00f3w, RSP SLICK KICK, Slickoleum, Expand Ex Shock, PIT STOP JUDY BUTTER ROCK SHOX, SRAM PIT-STOP Judy Butter, ROCKSHOX PM600 MILITARY , Cylion.<\/p>\n<p>Smar FORK Grease to produkt, kt\u00f3ry zosta\u0142 stworzony z my\u015bl\u0105 o entuzjastach jazdy rowerem, niezale\u017cnie od poziomu zaawansowania. Amortyzatory s\u0105 kluczowym elementem ka\u017cdego roweru g\u00f3rskiego, a w\u0142a\u015bciwa piel\u0119gnacja jest kluczem do utrzymania ich sprawno\u015bci i wydajno\u015bci. \u00a0Innowacyjna formu\u0142a, oparta na bazie silikonu modyfikowanego myd\u0142em, jest doskonale dostosowana do smarowania r\u00f3\u017cnorodnych element\u00f3w metalowych, gumowych i tworzyw sztucznych u\u017cywanych w sprz\u0119cie rowerowym<\/p>\n","protected":false},"excerpt":{"rendered":"<p>Smar FORK Grease to produkt, kt\u00f3ry zosta\u0142 stworzony z my\u015bl\u0105 o entuzjastach jazdy rowerem, niezale\u017cnie od poziomu zaawansowania. Amortyzatory s\u0105 kluczowym elementem ka\u017cdego roweru g\u00f3rskiego, a w\u0142a\u015bciwa piel\u0119gnacja jest kluczem do utrzymania ich sprawno\u015bci i wydajno\u015bci. \u00a0Innowacyjna formu\u0142a, oparta na bazie silikonu modyfikowanego myd\u0142em, jest doskonale dostosowana do smarowania r\u00f3\u017cnorodnych element\u00f3w metalowych, gumowych i tworzyw &#8230; <a title=\"EVIL FORK GREASE SMAR DO AMORTYZATOR\u00d3W 1kg\" class=\"read-more\" href=\"https:\/\/admincentral.selleetools.com\/pl\/product\/evil-fork-grease-smar-do-amortyzatorow-1kg\/\">Read more<span class=\"screen-reader-text\">EVIL FORK GREASE SMAR DO AMORTYZATOR\u00d3W 1kg<\/span><\/a><\/p>\n","protected":false},"featured_media":320212,"comment_status":"open","ping_status":"closed","template":"","meta":{"_links_to":"","_links_to_target":""},"yoast_head":"<!-- This site is optimized with the Yoast SEO plugin v19.4 - https:\/\/yoast.com\/wordpress\/plugins\/seo\/ -->\n<title>EVIL FORK GREASE SMAR DO AMORTYZATOR\u00d3W 1kg - Selleetools.com<\/title>\n<meta name=\"robots\" content=\"index, follow, max-snippet:-1, max-image-preview:large, max-video-preview:-1\" \/>\n<link rel=\"canonical\" href=\"https:\/\/admincentral.selleetools.com\/pl\/product\/evil-fork-grease-smar-do-amortyzatorow-1kg\/\" \/>\n<meta property=\"og:locale\" content=\"pl_PL\" \/>\n<meta property=\"og:type\" content=\"article\" \/>\n<meta property=\"og:title\" content=\"EVIL FORK GREASE SMAR DO AMORTYZATOR\u00d3W 1kg - Selleetools.com\" \/>\n<meta property=\"og:description\" content=\"Smar FORK Grease to produkt, kt\u00f3ry zosta\u0142 stworzony z my\u015bl\u0105 o entuzjastach jazdy rowerem, niezale\u017cnie od poziomu zaawansowania. Amortyzatory s\u0105 kluczowym elementem ka\u017cdego roweru g\u00f3rskiego, a w\u0142a\u015bciwa piel\u0119gnacja jest kluczem do utrzymania ich sprawno\u015bci i wydajno\u015bci. \u00a0Innowacyjna formu\u0142a, oparta na bazie silikonu modyfikowanego myd\u0142em, jest doskonale dostosowana do smarowania r\u00f3\u017cnorodnych element\u00f3w metalowych, gumowych i tworzyw ... Read moreEVIL FORK GREASE SMAR DO AMORTYZATOR\u00d3W 1kg\" \/>\n<meta property=\"og:url\" content=\"https:\/\/admincentral.selleetools.com\/pl\/product\/evil-fork-grease-smar-do-amortyzatorow-1kg\/\" \/>\n<meta property=\"og:site_name\" content=\"Selleetools.com\" \/>\n<meta property=\"article:modified_time\" content=\"2025-11-20T11:21:59+00:00\" \/>\n<meta property=\"og:image\" content=\"https:\/\/selleetools.com\/wp-content\/uploads\/2024\/04\/fork1kg.jpg\" \/>\n\t<meta property=\"og:image:width\" content=\"2000\" \/>\n\t<meta property=\"og:image:height\" content=\"2000\" \/>\n\t<meta property=\"og:image:type\" content=\"image\/jpeg\" \/>\n<meta name=\"twitter:card\" content=\"summary_large_image\" \/>\n<meta name=\"twitter:label1\" content=\"Est. reading time\" \/>\n\t<meta name=\"twitter:data1\" content=\"3 minuty\" \/>\n<!-- \/ Yoast SEO plugin. -->","yoast_head_json":{"title":"EVIL FORK GREASE SMAR DO AMORTYZATOR\u00d3W 1kg - Selleetools.com","robots":{"index":"index","follow":"follow","max-snippet":"max-snippet:-1","max-image-preview":"max-image-preview:large","max-video-preview":"max-video-preview:-1"},"canonical":"https:\/\/admincentral.selleetools.com\/pl\/product\/evil-fork-grease-smar-do-amortyzatorow-1kg\/","og_locale":"pl_PL","og_type":"article","og_title":"EVIL FORK GREASE SMAR DO AMORTYZATOR\u00d3W 1kg - Selleetools.com","og_description":"Smar FORK Grease to produkt, kt\u00f3ry zosta\u0142 stworzony z my\u015bl\u0105 o entuzjastach jazdy rowerem, niezale\u017cnie od poziomu zaawansowania. Amortyzatory s\u0105 kluczowym elementem ka\u017cdego roweru g\u00f3rskiego, a w\u0142a\u015bciwa piel\u0119gnacja jest kluczem do utrzymania ich sprawno\u015bci i wydajno\u015bci. \u00a0Innowacyjna formu\u0142a, oparta na bazie silikonu modyfikowanego myd\u0142em, jest doskonale dostosowana do smarowania r\u00f3\u017cnorodnych element\u00f3w metalowych, gumowych i tworzyw ... Read moreEVIL FORK GREASE SMAR DO AMORTYZATOR\u00d3W 1kg","og_url":"https:\/\/admincentral.selleetools.com\/pl\/product\/evil-fork-grease-smar-do-amortyzatorow-1kg\/","og_site_name":"Selleetools.com","article_modified_time":"2025-11-20T11:21:59+00:00","og_image":[{"width":2000,"height":2000,"url":"https:\/\/selleetools.com\/wp-content\/uploads\/2024\/04\/fork1kg.jpg","type":"image\/jpeg"}],"twitter_card":"summary_large_image","twitter_misc":{"Est. reading time":"3 minuty"},"schema":{"@context":"https:\/\/schema.org","@graph":[{"@type":"Organization","@id":"https:\/\/selleetools.com\/#organization","name":"Selleetools","url":"https:\/\/selleetools.com\/","sameAs":[],"logo":{"@type":"ImageObject","inLanguage":"pl-PL","@id":"https:\/\/selleetools.com\/#\/schema\/logo\/image\/","url":"https:\/\/selleetools.com\/wp-content\/uploads\/2021\/10\/logo-dark.png","contentUrl":"https:\/\/selleetools.com\/wp-content\/uploads\/2021\/10\/logo-dark.png","width":320,"height":76,"caption":"Selleetools"},"image":{"@id":"https:\/\/selleetools.com\/#\/schema\/logo\/image\/"}},{"@type":"WebSite","@id":"https:\/\/selleetools.com\/#website","url":"https:\/\/selleetools.com\/","name":"Selleetools.com","description":"","publisher":{"@id":"https:\/\/selleetools.com\/#organization"},"potentialAction":[{"@type":"SearchAction","target":{"@type":"EntryPoint","urlTemplate":"https:\/\/selleetools.com\/?s={search_term_string}"},"query-input":"required name=search_term_string"}],"inLanguage":"pl-PL"},{"@type":"WebPage","@id":"https:\/\/admincentral.selleetools.com\/pl\/product\/evil-fork-grease-smar-do-amortyzatorow-1kg\/","url":"https:\/\/admincentral.selleetools.com\/pl\/product\/evil-fork-grease-smar-do-amortyzatorow-1kg\/","name":"EVIL FORK GREASE SMAR DO AMORTYZATOR\u00d3W 1kg - Selleetools.com","isPartOf":{"@id":"https:\/\/selleetools.com\/#website"},"datePublished":"2024-04-10T13:08:24+00:00","dateModified":"2025-11-20T11:21:59+00:00","breadcrumb":{"@id":"https:\/\/admincentral.selleetools.com\/pl\/product\/evil-fork-grease-smar-do-amortyzatorow-1kg\/#breadcrumb"},"inLanguage":"pl-PL","potentialAction":[{"@type":"ReadAction","target":["https:\/\/admincentral.selleetools.com\/pl\/product\/evil-fork-grease-smar-do-amortyzatorow-1kg\/"]}]},{"@type":"BreadcrumbList","@id":"https:\/\/admincentral.selleetools.com\/pl\/product\/evil-fork-grease-smar-do-amortyzatorow-1kg\/#breadcrumb","itemListElement":[{"@type":"ListItem","position":1,"name":"Home","item":"https:\/\/selleetools.com\/pl\/"},{"@type":"ListItem","position":2,"name":"Katalog","item":"https:\/\/selleetools.com\/pl\/katalog\/"},{"@type":"ListItem","position":3,"name":"EVIL FORK GREASE SMAR DO AMORTYZATOR\u00d3W 1kg"}]}]}},"_links":{"self":[{"href":"https:\/\/admincentral.selleetools.com\/pl\/wp-json\/wp\/v2\/product\/320214"}],"collection":[{"href":"https:\/\/admincentral.selleetools.com\/pl\/wp-json\/wp\/v2\/product"}],"about":[{"href":"https:\/\/admincentral.selleetools.com\/pl\/wp-json\/wp\/v2\/types\/product"}],"replies":[{"embeddable":true,"href":"https:\/\/admincentral.selleetools.com\/pl\/wp-json\/wp\/v2\/comments?post=320214"}],"wp:featuredmedia":[{"embeddable":true,"href":"https:\/\/admincentral.selleetools.com\/pl\/wp-json\/wp\/v2\/media\/320212"}],"wp:attachment":[{"href":"https:\/\/admincentral.selleetools.com\/pl\/wp-json\/wp\/v2\/media?parent=320214"}],"curies":[{"name":"wp","href":"https:\/\/api.w.org\/{rel}","templated":true}]}}