{"id":379687,"date":"2024-09-10T10:27:21","date_gmt":"2024-09-10T08:27:21","guid":{"rendered":"https:\/\/selleetools.com\/product\/modular-sofa-bed\/"},"modified":"2024-09-11T09:54:56","modified_gmt":"2024-09-11T07:54:56","slug":"modular-sofa-bed","status":"publish","type":"product","link":"https:\/\/admincentral.selleetools.com\/pl\/product\/modular-sofa-bed\/","title":{"rendered":"Wielofunkcyjna sofa modu\u0142owa dla dziecka i klocki piankowe w jednym"},"content":{"rendered":"<p style=\"margin-top: 0px;margin-bottom: 1rem;font-size: 0.9375rem;color: #888888;font-family: 'Fira Sans Extra Condensed', sans-serif;background-color: #fbf9f4\">Piankowa sofa modu\u0142owa jest praktycznym i wielofunkcyjnym mebelkiem, kt\u00f3rego nie powinno zabrakn\u0105\u0107 w dzieci\u0119cym pokoju. Sofa mo\u017ce s\u0142u\u017cy\u0107 jako materac, mebel do spania i do siedzenia. Twoja pociecha mo\u017ce tutaj poszale\u0107, poczyta\u0107 ksi\u0105\u017ceczk\u0119, poogl\u0105da\u0107 bajk\u0119 czy zwyczajnie odpocz\u0105\u0107 po pe\u0142nej wra\u017ce\u0144 zabawie.<\/p>\n<p style=\"margin-top: 0px;margin-bottom: 1rem;font-size: 0.9375rem;color: #888888;font-family: 'Fira Sans Extra Condensed', sans-serif;background-color: #fbf9f4\">Ale sofa modu\u0142owa marki Velinda to nie tylko funkcjonalny mebel. Sk\u0142ada si\u0119 ona z 10 element\u00f3w, kt\u00f3re niczym klocki mo\u017cna ze sob\u0105 dowolnie \u0142\u0105czy\u0107, tworz\u0105c przer\u00f3\u017cne konstrukcje wed\u0142ug w\u0142asnych potrzeb i fantazji: Poczynaj\u0105c od r\u00f3\u017cnych mebli (fotel, \u0142\u00f3\u017cko, szezlong, pufa, itp.) maluch mo\u017ce konstruowa\u0107 z nich w\u0142asne pojazdy (samoch\u00f3d, rakiet\u0119, koparka, itp.) i tworzy\u0107 wymy\u015blne budowle \u2013 wyobra\u017ania dzieci\u0119ca nie zna przecie\u017c granic.<\/p>\n<p style=\"margin-top: 0px;margin-bottom: 1rem;font-size: 0.9375rem;color: #888888;font-family: 'Fira Sans Extra Condensed', sans-serif;background-color: #fbf9f4\">W ten spos\u00f3b dziecko poprzez zabaw\u0119 rozwija swoj\u0105 wyobra\u017ani\u0119 przestrzenn\u0105 i zdolno\u015b\u0107 kreatywnego my\u015blenia. St\u0105d te\u017c jako klocki piankowe doskonale nadaj\u0105 si\u0119 do przedszkola, \u015bwietlicy czy o\u015brodk\u00f3w rehabilitacyjnych jako forma nauki i zabawy.<\/p>\n<p style=\"margin-top: 0px;margin-bottom: 1rem;font-size: 0.9375rem;color: #888888;font-family: 'Fira Sans Extra Condensed', sans-serif;background-color: #fbf9f4\">Piankowa sofa marki Velinda zosta\u0142a starannie zaprojektowana i wykonana \u2013 wszystko to z my\u015bl\u0105 o najm\u0142odszych u\u017cytkownikach. U\u017cyte materia\u0142y s\u0105 wysokiej jako\u015bci, co przek\u0142ada si\u0119 na trwa\u0142o\u015b\u0107 produktu i bezpieczn\u0105 zabaw\u0119 dziecka. Poszczeg\u00f3lne modu\u0142y sofy wykonane s\u0105 z mi\u0119kkiej pianki poliuretanowej dla pe\u0142nego komfortu podczas wypoczynku. Pokrowiec uszyty jest z przyjemnej w dotyku tkaniny tapicerskiej, kt\u00f3ra jest trwa\u0142a i odporna na przetarcia. Mo\u017cna go bez problemu zdj\u0105\u0107 i wypra\u0107 w pralce w 30\u00b0C.<\/p>\n<p>&nbsp;<\/p>\n<p>&nbsp;<\/p>\n","protected":false},"excerpt":{"rendered":"<p>Piankowa sofa modu\u0142owa jest praktycznym i wielofunkcyjnym mebelkiem, kt\u00f3rego nie powinno zabrakn\u0105\u0107 w dzieci\u0119cym pokoju. Sofa mo\u017ce s\u0142u\u017cy\u0107 jako materac, mebel do spania i do siedzenia. Twoja pociecha mo\u017ce tutaj poszale\u0107, poczyta\u0107 ksi\u0105\u017ceczk\u0119, poogl\u0105da\u0107 bajk\u0119 czy zwyczajnie odpocz\u0105\u0107 po pe\u0142nej wra\u017ce\u0144 zabawie. Ale sofa modu\u0142owa marki Velinda to nie tylko funkcjonalny mebel. Sk\u0142ada si\u0119 ona &#8230; <a title=\"Wielofunkcyjna sofa modu\u0142owa dla dziecka i klocki piankowe w jednym\" class=\"read-more\" href=\"https:\/\/admincentral.selleetools.com\/pl\/product\/modular-sofa-bed\/\">Read more<span class=\"screen-reader-text\">Wielofunkcyjna sofa modu\u0142owa dla dziecka i klocki piankowe w jednym<\/span><\/a><\/p>\n","protected":false},"featured_media":379659,"comment_status":"closed","ping_status":"closed","template":"","meta":{"_links_to":"","_links_to_target":""},"yoast_head":"<!-- This site is optimized with the Yoast SEO plugin v19.4 - https:\/\/yoast.com\/wordpress\/plugins\/seo\/ -->\n<title>Wielofunkcyjna sofa modu\u0142owa dla dziecka i klocki piankowe w jednym - Selleetools.com<\/title>\n<meta name=\"robots\" content=\"index, follow, max-snippet:-1, max-image-preview:large, max-video-preview:-1\" \/>\n<link rel=\"canonical\" href=\"https:\/\/selleetools.com\/pl\/product\/modular-sofa-bed\/\" \/>\n<meta property=\"og:locale\" content=\"pl_PL\" \/>\n<meta property=\"og:type\" content=\"article\" \/>\n<meta property=\"og:title\" content=\"Wielofunkcyjna sofa modu\u0142owa dla dziecka i klocki piankowe w jednym - Selleetools.com\" \/>\n<meta property=\"og:description\" content=\"Piankowa sofa modu\u0142owa jest praktycznym i wielofunkcyjnym mebelkiem, kt\u00f3rego nie powinno zabrakn\u0105\u0107 w dzieci\u0119cym pokoju. Sofa mo\u017ce s\u0142u\u017cy\u0107 jako materac, mebel do spania i do siedzenia. Twoja pociecha mo\u017ce tutaj poszale\u0107, poczyta\u0107 ksi\u0105\u017ceczk\u0119, poogl\u0105da\u0107 bajk\u0119 czy zwyczajnie odpocz\u0105\u0107 po pe\u0142nej wra\u017ce\u0144 zabawie. Ale sofa modu\u0142owa marki Velinda to nie tylko funkcjonalny mebel. Sk\u0142ada si\u0119 ona ... Read moreWielofunkcyjna sofa modu\u0142owa dla dziecka i klocki piankowe w jednym\" \/>\n<meta property=\"og:url\" content=\"https:\/\/selleetools.com\/pl\/product\/modular-sofa-bed\/\" \/>\n<meta property=\"og:site_name\" content=\"Selleetools.com\" \/>\n<meta property=\"article:modified_time\" content=\"2024-09-11T07:54:56+00:00\" \/>\n<meta property=\"og:image\" content=\"https:\/\/selleetools.com\/wp-content\/uploads\/2024\/09\/24207_1.jpg\" \/>\n\t<meta property=\"og:image:width\" content=\"1600\" \/>\n\t<meta property=\"og:image:height\" content=\"1600\" \/>\n\t<meta property=\"og:image:type\" content=\"image\/jpeg\" \/>\n<meta name=\"twitter:card\" content=\"summary_large_image\" \/>\n<meta name=\"twitter:label1\" content=\"Est. reading time\" \/>\n\t<meta name=\"twitter:data1\" content=\"1 minuta\" \/>\n<!-- \/ Yoast SEO plugin. -->","yoast_head_json":{"title":"Wielofunkcyjna sofa modu\u0142owa dla dziecka i klocki piankowe w jednym - Selleetools.com","robots":{"index":"index","follow":"follow","max-snippet":"max-snippet:-1","max-image-preview":"max-image-preview:large","max-video-preview":"max-video-preview:-1"},"canonical":"https:\/\/selleetools.com\/pl\/product\/modular-sofa-bed\/","og_locale":"pl_PL","og_type":"article","og_title":"Wielofunkcyjna sofa modu\u0142owa dla dziecka i klocki piankowe w jednym - Selleetools.com","og_description":"Piankowa sofa modu\u0142owa jest praktycznym i wielofunkcyjnym mebelkiem, kt\u00f3rego nie powinno zabrakn\u0105\u0107 w dzieci\u0119cym pokoju. Sofa mo\u017ce s\u0142u\u017cy\u0107 jako materac, mebel do spania i do siedzenia. Twoja pociecha mo\u017ce tutaj poszale\u0107, poczyta\u0107 ksi\u0105\u017ceczk\u0119, poogl\u0105da\u0107 bajk\u0119 czy zwyczajnie odpocz\u0105\u0107 po pe\u0142nej wra\u017ce\u0144 zabawie. Ale sofa modu\u0142owa marki Velinda to nie tylko funkcjonalny mebel. Sk\u0142ada si\u0119 ona ... Read moreWielofunkcyjna sofa modu\u0142owa dla dziecka i klocki piankowe w jednym","og_url":"https:\/\/selleetools.com\/pl\/product\/modular-sofa-bed\/","og_site_name":"Selleetools.com","article_modified_time":"2024-09-11T07:54:56+00:00","og_image":[{"width":1600,"height":1600,"url":"https:\/\/selleetools.com\/wp-content\/uploads\/2024\/09\/24207_1.jpg","type":"image\/jpeg"}],"twitter_card":"summary_large_image","twitter_misc":{"Est. reading time":"1 minuta"},"schema":{"@context":"https:\/\/schema.org","@graph":[{"@type":"Organization","@id":"https:\/\/selleetools.com\/#organization","name":"Selleetools","url":"https:\/\/selleetools.com\/","sameAs":[],"logo":{"@type":"ImageObject","inLanguage":"pl-PL","@id":"https:\/\/selleetools.com\/#\/schema\/logo\/image\/","url":"https:\/\/selleetools.com\/wp-content\/uploads\/2021\/10\/logo-dark.png","contentUrl":"https:\/\/selleetools.com\/wp-content\/uploads\/2021\/10\/logo-dark.png","width":320,"height":76,"caption":"Selleetools"},"image":{"@id":"https:\/\/selleetools.com\/#\/schema\/logo\/image\/"}},{"@type":"WebSite","@id":"https:\/\/selleetools.com\/#website","url":"https:\/\/selleetools.com\/","name":"Selleetools.com","description":"","publisher":{"@id":"https:\/\/selleetools.com\/#organization"},"potentialAction":[{"@type":"SearchAction","target":{"@type":"EntryPoint","urlTemplate":"https:\/\/selleetools.com\/?s={search_term_string}"},"query-input":"required name=search_term_string"}],"inLanguage":"pl-PL"},{"@type":"WebPage","@id":"https:\/\/selleetools.com\/pl\/product\/modular-sofa-bed\/","url":"https:\/\/selleetools.com\/pl\/product\/modular-sofa-bed\/","name":"Wielofunkcyjna sofa modu\u0142owa dla dziecka i klocki piankowe w jednym - Selleetools.com","isPartOf":{"@id":"https:\/\/selleetools.com\/#website"},"datePublished":"2024-09-10T08:27:21+00:00","dateModified":"2024-09-11T07:54:56+00:00","breadcrumb":{"@id":"https:\/\/selleetools.com\/pl\/product\/modular-sofa-bed\/#breadcrumb"},"inLanguage":"pl-PL","potentialAction":[{"@type":"ReadAction","target":["https:\/\/selleetools.com\/pl\/product\/modular-sofa-bed\/"]}]},{"@type":"BreadcrumbList","@id":"https:\/\/selleetools.com\/pl\/product\/modular-sofa-bed\/#breadcrumb","itemListElement":[{"@type":"ListItem","position":1,"name":"Home","item":"https:\/\/selleetools.com\/pl\/"},{"@type":"ListItem","position":2,"name":"Katalog","item":"https:\/\/selleetools.com\/pl\/katalog\/"},{"@type":"ListItem","position":3,"name":"Wielofunkcyjna sofa modu\u0142owa dla dziecka i klocki piankowe w jednym"}]}]}},"_links":{"self":[{"href":"https:\/\/admincentral.selleetools.com\/pl\/wp-json\/wp\/v2\/product\/379687"}],"collection":[{"href":"https:\/\/admincentral.selleetools.com\/pl\/wp-json\/wp\/v2\/product"}],"about":[{"href":"https:\/\/admincentral.selleetools.com\/pl\/wp-json\/wp\/v2\/types\/product"}],"replies":[{"embeddable":true,"href":"https:\/\/admincentral.selleetools.com\/pl\/wp-json\/wp\/v2\/comments?post=379687"}],"wp:featuredmedia":[{"embeddable":true,"href":"https:\/\/admincentral.selleetools.com\/pl\/wp-json\/wp\/v2\/media\/379659"}],"wp:attachment":[{"href":"https:\/\/admincentral.selleetools.com\/pl\/wp-json\/wp\/v2\/media?parent=379687"}],"curies":[{"name":"wp","href":"https:\/\/api.w.org\/{rel}","templated":true}]}}