{"id":400294,"date":"2024-10-22T18:28:44","date_gmt":"2024-10-22T16:28:44","guid":{"rendered":"https:\/\/selleetools.com\/product\/ekogroszek-eko26-1000kg\/"},"modified":"2024-10-22T18:29:12","modified_gmt":"2024-10-22T16:29:12","slug":"ekogroszek-eko26-1000kg","status":"publish","type":"product","link":"https:\/\/admincentral.selleetools.com\/pl\/product\/ekogroszek-eko26-1000kg\/","title":{"rendered":"EkoGroszek EKO26 1000kg"},"content":{"rendered":"<p><strong>Centrum Ekogroszku to wieloletni dostawca opa\u0142u pochodz\u0105cego wy\u0142\u0105cznie ze sprawdzonych, polskich i zagranicznych kopalni. Ekogroszek przeznaczony do workowania przechowujemy na w\u0142asnej hali w woj. \u015bl\u0105skim, gwarantuj\u0105c jego sucho\u015b\u0107 i najwy\u017csz\u0105 jako\u015b\u0107. <\/strong><\/p>\n<p>Najwa\u017cniejsze atuty naszego ekogroszku to:<\/p>\n<ul>\n<li>szybkie osi\u0105ganie wysokiej temperatury, kt\u00f3ra utrzymuje si\u0119 przez d\u0142ugi czas, oddaj\u0105c ciep\u0142o<\/li>\n<li>niski poziom popio\u0142u, redukuj\u0105cy konieczno\u015b\u0107 cz\u0119stego wymiatania z pieca<\/li>\n<li>spe\u0142nianie wszystkich wymog\u00f3w technicznych gwarantuj\u0105cych bezawaryjno\u015b\u0107 kot\u0142a<\/li>\n<\/ul>\n<p><strong>Centrum Ekogroszku to bezpieczne ciep\u0142o dla Twojego domu i bliskich!<\/strong><\/p>\n<ul>\n<li>Warto\u015b\u0107 opa\u0142owa: 25 &#8211; 26 MJ\/kg<\/li>\n<li>Zawarto\u015b\u0107 popio\u0142u: 5-8 %<\/li>\n<li>Zawarto\u015b\u0107 siarki: &lt;0,6 %<\/li>\n<li>Spiekalno\u015b\u0107: 0 &#8211; 5 RI<\/li>\n<li>Uziarnienie: 5 &#8211; 25 mm<\/li>\n<li>Pakowany w worki 25 kg \/ 40 work\u00f3w na palecie<\/li>\n<li>Przewo\u017anik: Poczta Polska &#8211; samoch\u00f3d z wind\u0105<\/li>\n<\/ul>\n<p>&nbsp;<\/p>\n<p>&nbsp;<\/p>\n<p>&nbsp;<\/p>\n","protected":false},"excerpt":{"rendered":"<p>Centrum Ekogroszku to wieloletni dostawca opa\u0142u pochodz\u0105cego wy\u0142\u0105cznie ze sprawdzonych, polskich i zagranicznych kopalni. Ekogroszek przeznaczony do workowania przechowujemy na w\u0142asnej hali w woj. \u015bl\u0105skim, gwarantuj\u0105c jego sucho\u015b\u0107 i najwy\u017csz\u0105 jako\u015b\u0107. Najwa\u017cniejsze atuty naszego ekogroszku to: szybkie osi\u0105ganie wysokiej temperatury, kt\u00f3ra utrzymuje si\u0119 przez d\u0142ugi czas, oddaj\u0105c ciep\u0142o niski poziom popio\u0142u, redukuj\u0105cy konieczno\u015b\u0107 cz\u0119stego wymiatania &#8230; <a title=\"EkoGroszek EKO26 1000kg\" class=\"read-more\" href=\"https:\/\/admincentral.selleetools.com\/pl\/product\/ekogroszek-eko26-1000kg\/\">Read more<span class=\"screen-reader-text\">EkoGroszek EKO26 1000kg<\/span><\/a><\/p>\n","protected":false},"featured_media":400286,"comment_status":"closed","ping_status":"closed","template":"","meta":{"_links_to":"","_links_to_target":""},"yoast_head":"<!-- This site is optimized with the Yoast SEO plugin v19.4 - https:\/\/yoast.com\/wordpress\/plugins\/seo\/ -->\n<title>EkoGroszek EKO26 1000kg - Selleetools.com<\/title>\n<meta name=\"robots\" content=\"index, follow, max-snippet:-1, max-image-preview:large, max-video-preview:-1\" \/>\n<link rel=\"canonical\" href=\"https:\/\/admincentral.selleetools.com\/pl\/product\/ekogroszek-eko26-1000kg\/\" \/>\n<meta property=\"og:locale\" content=\"pl_PL\" \/>\n<meta property=\"og:type\" content=\"article\" \/>\n<meta property=\"og:title\" content=\"EkoGroszek EKO26 1000kg - Selleetools.com\" \/>\n<meta property=\"og:description\" content=\"Centrum Ekogroszku to wieloletni dostawca opa\u0142u pochodz\u0105cego wy\u0142\u0105cznie ze sprawdzonych, polskich i zagranicznych kopalni. Ekogroszek przeznaczony do workowania przechowujemy na w\u0142asnej hali w woj. \u015bl\u0105skim, gwarantuj\u0105c jego sucho\u015b\u0107 i najwy\u017csz\u0105 jako\u015b\u0107. Najwa\u017cniejsze atuty naszego ekogroszku to: szybkie osi\u0105ganie wysokiej temperatury, kt\u00f3ra utrzymuje si\u0119 przez d\u0142ugi czas, oddaj\u0105c ciep\u0142o niski poziom popio\u0142u, redukuj\u0105cy konieczno\u015b\u0107 cz\u0119stego wymiatania ... Read moreEkoGroszek EKO26 1000kg\" \/>\n<meta property=\"og:url\" content=\"https:\/\/admincentral.selleetools.com\/pl\/product\/ekogroszek-eko26-1000kg\/\" \/>\n<meta property=\"og:site_name\" content=\"Selleetools.com\" \/>\n<meta property=\"article:modified_time\" content=\"2024-10-22T16:29:12+00:00\" \/>\n<meta property=\"og:image\" content=\"https:\/\/selleetools.com\/wp-content\/uploads\/2024\/10\/2.png\" \/>\n\t<meta property=\"og:image:width\" content=\"800\" \/>\n\t<meta property=\"og:image:height\" content=\"800\" \/>\n\t<meta property=\"og:image:type\" content=\"image\/png\" \/>\n<meta name=\"twitter:card\" content=\"summary_large_image\" \/>\n<meta name=\"twitter:label1\" content=\"Est. reading time\" \/>\n\t<meta name=\"twitter:data1\" content=\"1 minuta\" \/>\n<!-- \/ Yoast SEO plugin. -->","yoast_head_json":{"title":"EkoGroszek EKO26 1000kg - Selleetools.com","robots":{"index":"index","follow":"follow","max-snippet":"max-snippet:-1","max-image-preview":"max-image-preview:large","max-video-preview":"max-video-preview:-1"},"canonical":"https:\/\/admincentral.selleetools.com\/pl\/product\/ekogroszek-eko26-1000kg\/","og_locale":"pl_PL","og_type":"article","og_title":"EkoGroszek EKO26 1000kg - Selleetools.com","og_description":"Centrum Ekogroszku to wieloletni dostawca opa\u0142u pochodz\u0105cego wy\u0142\u0105cznie ze sprawdzonych, polskich i zagranicznych kopalni. Ekogroszek przeznaczony do workowania przechowujemy na w\u0142asnej hali w woj. \u015bl\u0105skim, gwarantuj\u0105c jego sucho\u015b\u0107 i najwy\u017csz\u0105 jako\u015b\u0107. Najwa\u017cniejsze atuty naszego ekogroszku to: szybkie osi\u0105ganie wysokiej temperatury, kt\u00f3ra utrzymuje si\u0119 przez d\u0142ugi czas, oddaj\u0105c ciep\u0142o niski poziom popio\u0142u, redukuj\u0105cy konieczno\u015b\u0107 cz\u0119stego wymiatania ... Read moreEkoGroszek EKO26 1000kg","og_url":"https:\/\/admincentral.selleetools.com\/pl\/product\/ekogroszek-eko26-1000kg\/","og_site_name":"Selleetools.com","article_modified_time":"2024-10-22T16:29:12+00:00","og_image":[{"width":800,"height":800,"url":"https:\/\/selleetools.com\/wp-content\/uploads\/2024\/10\/2.png","type":"image\/png"}],"twitter_card":"summary_large_image","twitter_misc":{"Est. reading time":"1 minuta"},"schema":{"@context":"https:\/\/schema.org","@graph":[{"@type":"Organization","@id":"https:\/\/selleetools.com\/#organization","name":"Selleetools","url":"https:\/\/selleetools.com\/","sameAs":[],"logo":{"@type":"ImageObject","inLanguage":"pl-PL","@id":"https:\/\/selleetools.com\/#\/schema\/logo\/image\/","url":"https:\/\/selleetools.com\/wp-content\/uploads\/2021\/10\/logo-dark.png","contentUrl":"https:\/\/selleetools.com\/wp-content\/uploads\/2021\/10\/logo-dark.png","width":320,"height":76,"caption":"Selleetools"},"image":{"@id":"https:\/\/selleetools.com\/#\/schema\/logo\/image\/"}},{"@type":"WebSite","@id":"https:\/\/selleetools.com\/#website","url":"https:\/\/selleetools.com\/","name":"Selleetools.com","description":"","publisher":{"@id":"https:\/\/selleetools.com\/#organization"},"potentialAction":[{"@type":"SearchAction","target":{"@type":"EntryPoint","urlTemplate":"https:\/\/selleetools.com\/?s={search_term_string}"},"query-input":"required name=search_term_string"}],"inLanguage":"pl-PL"},{"@type":"WebPage","@id":"https:\/\/admincentral.selleetools.com\/pl\/product\/ekogroszek-eko26-1000kg\/","url":"https:\/\/admincentral.selleetools.com\/pl\/product\/ekogroszek-eko26-1000kg\/","name":"EkoGroszek EKO26 1000kg - Selleetools.com","isPartOf":{"@id":"https:\/\/selleetools.com\/#website"},"datePublished":"2024-10-22T16:28:44+00:00","dateModified":"2024-10-22T16:29:12+00:00","breadcrumb":{"@id":"https:\/\/admincentral.selleetools.com\/pl\/product\/ekogroszek-eko26-1000kg\/#breadcrumb"},"inLanguage":"pl-PL","potentialAction":[{"@type":"ReadAction","target":["https:\/\/admincentral.selleetools.com\/pl\/product\/ekogroszek-eko26-1000kg\/"]}]},{"@type":"BreadcrumbList","@id":"https:\/\/admincentral.selleetools.com\/pl\/product\/ekogroszek-eko26-1000kg\/#breadcrumb","itemListElement":[{"@type":"ListItem","position":1,"name":"Home","item":"https:\/\/selleetools.com\/pl\/"},{"@type":"ListItem","position":2,"name":"Katalog","item":"https:\/\/selleetools.com\/pl\/katalog\/"},{"@type":"ListItem","position":3,"name":"EkoGroszek EKO26 1000kg"}]}]}},"_links":{"self":[{"href":"https:\/\/admincentral.selleetools.com\/pl\/wp-json\/wp\/v2\/product\/400294"}],"collection":[{"href":"https:\/\/admincentral.selleetools.com\/pl\/wp-json\/wp\/v2\/product"}],"about":[{"href":"https:\/\/admincentral.selleetools.com\/pl\/wp-json\/wp\/v2\/types\/product"}],"replies":[{"embeddable":true,"href":"https:\/\/admincentral.selleetools.com\/pl\/wp-json\/wp\/v2\/comments?post=400294"}],"wp:featuredmedia":[{"embeddable":true,"href":"https:\/\/admincentral.selleetools.com\/pl\/wp-json\/wp\/v2\/media\/400286"}],"wp:attachment":[{"href":"https:\/\/admincentral.selleetools.com\/pl\/wp-json\/wp\/v2\/media?parent=400294"}],"curies":[{"name":"wp","href":"https:\/\/api.w.org\/{rel}","templated":true}]}}