{"id":489302,"date":"2025-07-06T14:24:36","date_gmt":"2025-07-06T12:24:36","guid":{"rendered":"https:\/\/selleetools.com\/?post_type=product&#038;p=489302"},"modified":"2025-12-02T20:19:21","modified_gmt":"2025-12-02T19:19:21","slug":"lokowka-ceramiczna-do-wlosow-z-powloka-keratynowa-prostownica-2w1-mocna","status":"publish","type":"product","link":"https:\/\/admincentral.selleetools.com\/pl\/product\/lokowka-ceramiczna-do-wlosow-z-powloka-keratynowa-prostownica-2w1-mocna\/","title":{"rendered":"LOK\u00d3WKA CERAMICZNA DO W\u0141OS\u00d3W Z POW\u0141OK\u0104 KERATYNOW\u0104 PROSTOWNICA 2w1 MOCNA"},"content":{"rendered":"<p>LOK\u00d3WKA CERAMICZNA DO W\u0141OS\u00d3W Z POW\u0141OK\u0104 KERATYNOW\u0104 PROSTOWNICA 2w1 MOCNA to innowacyjne urz\u0105dzenie, kt\u00f3re zaspokoi potrzeby ka\u017cdej osoby pragn\u0105cej uzyska\u0107 perfekcyjne loki oraz g\u0142adk\u0105 fryzur\u0119. Dzi\u0119ki zaawansowanej technologii ceramicznej i keratynowej, ta lok\u00f3wka nie tylko stylizuje w\u0142osy, ale tak\u017ce je piel\u0119gnuje, zapewniaj\u0105c zdrowy wygl\u0105d i blask.<\/p>\n<p>Urz\u0105dzenie charakteryzuje si\u0119 szybkim nagrzewaniem, co umo\u017cliwia natychmiastowe uzyskanie po\u017c\u0105danej temperatury i oszcz\u0119dza cenny czas podczas codziennych rytua\u0142\u00f3w fryzjerskich. Ponadto, ergonomiczny design sprawia, \u017ce korzystanie z lok\u00f3wki jest komfortowe, a jej lekk\u0105 konstrukcj\u0119 \u0142atwo mo\u017cna przechowywa\u0107.<\/p>\n<p>LOK\u00d3WKA CERAMICZNA DO W\u0141OS\u00d3W Z POW\u0141OK\u0104 KERATYNOW\u0104 PROSTOWNICA 2w1 MOCNA oferuje r\u00f3\u017cne ustawienia temperatury, co pozwala dostosowa\u0107 jej dzia\u0142anie do typu w\u0142os\u00f3w &#8211; od delikatnych po grube i oporne na stylizacj\u0119. Dzi\u0119ki temu mo\u017cna uzyska\u0107 idealne loki, fale czy proste w\u0142osy, zale\u017cnie od aktualnych potrzeb i preferencji.<\/p>\n<p>Zainwestuj w profesjonaln\u0105 stylizacj\u0119, kt\u00f3ra \u0142\u0105czy w sobie funkcj\u0119 lok\u00f3wki i prostownicy, a Twoje w\u0142osy b\u0119d\u0105 wygl\u0105da\u0142y ol\u015bniewaj\u0105co ka\u017cdego dnia. To idealny wyb\u00f3r dla os\u00f3b, kt\u00f3re ceni\u0105 sobie jako\u015b\u0107, efektywno\u015b\u0107 oraz zdrowie swoich w\u0142os\u00f3w.<\/p>\n","protected":false},"excerpt":{"rendered":"<p>LOK\u00d3WKA CERAMICZNA DO W\u0141OS\u00d3W Z POW\u0141OK\u0104 KERATYNOW\u0104 PROSTOWNICA 2w1 MOCNA to innowacyjne urz\u0105dzenie, kt\u00f3re zaspokoi potrzeby ka\u017cdej osoby pragn\u0105cej uzyska\u0107 perfekcyjne loki oraz g\u0142adk\u0105 fryzur\u0119. Dzi\u0119ki zaawansowanej technologii ceramicznej i keratynowej, ta lok\u00f3wka nie tylko stylizuje w\u0142osy, ale tak\u017ce je piel\u0119gnuje, zapewniaj\u0105c zdrowy wygl\u0105d i blask. Urz\u0105dzenie charakteryzuje si\u0119 szybkim nagrzewaniem, co umo\u017cliwia natychmiastowe uzyskanie &#8230; <a title=\"LOK\u00d3WKA CERAMICZNA DO W\u0141OS\u00d3W Z POW\u0141OK\u0104 KERATYNOW\u0104 PROSTOWNICA 2w1 MOCNA\" class=\"read-more\" href=\"https:\/\/admincentral.selleetools.com\/pl\/product\/lokowka-ceramiczna-do-wlosow-z-powloka-keratynowa-prostownica-2w1-mocna\/\">Read more<span class=\"screen-reader-text\">LOK\u00d3WKA CERAMICZNA DO W\u0141OS\u00d3W Z POW\u0141OK\u0104 KERATYNOW\u0104 PROSTOWNICA 2w1 MOCNA<\/span><\/a><\/p>\n","protected":false},"featured_media":489290,"comment_status":"open","ping_status":"closed","template":"","meta":{"_links_to":"","_links_to_target":""},"yoast_head":"<!-- This site is optimized with the Yoast SEO plugin v19.4 - https:\/\/yoast.com\/wordpress\/plugins\/seo\/ -->\n<title>LOK\u00d3WKA CERAMICZNA DO W\u0141OS\u00d3W Z POW\u0141OK\u0104 KERATYNOW\u0104 PROSTOWNICA 2w1 MOCNA - Selleetools.com<\/title>\n<meta name=\"robots\" content=\"index, follow, max-snippet:-1, max-image-preview:large, max-video-preview:-1\" \/>\n<link rel=\"canonical\" href=\"https:\/\/selleetools.com\/pl\/product\/lokowka-ceramiczna-do-wlosow-z-powloka-keratynowa-prostownica-2w1-mocna\/\" \/>\n<meta property=\"og:locale\" content=\"pl_PL\" \/>\n<meta property=\"og:type\" content=\"article\" \/>\n<meta property=\"og:title\" content=\"LOK\u00d3WKA CERAMICZNA DO W\u0141OS\u00d3W Z POW\u0141OK\u0104 KERATYNOW\u0104 PROSTOWNICA 2w1 MOCNA - Selleetools.com\" \/>\n<meta property=\"og:description\" content=\"LOK\u00d3WKA CERAMICZNA DO W\u0141OS\u00d3W Z POW\u0141OK\u0104 KERATYNOW\u0104 PROSTOWNICA 2w1 MOCNA to innowacyjne urz\u0105dzenie, kt\u00f3re zaspokoi potrzeby ka\u017cdej osoby pragn\u0105cej uzyska\u0107 perfekcyjne loki oraz g\u0142adk\u0105 fryzur\u0119. Dzi\u0119ki zaawansowanej technologii ceramicznej i keratynowej, ta lok\u00f3wka nie tylko stylizuje w\u0142osy, ale tak\u017ce je piel\u0119gnuje, zapewniaj\u0105c zdrowy wygl\u0105d i blask. Urz\u0105dzenie charakteryzuje si\u0119 szybkim nagrzewaniem, co umo\u017cliwia natychmiastowe uzyskanie ... Read moreLOK\u00d3WKA CERAMICZNA DO W\u0141OS\u00d3W Z POW\u0141OK\u0104 KERATYNOW\u0104 PROSTOWNICA 2w1 MOCNA\" \/>\n<meta property=\"og:url\" content=\"https:\/\/selleetools.com\/pl\/product\/lokowka-ceramiczna-do-wlosow-z-powloka-keratynowa-prostownica-2w1-mocna\/\" \/>\n<meta property=\"og:site_name\" content=\"Selleetools.com\" \/>\n<meta property=\"article:modified_time\" content=\"2025-12-02T19:19:21+00:00\" \/>\n<meta property=\"og:image\" content=\"https:\/\/selleetools.com\/wp-content\/uploads\/2025\/07\/6261c354c04be424b156a5fffe747880.webp\" \/>\n\t<meta property=\"og:image:width\" content=\"128\" \/>\n\t<meta property=\"og:image:height\" content=\"128\" \/>\n\t<meta property=\"og:image:type\" content=\"image\/webp\" \/>\n<meta name=\"twitter:card\" content=\"summary_large_image\" \/>\n<meta name=\"twitter:label1\" content=\"Est. reading time\" \/>\n\t<meta name=\"twitter:data1\" content=\"1 minuta\" \/>\n<!-- \/ Yoast SEO plugin. -->","yoast_head_json":{"title":"LOK\u00d3WKA CERAMICZNA DO W\u0141OS\u00d3W Z POW\u0141OK\u0104 KERATYNOW\u0104 PROSTOWNICA 2w1 MOCNA - Selleetools.com","robots":{"index":"index","follow":"follow","max-snippet":"max-snippet:-1","max-image-preview":"max-image-preview:large","max-video-preview":"max-video-preview:-1"},"canonical":"https:\/\/selleetools.com\/pl\/product\/lokowka-ceramiczna-do-wlosow-z-powloka-keratynowa-prostownica-2w1-mocna\/","og_locale":"pl_PL","og_type":"article","og_title":"LOK\u00d3WKA CERAMICZNA DO W\u0141OS\u00d3W Z POW\u0141OK\u0104 KERATYNOW\u0104 PROSTOWNICA 2w1 MOCNA - Selleetools.com","og_description":"LOK\u00d3WKA CERAMICZNA DO W\u0141OS\u00d3W Z POW\u0141OK\u0104 KERATYNOW\u0104 PROSTOWNICA 2w1 MOCNA to innowacyjne urz\u0105dzenie, kt\u00f3re zaspokoi potrzeby ka\u017cdej osoby pragn\u0105cej uzyska\u0107 perfekcyjne loki oraz g\u0142adk\u0105 fryzur\u0119. Dzi\u0119ki zaawansowanej technologii ceramicznej i keratynowej, ta lok\u00f3wka nie tylko stylizuje w\u0142osy, ale tak\u017ce je piel\u0119gnuje, zapewniaj\u0105c zdrowy wygl\u0105d i blask. Urz\u0105dzenie charakteryzuje si\u0119 szybkim nagrzewaniem, co umo\u017cliwia natychmiastowe uzyskanie ... Read moreLOK\u00d3WKA CERAMICZNA DO W\u0141OS\u00d3W Z POW\u0141OK\u0104 KERATYNOW\u0104 PROSTOWNICA 2w1 MOCNA","og_url":"https:\/\/selleetools.com\/pl\/product\/lokowka-ceramiczna-do-wlosow-z-powloka-keratynowa-prostownica-2w1-mocna\/","og_site_name":"Selleetools.com","article_modified_time":"2025-12-02T19:19:21+00:00","og_image":[{"width":128,"height":128,"url":"https:\/\/selleetools.com\/wp-content\/uploads\/2025\/07\/6261c354c04be424b156a5fffe747880.webp","type":"image\/webp"}],"twitter_card":"summary_large_image","twitter_misc":{"Est. reading time":"1 minuta"},"schema":{"@context":"https:\/\/schema.org","@graph":[{"@type":"Organization","@id":"https:\/\/selleetools.com\/#organization","name":"Selleetools","url":"https:\/\/selleetools.com\/","sameAs":[],"logo":{"@type":"ImageObject","inLanguage":"pl-PL","@id":"https:\/\/selleetools.com\/#\/schema\/logo\/image\/","url":"https:\/\/selleetools.com\/wp-content\/uploads\/2021\/10\/logo-dark.png","contentUrl":"https:\/\/selleetools.com\/wp-content\/uploads\/2021\/10\/logo-dark.png","width":320,"height":76,"caption":"Selleetools"},"image":{"@id":"https:\/\/selleetools.com\/#\/schema\/logo\/image\/"}},{"@type":"WebSite","@id":"https:\/\/selleetools.com\/#website","url":"https:\/\/selleetools.com\/","name":"Selleetools.com","description":"","publisher":{"@id":"https:\/\/selleetools.com\/#organization"},"potentialAction":[{"@type":"SearchAction","target":{"@type":"EntryPoint","urlTemplate":"https:\/\/selleetools.com\/?s={search_term_string}"},"query-input":"required name=search_term_string"}],"inLanguage":"pl-PL"},{"@type":"WebPage","@id":"https:\/\/selleetools.com\/pl\/product\/lokowka-ceramiczna-do-wlosow-z-powloka-keratynowa-prostownica-2w1-mocna\/","url":"https:\/\/selleetools.com\/pl\/product\/lokowka-ceramiczna-do-wlosow-z-powloka-keratynowa-prostownica-2w1-mocna\/","name":"LOK\u00d3WKA CERAMICZNA DO W\u0141OS\u00d3W Z POW\u0141OK\u0104 KERATYNOW\u0104 PROSTOWNICA 2w1 MOCNA - Selleetools.com","isPartOf":{"@id":"https:\/\/selleetools.com\/#website"},"datePublished":"2025-07-06T12:24:36+00:00","dateModified":"2025-12-02T19:19:21+00:00","breadcrumb":{"@id":"https:\/\/selleetools.com\/pl\/product\/lokowka-ceramiczna-do-wlosow-z-powloka-keratynowa-prostownica-2w1-mocna\/#breadcrumb"},"inLanguage":"pl-PL","potentialAction":[{"@type":"ReadAction","target":["https:\/\/selleetools.com\/pl\/product\/lokowka-ceramiczna-do-wlosow-z-powloka-keratynowa-prostownica-2w1-mocna\/"]}]},{"@type":"BreadcrumbList","@id":"https:\/\/selleetools.com\/pl\/product\/lokowka-ceramiczna-do-wlosow-z-powloka-keratynowa-prostownica-2w1-mocna\/#breadcrumb","itemListElement":[{"@type":"ListItem","position":1,"name":"Home","item":"https:\/\/selleetools.com\/pl\/"},{"@type":"ListItem","position":2,"name":"Katalog","item":"https:\/\/selleetools.com\/pl\/katalog\/"},{"@type":"ListItem","position":3,"name":"LOK\u00d3WKA CERAMICZNA DO W\u0141OS\u00d3W Z POW\u0141OK\u0104 KERATYNOW\u0104 PROSTOWNICA 2w1 MOCNA"}]}]}},"_links":{"self":[{"href":"https:\/\/admincentral.selleetools.com\/pl\/wp-json\/wp\/v2\/product\/489302"}],"collection":[{"href":"https:\/\/admincentral.selleetools.com\/pl\/wp-json\/wp\/v2\/product"}],"about":[{"href":"https:\/\/admincentral.selleetools.com\/pl\/wp-json\/wp\/v2\/types\/product"}],"replies":[{"embeddable":true,"href":"https:\/\/admincentral.selleetools.com\/pl\/wp-json\/wp\/v2\/comments?post=489302"}],"wp:featuredmedia":[{"embeddable":true,"href":"https:\/\/admincentral.selleetools.com\/pl\/wp-json\/wp\/v2\/media\/489290"}],"wp:attachment":[{"href":"https:\/\/admincentral.selleetools.com\/pl\/wp-json\/wp\/v2\/media?parent=489302"}],"curies":[{"name":"wp","href":"https:\/\/api.w.org\/{rel}","templated":true}]}}