{"id":489407,"date":"2025-07-06T14:25:21","date_gmt":"2025-07-06T12:25:21","guid":{"rendered":"https:\/\/selleetools.com\/?post_type=product&#038;p=489407"},"modified":"2025-12-02T20:19:19","modified_gmt":"2025-12-02T19:19:19","slug":"s-20-5-dc-5v-4a-20w-zasilacz-transformator-oswietleniowy-do-tasmy-led-przelaczanie-swiatla-sterownik-adaptera-zasilania","status":"publish","type":"product","link":"https:\/\/admincentral.selleetools.com\/pl\/product\/s-20-5-dc-5v-4a-20w-zasilacz-transformator-oswietleniowy-do-tasmy-led-przelaczanie-swiatla-sterownik-adaptera-zasilania\/","title":{"rendered":"S-20-5 DC 5V 4A 20W zasilacz transformator o\u015bwietleniowy do ta\u015bmy LED prze\u0142\u0105czanie \u015bwiat\u0142a sterownik adaptera zasilania"},"content":{"rendered":"<p>Zasilacz transformator S-20-5 to wydajny i niezawodny adapter zasilania, kt\u00f3ry zapewnia stabilne i efektywne zasilanie dla ta\u015bm LED. Dzi\u0119ki mocy 20W oraz napi\u0119ciu 5V i pr\u0105dowi 4A, idealnie sprawdzi si\u0119 w r\u00f3\u017cnych zastosowaniach o\u015bwietleniowych, umo\u017cliwiaj\u0105c p\u0142ynne i bezawaryjne dzia\u0142anie o\u015bwietlenia LED. Produkt charakteryzuje si\u0119 wysok\u0105 jako\u015bci\u0105 wykonania oraz niezawodno\u015bci\u0105, co czyni go doskona\u0142ym wyborem zar\u00f3wno dla amator\u00f3w, jak i profesjonalist\u00f3w. Kompaktowa konstrukcja pozwala na \u0142atwe umiejscowienie urz\u0105dzenia w dowolnym miejscu, a jego niski poziom ha\u0142asu gwarantuje komfort u\u017cytkowania. Wybierz zasilacz S-20-5 i ciesz si\u0119 efektywnym i trwa\u0142ym o\u015bwietleniem w swojej przestrzeni.<\/p>\n","protected":false},"excerpt":{"rendered":"<p>Zasilacz transformator S-20-5 to wydajny i niezawodny adapter zasilania, kt\u00f3ry zapewnia stabilne i efektywne zasilanie dla ta\u015bm LED. Dzi\u0119ki mocy 20W oraz napi\u0119ciu 5V i pr\u0105dowi 4A, idealnie sprawdzi si\u0119 w r\u00f3\u017cnych zastosowaniach o\u015bwietleniowych, umo\u017cliwiaj\u0105c p\u0142ynne i bezawaryjne dzia\u0142anie o\u015bwietlenia LED. Produkt charakteryzuje si\u0119 wysok\u0105 jako\u015bci\u0105 wykonania oraz niezawodno\u015bci\u0105, co czyni go doskona\u0142ym wyborem zar\u00f3wno &#8230; <a title=\"S-20-5 DC 5V 4A 20W zasilacz transformator o\u015bwietleniowy do ta\u015bmy LED prze\u0142\u0105czanie \u015bwiat\u0142a sterownik adaptera zasilania\" class=\"read-more\" href=\"https:\/\/admincentral.selleetools.com\/pl\/product\/s-20-5-dc-5v-4a-20w-zasilacz-transformator-oswietleniowy-do-tasmy-led-przelaczanie-swiatla-sterownik-adaptera-zasilania\/\">Read more<span class=\"screen-reader-text\">S-20-5 DC 5V 4A 20W zasilacz transformator o\u015bwietleniowy do ta\u015bmy LED prze\u0142\u0105czanie \u015bwiat\u0142a sterownik adaptera zasilania<\/span><\/a><\/p>\n","protected":false},"featured_media":489393,"comment_status":"closed","ping_status":"closed","template":"","meta":{"_links_to":"","_links_to_target":""},"yoast_head":"<!-- This site is optimized with the Yoast SEO plugin v19.4 - https:\/\/yoast.com\/wordpress\/plugins\/seo\/ -->\n<title>S-20-5 DC 5V 4A 20W zasilacz transformator o\u015bwietleniowy do ta\u015bmy LED prze\u0142\u0105czanie \u015bwiat\u0142a sterownik adaptera zasilania - Selleetools.com<\/title>\n<meta name=\"robots\" content=\"index, follow, max-snippet:-1, max-image-preview:large, max-video-preview:-1\" \/>\n<link rel=\"canonical\" href=\"https:\/\/admincentral.selleetools.com\/pl\/product\/s-20-5-dc-5v-4a-20w-zasilacz-transformator-oswietleniowy-do-tasmy-led-przelaczanie-swiatla-sterownik-adaptera-zasilania\/\" \/>\n<meta property=\"og:locale\" content=\"pl_PL\" \/>\n<meta property=\"og:type\" content=\"article\" \/>\n<meta property=\"og:title\" content=\"S-20-5 DC 5V 4A 20W zasilacz transformator o\u015bwietleniowy do ta\u015bmy LED prze\u0142\u0105czanie \u015bwiat\u0142a sterownik adaptera zasilania - Selleetools.com\" \/>\n<meta property=\"og:description\" content=\"Zasilacz transformator S-20-5 to wydajny i niezawodny adapter zasilania, kt\u00f3ry zapewnia stabilne i efektywne zasilanie dla ta\u015bm LED. Dzi\u0119ki mocy 20W oraz napi\u0119ciu 5V i pr\u0105dowi 4A, idealnie sprawdzi si\u0119 w r\u00f3\u017cnych zastosowaniach o\u015bwietleniowych, umo\u017cliwiaj\u0105c p\u0142ynne i bezawaryjne dzia\u0142anie o\u015bwietlenia LED. Produkt charakteryzuje si\u0119 wysok\u0105 jako\u015bci\u0105 wykonania oraz niezawodno\u015bci\u0105, co czyni go doskona\u0142ym wyborem zar\u00f3wno ... Read moreS-20-5 DC 5V 4A 20W zasilacz transformator o\u015bwietleniowy do ta\u015bmy LED prze\u0142\u0105czanie \u015bwiat\u0142a sterownik adaptera zasilania\" \/>\n<meta property=\"og:url\" content=\"https:\/\/admincentral.selleetools.com\/pl\/product\/s-20-5-dc-5v-4a-20w-zasilacz-transformator-oswietleniowy-do-tasmy-led-przelaczanie-swiatla-sterownik-adaptera-zasilania\/\" \/>\n<meta property=\"og:site_name\" content=\"Selleetools.com\" \/>\n<meta property=\"article:modified_time\" content=\"2025-12-02T19:19:19+00:00\" \/>\n<meta property=\"og:image\" content=\"https:\/\/selleetools.com\/wp-content\/uploads\/2025\/07\/cf9d5d770d556f0637c8e466b2d7fa13.jpg\" \/>\n\t<meta property=\"og:image:width\" content=\"220\" \/>\n\t<meta property=\"og:image:height\" content=\"220\" \/>\n\t<meta property=\"og:image:type\" content=\"image\/jpeg\" \/>\n<meta name=\"twitter:card\" content=\"summary_large_image\" \/>\n<meta name=\"twitter:label1\" content=\"Est. reading time\" \/>\n\t<meta name=\"twitter:data1\" content=\"1 minuta\" \/>\n<!-- \/ Yoast SEO plugin. -->","yoast_head_json":{"title":"S-20-5 DC 5V 4A 20W zasilacz transformator o\u015bwietleniowy do ta\u015bmy LED prze\u0142\u0105czanie \u015bwiat\u0142a sterownik adaptera zasilania - Selleetools.com","robots":{"index":"index","follow":"follow","max-snippet":"max-snippet:-1","max-image-preview":"max-image-preview:large","max-video-preview":"max-video-preview:-1"},"canonical":"https:\/\/admincentral.selleetools.com\/pl\/product\/s-20-5-dc-5v-4a-20w-zasilacz-transformator-oswietleniowy-do-tasmy-led-przelaczanie-swiatla-sterownik-adaptera-zasilania\/","og_locale":"pl_PL","og_type":"article","og_title":"S-20-5 DC 5V 4A 20W zasilacz transformator o\u015bwietleniowy do ta\u015bmy LED prze\u0142\u0105czanie \u015bwiat\u0142a sterownik adaptera zasilania - Selleetools.com","og_description":"Zasilacz transformator S-20-5 to wydajny i niezawodny adapter zasilania, kt\u00f3ry zapewnia stabilne i efektywne zasilanie dla ta\u015bm LED. Dzi\u0119ki mocy 20W oraz napi\u0119ciu 5V i pr\u0105dowi 4A, idealnie sprawdzi si\u0119 w r\u00f3\u017cnych zastosowaniach o\u015bwietleniowych, umo\u017cliwiaj\u0105c p\u0142ynne i bezawaryjne dzia\u0142anie o\u015bwietlenia LED. Produkt charakteryzuje si\u0119 wysok\u0105 jako\u015bci\u0105 wykonania oraz niezawodno\u015bci\u0105, co czyni go doskona\u0142ym wyborem zar\u00f3wno ... Read moreS-20-5 DC 5V 4A 20W zasilacz transformator o\u015bwietleniowy do ta\u015bmy LED prze\u0142\u0105czanie \u015bwiat\u0142a sterownik adaptera zasilania","og_url":"https:\/\/admincentral.selleetools.com\/pl\/product\/s-20-5-dc-5v-4a-20w-zasilacz-transformator-oswietleniowy-do-tasmy-led-przelaczanie-swiatla-sterownik-adaptera-zasilania\/","og_site_name":"Selleetools.com","article_modified_time":"2025-12-02T19:19:19+00:00","og_image":[{"width":220,"height":220,"url":"https:\/\/selleetools.com\/wp-content\/uploads\/2025\/07\/cf9d5d770d556f0637c8e466b2d7fa13.jpg","type":"image\/jpeg"}],"twitter_card":"summary_large_image","twitter_misc":{"Est. reading time":"1 minuta"},"schema":{"@context":"https:\/\/schema.org","@graph":[{"@type":"Organization","@id":"https:\/\/admincentral.selleetools.com\/pl\/#organization","name":"Selleetools","url":"https:\/\/admincentral.selleetools.com\/pl\/","sameAs":[],"logo":{"@type":"ImageObject","inLanguage":"pl-PL","@id":"https:\/\/admincentral.selleetools.com\/pl\/#\/schema\/logo\/image\/","url":"https:\/\/selleetools.com\/wp-content\/uploads\/2021\/10\/logo-dark.png","contentUrl":"https:\/\/selleetools.com\/wp-content\/uploads\/2021\/10\/logo-dark.png","width":320,"height":76,"caption":"Selleetools"},"image":{"@id":"https:\/\/admincentral.selleetools.com\/pl\/#\/schema\/logo\/image\/"}},{"@type":"WebSite","@id":"https:\/\/admincentral.selleetools.com\/pl\/#website","url":"https:\/\/admincentral.selleetools.com\/pl\/","name":"Selleetools.com","description":"","publisher":{"@id":"https:\/\/admincentral.selleetools.com\/pl\/#organization"},"potentialAction":[{"@type":"SearchAction","target":{"@type":"EntryPoint","urlTemplate":"https:\/\/admincentral.selleetools.com\/pl\/?s={search_term_string}"},"query-input":"required name=search_term_string"}],"inLanguage":"pl-PL"},{"@type":"WebPage","@id":"https:\/\/admincentral.selleetools.com\/pl\/product\/s-20-5-dc-5v-4a-20w-zasilacz-transformator-oswietleniowy-do-tasmy-led-przelaczanie-swiatla-sterownik-adaptera-zasilania\/","url":"https:\/\/admincentral.selleetools.com\/pl\/product\/s-20-5-dc-5v-4a-20w-zasilacz-transformator-oswietleniowy-do-tasmy-led-przelaczanie-swiatla-sterownik-adaptera-zasilania\/","name":"S-20-5 DC 5V 4A 20W zasilacz transformator o\u015bwietleniowy do ta\u015bmy LED prze\u0142\u0105czanie \u015bwiat\u0142a sterownik adaptera zasilania - Selleetools.com","isPartOf":{"@id":"https:\/\/admincentral.selleetools.com\/pl\/#website"},"datePublished":"2025-07-06T12:25:21+00:00","dateModified":"2025-12-02T19:19:19+00:00","breadcrumb":{"@id":"https:\/\/admincentral.selleetools.com\/pl\/product\/s-20-5-dc-5v-4a-20w-zasilacz-transformator-oswietleniowy-do-tasmy-led-przelaczanie-swiatla-sterownik-adaptera-zasilania\/#breadcrumb"},"inLanguage":"pl-PL","potentialAction":[{"@type":"ReadAction","target":["https:\/\/admincentral.selleetools.com\/pl\/product\/s-20-5-dc-5v-4a-20w-zasilacz-transformator-oswietleniowy-do-tasmy-led-przelaczanie-swiatla-sterownik-adaptera-zasilania\/"]}]},{"@type":"BreadcrumbList","@id":"https:\/\/admincentral.selleetools.com\/pl\/product\/s-20-5-dc-5v-4a-20w-zasilacz-transformator-oswietleniowy-do-tasmy-led-przelaczanie-swiatla-sterownik-adaptera-zasilania\/#breadcrumb","itemListElement":[{"@type":"ListItem","position":1,"name":"Home","item":"https:\/\/admincentral.selleetools.com\/pl\/"},{"@type":"ListItem","position":2,"name":"Katalog","item":"https:\/\/selleetools.com\/pl\/katalog\/"},{"@type":"ListItem","position":3,"name":"S-20-5 DC 5V 4A 20W zasilacz transformator o\u015bwietleniowy do ta\u015bmy LED prze\u0142\u0105czanie \u015bwiat\u0142a sterownik adaptera zasilania"}]}]}},"_links":{"self":[{"href":"https:\/\/admincentral.selleetools.com\/pl\/wp-json\/wp\/v2\/product\/489407"}],"collection":[{"href":"https:\/\/admincentral.selleetools.com\/pl\/wp-json\/wp\/v2\/product"}],"about":[{"href":"https:\/\/admincentral.selleetools.com\/pl\/wp-json\/wp\/v2\/types\/product"}],"replies":[{"embeddable":true,"href":"https:\/\/admincentral.selleetools.com\/pl\/wp-json\/wp\/v2\/comments?post=489407"}],"wp:featuredmedia":[{"embeddable":true,"href":"https:\/\/admincentral.selleetools.com\/pl\/wp-json\/wp\/v2\/media\/489393"}],"wp:attachment":[{"href":"https:\/\/admincentral.selleetools.com\/pl\/wp-json\/wp\/v2\/media?parent=489407"}],"curies":[{"name":"wp","href":"https:\/\/api.w.org\/{rel}","templated":true}]}}