{"id":489541,"date":"2025-07-06T14:26:44","date_gmt":"2025-07-06T12:26:44","guid":{"rendered":"https:\/\/selleetools.com\/?post_type=product&#038;p=489541"},"modified":"2025-08-08T14:04:20","modified_gmt":"2025-08-08T12:04:20","slug":"zestaw-4-eleganckich-drewnianych-tac-z-podstawka","status":"publish","type":"product","link":"https:\/\/admincentral.selleetools.com\/pl\/product\/zestaw-4-eleganckich-drewnianych-tac-z-podstawka\/","title":{"rendered":"Zestaw 4 eleganckich drewnianych tac z podstawk\u0105"},"content":{"rendered":"<p>Zestaw czterech eleganckich drewnianych tac z podstawk\u0105 to doskona\u0142e rozwi\u0105zanie dla os\u00f3b ceni\u0105cych sobie estetyk\u0119 i funkcjonalno\u015b\u0107 w codziennym u\u017cytkowaniu. Wykonane z wysokiej jako\u015bci drewna, oferuj\u0105 nie tylko trwa\u0142o\u015b\u0107, ale tak\u017ce naturalny urok, kt\u00f3ry doda charakteru ka\u017cdemu wn\u0119trzu. W komplecie znajduje si\u0119 praktyczna podstawka, kt\u00f3ra u\u0142atwia przechowywanie i eksponowanie tac, przy jednoczesnym zachowaniu porz\u0105dku. Idealne do serwowania napoj\u00f3w, przek\u0105sek czy jako dekoracyjne elementy sto\u0142u. Dzi\u0119ki uniwersalnemu designowi, taca doskonale wpasuje si\u0119 w r\u00f3\u017cnorodne aran\u017cacje. Ciesz si\u0119 elegancj\u0105 i funkcjonalno\u015bci\u0105 w jednym, wybieraj\u0105c ten wyj\u0105tkowy zestaw do swojego domu.<\/p>\n<p>TO JEST WYR\u00d3B WYRABIANY W WI\u0118KSZO\u015aCI R\u0118CZNIE Z MA\u0141\u0104 ILO\u015aCI\u0104 U\u017bYCIA MASZYNY.<\/p>\n","protected":false},"excerpt":{"rendered":"<p>Zestaw czterech eleganckich drewnianych tac z podstawk\u0105 to doskona\u0142e rozwi\u0105zanie dla os\u00f3b ceni\u0105cych sobie estetyk\u0119 i funkcjonalno\u015b\u0107 w codziennym u\u017cytkowaniu. Wykonane z wysokiej jako\u015bci drewna, oferuj\u0105 nie tylko trwa\u0142o\u015b\u0107, ale tak\u017ce naturalny urok, kt\u00f3ry doda charakteru ka\u017cdemu wn\u0119trzu. W komplecie znajduje si\u0119 praktyczna podstawka, kt\u00f3ra u\u0142atwia przechowywanie i eksponowanie tac, przy jednoczesnym zachowaniu porz\u0105dku. Idealne &#8230; <a title=\"Zestaw 4 eleganckich drewnianych tac z podstawk\u0105\" class=\"read-more\" href=\"https:\/\/admincentral.selleetools.com\/pl\/product\/zestaw-4-eleganckich-drewnianych-tac-z-podstawka\/\">Read more<span class=\"screen-reader-text\">Zestaw 4 eleganckich drewnianych tac z podstawk\u0105<\/span><\/a><\/p>\n","protected":false},"featured_media":489525,"comment_status":"open","ping_status":"closed","template":"","meta":{"_links_to":"","_links_to_target":""},"yoast_head":"<!-- This site is optimized with the Yoast SEO plugin v19.4 - https:\/\/yoast.com\/wordpress\/plugins\/seo\/ -->\n<title>Zestaw 4 eleganckich drewnianych tac z podstawk\u0105 - Selleetools.com<\/title>\n<meta name=\"robots\" content=\"index, follow, max-snippet:-1, max-image-preview:large, max-video-preview:-1\" \/>\n<link rel=\"canonical\" href=\"https:\/\/selleetools.com\/pl\/product\/zestaw-4-eleganckich-drewnianych-tac-z-podstawka\/\" \/>\n<meta property=\"og:locale\" content=\"pl_PL\" \/>\n<meta property=\"og:type\" content=\"article\" \/>\n<meta property=\"og:title\" content=\"Zestaw 4 eleganckich drewnianych tac z podstawk\u0105 - Selleetools.com\" \/>\n<meta property=\"og:description\" content=\"Zestaw czterech eleganckich drewnianych tac z podstawk\u0105 to doskona\u0142e rozwi\u0105zanie dla os\u00f3b ceni\u0105cych sobie estetyk\u0119 i funkcjonalno\u015b\u0107 w codziennym u\u017cytkowaniu. Wykonane z wysokiej jako\u015bci drewna, oferuj\u0105 nie tylko trwa\u0142o\u015b\u0107, ale tak\u017ce naturalny urok, kt\u00f3ry doda charakteru ka\u017cdemu wn\u0119trzu. W komplecie znajduje si\u0119 praktyczna podstawka, kt\u00f3ra u\u0142atwia przechowywanie i eksponowanie tac, przy jednoczesnym zachowaniu porz\u0105dku. Idealne ... Read moreZestaw 4 eleganckich drewnianych tac z podstawk\u0105\" \/>\n<meta property=\"og:url\" content=\"https:\/\/selleetools.com\/pl\/product\/zestaw-4-eleganckich-drewnianych-tac-z-podstawka\/\" \/>\n<meta property=\"og:site_name\" content=\"Selleetools.com\" \/>\n<meta property=\"article:modified_time\" content=\"2025-08-08T12:04:20+00:00\" \/>\n<meta property=\"og:image\" content=\"https:\/\/selleetools.com\/wp-content\/uploads\/2025\/07\/ea4a9cd5b22f2e68c504442b7c8f03eb.jpg\" \/>\n\t<meta property=\"og:image:width\" content=\"1500\" \/>\n\t<meta property=\"og:image:height\" content=\"1500\" \/>\n\t<meta property=\"og:image:type\" content=\"image\/jpeg\" \/>\n<meta name=\"twitter:card\" content=\"summary_large_image\" \/>\n<meta name=\"twitter:label1\" content=\"Est. reading time\" \/>\n\t<meta name=\"twitter:data1\" content=\"1 minuta\" \/>\n<!-- \/ Yoast SEO plugin. -->","yoast_head_json":{"title":"Zestaw 4 eleganckich drewnianych tac z podstawk\u0105 - Selleetools.com","robots":{"index":"index","follow":"follow","max-snippet":"max-snippet:-1","max-image-preview":"max-image-preview:large","max-video-preview":"max-video-preview:-1"},"canonical":"https:\/\/selleetools.com\/pl\/product\/zestaw-4-eleganckich-drewnianych-tac-z-podstawka\/","og_locale":"pl_PL","og_type":"article","og_title":"Zestaw 4 eleganckich drewnianych tac z podstawk\u0105 - Selleetools.com","og_description":"Zestaw czterech eleganckich drewnianych tac z podstawk\u0105 to doskona\u0142e rozwi\u0105zanie dla os\u00f3b ceni\u0105cych sobie estetyk\u0119 i funkcjonalno\u015b\u0107 w codziennym u\u017cytkowaniu. Wykonane z wysokiej jako\u015bci drewna, oferuj\u0105 nie tylko trwa\u0142o\u015b\u0107, ale tak\u017ce naturalny urok, kt\u00f3ry doda charakteru ka\u017cdemu wn\u0119trzu. W komplecie znajduje si\u0119 praktyczna podstawka, kt\u00f3ra u\u0142atwia przechowywanie i eksponowanie tac, przy jednoczesnym zachowaniu porz\u0105dku. Idealne ... Read moreZestaw 4 eleganckich drewnianych tac z podstawk\u0105","og_url":"https:\/\/selleetools.com\/pl\/product\/zestaw-4-eleganckich-drewnianych-tac-z-podstawka\/","og_site_name":"Selleetools.com","article_modified_time":"2025-08-08T12:04:20+00:00","og_image":[{"width":1500,"height":1500,"url":"https:\/\/selleetools.com\/wp-content\/uploads\/2025\/07\/ea4a9cd5b22f2e68c504442b7c8f03eb.jpg","type":"image\/jpeg"}],"twitter_card":"summary_large_image","twitter_misc":{"Est. reading time":"1 minuta"},"schema":{"@context":"https:\/\/schema.org","@graph":[{"@type":"Organization","@id":"https:\/\/selleetools.com\/#organization","name":"Selleetools","url":"https:\/\/selleetools.com\/","sameAs":[],"logo":{"@type":"ImageObject","inLanguage":"pl-PL","@id":"https:\/\/selleetools.com\/#\/schema\/logo\/image\/","url":"https:\/\/selleetools.com\/wp-content\/uploads\/2021\/10\/logo-dark.png","contentUrl":"https:\/\/selleetools.com\/wp-content\/uploads\/2021\/10\/logo-dark.png","width":320,"height":76,"caption":"Selleetools"},"image":{"@id":"https:\/\/selleetools.com\/#\/schema\/logo\/image\/"}},{"@type":"WebSite","@id":"https:\/\/selleetools.com\/#website","url":"https:\/\/selleetools.com\/","name":"Selleetools.com","description":"","publisher":{"@id":"https:\/\/selleetools.com\/#organization"},"potentialAction":[{"@type":"SearchAction","target":{"@type":"EntryPoint","urlTemplate":"https:\/\/selleetools.com\/?s={search_term_string}"},"query-input":"required name=search_term_string"}],"inLanguage":"pl-PL"},{"@type":"WebPage","@id":"https:\/\/selleetools.com\/pl\/product\/zestaw-4-eleganckich-drewnianych-tac-z-podstawka\/","url":"https:\/\/selleetools.com\/pl\/product\/zestaw-4-eleganckich-drewnianych-tac-z-podstawka\/","name":"Zestaw 4 eleganckich drewnianych tac z podstawk\u0105 - Selleetools.com","isPartOf":{"@id":"https:\/\/selleetools.com\/#website"},"datePublished":"2025-07-06T12:26:44+00:00","dateModified":"2025-08-08T12:04:20+00:00","breadcrumb":{"@id":"https:\/\/selleetools.com\/pl\/product\/zestaw-4-eleganckich-drewnianych-tac-z-podstawka\/#breadcrumb"},"inLanguage":"pl-PL","potentialAction":[{"@type":"ReadAction","target":["https:\/\/selleetools.com\/pl\/product\/zestaw-4-eleganckich-drewnianych-tac-z-podstawka\/"]}]},{"@type":"BreadcrumbList","@id":"https:\/\/selleetools.com\/pl\/product\/zestaw-4-eleganckich-drewnianych-tac-z-podstawka\/#breadcrumb","itemListElement":[{"@type":"ListItem","position":1,"name":"Home","item":"https:\/\/selleetools.com\/pl\/"},{"@type":"ListItem","position":2,"name":"Katalog","item":"https:\/\/selleetools.com\/pl\/katalog\/"},{"@type":"ListItem","position":3,"name":"Zestaw 4 eleganckich drewnianych tac z podstawk\u0105"}]}]}},"_links":{"self":[{"href":"https:\/\/admincentral.selleetools.com\/pl\/wp-json\/wp\/v2\/product\/489541"}],"collection":[{"href":"https:\/\/admincentral.selleetools.com\/pl\/wp-json\/wp\/v2\/product"}],"about":[{"href":"https:\/\/admincentral.selleetools.com\/pl\/wp-json\/wp\/v2\/types\/product"}],"replies":[{"embeddable":true,"href":"https:\/\/admincentral.selleetools.com\/pl\/wp-json\/wp\/v2\/comments?post=489541"}],"wp:featuredmedia":[{"embeddable":true,"href":"https:\/\/admincentral.selleetools.com\/pl\/wp-json\/wp\/v2\/media\/489525"}],"wp:attachment":[{"href":"https:\/\/admincentral.selleetools.com\/pl\/wp-json\/wp\/v2\/media?parent=489541"}],"curies":[{"name":"wp","href":"https:\/\/api.w.org\/{rel}","templated":true}]}}