{"id":489581,"date":"2025-07-06T14:27:12","date_gmt":"2025-07-06T12:27:12","guid":{"rendered":"https:\/\/selleetools.com\/?post_type=product&#038;p=489581"},"modified":"2025-08-08T14:04:20","modified_gmt":"2025-08-08T12:04:20","slug":"nakladki-na-robota-czyszczacego-do-okien-na-mokro-i-sucho-scierki-5-sztuk","status":"publish","type":"product","link":"https:\/\/admincentral.selleetools.com\/pl\/product\/nakladki-na-robota-czyszczacego-do-okien-na-mokro-i-sucho-scierki-5-sztuk\/","title":{"rendered":"NAK\u0141ADKI NA ROBOTA CZYSZCZ\u0104CEGO DO OKIEN NA MOKRO I SUCHO \u015aCIERKI 5 SZTUK"},"content":{"rendered":"<p>Nawil\u017cane i suche nak\u0142adki na robota czyszcz\u0105cego to idealne rozwi\u0105zanie dla wszystkich, kt\u00f3rzy pragn\u0105 utrzyma\u0107 okna w nienagannej czysto\u015bci przy minimalnym wysi\u0142ku. W zestawie znajduj\u0105 si\u0119 5 wysokiej jako\u015bci \u015bcierek, kt\u00f3re doskonale sprawdzaj\u0105 si\u0119 w usuwaniu zar\u00f3wno lekkiego kurzu, jak i uporczywych plam oraz zaciek\u00f3w. Dzi\u0119ki innowacyjnemu projektowi nak\u0142adki s\u0105 kompatybilne z wi\u0119kszo\u015bci\u0105 robot\u00f3w czyszcz\u0105cych, co czyni je wszechstronnym dodatkiem do codziennego u\u017cytku. Nasze \u015bciereczki wykonane s\u0105 z trwa\u0142ych, \u0142atwych do czyszczenia materia\u0142\u00f3w, co zapewnia ich d\u0142ugotrwa\u0142\u0105 efektywno\u015b\u0107. U\u0142atwiaj\u0105 one nie tylko dbanie o czysto\u015b\u0107 okien, ale tak\u017ce oszcz\u0119dzaj\u0105 Tw\u00f3j czas, umo\u017cliwiaj\u0105c skuteczne sprz\u0105tanie ca\u0142ej powierzchni w kr\u00f3tszym czasie. Wybierz nak\u0142adki na robota czyszcz\u0105cego i ciesz si\u0119 krystalicznie czystymi oknami bez wysi\u0142ku.<\/p>\n<p>ZESTAW POSIADA TYLKO NAK\u0141ADKI KOLORU \u017b\u00d3\u0141TEGO. NIEBIESKIE NAKLADKI S\u0104 NIEDOSTEPNE.<\/p>\n","protected":false},"excerpt":{"rendered":"<p>Nawil\u017cane i suche nak\u0142adki na robota czyszcz\u0105cego to idealne rozwi\u0105zanie dla wszystkich, kt\u00f3rzy pragn\u0105 utrzyma\u0107 okna w nienagannej czysto\u015bci przy minimalnym wysi\u0142ku. W zestawie znajduj\u0105 si\u0119 5 wysokiej jako\u015bci \u015bcierek, kt\u00f3re doskonale sprawdzaj\u0105 si\u0119 w usuwaniu zar\u00f3wno lekkiego kurzu, jak i uporczywych plam oraz zaciek\u00f3w. Dzi\u0119ki innowacyjnemu projektowi nak\u0142adki s\u0105 kompatybilne z wi\u0119kszo\u015bci\u0105 robot\u00f3w czyszcz\u0105cych, &#8230; <a title=\"NAK\u0141ADKI NA ROBOTA CZYSZCZ\u0104CEGO DO OKIEN NA MOKRO I SUCHO \u015aCIERKI 5 SZTUK\" class=\"read-more\" href=\"https:\/\/admincentral.selleetools.com\/pl\/product\/nakladki-na-robota-czyszczacego-do-okien-na-mokro-i-sucho-scierki-5-sztuk\/\">Read more<span class=\"screen-reader-text\">NAK\u0141ADKI NA ROBOTA CZYSZCZ\u0104CEGO DO OKIEN NA MOKRO I SUCHO \u015aCIERKI 5 SZTUK<\/span><\/a><\/p>\n","protected":false},"featured_media":489577,"comment_status":"closed","ping_status":"closed","template":"","meta":{"_links_to":"","_links_to_target":""},"yoast_head":"<!-- This site is optimized with the Yoast SEO plugin v19.4 - https:\/\/yoast.com\/wordpress\/plugins\/seo\/ -->\n<title>NAK\u0141ADKI NA ROBOTA CZYSZCZ\u0104CEGO DO OKIEN NA MOKRO I SUCHO \u015aCIERKI 5 SZTUK - Selleetools.com<\/title>\n<meta name=\"robots\" content=\"index, follow, max-snippet:-1, max-image-preview:large, max-video-preview:-1\" \/>\n<link rel=\"canonical\" href=\"https:\/\/selleetools.com\/product\/nakladki-na-robota-czyszczacego-do-okien-na-mokro-i-sucho-scierki-5-sztuk\/\" \/>\n<meta property=\"og:locale\" content=\"pl_PL\" \/>\n<meta property=\"og:type\" content=\"article\" \/>\n<meta property=\"og:title\" content=\"NAK\u0141ADKI NA ROBOTA CZYSZCZ\u0104CEGO DO OKIEN NA MOKRO I SUCHO \u015aCIERKI 5 SZTUK - Selleetools.com\" \/>\n<meta property=\"og:description\" content=\"Nawil\u017cane i suche nak\u0142adki na robota czyszcz\u0105cego to idealne rozwi\u0105zanie dla wszystkich, kt\u00f3rzy pragn\u0105 utrzyma\u0107 okna w nienagannej czysto\u015bci przy minimalnym wysi\u0142ku. W zestawie znajduj\u0105 si\u0119 5 wysokiej jako\u015bci \u015bcierek, kt\u00f3re doskonale sprawdzaj\u0105 si\u0119 w usuwaniu zar\u00f3wno lekkiego kurzu, jak i uporczywych plam oraz zaciek\u00f3w. Dzi\u0119ki innowacyjnemu projektowi nak\u0142adki s\u0105 kompatybilne z wi\u0119kszo\u015bci\u0105 robot\u00f3w czyszcz\u0105cych, ... Read moreNAK\u0141ADKI NA ROBOTA CZYSZCZ\u0104CEGO DO OKIEN NA MOKRO I SUCHO \u015aCIERKI 5 SZTUK\" \/>\n<meta property=\"og:url\" content=\"https:\/\/selleetools.com\/product\/nakladki-na-robota-czyszczacego-do-okien-na-mokro-i-sucho-scierki-5-sztuk\/\" \/>\n<meta property=\"og:site_name\" content=\"Selleetools.com\" \/>\n<meta property=\"article:modified_time\" content=\"2025-08-08T12:04:20+00:00\" \/>\n<meta property=\"og:image\" content=\"https:\/\/selleetools.com\/wp-content\/uploads\/2025\/07\/444b2429e84bdf5100acbe9ab4d35bc5.jpg\" \/>\n\t<meta property=\"og:image:width\" content=\"1471\" \/>\n\t<meta property=\"og:image:height\" content=\"655\" \/>\n\t<meta property=\"og:image:type\" content=\"image\/jpeg\" \/>\n<meta name=\"twitter:card\" content=\"summary_large_image\" \/>\n<meta name=\"twitter:label1\" content=\"Est. reading time\" \/>\n\t<meta name=\"twitter:data1\" content=\"1 minuta\" \/>\n<!-- \/ Yoast SEO plugin. -->","yoast_head_json":{"title":"NAK\u0141ADKI NA ROBOTA CZYSZCZ\u0104CEGO DO OKIEN NA MOKRO I SUCHO \u015aCIERKI 5 SZTUK - Selleetools.com","robots":{"index":"index","follow":"follow","max-snippet":"max-snippet:-1","max-image-preview":"max-image-preview:large","max-video-preview":"max-video-preview:-1"},"canonical":"https:\/\/selleetools.com\/product\/nakladki-na-robota-czyszczacego-do-okien-na-mokro-i-sucho-scierki-5-sztuk\/","og_locale":"pl_PL","og_type":"article","og_title":"NAK\u0141ADKI NA ROBOTA CZYSZCZ\u0104CEGO DO OKIEN NA MOKRO I SUCHO \u015aCIERKI 5 SZTUK - Selleetools.com","og_description":"Nawil\u017cane i suche nak\u0142adki na robota czyszcz\u0105cego to idealne rozwi\u0105zanie dla wszystkich, kt\u00f3rzy pragn\u0105 utrzyma\u0107 okna w nienagannej czysto\u015bci przy minimalnym wysi\u0142ku. W zestawie znajduj\u0105 si\u0119 5 wysokiej jako\u015bci \u015bcierek, kt\u00f3re doskonale sprawdzaj\u0105 si\u0119 w usuwaniu zar\u00f3wno lekkiego kurzu, jak i uporczywych plam oraz zaciek\u00f3w. Dzi\u0119ki innowacyjnemu projektowi nak\u0142adki s\u0105 kompatybilne z wi\u0119kszo\u015bci\u0105 robot\u00f3w czyszcz\u0105cych, ... Read moreNAK\u0141ADKI NA ROBOTA CZYSZCZ\u0104CEGO DO OKIEN NA MOKRO I SUCHO \u015aCIERKI 5 SZTUK","og_url":"https:\/\/selleetools.com\/product\/nakladki-na-robota-czyszczacego-do-okien-na-mokro-i-sucho-scierki-5-sztuk\/","og_site_name":"Selleetools.com","article_modified_time":"2025-08-08T12:04:20+00:00","og_image":[{"width":1471,"height":655,"url":"https:\/\/selleetools.com\/wp-content\/uploads\/2025\/07\/444b2429e84bdf5100acbe9ab4d35bc5.jpg","type":"image\/jpeg"}],"twitter_card":"summary_large_image","twitter_misc":{"Est. reading time":"1 minuta"},"schema":{"@context":"https:\/\/schema.org","@graph":[{"@type":"Organization","@id":"https:\/\/selleetools.com\/#organization","name":"Selleetools","url":"https:\/\/selleetools.com\/","sameAs":[],"logo":{"@type":"ImageObject","inLanguage":"pl-PL","@id":"https:\/\/selleetools.com\/#\/schema\/logo\/image\/","url":"https:\/\/selleetools.com\/wp-content\/uploads\/2021\/10\/logo-dark.png","contentUrl":"https:\/\/selleetools.com\/wp-content\/uploads\/2021\/10\/logo-dark.png","width":320,"height":76,"caption":"Selleetools"},"image":{"@id":"https:\/\/selleetools.com\/#\/schema\/logo\/image\/"}},{"@type":"WebSite","@id":"https:\/\/selleetools.com\/#website","url":"https:\/\/selleetools.com\/","name":"Selleetools.com","description":"","publisher":{"@id":"https:\/\/selleetools.com\/#organization"},"potentialAction":[{"@type":"SearchAction","target":{"@type":"EntryPoint","urlTemplate":"https:\/\/selleetools.com\/?s={search_term_string}"},"query-input":"required name=search_term_string"}],"inLanguage":"pl-PL"},{"@type":"WebPage","@id":"https:\/\/selleetools.com\/product\/nakladki-na-robota-czyszczacego-do-okien-na-mokro-i-sucho-scierki-5-sztuk\/","url":"https:\/\/selleetools.com\/product\/nakladki-na-robota-czyszczacego-do-okien-na-mokro-i-sucho-scierki-5-sztuk\/","name":"NAK\u0141ADKI NA ROBOTA CZYSZCZ\u0104CEGO DO OKIEN NA MOKRO I SUCHO \u015aCIERKI 5 SZTUK - Selleetools.com","isPartOf":{"@id":"https:\/\/selleetools.com\/#website"},"datePublished":"2025-07-06T12:27:12+00:00","dateModified":"2025-08-08T12:04:20+00:00","breadcrumb":{"@id":"https:\/\/selleetools.com\/product\/nakladki-na-robota-czyszczacego-do-okien-na-mokro-i-sucho-scierki-5-sztuk\/#breadcrumb"},"inLanguage":"pl-PL","potentialAction":[{"@type":"ReadAction","target":["https:\/\/selleetools.com\/product\/nakladki-na-robota-czyszczacego-do-okien-na-mokro-i-sucho-scierki-5-sztuk\/"]}]},{"@type":"BreadcrumbList","@id":"https:\/\/selleetools.com\/product\/nakladki-na-robota-czyszczacego-do-okien-na-mokro-i-sucho-scierki-5-sztuk\/#breadcrumb","itemListElement":[{"@type":"ListItem","position":1,"name":"Home","item":"https:\/\/selleetools.com\/pl\/"},{"@type":"ListItem","position":2,"name":"Katalog","item":"https:\/\/selleetools.com\/pl\/katalog\/"},{"@type":"ListItem","position":3,"name":"NAK\u0141ADKI NA ROBOTA CZYSZCZ\u0104CEGO DO OKIEN NA MOKRO I SUCHO \u015aCIERKI 5 SZTUK"}]}]}},"_links":{"self":[{"href":"https:\/\/admincentral.selleetools.com\/pl\/wp-json\/wp\/v2\/product\/489581"}],"collection":[{"href":"https:\/\/admincentral.selleetools.com\/pl\/wp-json\/wp\/v2\/product"}],"about":[{"href":"https:\/\/admincentral.selleetools.com\/pl\/wp-json\/wp\/v2\/types\/product"}],"replies":[{"embeddable":true,"href":"https:\/\/admincentral.selleetools.com\/pl\/wp-json\/wp\/v2\/comments?post=489581"}],"wp:featuredmedia":[{"embeddable":true,"href":"https:\/\/admincentral.selleetools.com\/pl\/wp-json\/wp\/v2\/media\/489577"}],"wp:attachment":[{"href":"https:\/\/admincentral.selleetools.com\/pl\/wp-json\/wp\/v2\/media?parent=489581"}],"curies":[{"name":"wp","href":"https:\/\/api.w.org\/{rel}","templated":true}]}}