{"id":489666,"date":"2025-07-06T14:27:53","date_gmt":"2025-07-06T12:27:53","guid":{"rendered":"https:\/\/selleetools.com\/?post_type=product&#038;p=489666"},"modified":"2025-12-02T20:18:54","modified_gmt":"2025-12-02T19:18:54","slug":"lampa-led-do-sufitowa-z-czujnikiem-ruchu-zawieszana-10-diod-1w-biala","status":"publish","type":"product","link":"https:\/\/admincentral.selleetools.com\/pl\/product\/lampa-led-do-sufitowa-z-czujnikiem-ruchu-zawieszana-10-diod-1w-biala\/","title":{"rendered":"LAMPA LED DO SUFITOWA Z CZUJNIKIEM RUCHU ZAWIESZANA 10 DIOD 1W BIA\u0141A"},"content":{"rendered":"<p>Lampa LED do sufitu z czujnikiem ruchu to nowoczesne i energooszcz\u0119dne rozwi\u0105zanie, kt\u00f3re doskonale sprawdzi si\u0119 w ka\u017cdym wn\u0119trzu. Dzi\u0119ki zastosowaniu dziesi\u0119ciu diod LED o mocy 1W, urz\u0105dzenie zapewnia jasne i r\u00f3wnomierne o\u015bwietlenie, jednocze\u015bnie minimalizuj\u0105c zu\u017cycie energii. Bia\u0142a obudowa lampy wpasuje si\u0119 w r\u00f3\u017cnorodne aran\u017cacje, dodaj\u0105c przestrzeni elegancji i stylu.<\/p>\n<p>Czujnik ruchu pozwala na automatyczne w\u0142\u0105czanie lampy w momencie, gdy wykryje ruch, co zwi\u0119ksza komfort u\u017cytkowania oraz bezpiecze\u0144stwo. Idealna do korytarzy, klatek schodowych lub pomieszcze\u0144 gospodarczych, gdzie potrzebne jest o\u015bwietlenie dzia\u0142aj\u0105ce w spos\u00f3b praktyczny i efektywny.<\/p>\n<p>Dzi\u0119ki prostemu mechanizmowi monta\u017cu lampa jest \u0142atwa w instalacji, co czyni j\u0105 \u015bwietnym wyborem dla os\u00f3b poszukuj\u0105cych funkcjonalnych rozwi\u0105za\u0144 o\u015bwietleniowych. Wykonana z wysokiej jako\u015bci materia\u0142\u00f3w, jest trwa\u0142a i odporna na uszkodzenia, co zapewnia d\u0142ugie u\u017cytkowanie. Wybierz lamp\u0119 LED z czujnikiem ruchu i ciesz si\u0119 wygod\u0105 oraz nowoczesno\u015bci\u0105 w swoim domu.<\/p>\n","protected":false},"excerpt":{"rendered":"<p>Lampa LED do sufitu z czujnikiem ruchu to nowoczesne i energooszcz\u0119dne rozwi\u0105zanie, kt\u00f3re doskonale sprawdzi si\u0119 w ka\u017cdym wn\u0119trzu. Dzi\u0119ki zastosowaniu dziesi\u0119ciu diod LED o mocy 1W, urz\u0105dzenie zapewnia jasne i r\u00f3wnomierne o\u015bwietlenie, jednocze\u015bnie minimalizuj\u0105c zu\u017cycie energii. Bia\u0142a obudowa lampy wpasuje si\u0119 w r\u00f3\u017cnorodne aran\u017cacje, dodaj\u0105c przestrzeni elegancji i stylu. Czujnik ruchu pozwala na automatyczne &#8230; <a title=\"LAMPA LED DO SUFITOWA Z CZUJNIKIEM RUCHU ZAWIESZANA 10 DIOD 1W BIA\u0141A\" class=\"read-more\" href=\"https:\/\/admincentral.selleetools.com\/pl\/product\/lampa-led-do-sufitowa-z-czujnikiem-ruchu-zawieszana-10-diod-1w-biala\/\">Read more<span class=\"screen-reader-text\">LAMPA LED DO SUFITOWA Z CZUJNIKIEM RUCHU ZAWIESZANA 10 DIOD 1W BIA\u0141A<\/span><\/a><\/p>\n","protected":false},"featured_media":489648,"comment_status":"closed","ping_status":"closed","template":"","meta":{"_links_to":"","_links_to_target":""},"yoast_head":"<!-- This site is optimized with the Yoast SEO plugin v19.4 - https:\/\/yoast.com\/wordpress\/plugins\/seo\/ -->\n<title>LAMPA LED DO SUFITOWA Z CZUJNIKIEM RUCHU ZAWIESZANA 10 DIOD 1W BIA\u0141A - Selleetools.com<\/title>\n<meta name=\"robots\" content=\"index, follow, max-snippet:-1, max-image-preview:large, max-video-preview:-1\" \/>\n<link rel=\"canonical\" href=\"https:\/\/selleetools.com\/product\/lampa-led-do-sufitowa-z-czujnikiem-ruchu-zawieszana-10-diod-1w-biala\/\" \/>\n<meta property=\"og:locale\" content=\"pl_PL\" \/>\n<meta property=\"og:type\" content=\"article\" \/>\n<meta property=\"og:title\" content=\"LAMPA LED DO SUFITOWA Z CZUJNIKIEM RUCHU ZAWIESZANA 10 DIOD 1W BIA\u0141A - Selleetools.com\" \/>\n<meta property=\"og:description\" content=\"Lampa LED do sufitu z czujnikiem ruchu to nowoczesne i energooszcz\u0119dne rozwi\u0105zanie, kt\u00f3re doskonale sprawdzi si\u0119 w ka\u017cdym wn\u0119trzu. Dzi\u0119ki zastosowaniu dziesi\u0119ciu diod LED o mocy 1W, urz\u0105dzenie zapewnia jasne i r\u00f3wnomierne o\u015bwietlenie, jednocze\u015bnie minimalizuj\u0105c zu\u017cycie energii. Bia\u0142a obudowa lampy wpasuje si\u0119 w r\u00f3\u017cnorodne aran\u017cacje, dodaj\u0105c przestrzeni elegancji i stylu. Czujnik ruchu pozwala na automatyczne ... Read moreLAMPA LED DO SUFITOWA Z CZUJNIKIEM RUCHU ZAWIESZANA 10 DIOD 1W BIA\u0141A\" \/>\n<meta property=\"og:url\" content=\"https:\/\/selleetools.com\/product\/lampa-led-do-sufitowa-z-czujnikiem-ruchu-zawieszana-10-diod-1w-biala\/\" \/>\n<meta property=\"og:site_name\" content=\"Selleetools.com\" \/>\n<meta property=\"article:modified_time\" content=\"2025-12-02T19:18:54+00:00\" \/>\n<meta property=\"og:image\" content=\"https:\/\/selleetools.com\/wp-content\/uploads\/2025\/07\/ee4fcb46a0c34c9b22571b66afb7d50e.jpg\" \/>\n\t<meta property=\"og:image:width\" content=\"952\" \/>\n\t<meta property=\"og:image:height\" content=\"862\" \/>\n\t<meta property=\"og:image:type\" content=\"image\/jpeg\" \/>\n<meta name=\"twitter:card\" content=\"summary_large_image\" \/>\n<meta name=\"twitter:label1\" content=\"Est. reading time\" \/>\n\t<meta name=\"twitter:data1\" content=\"1 minuta\" \/>\n<!-- \/ Yoast SEO plugin. -->","yoast_head_json":{"title":"LAMPA LED DO SUFITOWA Z CZUJNIKIEM RUCHU ZAWIESZANA 10 DIOD 1W BIA\u0141A - Selleetools.com","robots":{"index":"index","follow":"follow","max-snippet":"max-snippet:-1","max-image-preview":"max-image-preview:large","max-video-preview":"max-video-preview:-1"},"canonical":"https:\/\/selleetools.com\/product\/lampa-led-do-sufitowa-z-czujnikiem-ruchu-zawieszana-10-diod-1w-biala\/","og_locale":"pl_PL","og_type":"article","og_title":"LAMPA LED DO SUFITOWA Z CZUJNIKIEM RUCHU ZAWIESZANA 10 DIOD 1W BIA\u0141A - Selleetools.com","og_description":"Lampa LED do sufitu z czujnikiem ruchu to nowoczesne i energooszcz\u0119dne rozwi\u0105zanie, kt\u00f3re doskonale sprawdzi si\u0119 w ka\u017cdym wn\u0119trzu. Dzi\u0119ki zastosowaniu dziesi\u0119ciu diod LED o mocy 1W, urz\u0105dzenie zapewnia jasne i r\u00f3wnomierne o\u015bwietlenie, jednocze\u015bnie minimalizuj\u0105c zu\u017cycie energii. Bia\u0142a obudowa lampy wpasuje si\u0119 w r\u00f3\u017cnorodne aran\u017cacje, dodaj\u0105c przestrzeni elegancji i stylu. Czujnik ruchu pozwala na automatyczne ... Read moreLAMPA LED DO SUFITOWA Z CZUJNIKIEM RUCHU ZAWIESZANA 10 DIOD 1W BIA\u0141A","og_url":"https:\/\/selleetools.com\/product\/lampa-led-do-sufitowa-z-czujnikiem-ruchu-zawieszana-10-diod-1w-biala\/","og_site_name":"Selleetools.com","article_modified_time":"2025-12-02T19:18:54+00:00","og_image":[{"width":952,"height":862,"url":"https:\/\/selleetools.com\/wp-content\/uploads\/2025\/07\/ee4fcb46a0c34c9b22571b66afb7d50e.jpg","type":"image\/jpeg"}],"twitter_card":"summary_large_image","twitter_misc":{"Est. reading time":"1 minuta"},"schema":{"@context":"https:\/\/schema.org","@graph":[{"@type":"Organization","@id":"https:\/\/selleetools.com\/#organization","name":"Selleetools","url":"https:\/\/selleetools.com\/","sameAs":[],"logo":{"@type":"ImageObject","inLanguage":"pl-PL","@id":"https:\/\/selleetools.com\/#\/schema\/logo\/image\/","url":"https:\/\/selleetools.com\/wp-content\/uploads\/2021\/10\/logo-dark.png","contentUrl":"https:\/\/selleetools.com\/wp-content\/uploads\/2021\/10\/logo-dark.png","width":320,"height":76,"caption":"Selleetools"},"image":{"@id":"https:\/\/selleetools.com\/#\/schema\/logo\/image\/"}},{"@type":"WebSite","@id":"https:\/\/selleetools.com\/#website","url":"https:\/\/selleetools.com\/","name":"Selleetools.com","description":"","publisher":{"@id":"https:\/\/selleetools.com\/#organization"},"potentialAction":[{"@type":"SearchAction","target":{"@type":"EntryPoint","urlTemplate":"https:\/\/selleetools.com\/?s={search_term_string}"},"query-input":"required name=search_term_string"}],"inLanguage":"pl-PL"},{"@type":"WebPage","@id":"https:\/\/selleetools.com\/product\/lampa-led-do-sufitowa-z-czujnikiem-ruchu-zawieszana-10-diod-1w-biala\/","url":"https:\/\/selleetools.com\/product\/lampa-led-do-sufitowa-z-czujnikiem-ruchu-zawieszana-10-diod-1w-biala\/","name":"LAMPA LED DO SUFITOWA Z CZUJNIKIEM RUCHU ZAWIESZANA 10 DIOD 1W BIA\u0141A - Selleetools.com","isPartOf":{"@id":"https:\/\/selleetools.com\/#website"},"datePublished":"2025-07-06T12:27:53+00:00","dateModified":"2025-12-02T19:18:54+00:00","breadcrumb":{"@id":"https:\/\/selleetools.com\/product\/lampa-led-do-sufitowa-z-czujnikiem-ruchu-zawieszana-10-diod-1w-biala\/#breadcrumb"},"inLanguage":"pl-PL","potentialAction":[{"@type":"ReadAction","target":["https:\/\/selleetools.com\/product\/lampa-led-do-sufitowa-z-czujnikiem-ruchu-zawieszana-10-diod-1w-biala\/"]}]},{"@type":"BreadcrumbList","@id":"https:\/\/selleetools.com\/product\/lampa-led-do-sufitowa-z-czujnikiem-ruchu-zawieszana-10-diod-1w-biala\/#breadcrumb","itemListElement":[{"@type":"ListItem","position":1,"name":"Home","item":"https:\/\/selleetools.com\/pl\/"},{"@type":"ListItem","position":2,"name":"Katalog","item":"https:\/\/selleetools.com\/pl\/katalog\/"},{"@type":"ListItem","position":3,"name":"LAMPA LED DO SUFITOWA Z CZUJNIKIEM RUCHU ZAWIESZANA 10 DIOD 1W BIA\u0141A"}]}]}},"_links":{"self":[{"href":"https:\/\/admincentral.selleetools.com\/pl\/wp-json\/wp\/v2\/product\/489666"}],"collection":[{"href":"https:\/\/admincentral.selleetools.com\/pl\/wp-json\/wp\/v2\/product"}],"about":[{"href":"https:\/\/admincentral.selleetools.com\/pl\/wp-json\/wp\/v2\/types\/product"}],"replies":[{"embeddable":true,"href":"https:\/\/admincentral.selleetools.com\/pl\/wp-json\/wp\/v2\/comments?post=489666"}],"wp:featuredmedia":[{"embeddable":true,"href":"https:\/\/admincentral.selleetools.com\/pl\/wp-json\/wp\/v2\/media\/489648"}],"wp:attachment":[{"href":"https:\/\/admincentral.selleetools.com\/pl\/wp-json\/wp\/v2\/media?parent=489666"}],"curies":[{"name":"wp","href":"https:\/\/api.w.org\/{rel}","templated":true}]}}