{"id":489677,"date":"2025-07-06T14:27:59","date_gmt":"2025-07-06T12:27:59","guid":{"rendered":"https:\/\/selleetools.com\/?post_type=product&#038;p=489677"},"modified":"2025-12-02T20:18:54","modified_gmt":"2025-12-02T19:18:54","slug":"riser-splitter-adapter-1x4-gpu-ver006s-czarny","status":"publish","type":"product","link":"https:\/\/admincentral.selleetools.com\/pl\/product\/riser-splitter-adapter-1x4-gpu-ver006s-czarny\/","title":{"rendered":"RISER SPLITTER ADAPTER 1X4 GPU VER006S CZARNY"},"content":{"rendered":"<p>Przedstawiamy Riser Splitter Adapter 1&#215;4 GPU VER006S w kolorze czarnym, idealne rozwi\u0105zanie dla entuzjast\u00f3w komputerowych oraz profesjonalnych miner\u00f3w kryptowalut. Ten wysokiej jako\u015bci adapter umo\u017cliwia pod\u0142\u0105czenie czterech kart graficznych do jednego z\u0142\u0105cza PCIe, co znacznie zwi\u0119ksza mo\u017cliwo\u015bci Twojego systemu.<\/p>\n<p>Adapter cechuje si\u0119 solidn\u0105 konstrukcj\u0105 oraz zgodno\u015bci\u0105 z najnowszymi standardami, co zapewnia stabilne i efektywne dzia\u0142anie. \u0141atwy w instalacji, pozwala na szybkie i bezproblemowe rozszerzenie pami\u0119ci graficznej, co czyni go nieocenionym narz\u0119dziem w budowie zestaw\u00f3w do wydobywania kryptowalut oraz gamingowych.<\/p>\n<p>Zastosowane w nim komponenty gwarantuj\u0105 wysok\u0105 wydajno\u015b\u0107 oraz niezawodno\u015b\u0107, a kompaktowy design sprawia, \u017ce zajmuje minimaln\u0105 przestrze\u0144 w obudowie komputera. Wybierz Riser Splitter Adapter 1&#215;4 GPU VER006S i do\u015bwiadc\u017a pot\u0119gi wielokrotnego pod\u0142\u0105czenia kart graficznych w swoim zestawie komputerowym.<\/p>\n","protected":false},"excerpt":{"rendered":"<p>Przedstawiamy Riser Splitter Adapter 1&#215;4 GPU VER006S w kolorze czarnym, idealne rozwi\u0105zanie dla entuzjast\u00f3w komputerowych oraz profesjonalnych miner\u00f3w kryptowalut. Ten wysokiej jako\u015bci adapter umo\u017cliwia pod\u0142\u0105czenie czterech kart graficznych do jednego z\u0142\u0105cza PCIe, co znacznie zwi\u0119ksza mo\u017cliwo\u015bci Twojego systemu. Adapter cechuje si\u0119 solidn\u0105 konstrukcj\u0105 oraz zgodno\u015bci\u0105 z najnowszymi standardami, co zapewnia stabilne i efektywne dzia\u0142anie. \u0141atwy &#8230; <a title=\"RISER SPLITTER ADAPTER 1X4 GPU VER006S CZARNY\" class=\"read-more\" href=\"https:\/\/admincentral.selleetools.com\/pl\/product\/riser-splitter-adapter-1x4-gpu-ver006s-czarny\/\">Read more<span class=\"screen-reader-text\">RISER SPLITTER ADAPTER 1X4 GPU VER006S CZARNY<\/span><\/a><\/p>\n","protected":false},"featured_media":489667,"comment_status":"closed","ping_status":"closed","template":"","meta":{"_links_to":"","_links_to_target":""},"yoast_head":"<!-- This site is optimized with the Yoast SEO plugin v19.4 - https:\/\/yoast.com\/wordpress\/plugins\/seo\/ -->\n<title>RISER SPLITTER ADAPTER 1X4 GPU VER006S CZARNY - Selleetools.com<\/title>\n<meta name=\"robots\" content=\"index, follow, max-snippet:-1, max-image-preview:large, max-video-preview:-1\" \/>\n<link rel=\"canonical\" href=\"https:\/\/selleetools.com\/product\/riser-splitter-adapter-1x4-gpu-ver006s-czarny\/\" \/>\n<meta property=\"og:locale\" content=\"pl_PL\" \/>\n<meta property=\"og:type\" content=\"article\" \/>\n<meta property=\"og:title\" content=\"RISER SPLITTER ADAPTER 1X4 GPU VER006S CZARNY - Selleetools.com\" \/>\n<meta property=\"og:description\" content=\"Przedstawiamy Riser Splitter Adapter 1&#215;4 GPU VER006S w kolorze czarnym, idealne rozwi\u0105zanie dla entuzjast\u00f3w komputerowych oraz profesjonalnych miner\u00f3w kryptowalut. Ten wysokiej jako\u015bci adapter umo\u017cliwia pod\u0142\u0105czenie czterech kart graficznych do jednego z\u0142\u0105cza PCIe, co znacznie zwi\u0119ksza mo\u017cliwo\u015bci Twojego systemu. Adapter cechuje si\u0119 solidn\u0105 konstrukcj\u0105 oraz zgodno\u015bci\u0105 z najnowszymi standardami, co zapewnia stabilne i efektywne dzia\u0142anie. \u0141atwy ... Read moreRISER SPLITTER ADAPTER 1X4 GPU VER006S CZARNY\" \/>\n<meta property=\"og:url\" content=\"https:\/\/selleetools.com\/product\/riser-splitter-adapter-1x4-gpu-ver006s-czarny\/\" \/>\n<meta property=\"og:site_name\" content=\"Selleetools.com\" \/>\n<meta property=\"article:modified_time\" content=\"2025-12-02T19:18:54+00:00\" \/>\n<meta property=\"og:image\" content=\"https:\/\/selleetools.com\/wp-content\/uploads\/2025\/07\/ebcb9b083f809e4deeea8fcaa6b6dfc3.jpg\" \/>\n\t<meta property=\"og:image:width\" content=\"1080\" \/>\n\t<meta property=\"og:image:height\" content=\"1500\" \/>\n\t<meta property=\"og:image:type\" content=\"image\/jpeg\" \/>\n<meta name=\"twitter:card\" content=\"summary_large_image\" \/>\n<meta name=\"twitter:label1\" content=\"Est. reading time\" \/>\n\t<meta name=\"twitter:data1\" content=\"1 minuta\" \/>\n<!-- \/ Yoast SEO plugin. -->","yoast_head_json":{"title":"RISER SPLITTER ADAPTER 1X4 GPU VER006S CZARNY - Selleetools.com","robots":{"index":"index","follow":"follow","max-snippet":"max-snippet:-1","max-image-preview":"max-image-preview:large","max-video-preview":"max-video-preview:-1"},"canonical":"https:\/\/selleetools.com\/product\/riser-splitter-adapter-1x4-gpu-ver006s-czarny\/","og_locale":"pl_PL","og_type":"article","og_title":"RISER SPLITTER ADAPTER 1X4 GPU VER006S CZARNY - Selleetools.com","og_description":"Przedstawiamy Riser Splitter Adapter 1&#215;4 GPU VER006S w kolorze czarnym, idealne rozwi\u0105zanie dla entuzjast\u00f3w komputerowych oraz profesjonalnych miner\u00f3w kryptowalut. Ten wysokiej jako\u015bci adapter umo\u017cliwia pod\u0142\u0105czenie czterech kart graficznych do jednego z\u0142\u0105cza PCIe, co znacznie zwi\u0119ksza mo\u017cliwo\u015bci Twojego systemu. Adapter cechuje si\u0119 solidn\u0105 konstrukcj\u0105 oraz zgodno\u015bci\u0105 z najnowszymi standardami, co zapewnia stabilne i efektywne dzia\u0142anie. \u0141atwy ... Read moreRISER SPLITTER ADAPTER 1X4 GPU VER006S CZARNY","og_url":"https:\/\/selleetools.com\/product\/riser-splitter-adapter-1x4-gpu-ver006s-czarny\/","og_site_name":"Selleetools.com","article_modified_time":"2025-12-02T19:18:54+00:00","og_image":[{"width":1080,"height":1500,"url":"https:\/\/selleetools.com\/wp-content\/uploads\/2025\/07\/ebcb9b083f809e4deeea8fcaa6b6dfc3.jpg","type":"image\/jpeg"}],"twitter_card":"summary_large_image","twitter_misc":{"Est. reading time":"1 minuta"},"schema":{"@context":"https:\/\/schema.org","@graph":[{"@type":"Organization","@id":"https:\/\/selleetools.com\/#organization","name":"Selleetools","url":"https:\/\/selleetools.com\/","sameAs":[],"logo":{"@type":"ImageObject","inLanguage":"pl-PL","@id":"https:\/\/selleetools.com\/#\/schema\/logo\/image\/","url":"https:\/\/selleetools.com\/wp-content\/uploads\/2021\/10\/logo-dark.png","contentUrl":"https:\/\/selleetools.com\/wp-content\/uploads\/2021\/10\/logo-dark.png","width":320,"height":76,"caption":"Selleetools"},"image":{"@id":"https:\/\/selleetools.com\/#\/schema\/logo\/image\/"}},{"@type":"WebSite","@id":"https:\/\/selleetools.com\/#website","url":"https:\/\/selleetools.com\/","name":"Selleetools.com","description":"","publisher":{"@id":"https:\/\/selleetools.com\/#organization"},"potentialAction":[{"@type":"SearchAction","target":{"@type":"EntryPoint","urlTemplate":"https:\/\/selleetools.com\/?s={search_term_string}"},"query-input":"required name=search_term_string"}],"inLanguage":"pl-PL"},{"@type":"WebPage","@id":"https:\/\/selleetools.com\/product\/riser-splitter-adapter-1x4-gpu-ver006s-czarny\/","url":"https:\/\/selleetools.com\/product\/riser-splitter-adapter-1x4-gpu-ver006s-czarny\/","name":"RISER SPLITTER ADAPTER 1X4 GPU VER006S CZARNY - Selleetools.com","isPartOf":{"@id":"https:\/\/selleetools.com\/#website"},"datePublished":"2025-07-06T12:27:59+00:00","dateModified":"2025-12-02T19:18:54+00:00","breadcrumb":{"@id":"https:\/\/selleetools.com\/product\/riser-splitter-adapter-1x4-gpu-ver006s-czarny\/#breadcrumb"},"inLanguage":"pl-PL","potentialAction":[{"@type":"ReadAction","target":["https:\/\/selleetools.com\/product\/riser-splitter-adapter-1x4-gpu-ver006s-czarny\/"]}]},{"@type":"BreadcrumbList","@id":"https:\/\/selleetools.com\/product\/riser-splitter-adapter-1x4-gpu-ver006s-czarny\/#breadcrumb","itemListElement":[{"@type":"ListItem","position":1,"name":"Home","item":"https:\/\/selleetools.com\/pl\/"},{"@type":"ListItem","position":2,"name":"Katalog","item":"https:\/\/selleetools.com\/pl\/katalog\/"},{"@type":"ListItem","position":3,"name":"RISER SPLITTER ADAPTER 1X4 GPU VER006S CZARNY"}]}]}},"_links":{"self":[{"href":"https:\/\/admincentral.selleetools.com\/pl\/wp-json\/wp\/v2\/product\/489677"}],"collection":[{"href":"https:\/\/admincentral.selleetools.com\/pl\/wp-json\/wp\/v2\/product"}],"about":[{"href":"https:\/\/admincentral.selleetools.com\/pl\/wp-json\/wp\/v2\/types\/product"}],"replies":[{"embeddable":true,"href":"https:\/\/admincentral.selleetools.com\/pl\/wp-json\/wp\/v2\/comments?post=489677"}],"wp:featuredmedia":[{"embeddable":true,"href":"https:\/\/admincentral.selleetools.com\/pl\/wp-json\/wp\/v2\/media\/489667"}],"wp:attachment":[{"href":"https:\/\/admincentral.selleetools.com\/pl\/wp-json\/wp\/v2\/media?parent=489677"}],"curies":[{"name":"wp","href":"https:\/\/api.w.org\/{rel}","templated":true}]}}