{"id":489718,"date":"2025-07-06T14:28:32","date_gmt":"2025-07-06T12:28:32","guid":{"rendered":"https:\/\/selleetools.com\/?post_type=product&#038;p=489718"},"modified":"2025-08-08T14:04:19","modified_gmt":"2025-08-08T12:04:19","slug":"okragly-nawilzacz-powietrza-z-dyfuzorem-jasne-drewno-do-sypialni-grzybek","status":"publish","type":"product","link":"https:\/\/admincentral.selleetools.com\/pl\/product\/okragly-nawilzacz-powietrza-z-dyfuzorem-jasne-drewno-do-sypialni-grzybek\/","title":{"rendered":"OKR\u0104G\u0141Y NAWIL\u017bACZ POWIETRZA Z DYFUZOREM JASNE DREWNO DO SYPIALNI GRZYBEK"},"content":{"rendered":"<p>Odkryj wyj\u0105tkowy, okr\u0105g\u0142y nawil\u017cacz powietrza z dyfuzorem, zaprojektowany z my\u015bl\u0105 o komfortowym u\u017cytkowaniu w sypialni. Wykonany z jasnego drewna, harmonijnie wpasuje si\u0119 w ka\u017cde wn\u0119trze, dodaj\u0105c mu naturalnego charakteru. Jego minimalistyczny design w kszta\u0142cie grzybka sprawia, \u017ce jest nie tylko funkcjonalnym urz\u0105dzeniem, ale r\u00f3wnie\u017c eleganck\u0105 dekoracj\u0105.<\/p>\n<p>Nawil\u017cacz skutecznie nawil\u017ca powietrze, co przyczynia si\u0119 do poprawy jako\u015bci snu, redukcji alergii i podra\u017cnie\u0144 dr\u00f3g oddechowych. Dzi\u0119ki wbudowanemu dyfuzorowi mo\u017cesz wzbogaci\u0107 powietrze o ulubione olejki eteryczne, tworz\u0105c w swoim domu wyj\u0105tkow\u0105 atmosfer\u0119 relaksu i ukojenia.<\/p>\n<p>Urz\u0105dzenie jest proste w obs\u0142udze i zapewnia cich\u0105 prac\u0119, co czyni je idealnym wyborem do sypialni. Perfekcyjnie sprawdzi si\u0119 tak\u017ce w innych pomieszczeniach, wp\u0142ywaj\u0105c na popraw\u0119 jako\u015bci powietrza w ca\u0142ym domu. Zainwestuj w swoje zdrowie oraz komfort szczeg\u00f3\u0142owego u\u017cytkowania z okr\u0105g\u0142ym nawil\u017caczem powietrza z dyfuzorem.<\/p>\n","protected":false},"excerpt":{"rendered":"<p>Odkryj wyj\u0105tkowy, okr\u0105g\u0142y nawil\u017cacz powietrza z dyfuzorem, zaprojektowany z my\u015bl\u0105 o komfortowym u\u017cytkowaniu w sypialni. Wykonany z jasnego drewna, harmonijnie wpasuje si\u0119 w ka\u017cde wn\u0119trze, dodaj\u0105c mu naturalnego charakteru. Jego minimalistyczny design w kszta\u0142cie grzybka sprawia, \u017ce jest nie tylko funkcjonalnym urz\u0105dzeniem, ale r\u00f3wnie\u017c eleganck\u0105 dekoracj\u0105. Nawil\u017cacz skutecznie nawil\u017ca powietrze, co przyczynia si\u0119 do poprawy &#8230; <a title=\"OKR\u0104G\u0141Y NAWIL\u017bACZ POWIETRZA Z DYFUZOREM JASNE DREWNO DO SYPIALNI GRZYBEK\" class=\"read-more\" href=\"https:\/\/admincentral.selleetools.com\/pl\/product\/okragly-nawilzacz-powietrza-z-dyfuzorem-jasne-drewno-do-sypialni-grzybek\/\">Read more<span class=\"screen-reader-text\">OKR\u0104G\u0141Y NAWIL\u017bACZ POWIETRZA Z DYFUZOREM JASNE DREWNO DO SYPIALNI GRZYBEK<\/span><\/a><\/p>\n","protected":false},"featured_media":489712,"comment_status":"closed","ping_status":"closed","template":"","meta":{"_links_to":"","_links_to_target":""},"yoast_head":"<!-- This site is optimized with the Yoast SEO plugin v19.4 - https:\/\/yoast.com\/wordpress\/plugins\/seo\/ -->\n<title>OKR\u0104G\u0141Y NAWIL\u017bACZ POWIETRZA Z DYFUZOREM JASNE DREWNO DO SYPIALNI GRZYBEK - Selleetools.com<\/title>\n<meta name=\"robots\" content=\"index, follow, max-snippet:-1, max-image-preview:large, max-video-preview:-1\" \/>\n<link rel=\"canonical\" href=\"https:\/\/selleetools.com\/product\/okragly-nawilzacz-powietrza-z-dyfuzorem-jasne-drewno-do-sypialni-grzybek\/\" \/>\n<meta property=\"og:locale\" content=\"pl_PL\" \/>\n<meta property=\"og:type\" content=\"article\" \/>\n<meta property=\"og:title\" content=\"OKR\u0104G\u0141Y NAWIL\u017bACZ POWIETRZA Z DYFUZOREM JASNE DREWNO DO SYPIALNI GRZYBEK - Selleetools.com\" \/>\n<meta property=\"og:description\" content=\"Odkryj wyj\u0105tkowy, okr\u0105g\u0142y nawil\u017cacz powietrza z dyfuzorem, zaprojektowany z my\u015bl\u0105 o komfortowym u\u017cytkowaniu w sypialni. Wykonany z jasnego drewna, harmonijnie wpasuje si\u0119 w ka\u017cde wn\u0119trze, dodaj\u0105c mu naturalnego charakteru. Jego minimalistyczny design w kszta\u0142cie grzybka sprawia, \u017ce jest nie tylko funkcjonalnym urz\u0105dzeniem, ale r\u00f3wnie\u017c eleganck\u0105 dekoracj\u0105. Nawil\u017cacz skutecznie nawil\u017ca powietrze, co przyczynia si\u0119 do poprawy ... Read moreOKR\u0104G\u0141Y NAWIL\u017bACZ POWIETRZA Z DYFUZOREM JASNE DREWNO DO SYPIALNI GRZYBEK\" \/>\n<meta property=\"og:url\" content=\"https:\/\/selleetools.com\/product\/okragly-nawilzacz-powietrza-z-dyfuzorem-jasne-drewno-do-sypialni-grzybek\/\" \/>\n<meta property=\"og:site_name\" content=\"Selleetools.com\" \/>\n<meta property=\"article:modified_time\" content=\"2025-08-08T12:04:19+00:00\" \/>\n<meta property=\"og:image\" content=\"https:\/\/selleetools.com\/wp-content\/uploads\/2025\/07\/490ffc6e59f7211af6b9f94efcef6292.jpg\" \/>\n\t<meta property=\"og:image:width\" content=\"2560\" \/>\n\t<meta property=\"og:image:height\" content=\"2560\" \/>\n\t<meta property=\"og:image:type\" content=\"image\/jpeg\" \/>\n<meta name=\"twitter:card\" content=\"summary_large_image\" \/>\n<meta name=\"twitter:label1\" content=\"Est. reading time\" \/>\n\t<meta name=\"twitter:data1\" content=\"1 minuta\" \/>\n<!-- \/ Yoast SEO plugin. -->","yoast_head_json":{"title":"OKR\u0104G\u0141Y NAWIL\u017bACZ POWIETRZA Z DYFUZOREM JASNE DREWNO DO SYPIALNI GRZYBEK - Selleetools.com","robots":{"index":"index","follow":"follow","max-snippet":"max-snippet:-1","max-image-preview":"max-image-preview:large","max-video-preview":"max-video-preview:-1"},"canonical":"https:\/\/selleetools.com\/product\/okragly-nawilzacz-powietrza-z-dyfuzorem-jasne-drewno-do-sypialni-grzybek\/","og_locale":"pl_PL","og_type":"article","og_title":"OKR\u0104G\u0141Y NAWIL\u017bACZ POWIETRZA Z DYFUZOREM JASNE DREWNO DO SYPIALNI GRZYBEK - Selleetools.com","og_description":"Odkryj wyj\u0105tkowy, okr\u0105g\u0142y nawil\u017cacz powietrza z dyfuzorem, zaprojektowany z my\u015bl\u0105 o komfortowym u\u017cytkowaniu w sypialni. Wykonany z jasnego drewna, harmonijnie wpasuje si\u0119 w ka\u017cde wn\u0119trze, dodaj\u0105c mu naturalnego charakteru. Jego minimalistyczny design w kszta\u0142cie grzybka sprawia, \u017ce jest nie tylko funkcjonalnym urz\u0105dzeniem, ale r\u00f3wnie\u017c eleganck\u0105 dekoracj\u0105. Nawil\u017cacz skutecznie nawil\u017ca powietrze, co przyczynia si\u0119 do poprawy ... Read moreOKR\u0104G\u0141Y NAWIL\u017bACZ POWIETRZA Z DYFUZOREM JASNE DREWNO DO SYPIALNI GRZYBEK","og_url":"https:\/\/selleetools.com\/product\/okragly-nawilzacz-powietrza-z-dyfuzorem-jasne-drewno-do-sypialni-grzybek\/","og_site_name":"Selleetools.com","article_modified_time":"2025-08-08T12:04:19+00:00","og_image":[{"width":2560,"height":2560,"url":"https:\/\/selleetools.com\/wp-content\/uploads\/2025\/07\/490ffc6e59f7211af6b9f94efcef6292.jpg","type":"image\/jpeg"}],"twitter_card":"summary_large_image","twitter_misc":{"Est. reading time":"1 minuta"},"schema":{"@context":"https:\/\/schema.org","@graph":[{"@type":"Organization","@id":"https:\/\/selleetools.com\/#organization","name":"Selleetools","url":"https:\/\/selleetools.com\/","sameAs":[],"logo":{"@type":"ImageObject","inLanguage":"pl-PL","@id":"https:\/\/selleetools.com\/#\/schema\/logo\/image\/","url":"https:\/\/selleetools.com\/wp-content\/uploads\/2021\/10\/logo-dark.png","contentUrl":"https:\/\/selleetools.com\/wp-content\/uploads\/2021\/10\/logo-dark.png","width":320,"height":76,"caption":"Selleetools"},"image":{"@id":"https:\/\/selleetools.com\/#\/schema\/logo\/image\/"}},{"@type":"WebSite","@id":"https:\/\/selleetools.com\/#website","url":"https:\/\/selleetools.com\/","name":"Selleetools.com","description":"","publisher":{"@id":"https:\/\/selleetools.com\/#organization"},"potentialAction":[{"@type":"SearchAction","target":{"@type":"EntryPoint","urlTemplate":"https:\/\/selleetools.com\/?s={search_term_string}"},"query-input":"required name=search_term_string"}],"inLanguage":"pl-PL"},{"@type":"WebPage","@id":"https:\/\/selleetools.com\/product\/okragly-nawilzacz-powietrza-z-dyfuzorem-jasne-drewno-do-sypialni-grzybek\/","url":"https:\/\/selleetools.com\/product\/okragly-nawilzacz-powietrza-z-dyfuzorem-jasne-drewno-do-sypialni-grzybek\/","name":"OKR\u0104G\u0141Y NAWIL\u017bACZ POWIETRZA Z DYFUZOREM JASNE DREWNO DO SYPIALNI GRZYBEK - Selleetools.com","isPartOf":{"@id":"https:\/\/selleetools.com\/#website"},"datePublished":"2025-07-06T12:28:32+00:00","dateModified":"2025-08-08T12:04:19+00:00","breadcrumb":{"@id":"https:\/\/selleetools.com\/product\/okragly-nawilzacz-powietrza-z-dyfuzorem-jasne-drewno-do-sypialni-grzybek\/#breadcrumb"},"inLanguage":"pl-PL","potentialAction":[{"@type":"ReadAction","target":["https:\/\/selleetools.com\/product\/okragly-nawilzacz-powietrza-z-dyfuzorem-jasne-drewno-do-sypialni-grzybek\/"]}]},{"@type":"BreadcrumbList","@id":"https:\/\/selleetools.com\/product\/okragly-nawilzacz-powietrza-z-dyfuzorem-jasne-drewno-do-sypialni-grzybek\/#breadcrumb","itemListElement":[{"@type":"ListItem","position":1,"name":"Home","item":"https:\/\/selleetools.com\/pl\/"},{"@type":"ListItem","position":2,"name":"Katalog","item":"https:\/\/selleetools.com\/pl\/katalog\/"},{"@type":"ListItem","position":3,"name":"OKR\u0104G\u0141Y NAWIL\u017bACZ POWIETRZA Z DYFUZOREM JASNE DREWNO DO SYPIALNI GRZYBEK"}]}]}},"_links":{"self":[{"href":"https:\/\/admincentral.selleetools.com\/pl\/wp-json\/wp\/v2\/product\/489718"}],"collection":[{"href":"https:\/\/admincentral.selleetools.com\/pl\/wp-json\/wp\/v2\/product"}],"about":[{"href":"https:\/\/admincentral.selleetools.com\/pl\/wp-json\/wp\/v2\/types\/product"}],"replies":[{"embeddable":true,"href":"https:\/\/admincentral.selleetools.com\/pl\/wp-json\/wp\/v2\/comments?post=489718"}],"wp:featuredmedia":[{"embeddable":true,"href":"https:\/\/admincentral.selleetools.com\/pl\/wp-json\/wp\/v2\/media\/489712"}],"wp:attachment":[{"href":"https:\/\/admincentral.selleetools.com\/pl\/wp-json\/wp\/v2\/media?parent=489718"}],"curies":[{"name":"wp","href":"https:\/\/api.w.org\/{rel}","templated":true}]}}