{"id":489766,"date":"2025-07-06T14:29:10","date_gmt":"2025-07-06T12:29:10","guid":{"rendered":"https:\/\/selleetools.com\/?post_type=product&#038;p=489766"},"modified":"2025-08-08T14:04:19","modified_gmt":"2025-08-08T12:04:19","slug":"zegar-drewniany-z-podstawka","status":"publish","type":"product","link":"https:\/\/admincentral.selleetools.com\/pl\/product\/zegar-drewniany-z-podstawka\/","title":{"rendered":"Zegar drewniany z podstawk\u0105"},"content":{"rendered":"<p>Zegar drewniany z podstawk\u0105 to elegancki i funkcjonalny element wystroju, kt\u00f3ry doskonale wpasuje si\u0119 w ka\u017cde wn\u0119trze. Wykonany z wysokiej jako\u015bci drewna, zapewnia nie tylko estetyk\u0119, ale i trwa\u0142o\u015b\u0107 na d\u0142ugie lata. Jego minimalistyczny design sprawia, \u017ce idealnie komponuje si\u0119 zar\u00f3wno w nowoczesnych, jak i tradycyjnych aran\u017cacjach.<\/p>\n<p>Zegar wyposa\u017cony jest w precyzyjny mechanizm, co gwarantuje dok\u0142adno\u015b\u0107 pomiaru czasu. Podstawka stanowi stabilne i praktyczne wsparcie, pozwalaj\u0105c na swobodne umiejscowienie zegara w r\u00f3\u017cnych miejscach, takich jak biuro, salon czy sypialnia.<\/p>\n<p>Dzi\u0119ki mo\u017cliwo\u015bci personalizacji, zegar staje si\u0119 doskona\u0142ym pomys\u0142em na prezent dla bliskich lub jako elegancki element dekoracyjny w Twoim w\u0142asnym domu. Wybieraj\u0105c nasz zegar, inwestujesz w produkt \u0142\u0105cz\u0105cy w sobie funkcjonalno\u015b\u0107 i niepowtarzalny styl, kt\u00f3ry zawsze b\u0119dzie przyci\u0105ga\u0142 wzrok.<\/p>\n<p>TO JEST WYR\u00d3B WYRABIANY W WI\u0118KSZO\u015aCI R\u0118CZNIE Z MA\u0141\u0104 ILO\u015aCI\u0104 U\u017bYCIA MASZYNY.<\/p>\n","protected":false},"excerpt":{"rendered":"<p>Zegar drewniany z podstawk\u0105 to elegancki i funkcjonalny element wystroju, kt\u00f3ry doskonale wpasuje si\u0119 w ka\u017cde wn\u0119trze. Wykonany z wysokiej jako\u015bci drewna, zapewnia nie tylko estetyk\u0119, ale i trwa\u0142o\u015b\u0107 na d\u0142ugie lata. Jego minimalistyczny design sprawia, \u017ce idealnie komponuje si\u0119 zar\u00f3wno w nowoczesnych, jak i tradycyjnych aran\u017cacjach. Zegar wyposa\u017cony jest w precyzyjny mechanizm, co gwarantuje &#8230; <a title=\"Zegar drewniany z podstawk\u0105\" class=\"read-more\" href=\"https:\/\/admincentral.selleetools.com\/pl\/product\/zegar-drewniany-z-podstawka\/\">Read more<span class=\"screen-reader-text\">Zegar drewniany z podstawk\u0105<\/span><\/a><\/p>\n","protected":false},"featured_media":489758,"comment_status":"closed","ping_status":"closed","template":"","meta":{"_links_to":"","_links_to_target":""},"yoast_head":"<!-- This site is optimized with the Yoast SEO plugin v19.4 - https:\/\/yoast.com\/wordpress\/plugins\/seo\/ -->\n<title>Zegar drewniany z podstawk\u0105 - Selleetools.com<\/title>\n<meta name=\"robots\" content=\"index, follow, max-snippet:-1, max-image-preview:large, max-video-preview:-1\" \/>\n<link rel=\"canonical\" href=\"https:\/\/admincentral.selleetools.com\/pl\/product\/zegar-drewniany-z-podstawka\/\" \/>\n<meta property=\"og:locale\" content=\"pl_PL\" \/>\n<meta property=\"og:type\" content=\"article\" \/>\n<meta property=\"og:title\" content=\"Zegar drewniany z podstawk\u0105 - Selleetools.com\" \/>\n<meta property=\"og:description\" content=\"Zegar drewniany z podstawk\u0105 to elegancki i funkcjonalny element wystroju, kt\u00f3ry doskonale wpasuje si\u0119 w ka\u017cde wn\u0119trze. Wykonany z wysokiej jako\u015bci drewna, zapewnia nie tylko estetyk\u0119, ale i trwa\u0142o\u015b\u0107 na d\u0142ugie lata. Jego minimalistyczny design sprawia, \u017ce idealnie komponuje si\u0119 zar\u00f3wno w nowoczesnych, jak i tradycyjnych aran\u017cacjach. Zegar wyposa\u017cony jest w precyzyjny mechanizm, co gwarantuje ... Read moreZegar drewniany z podstawk\u0105\" \/>\n<meta property=\"og:url\" content=\"https:\/\/admincentral.selleetools.com\/pl\/product\/zegar-drewniany-z-podstawka\/\" \/>\n<meta property=\"og:site_name\" content=\"Selleetools.com\" \/>\n<meta property=\"article:modified_time\" content=\"2025-08-08T12:04:19+00:00\" \/>\n<meta property=\"og:image\" content=\"https:\/\/selleetools.com\/wp-content\/uploads\/2025\/07\/59966ebb1accc7dfe55e1d8d5b7c1892.jpg\" \/>\n\t<meta property=\"og:image:width\" content=\"1500\" \/>\n\t<meta property=\"og:image:height\" content=\"1500\" \/>\n\t<meta property=\"og:image:type\" content=\"image\/jpeg\" \/>\n<meta name=\"twitter:card\" content=\"summary_large_image\" \/>\n<meta name=\"twitter:label1\" content=\"Est. reading time\" \/>\n\t<meta name=\"twitter:data1\" content=\"1 minuta\" \/>\n<!-- \/ Yoast SEO plugin. -->","yoast_head_json":{"title":"Zegar drewniany z podstawk\u0105 - Selleetools.com","robots":{"index":"index","follow":"follow","max-snippet":"max-snippet:-1","max-image-preview":"max-image-preview:large","max-video-preview":"max-video-preview:-1"},"canonical":"https:\/\/admincentral.selleetools.com\/pl\/product\/zegar-drewniany-z-podstawka\/","og_locale":"pl_PL","og_type":"article","og_title":"Zegar drewniany z podstawk\u0105 - Selleetools.com","og_description":"Zegar drewniany z podstawk\u0105 to elegancki i funkcjonalny element wystroju, kt\u00f3ry doskonale wpasuje si\u0119 w ka\u017cde wn\u0119trze. Wykonany z wysokiej jako\u015bci drewna, zapewnia nie tylko estetyk\u0119, ale i trwa\u0142o\u015b\u0107 na d\u0142ugie lata. Jego minimalistyczny design sprawia, \u017ce idealnie komponuje si\u0119 zar\u00f3wno w nowoczesnych, jak i tradycyjnych aran\u017cacjach. Zegar wyposa\u017cony jest w precyzyjny mechanizm, co gwarantuje ... Read moreZegar drewniany z podstawk\u0105","og_url":"https:\/\/admincentral.selleetools.com\/pl\/product\/zegar-drewniany-z-podstawka\/","og_site_name":"Selleetools.com","article_modified_time":"2025-08-08T12:04:19+00:00","og_image":[{"width":1500,"height":1500,"url":"https:\/\/selleetools.com\/wp-content\/uploads\/2025\/07\/59966ebb1accc7dfe55e1d8d5b7c1892.jpg","type":"image\/jpeg"}],"twitter_card":"summary_large_image","twitter_misc":{"Est. reading time":"1 minuta"},"schema":{"@context":"https:\/\/schema.org","@graph":[{"@type":"Organization","@id":"https:\/\/selleetools.com\/#organization","name":"Selleetools","url":"https:\/\/selleetools.com\/","sameAs":[],"logo":{"@type":"ImageObject","inLanguage":"pl-PL","@id":"https:\/\/selleetools.com\/#\/schema\/logo\/image\/","url":"https:\/\/selleetools.com\/wp-content\/uploads\/2021\/10\/logo-dark.png","contentUrl":"https:\/\/selleetools.com\/wp-content\/uploads\/2021\/10\/logo-dark.png","width":320,"height":76,"caption":"Selleetools"},"image":{"@id":"https:\/\/selleetools.com\/#\/schema\/logo\/image\/"}},{"@type":"WebSite","@id":"https:\/\/selleetools.com\/#website","url":"https:\/\/selleetools.com\/","name":"Selleetools.com","description":"","publisher":{"@id":"https:\/\/selleetools.com\/#organization"},"potentialAction":[{"@type":"SearchAction","target":{"@type":"EntryPoint","urlTemplate":"https:\/\/selleetools.com\/?s={search_term_string}"},"query-input":"required name=search_term_string"}],"inLanguage":"pl-PL"},{"@type":"WebPage","@id":"https:\/\/admincentral.selleetools.com\/pl\/product\/zegar-drewniany-z-podstawka\/","url":"https:\/\/admincentral.selleetools.com\/pl\/product\/zegar-drewniany-z-podstawka\/","name":"Zegar drewniany z podstawk\u0105 - Selleetools.com","isPartOf":{"@id":"https:\/\/selleetools.com\/#website"},"datePublished":"2025-07-06T12:29:10+00:00","dateModified":"2025-08-08T12:04:19+00:00","breadcrumb":{"@id":"https:\/\/admincentral.selleetools.com\/pl\/product\/zegar-drewniany-z-podstawka\/#breadcrumb"},"inLanguage":"pl-PL","potentialAction":[{"@type":"ReadAction","target":["https:\/\/admincentral.selleetools.com\/pl\/product\/zegar-drewniany-z-podstawka\/"]}]},{"@type":"BreadcrumbList","@id":"https:\/\/admincentral.selleetools.com\/pl\/product\/zegar-drewniany-z-podstawka\/#breadcrumb","itemListElement":[{"@type":"ListItem","position":1,"name":"Home","item":"https:\/\/selleetools.com\/pl\/"},{"@type":"ListItem","position":2,"name":"Katalog","item":"https:\/\/selleetools.com\/pl\/katalog\/"},{"@type":"ListItem","position":3,"name":"Zegar drewniany z podstawk\u0105"}]}]}},"_links":{"self":[{"href":"https:\/\/admincentral.selleetools.com\/pl\/wp-json\/wp\/v2\/product\/489766"}],"collection":[{"href":"https:\/\/admincentral.selleetools.com\/pl\/wp-json\/wp\/v2\/product"}],"about":[{"href":"https:\/\/admincentral.selleetools.com\/pl\/wp-json\/wp\/v2\/types\/product"}],"replies":[{"embeddable":true,"href":"https:\/\/admincentral.selleetools.com\/pl\/wp-json\/wp\/v2\/comments?post=489766"}],"wp:featuredmedia":[{"embeddable":true,"href":"https:\/\/admincentral.selleetools.com\/pl\/wp-json\/wp\/v2\/media\/489758"}],"wp:attachment":[{"href":"https:\/\/admincentral.selleetools.com\/pl\/wp-json\/wp\/v2\/media?parent=489766"}],"curies":[{"name":"wp","href":"https:\/\/api.w.org\/{rel}","templated":true}]}}