{"id":489894,"date":"2025-07-06T14:30:19","date_gmt":"2025-07-06T12:30:19","guid":{"rendered":"https:\/\/selleetools.com\/?post_type=product&#038;p=489894"},"modified":"2025-08-08T14:04:18","modified_gmt":"2025-08-08T12:04:18","slug":"dywanik-do-kuchni-kuchenny-lazienkowy-wodoodporny-mata-lazienkowa-pcv","status":"publish","type":"product","link":"https:\/\/admincentral.selleetools.com\/pl\/product\/dywanik-do-kuchni-kuchenny-lazienkowy-wodoodporny-mata-lazienkowa-pcv\/","title":{"rendered":"DYWANIK DO KUCHNI Kuchenny \u0141azienkowy Wodoodporny Mata \u0141azienkowa PCV"},"content":{"rendered":"<p>Elegancki dywanik kuchenny i \u0142azienkowy, wykonany z wysokiej jako\u015bci materia\u0142u PCV, zapewniaj\u0105cy trwa\u0142o\u015b\u0107 oraz wodoodporno\u015b\u0107. Doskona\u0142y wyb\u00f3r do ka\u017cdego wn\u0119trza, \u015bwietnie komponuj\u0105cy si\u0119 zar\u00f3wno w kuchniach, jak i \u0142azienkach. Jego antypo\u015blizgowa powierzchnia gwarantuje bezpiecze\u0144stwo u\u017cytkowania, redukuj\u0105c ryzyko po\u015blizgni\u0119\u0107. \u0141atwy do czyszczenia \u2013 wystarczy przetrze\u0107 go wilgotn\u0105 \u015bciereczk\u0105 lub zmy\u0107 wod\u0105, co sprawia, \u017ce jest idealnym rozwi\u0105zaniem dla os\u00f3b ceni\u0105cych sobie wygod\u0119. Stylowy design wkomponuje si\u0119 w r\u00f3\u017cnorodne aran\u017cacje, dodaj\u0105c im nowoczesnego charakteru. Zainwestuj w dywanik, kt\u00f3ry nie tylko spe\u0142nia funkcj\u0119 praktyczn\u0105, ale i estetyczn\u0105.<\/p>\n<p>Szeroko\u015b\u0107 dywanika 44 cm d\u0142ugo\u015b\u0107 dywanika 76 cm<\/p>\n","protected":false},"excerpt":{"rendered":"<p>Elegancki dywanik kuchenny i \u0142azienkowy, wykonany z wysokiej jako\u015bci materia\u0142u PCV, zapewniaj\u0105cy trwa\u0142o\u015b\u0107 oraz wodoodporno\u015b\u0107. Doskona\u0142y wyb\u00f3r do ka\u017cdego wn\u0119trza, \u015bwietnie komponuj\u0105cy si\u0119 zar\u00f3wno w kuchniach, jak i \u0142azienkach. Jego antypo\u015blizgowa powierzchnia gwarantuje bezpiecze\u0144stwo u\u017cytkowania, redukuj\u0105c ryzyko po\u015blizgni\u0119\u0107. \u0141atwy do czyszczenia \u2013 wystarczy przetrze\u0107 go wilgotn\u0105 \u015bciereczk\u0105 lub zmy\u0107 wod\u0105, co sprawia, \u017ce jest idealnym &#8230; <a title=\"DYWANIK DO KUCHNI Kuchenny \u0141azienkowy Wodoodporny Mata \u0141azienkowa PCV\" class=\"read-more\" href=\"https:\/\/admincentral.selleetools.com\/pl\/product\/dywanik-do-kuchni-kuchenny-lazienkowy-wodoodporny-mata-lazienkowa-pcv\/\">Read more<span class=\"screen-reader-text\">DYWANIK DO KUCHNI Kuchenny \u0141azienkowy Wodoodporny Mata \u0141azienkowa PCV<\/span><\/a><\/p>\n","protected":false},"featured_media":489884,"comment_status":"closed","ping_status":"closed","template":"","meta":{"_links_to":"","_links_to_target":""},"yoast_head":"<!-- This site is optimized with the Yoast SEO plugin v19.4 - https:\/\/yoast.com\/wordpress\/plugins\/seo\/ -->\n<title>DYWANIK DO KUCHNI Kuchenny \u0141azienkowy Wodoodporny Mata \u0141azienkowa PCV - Selleetools.com<\/title>\n<meta name=\"robots\" content=\"index, follow, max-snippet:-1, max-image-preview:large, max-video-preview:-1\" \/>\n<link rel=\"canonical\" href=\"https:\/\/admincentral.selleetools.com\/pl\/product\/dywanik-do-kuchni-kuchenny-lazienkowy-wodoodporny-mata-lazienkowa-pcv\/\" \/>\n<meta property=\"og:locale\" content=\"pl_PL\" \/>\n<meta property=\"og:type\" content=\"article\" \/>\n<meta property=\"og:title\" content=\"DYWANIK DO KUCHNI Kuchenny \u0141azienkowy Wodoodporny Mata \u0141azienkowa PCV - Selleetools.com\" \/>\n<meta property=\"og:description\" content=\"Elegancki dywanik kuchenny i \u0142azienkowy, wykonany z wysokiej jako\u015bci materia\u0142u PCV, zapewniaj\u0105cy trwa\u0142o\u015b\u0107 oraz wodoodporno\u015b\u0107. Doskona\u0142y wyb\u00f3r do ka\u017cdego wn\u0119trza, \u015bwietnie komponuj\u0105cy si\u0119 zar\u00f3wno w kuchniach, jak i \u0142azienkach. Jego antypo\u015blizgowa powierzchnia gwarantuje bezpiecze\u0144stwo u\u017cytkowania, redukuj\u0105c ryzyko po\u015blizgni\u0119\u0107. \u0141atwy do czyszczenia \u2013 wystarczy przetrze\u0107 go wilgotn\u0105 \u015bciereczk\u0105 lub zmy\u0107 wod\u0105, co sprawia, \u017ce jest idealnym ... Read moreDYWANIK DO KUCHNI Kuchenny \u0141azienkowy Wodoodporny Mata \u0141azienkowa PCV\" \/>\n<meta property=\"og:url\" content=\"https:\/\/admincentral.selleetools.com\/pl\/product\/dywanik-do-kuchni-kuchenny-lazienkowy-wodoodporny-mata-lazienkowa-pcv\/\" \/>\n<meta property=\"og:site_name\" content=\"Selleetools.com\" \/>\n<meta property=\"article:modified_time\" content=\"2025-08-08T12:04:18+00:00\" \/>\n<meta property=\"og:image\" content=\"https:\/\/selleetools.com\/wp-content\/uploads\/2025\/07\/fae7db995fa498745199c127025e8887.webp\" \/>\n\t<meta property=\"og:image:width\" content=\"128\" \/>\n\t<meta property=\"og:image:height\" content=\"128\" \/>\n\t<meta property=\"og:image:type\" content=\"image\/webp\" \/>\n<meta name=\"twitter:card\" content=\"summary_large_image\" \/>\n<meta name=\"twitter:label1\" content=\"Est. reading time\" \/>\n\t<meta name=\"twitter:data1\" content=\"1 minuta\" \/>\n<!-- \/ Yoast SEO plugin. -->","yoast_head_json":{"title":"DYWANIK DO KUCHNI Kuchenny \u0141azienkowy Wodoodporny Mata \u0141azienkowa PCV - Selleetools.com","robots":{"index":"index","follow":"follow","max-snippet":"max-snippet:-1","max-image-preview":"max-image-preview:large","max-video-preview":"max-video-preview:-1"},"canonical":"https:\/\/admincentral.selleetools.com\/pl\/product\/dywanik-do-kuchni-kuchenny-lazienkowy-wodoodporny-mata-lazienkowa-pcv\/","og_locale":"pl_PL","og_type":"article","og_title":"DYWANIK DO KUCHNI Kuchenny \u0141azienkowy Wodoodporny Mata \u0141azienkowa PCV - Selleetools.com","og_description":"Elegancki dywanik kuchenny i \u0142azienkowy, wykonany z wysokiej jako\u015bci materia\u0142u PCV, zapewniaj\u0105cy trwa\u0142o\u015b\u0107 oraz wodoodporno\u015b\u0107. Doskona\u0142y wyb\u00f3r do ka\u017cdego wn\u0119trza, \u015bwietnie komponuj\u0105cy si\u0119 zar\u00f3wno w kuchniach, jak i \u0142azienkach. Jego antypo\u015blizgowa powierzchnia gwarantuje bezpiecze\u0144stwo u\u017cytkowania, redukuj\u0105c ryzyko po\u015blizgni\u0119\u0107. \u0141atwy do czyszczenia \u2013 wystarczy przetrze\u0107 go wilgotn\u0105 \u015bciereczk\u0105 lub zmy\u0107 wod\u0105, co sprawia, \u017ce jest idealnym ... Read moreDYWANIK DO KUCHNI Kuchenny \u0141azienkowy Wodoodporny Mata \u0141azienkowa PCV","og_url":"https:\/\/admincentral.selleetools.com\/pl\/product\/dywanik-do-kuchni-kuchenny-lazienkowy-wodoodporny-mata-lazienkowa-pcv\/","og_site_name":"Selleetools.com","article_modified_time":"2025-08-08T12:04:18+00:00","og_image":[{"width":128,"height":128,"url":"https:\/\/selleetools.com\/wp-content\/uploads\/2025\/07\/fae7db995fa498745199c127025e8887.webp","type":"image\/webp"}],"twitter_card":"summary_large_image","twitter_misc":{"Est. reading time":"1 minuta"},"schema":{"@context":"https:\/\/schema.org","@graph":[{"@type":"Organization","@id":"https:\/\/selleetools.com\/#organization","name":"Selleetools","url":"https:\/\/selleetools.com\/","sameAs":[],"logo":{"@type":"ImageObject","inLanguage":"pl-PL","@id":"https:\/\/selleetools.com\/#\/schema\/logo\/image\/","url":"https:\/\/selleetools.com\/wp-content\/uploads\/2021\/10\/logo-dark.png","contentUrl":"https:\/\/selleetools.com\/wp-content\/uploads\/2021\/10\/logo-dark.png","width":320,"height":76,"caption":"Selleetools"},"image":{"@id":"https:\/\/selleetools.com\/#\/schema\/logo\/image\/"}},{"@type":"WebSite","@id":"https:\/\/selleetools.com\/#website","url":"https:\/\/selleetools.com\/","name":"Selleetools.com","description":"","publisher":{"@id":"https:\/\/selleetools.com\/#organization"},"potentialAction":[{"@type":"SearchAction","target":{"@type":"EntryPoint","urlTemplate":"https:\/\/selleetools.com\/?s={search_term_string}"},"query-input":"required name=search_term_string"}],"inLanguage":"pl-PL"},{"@type":"WebPage","@id":"https:\/\/admincentral.selleetools.com\/pl\/product\/dywanik-do-kuchni-kuchenny-lazienkowy-wodoodporny-mata-lazienkowa-pcv\/","url":"https:\/\/admincentral.selleetools.com\/pl\/product\/dywanik-do-kuchni-kuchenny-lazienkowy-wodoodporny-mata-lazienkowa-pcv\/","name":"DYWANIK DO KUCHNI Kuchenny \u0141azienkowy Wodoodporny Mata \u0141azienkowa PCV - Selleetools.com","isPartOf":{"@id":"https:\/\/selleetools.com\/#website"},"datePublished":"2025-07-06T12:30:19+00:00","dateModified":"2025-08-08T12:04:18+00:00","breadcrumb":{"@id":"https:\/\/admincentral.selleetools.com\/pl\/product\/dywanik-do-kuchni-kuchenny-lazienkowy-wodoodporny-mata-lazienkowa-pcv\/#breadcrumb"},"inLanguage":"pl-PL","potentialAction":[{"@type":"ReadAction","target":["https:\/\/admincentral.selleetools.com\/pl\/product\/dywanik-do-kuchni-kuchenny-lazienkowy-wodoodporny-mata-lazienkowa-pcv\/"]}]},{"@type":"BreadcrumbList","@id":"https:\/\/admincentral.selleetools.com\/pl\/product\/dywanik-do-kuchni-kuchenny-lazienkowy-wodoodporny-mata-lazienkowa-pcv\/#breadcrumb","itemListElement":[{"@type":"ListItem","position":1,"name":"Home","item":"https:\/\/selleetools.com\/pl\/"},{"@type":"ListItem","position":2,"name":"Katalog","item":"https:\/\/selleetools.com\/pl\/katalog\/"},{"@type":"ListItem","position":3,"name":"DYWANIK DO KUCHNI Kuchenny \u0141azienkowy Wodoodporny Mata \u0141azienkowa PCV"}]}]}},"_links":{"self":[{"href":"https:\/\/admincentral.selleetools.com\/pl\/wp-json\/wp\/v2\/product\/489894"}],"collection":[{"href":"https:\/\/admincentral.selleetools.com\/pl\/wp-json\/wp\/v2\/product"}],"about":[{"href":"https:\/\/admincentral.selleetools.com\/pl\/wp-json\/wp\/v2\/types\/product"}],"replies":[{"embeddable":true,"href":"https:\/\/admincentral.selleetools.com\/pl\/wp-json\/wp\/v2\/comments?post=489894"}],"wp:featuredmedia":[{"embeddable":true,"href":"https:\/\/admincentral.selleetools.com\/pl\/wp-json\/wp\/v2\/media\/489884"}],"wp:attachment":[{"href":"https:\/\/admincentral.selleetools.com\/pl\/wp-json\/wp\/v2\/media?parent=489894"}],"curies":[{"name":"wp","href":"https:\/\/api.w.org\/{rel}","templated":true}]}}