{"id":489907,"date":"2025-07-06T14:30:24","date_gmt":"2025-07-06T12:30:24","guid":{"rendered":"https:\/\/selleetools.com\/?post_type=product&#038;p=489907"},"modified":"2025-08-08T14:04:18","modified_gmt":"2025-08-08T12:04:18","slug":"polka-scienna-w-stylu-makramowym-do-zawieszenia","status":"publish","type":"product","link":"https:\/\/admincentral.selleetools.com\/pl\/product\/polka-scienna-w-stylu-makramowym-do-zawieszenia\/","title":{"rendered":"P\u00f3\u0142ka \u015bcienna w stylu makramowym do zawieszenia"},"content":{"rendered":"<p>Oferujemy eleganck\u0105, makramow\u0105 wisz\u0105c\u0105 p\u00f3\u0142k\u0119 \u015bcienn\u0105, kt\u00f3ra wprowadzi do Twojego wn\u0119trza unikalny styl i charakter. Ta starannie wykonana p\u00f3\u0142ka \u0142\u0105czy w sobie funkcjonalno\u015b\u0107 oraz estetyk\u0119, idealnie pasuj\u0105c do nowoczesnych, jak i klasycznych aran\u017cacji.<\/p>\n<p>Wykonana z wysokiej jako\u015bci materia\u0142\u00f3w, p\u00f3\u0142ka jest nie tylko trwa\u0142a, ale tak\u017ce niezwykle efektowna. Jej r\u0119cznie plecione detale dodaj\u0105 wyj\u0105tkowego uroku, sprawiaj\u0105c, \u017ce jest doskona\u0142ym elementem dekoracyjnym w salonie, sypialni czy przedpokoju.<\/p>\n<p>Maksymalizuj\u0105c przestrze\u0144, ta wisz\u0105ca p\u00f3\u0142ka pozwala na kreatywne prezentowanie ulubionych ksi\u0105\u017cek, ro\u015blin doniczkowych, a tak\u017ce drobnych dekoracji. \u0141atwy monta\u017c oraz wytrzyma\u0142a konstrukcja gwarantuj\u0105, \u017ce stanie si\u0119 ona niezawodnym elementem Twojego wystroju na d\u0142ugi czas.<\/p>\n<p>Postaw na jako\u015b\u0107 i styl \u2013 wprowad\u017a makramow\u0105 wisz\u0105c\u0105 p\u00f3\u0142k\u0119 do swojego domu i ciesz si\u0119 jej pi\u0119knem ka\u017cdego dnia.<\/p>\n","protected":false},"excerpt":{"rendered":"<p>Oferujemy eleganck\u0105, makramow\u0105 wisz\u0105c\u0105 p\u00f3\u0142k\u0119 \u015bcienn\u0105, kt\u00f3ra wprowadzi do Twojego wn\u0119trza unikalny styl i charakter. Ta starannie wykonana p\u00f3\u0142ka \u0142\u0105czy w sobie funkcjonalno\u015b\u0107 oraz estetyk\u0119, idealnie pasuj\u0105c do nowoczesnych, jak i klasycznych aran\u017cacji. Wykonana z wysokiej jako\u015bci materia\u0142\u00f3w, p\u00f3\u0142ka jest nie tylko trwa\u0142a, ale tak\u017ce niezwykle efektowna. Jej r\u0119cznie plecione detale dodaj\u0105 wyj\u0105tkowego uroku, sprawiaj\u0105c, &#8230; <a title=\"P\u00f3\u0142ka \u015bcienna w stylu makramowym do zawieszenia\" class=\"read-more\" href=\"https:\/\/admincentral.selleetools.com\/pl\/product\/polka-scienna-w-stylu-makramowym-do-zawieszenia\/\">Read more<span class=\"screen-reader-text\">P\u00f3\u0142ka \u015bcienna w stylu makramowym do zawieszenia<\/span><\/a><\/p>\n","protected":false},"featured_media":489895,"comment_status":"closed","ping_status":"closed","template":"","meta":{"_links_to":"","_links_to_target":""},"yoast_head":"<!-- This site is optimized with the Yoast SEO plugin v19.4 - https:\/\/yoast.com\/wordpress\/plugins\/seo\/ -->\n<title>P\u00f3\u0142ka \u015bcienna w stylu makramowym do zawieszenia - Selleetools.com<\/title>\n<meta name=\"robots\" content=\"index, follow, max-snippet:-1, max-image-preview:large, max-video-preview:-1\" \/>\n<link rel=\"canonical\" href=\"https:\/\/selleetools.com\/product\/polka-scienna-w-stylu-makramowym-do-zawieszenia\/\" \/>\n<meta property=\"og:locale\" content=\"pl_PL\" \/>\n<meta property=\"og:type\" content=\"article\" \/>\n<meta property=\"og:title\" content=\"P\u00f3\u0142ka \u015bcienna w stylu makramowym do zawieszenia - Selleetools.com\" \/>\n<meta property=\"og:description\" content=\"Oferujemy eleganck\u0105, makramow\u0105 wisz\u0105c\u0105 p\u00f3\u0142k\u0119 \u015bcienn\u0105, kt\u00f3ra wprowadzi do Twojego wn\u0119trza unikalny styl i charakter. Ta starannie wykonana p\u00f3\u0142ka \u0142\u0105czy w sobie funkcjonalno\u015b\u0107 oraz estetyk\u0119, idealnie pasuj\u0105c do nowoczesnych, jak i klasycznych aran\u017cacji. Wykonana z wysokiej jako\u015bci materia\u0142\u00f3w, p\u00f3\u0142ka jest nie tylko trwa\u0142a, ale tak\u017ce niezwykle efektowna. Jej r\u0119cznie plecione detale dodaj\u0105 wyj\u0105tkowego uroku, sprawiaj\u0105c, ... Read moreP\u00f3\u0142ka \u015bcienna w stylu makramowym do zawieszenia\" \/>\n<meta property=\"og:url\" content=\"https:\/\/selleetools.com\/product\/polka-scienna-w-stylu-makramowym-do-zawieszenia\/\" \/>\n<meta property=\"og:site_name\" content=\"Selleetools.com\" \/>\n<meta property=\"article:modified_time\" content=\"2025-08-08T12:04:18+00:00\" \/>\n<meta property=\"og:image\" content=\"https:\/\/selleetools.com\/wp-content\/uploads\/2025\/07\/7c856d0947418aafc96d0fd3ebc21c14.webp\" \/>\n\t<meta property=\"og:image:width\" content=\"128\" \/>\n\t<meta property=\"og:image:height\" content=\"128\" \/>\n\t<meta property=\"og:image:type\" content=\"image\/webp\" \/>\n<meta name=\"twitter:card\" content=\"summary_large_image\" \/>\n<meta name=\"twitter:label1\" content=\"Est. reading time\" \/>\n\t<meta name=\"twitter:data1\" content=\"1 minuta\" \/>\n<!-- \/ Yoast SEO plugin. -->","yoast_head_json":{"title":"P\u00f3\u0142ka \u015bcienna w stylu makramowym do zawieszenia - Selleetools.com","robots":{"index":"index","follow":"follow","max-snippet":"max-snippet:-1","max-image-preview":"max-image-preview:large","max-video-preview":"max-video-preview:-1"},"canonical":"https:\/\/selleetools.com\/product\/polka-scienna-w-stylu-makramowym-do-zawieszenia\/","og_locale":"pl_PL","og_type":"article","og_title":"P\u00f3\u0142ka \u015bcienna w stylu makramowym do zawieszenia - Selleetools.com","og_description":"Oferujemy eleganck\u0105, makramow\u0105 wisz\u0105c\u0105 p\u00f3\u0142k\u0119 \u015bcienn\u0105, kt\u00f3ra wprowadzi do Twojego wn\u0119trza unikalny styl i charakter. Ta starannie wykonana p\u00f3\u0142ka \u0142\u0105czy w sobie funkcjonalno\u015b\u0107 oraz estetyk\u0119, idealnie pasuj\u0105c do nowoczesnych, jak i klasycznych aran\u017cacji. Wykonana z wysokiej jako\u015bci materia\u0142\u00f3w, p\u00f3\u0142ka jest nie tylko trwa\u0142a, ale tak\u017ce niezwykle efektowna. Jej r\u0119cznie plecione detale dodaj\u0105 wyj\u0105tkowego uroku, sprawiaj\u0105c, ... Read moreP\u00f3\u0142ka \u015bcienna w stylu makramowym do zawieszenia","og_url":"https:\/\/selleetools.com\/product\/polka-scienna-w-stylu-makramowym-do-zawieszenia\/","og_site_name":"Selleetools.com","article_modified_time":"2025-08-08T12:04:18+00:00","og_image":[{"width":128,"height":128,"url":"https:\/\/selleetools.com\/wp-content\/uploads\/2025\/07\/7c856d0947418aafc96d0fd3ebc21c14.webp","type":"image\/webp"}],"twitter_card":"summary_large_image","twitter_misc":{"Est. reading time":"1 minuta"},"schema":{"@context":"https:\/\/schema.org","@graph":[{"@type":"Organization","@id":"https:\/\/selleetools.com\/#organization","name":"Selleetools","url":"https:\/\/selleetools.com\/","sameAs":[],"logo":{"@type":"ImageObject","inLanguage":"pl-PL","@id":"https:\/\/selleetools.com\/#\/schema\/logo\/image\/","url":"https:\/\/selleetools.com\/wp-content\/uploads\/2021\/10\/logo-dark.png","contentUrl":"https:\/\/selleetools.com\/wp-content\/uploads\/2021\/10\/logo-dark.png","width":320,"height":76,"caption":"Selleetools"},"image":{"@id":"https:\/\/selleetools.com\/#\/schema\/logo\/image\/"}},{"@type":"WebSite","@id":"https:\/\/selleetools.com\/#website","url":"https:\/\/selleetools.com\/","name":"Selleetools.com","description":"","publisher":{"@id":"https:\/\/selleetools.com\/#organization"},"potentialAction":[{"@type":"SearchAction","target":{"@type":"EntryPoint","urlTemplate":"https:\/\/selleetools.com\/?s={search_term_string}"},"query-input":"required name=search_term_string"}],"inLanguage":"pl-PL"},{"@type":"WebPage","@id":"https:\/\/selleetools.com\/product\/polka-scienna-w-stylu-makramowym-do-zawieszenia\/","url":"https:\/\/selleetools.com\/product\/polka-scienna-w-stylu-makramowym-do-zawieszenia\/","name":"P\u00f3\u0142ka \u015bcienna w stylu makramowym do zawieszenia - Selleetools.com","isPartOf":{"@id":"https:\/\/selleetools.com\/#website"},"datePublished":"2025-07-06T12:30:24+00:00","dateModified":"2025-08-08T12:04:18+00:00","breadcrumb":{"@id":"https:\/\/selleetools.com\/product\/polka-scienna-w-stylu-makramowym-do-zawieszenia\/#breadcrumb"},"inLanguage":"pl-PL","potentialAction":[{"@type":"ReadAction","target":["https:\/\/selleetools.com\/product\/polka-scienna-w-stylu-makramowym-do-zawieszenia\/"]}]},{"@type":"BreadcrumbList","@id":"https:\/\/selleetools.com\/product\/polka-scienna-w-stylu-makramowym-do-zawieszenia\/#breadcrumb","itemListElement":[{"@type":"ListItem","position":1,"name":"Home","item":"https:\/\/selleetools.com\/pl\/"},{"@type":"ListItem","position":2,"name":"Katalog","item":"https:\/\/selleetools.com\/pl\/katalog\/"},{"@type":"ListItem","position":3,"name":"P\u00f3\u0142ka \u015bcienna w stylu makramowym do zawieszenia"}]}]}},"_links":{"self":[{"href":"https:\/\/admincentral.selleetools.com\/pl\/wp-json\/wp\/v2\/product\/489907"}],"collection":[{"href":"https:\/\/admincentral.selleetools.com\/pl\/wp-json\/wp\/v2\/product"}],"about":[{"href":"https:\/\/admincentral.selleetools.com\/pl\/wp-json\/wp\/v2\/types\/product"}],"replies":[{"embeddable":true,"href":"https:\/\/admincentral.selleetools.com\/pl\/wp-json\/wp\/v2\/comments?post=489907"}],"wp:featuredmedia":[{"embeddable":true,"href":"https:\/\/admincentral.selleetools.com\/pl\/wp-json\/wp\/v2\/media\/489895"}],"wp:attachment":[{"href":"https:\/\/admincentral.selleetools.com\/pl\/wp-json\/wp\/v2\/media?parent=489907"}],"curies":[{"name":"wp","href":"https:\/\/api.w.org\/{rel}","templated":true}]}}