{"id":489945,"date":"2025-07-06T14:30:45","date_gmt":"2025-07-06T12:30:45","guid":{"rendered":"https:\/\/selleetools.com\/?post_type=product&#038;p=489945"},"modified":"2025-08-08T14:04:18","modified_gmt":"2025-08-08T12:04:18","slug":"zestaw-5-sztuk-przelacznik-kolyskowy-kcd11-kcd-11-3a-250v-on-off","status":"publish","type":"product","link":"https:\/\/admincentral.selleetools.com\/pl\/product\/zestaw-5-sztuk-przelacznik-kolyskowy-kcd11-kcd-11-3a-250v-on-off\/","title":{"rendered":"ZESTAW 5 SZTUK PRZE\u0141\u0104CZNIK KO\u0141YSKOWY KCD11 KCD-11 3A 250V ON-OFF"},"content":{"rendered":"<p>Zestaw 5 sztuk prze\u0142\u0105cznik\u00f3w ko\u0142yskowych KCD11 to idealne rozwi\u0105zanie dla wszystkich, kt\u00f3rzy poszukuj\u0105 niezawodnych i estetycznych element\u00f3w do swoich projekt\u00f3w elektronicznych. Prze\u0142\u0105czniki te charakteryzuj\u0105 si\u0119 wysok\u0105 jako\u015bci\u0105 wykonania oraz trwa\u0142o\u015bci\u0105, co zapewnia ich d\u0142ugotrwa\u0142e u\u017cytkowanie. Ka\u017cdy prze\u0142\u0105cznik jest przeznaczony do pracy w systemach o maksymalnym napi\u0119ciu 250V oraz maksymalnym pr\u0105dzie 3A, co czyni je odpowiednimi do r\u00f3\u017cnorodnych zastosowa\u0144, zar\u00f3wno w domowych, jak i profesjonalnych instalacjach.<\/p>\n<p>Dzi\u0119ki prostej konstrukcji i wygodnemu systemowi w\u0142\u0105czania\/wy\u0142\u0105czania ON-OFF, ich obs\u0142uga jest intuicyjna i komfortowa. Prze\u0142\u0105czniki ko\u0142yskowe KCD11 s\u0105 idealne do instalacji w przedmiotach codziennego u\u017cytku, takich jak lampy, urz\u0105dzenia AGD czy systemy audio. W zestawie znajduj\u0105 si\u0119 a\u017c 5 sztuk, co pozwala na jednoczesne wykorzystanie ich w kilku projektach lub do zapasowego stosowania w przysz\u0142o\u015bci.<\/p>\n<p>Zainwestuj w jako\u015b\u0107 i niezawodno\u015b\u0107, wybieraj\u0105c zestaw prze\u0142\u0105cznik\u00f3w KCD11, kt\u00f3ry spe\u0142ni oczekiwania nawet najbardziej wymagaj\u0105cych u\u017cytkownik\u00f3w.<\/p>\n","protected":false},"excerpt":{"rendered":"<p>Zestaw 5 sztuk prze\u0142\u0105cznik\u00f3w ko\u0142yskowych KCD11 to idealne rozwi\u0105zanie dla wszystkich, kt\u00f3rzy poszukuj\u0105 niezawodnych i estetycznych element\u00f3w do swoich projekt\u00f3w elektronicznych. Prze\u0142\u0105czniki te charakteryzuj\u0105 si\u0119 wysok\u0105 jako\u015bci\u0105 wykonania oraz trwa\u0142o\u015bci\u0105, co zapewnia ich d\u0142ugotrwa\u0142e u\u017cytkowanie. Ka\u017cdy prze\u0142\u0105cznik jest przeznaczony do pracy w systemach o maksymalnym napi\u0119ciu 250V oraz maksymalnym pr\u0105dzie 3A, co czyni je odpowiednimi &#8230; <a title=\"ZESTAW 5 SZTUK PRZE\u0141\u0104CZNIK KO\u0141YSKOWY KCD11 KCD-11 3A 250V ON-OFF\" class=\"read-more\" href=\"https:\/\/admincentral.selleetools.com\/pl\/product\/zestaw-5-sztuk-przelacznik-kolyskowy-kcd11-kcd-11-3a-250v-on-off\/\">Read more<span class=\"screen-reader-text\">ZESTAW 5 SZTUK PRZE\u0141\u0104CZNIK KO\u0141YSKOWY KCD11 KCD-11 3A 250V ON-OFF<\/span><\/a><\/p>\n","protected":false},"featured_media":489939,"comment_status":"closed","ping_status":"closed","template":"","meta":{"_links_to":"","_links_to_target":""},"yoast_head":"<!-- This site is optimized with the Yoast SEO plugin v19.4 - https:\/\/yoast.com\/wordpress\/plugins\/seo\/ -->\n<title>ZESTAW 5 SZTUK PRZE\u0141\u0104CZNIK KO\u0141YSKOWY KCD11 KCD-11 3A 250V ON-OFF - Selleetools.com<\/title>\n<meta name=\"robots\" content=\"index, follow, max-snippet:-1, max-image-preview:large, max-video-preview:-1\" \/>\n<link rel=\"canonical\" href=\"https:\/\/admincentral.selleetools.com\/pl\/product\/zestaw-5-sztuk-przelacznik-kolyskowy-kcd11-kcd-11-3a-250v-on-off\/\" \/>\n<meta property=\"og:locale\" content=\"pl_PL\" \/>\n<meta property=\"og:type\" content=\"article\" \/>\n<meta property=\"og:title\" content=\"ZESTAW 5 SZTUK PRZE\u0141\u0104CZNIK KO\u0141YSKOWY KCD11 KCD-11 3A 250V ON-OFF - Selleetools.com\" \/>\n<meta property=\"og:description\" content=\"Zestaw 5 sztuk prze\u0142\u0105cznik\u00f3w ko\u0142yskowych KCD11 to idealne rozwi\u0105zanie dla wszystkich, kt\u00f3rzy poszukuj\u0105 niezawodnych i estetycznych element\u00f3w do swoich projekt\u00f3w elektronicznych. Prze\u0142\u0105czniki te charakteryzuj\u0105 si\u0119 wysok\u0105 jako\u015bci\u0105 wykonania oraz trwa\u0142o\u015bci\u0105, co zapewnia ich d\u0142ugotrwa\u0142e u\u017cytkowanie. Ka\u017cdy prze\u0142\u0105cznik jest przeznaczony do pracy w systemach o maksymalnym napi\u0119ciu 250V oraz maksymalnym pr\u0105dzie 3A, co czyni je odpowiednimi ... Read moreZESTAW 5 SZTUK PRZE\u0141\u0104CZNIK KO\u0141YSKOWY KCD11 KCD-11 3A 250V ON-OFF\" \/>\n<meta property=\"og:url\" content=\"https:\/\/admincentral.selleetools.com\/pl\/product\/zestaw-5-sztuk-przelacznik-kolyskowy-kcd11-kcd-11-3a-250v-on-off\/\" \/>\n<meta property=\"og:site_name\" content=\"Selleetools.com\" \/>\n<meta property=\"article:modified_time\" content=\"2025-08-08T12:04:18+00:00\" \/>\n<meta property=\"og:image\" content=\"https:\/\/selleetools.com\/wp-content\/uploads\/2025\/07\/6827f8ca4eaa53996eae4eeec3ec4e08.webp\" \/>\n\t<meta property=\"og:image:width\" content=\"128\" \/>\n\t<meta property=\"og:image:height\" content=\"128\" \/>\n\t<meta property=\"og:image:type\" content=\"image\/webp\" \/>\n<meta name=\"twitter:card\" content=\"summary_large_image\" \/>\n<meta name=\"twitter:label1\" content=\"Est. reading time\" \/>\n\t<meta name=\"twitter:data1\" content=\"1 minuta\" \/>\n<!-- \/ Yoast SEO plugin. -->","yoast_head_json":{"title":"ZESTAW 5 SZTUK PRZE\u0141\u0104CZNIK KO\u0141YSKOWY KCD11 KCD-11 3A 250V ON-OFF - Selleetools.com","robots":{"index":"index","follow":"follow","max-snippet":"max-snippet:-1","max-image-preview":"max-image-preview:large","max-video-preview":"max-video-preview:-1"},"canonical":"https:\/\/admincentral.selleetools.com\/pl\/product\/zestaw-5-sztuk-przelacznik-kolyskowy-kcd11-kcd-11-3a-250v-on-off\/","og_locale":"pl_PL","og_type":"article","og_title":"ZESTAW 5 SZTUK PRZE\u0141\u0104CZNIK KO\u0141YSKOWY KCD11 KCD-11 3A 250V ON-OFF - Selleetools.com","og_description":"Zestaw 5 sztuk prze\u0142\u0105cznik\u00f3w ko\u0142yskowych KCD11 to idealne rozwi\u0105zanie dla wszystkich, kt\u00f3rzy poszukuj\u0105 niezawodnych i estetycznych element\u00f3w do swoich projekt\u00f3w elektronicznych. Prze\u0142\u0105czniki te charakteryzuj\u0105 si\u0119 wysok\u0105 jako\u015bci\u0105 wykonania oraz trwa\u0142o\u015bci\u0105, co zapewnia ich d\u0142ugotrwa\u0142e u\u017cytkowanie. Ka\u017cdy prze\u0142\u0105cznik jest przeznaczony do pracy w systemach o maksymalnym napi\u0119ciu 250V oraz maksymalnym pr\u0105dzie 3A, co czyni je odpowiednimi ... Read moreZESTAW 5 SZTUK PRZE\u0141\u0104CZNIK KO\u0141YSKOWY KCD11 KCD-11 3A 250V ON-OFF","og_url":"https:\/\/admincentral.selleetools.com\/pl\/product\/zestaw-5-sztuk-przelacznik-kolyskowy-kcd11-kcd-11-3a-250v-on-off\/","og_site_name":"Selleetools.com","article_modified_time":"2025-08-08T12:04:18+00:00","og_image":[{"width":128,"height":128,"url":"https:\/\/selleetools.com\/wp-content\/uploads\/2025\/07\/6827f8ca4eaa53996eae4eeec3ec4e08.webp","type":"image\/webp"}],"twitter_card":"summary_large_image","twitter_misc":{"Est. reading time":"1 minuta"},"schema":{"@context":"https:\/\/schema.org","@graph":[{"@type":"Organization","@id":"https:\/\/selleetools.com\/#organization","name":"Selleetools","url":"https:\/\/selleetools.com\/","sameAs":[],"logo":{"@type":"ImageObject","inLanguage":"pl-PL","@id":"https:\/\/selleetools.com\/#\/schema\/logo\/image\/","url":"https:\/\/selleetools.com\/wp-content\/uploads\/2021\/10\/logo-dark.png","contentUrl":"https:\/\/selleetools.com\/wp-content\/uploads\/2021\/10\/logo-dark.png","width":320,"height":76,"caption":"Selleetools"},"image":{"@id":"https:\/\/selleetools.com\/#\/schema\/logo\/image\/"}},{"@type":"WebSite","@id":"https:\/\/selleetools.com\/#website","url":"https:\/\/selleetools.com\/","name":"Selleetools.com","description":"","publisher":{"@id":"https:\/\/selleetools.com\/#organization"},"potentialAction":[{"@type":"SearchAction","target":{"@type":"EntryPoint","urlTemplate":"https:\/\/selleetools.com\/?s={search_term_string}"},"query-input":"required name=search_term_string"}],"inLanguage":"pl-PL"},{"@type":"WebPage","@id":"https:\/\/admincentral.selleetools.com\/pl\/product\/zestaw-5-sztuk-przelacznik-kolyskowy-kcd11-kcd-11-3a-250v-on-off\/","url":"https:\/\/admincentral.selleetools.com\/pl\/product\/zestaw-5-sztuk-przelacznik-kolyskowy-kcd11-kcd-11-3a-250v-on-off\/","name":"ZESTAW 5 SZTUK PRZE\u0141\u0104CZNIK KO\u0141YSKOWY KCD11 KCD-11 3A 250V ON-OFF - Selleetools.com","isPartOf":{"@id":"https:\/\/selleetools.com\/#website"},"datePublished":"2025-07-06T12:30:45+00:00","dateModified":"2025-08-08T12:04:18+00:00","breadcrumb":{"@id":"https:\/\/admincentral.selleetools.com\/pl\/product\/zestaw-5-sztuk-przelacznik-kolyskowy-kcd11-kcd-11-3a-250v-on-off\/#breadcrumb"},"inLanguage":"pl-PL","potentialAction":[{"@type":"ReadAction","target":["https:\/\/admincentral.selleetools.com\/pl\/product\/zestaw-5-sztuk-przelacznik-kolyskowy-kcd11-kcd-11-3a-250v-on-off\/"]}]},{"@type":"BreadcrumbList","@id":"https:\/\/admincentral.selleetools.com\/pl\/product\/zestaw-5-sztuk-przelacznik-kolyskowy-kcd11-kcd-11-3a-250v-on-off\/#breadcrumb","itemListElement":[{"@type":"ListItem","position":1,"name":"Home","item":"https:\/\/selleetools.com\/pl\/"},{"@type":"ListItem","position":2,"name":"Katalog","item":"https:\/\/selleetools.com\/pl\/katalog\/"},{"@type":"ListItem","position":3,"name":"ZESTAW 5 SZTUK PRZE\u0141\u0104CZNIK KO\u0141YSKOWY KCD11 KCD-11 3A 250V ON-OFF"}]}]}},"_links":{"self":[{"href":"https:\/\/admincentral.selleetools.com\/pl\/wp-json\/wp\/v2\/product\/489945"}],"collection":[{"href":"https:\/\/admincentral.selleetools.com\/pl\/wp-json\/wp\/v2\/product"}],"about":[{"href":"https:\/\/admincentral.selleetools.com\/pl\/wp-json\/wp\/v2\/types\/product"}],"replies":[{"embeddable":true,"href":"https:\/\/admincentral.selleetools.com\/pl\/wp-json\/wp\/v2\/comments?post=489945"}],"wp:featuredmedia":[{"embeddable":true,"href":"https:\/\/admincentral.selleetools.com\/pl\/wp-json\/wp\/v2\/media\/489939"}],"wp:attachment":[{"href":"https:\/\/admincentral.selleetools.com\/pl\/wp-json\/wp\/v2\/media?parent=489945"}],"curies":[{"name":"wp","href":"https:\/\/api.w.org\/{rel}","templated":true}]}}