{"id":539470,"date":"2025-08-21T16:01:50","date_gmt":"2025-08-21T14:01:50","guid":{"rendered":"https:\/\/selleetools.com\/?post_type=product&#038;p=539470"},"modified":"2025-12-02T20:21:30","modified_gmt":"2025-12-02T19:21:30","slug":"pilka-do-basenu-napelniana-woda-ultimate-pool-ball-fiolet-zabawka-basenowa","status":"publish","type":"product","link":"https:\/\/admincentral.selleetools.com\/pl\/product\/pilka-do-basenu-napelniana-woda-ultimate-pool-ball-fiolet-zabawka-basenowa\/","title":{"rendered":"Pi\u0142ka do basenu nape\u0142niana wod\u0105 Ultimate Pool Ball Fiolet zabawka basenowa"},"content":{"rendered":"<section class=\"section\">\n<div class=\"item item-12\">\n<section class=\"image-item\"><img src=\"https:\/\/upload.cdn.baselinker.com\/products\/5015626\/7b3143fbe9a56218840ae292b6f85a5f.jpg\" \/><\/section>\n<\/div>\n<\/section>\n<section class=\"section\">\n<div class=\"item item-12\">\n<section class=\"text-item\">\n<h1>O tym przedmiocie<\/h1>\n<ul>\n<li>SZUKASZ IDEALNEGO AKCESORIUM NA LATO? Nie szukaj dalej ni\u017c pi\u0142ka bilardowa ULTIMATE firmy Activ Life. Ta innowacyjna zabawka basenowa pojawi\u0142a si\u0119 w g\u0142\u00f3wnych sieciach, takich jak FOX, ABC, NBC i CBS, i z pewno\u015bci\u0105 b\u0119dzie obowi\u0105zkowym elementem 2024 roku. Dost\u0119pna wy\u0142\u0105cznie na Amazon, ta pi\u0142ka jest idealna do wyprowadzania dzieci na zewn\u0105trz i cieszenia si\u0119 s\u0142o\u0144cem z przyjaci\u00f3\u0142mi i rodzin\u0105. Czekaj\u0105 na Ciebie godziny zabawy, wi\u0119c nie przegap okazji, aby tego lata zaszale\u0107 z pi\u0142k\u0105 bilardow\u0105 ULTIMATE firmy Activ Life.<\/li>\n<li>B\u0104D\u0179 FAJNY W BASENIE: Najlepsza pi\u0142ka bilardowa, kt\u00f3ra sprawi, \u017ce Twoje dziecko b\u0119dzie najfajniejszym dzieckiem w basenie. To nie jest zwyk\u0142a pi\u0142ka, to super zabawna gra grupowa, kt\u00f3ra \u0142\u0105czy w sobie elementy rugby, koszyk\u00f3wki i pi\u0142ki no\u017cnej, ale z niespodziank\u0105. Pi\u0142k\u0119 mo\u017cna podawa\u0107, dryblowa\u0107, a nawet kopa\u0107 pod wod\u0105, co czyni j\u0105 wyj\u0105tkowym i ekscytuj\u0105cym sposobem gry w basenie. Twoje dziecko b\u0119dzie mia\u0142o nieko\u0144cz\u0105ce si\u0119 godziny zabawy z t\u0105 innowacyjn\u0105 zabawk\u0105. Przygotuj si\u0119 na lato pe\u0142ne wodnych przyg\u00f3d i niezapomnianych wspomnie\u0144.<\/li>\n<li>JASNY I TRWA\u0141Y: Ultimate Pool Ball to idealny dodatek do ka\u017cdej gry w bilard. Jego jasny i kolorowy design pozostaje \u017cywy zar\u00f3wno w wodzie, jak i poza ni\u0105. Wykonany z ultrawytrzyma\u0142ego PVC TripleTech, mo\u017ce wytrzyma\u0107 zu\u017cycie podczas gry w basenie przez wiele lat. Nie zadowalaj si\u0119 mniej &#8211; wybierz Ultimate Pool Ball i podnie\u015b swoje wra\u017cenia z gry w basenie.<\/li>\n<li>\u0141ATWE DO NAPE\u0141NIENIA I ZABAWY: Przygotuj si\u0119 na dobr\u0105 zabaw\u0119 dzi\u0119ki tym \u0142atwym do nape\u0142nienia i zabawnym zabawkom do p\u0142ywania! Dzi\u0119ki naszym prostym instrukcjom wideo nape\u0142nisz je w kilka sekund za pomoc\u0105 do\u0142\u0105czonego adaptera i w\u0119\u017ca wodnego. Pi\u0142ka dla dzieci mierzy 6 cali i wa\u017cy 4.5 funta, gdy jest pe\u0142na, co czyni j\u0105 idealnym rozmiarem dla m\u0142odszych dzieci i rodzin. Te fajne zabawki z pewno\u015bci\u0105 zapewni\u0105 wiele godzin rozrywki i przyjemno\u015bci w wodzie. Wi\u0119c chwy\u0107 str\u00f3j k\u0105pielowy i przygotuj si\u0119 na powa\u017cn\u0105 zabaw\u0119!<\/li>\n<li>IDEALNY PREZENT: Zabawny i wyj\u0105tkowy prezent dla ch\u0142opc\u00f3w i dziewczynek w wieku od 6 lat, a tak\u017ce nastolatk\u00f3w. Te zabawki s\u0105 idealne na prezenty urodzinowe, imprezy przy basenie, grille 4 lipca, a nawet letnie prezenty dla ka\u017cdego, kto ma dost\u0119p do krytego basenu publicznego przez ca\u0142y rok. Zar\u00f3wno dzieci, jak i doro\u015bli b\u0119d\u0105 si\u0119 \u015bwietnie bawi\u0107 tymi zabawkami, pozostaj\u0105c aktywnymi i ch\u0142odnymi w wodzie. Nie zadowalaj si\u0119 nudnymi prezentami, kiedy mo\u017cesz podarowa\u0107 prezent w postaci nieko\u0144cz\u0105cej si\u0119 letniej zabawy dzi\u0119ki tym podwodnym zabawkom basenowym.<\/li>\n<\/ul>\n<\/section>\n<\/div>\n<\/section>\n<section class=\"section\">\n<div class=\"item item-12\">\n<section class=\"text-item\">Wszystkie produkty na naszych aukcjach pochodz\u0105 ze zwrot\u00f3w konsumenckich lub ko\u0144c\u00f3wek serii. Opakowania produkt\u00f3w mog\u0105 by\u0107 uszkodzone co nie wp\u0142ywa na jako\u015b\u0107 samego produktu.<\/p>\n<\/section>\n<\/div>\n<\/section>\n","protected":false},"excerpt":{"rendered":"<p>O tym przedmiocie SZUKASZ IDEALNEGO AKCESORIUM NA LATO? Nie szukaj dalej ni\u017c pi\u0142ka bilardowa ULTIMATE firmy Activ Life. Ta innowacyjna zabawka basenowa pojawi\u0142a si\u0119 w g\u0142\u00f3wnych sieciach, takich jak FOX, ABC, NBC i CBS, i z pewno\u015bci\u0105 b\u0119dzie obowi\u0105zkowym elementem 2024 roku. Dost\u0119pna wy\u0142\u0105cznie na Amazon, ta pi\u0142ka jest idealna do wyprowadzania dzieci na zewn\u0105trz &#8230; <a title=\"Pi\u0142ka do basenu nape\u0142niana wod\u0105 Ultimate Pool Ball Fiolet zabawka basenowa\" class=\"read-more\" href=\"https:\/\/admincentral.selleetools.com\/pl\/product\/pilka-do-basenu-napelniana-woda-ultimate-pool-ball-fiolet-zabawka-basenowa\/\">Read more<span class=\"screen-reader-text\">Pi\u0142ka do basenu nape\u0142niana wod\u0105 Ultimate Pool Ball Fiolet zabawka basenowa<\/span><\/a><\/p>\n","protected":false},"featured_media":539460,"comment_status":"closed","ping_status":"closed","template":"","meta":{"_links_to":"","_links_to_target":""},"yoast_head":"<!-- This site is optimized with the Yoast SEO plugin v19.4 - https:\/\/yoast.com\/wordpress\/plugins\/seo\/ -->\n<title>Pi\u0142ka do basenu nape\u0142niana wod\u0105 Ultimate Pool Ball Fiolet zabawka basenowa - Selleetools.com<\/title>\n<meta name=\"robots\" content=\"index, follow, max-snippet:-1, max-image-preview:large, max-video-preview:-1\" \/>\n<link rel=\"canonical\" href=\"https:\/\/admincentral.selleetools.com\/pl\/product\/pilka-do-basenu-napelniana-woda-ultimate-pool-ball-fiolet-zabawka-basenowa\/\" \/>\n<meta property=\"og:locale\" content=\"pl_PL\" \/>\n<meta property=\"og:type\" content=\"article\" \/>\n<meta property=\"og:title\" content=\"Pi\u0142ka do basenu nape\u0142niana wod\u0105 Ultimate Pool Ball Fiolet zabawka basenowa - Selleetools.com\" \/>\n<meta property=\"og:description\" content=\"O tym przedmiocie SZUKASZ IDEALNEGO AKCESORIUM NA LATO? Nie szukaj dalej ni\u017c pi\u0142ka bilardowa ULTIMATE firmy Activ Life. Ta innowacyjna zabawka basenowa pojawi\u0142a si\u0119 w g\u0142\u00f3wnych sieciach, takich jak FOX, ABC, NBC i CBS, i z pewno\u015bci\u0105 b\u0119dzie obowi\u0105zkowym elementem 2024 roku. Dost\u0119pna wy\u0142\u0105cznie na Amazon, ta pi\u0142ka jest idealna do wyprowadzania dzieci na zewn\u0105trz ... Read morePi\u0142ka do basenu nape\u0142niana wod\u0105 Ultimate Pool Ball Fiolet zabawka basenowa\" \/>\n<meta property=\"og:url\" content=\"https:\/\/admincentral.selleetools.com\/pl\/product\/pilka-do-basenu-napelniana-woda-ultimate-pool-ball-fiolet-zabawka-basenowa\/\" \/>\n<meta property=\"og:site_name\" content=\"Selleetools.com\" \/>\n<meta property=\"article:modified_time\" content=\"2025-12-02T19:21:30+00:00\" \/>\n<meta property=\"og:image\" content=\"https:\/\/selleetools.com\/wp-content\/uploads\/2025\/08\/a3d78ab37ead6e024ca5c72afe0e4a10.jpg\" \/>\n\t<meta property=\"og:image:width\" content=\"2000\" \/>\n\t<meta property=\"og:image:height\" content=\"2000\" \/>\n\t<meta property=\"og:image:type\" content=\"image\/jpeg\" \/>\n<meta name=\"twitter:card\" content=\"summary_large_image\" \/>\n<meta name=\"twitter:label1\" content=\"Est. reading time\" \/>\n\t<meta name=\"twitter:data1\" content=\"2 minuty\" \/>\n<!-- \/ Yoast SEO plugin. -->","yoast_head_json":{"title":"Pi\u0142ka do basenu nape\u0142niana wod\u0105 Ultimate Pool Ball Fiolet zabawka basenowa - Selleetools.com","robots":{"index":"index","follow":"follow","max-snippet":"max-snippet:-1","max-image-preview":"max-image-preview:large","max-video-preview":"max-video-preview:-1"},"canonical":"https:\/\/admincentral.selleetools.com\/pl\/product\/pilka-do-basenu-napelniana-woda-ultimate-pool-ball-fiolet-zabawka-basenowa\/","og_locale":"pl_PL","og_type":"article","og_title":"Pi\u0142ka do basenu nape\u0142niana wod\u0105 Ultimate Pool Ball Fiolet zabawka basenowa - Selleetools.com","og_description":"O tym przedmiocie SZUKASZ IDEALNEGO AKCESORIUM NA LATO? Nie szukaj dalej ni\u017c pi\u0142ka bilardowa ULTIMATE firmy Activ Life. Ta innowacyjna zabawka basenowa pojawi\u0142a si\u0119 w g\u0142\u00f3wnych sieciach, takich jak FOX, ABC, NBC i CBS, i z pewno\u015bci\u0105 b\u0119dzie obowi\u0105zkowym elementem 2024 roku. Dost\u0119pna wy\u0142\u0105cznie na Amazon, ta pi\u0142ka jest idealna do wyprowadzania dzieci na zewn\u0105trz ... Read morePi\u0142ka do basenu nape\u0142niana wod\u0105 Ultimate Pool Ball Fiolet zabawka basenowa","og_url":"https:\/\/admincentral.selleetools.com\/pl\/product\/pilka-do-basenu-napelniana-woda-ultimate-pool-ball-fiolet-zabawka-basenowa\/","og_site_name":"Selleetools.com","article_modified_time":"2025-12-02T19:21:30+00:00","og_image":[{"width":2000,"height":2000,"url":"https:\/\/selleetools.com\/wp-content\/uploads\/2025\/08\/a3d78ab37ead6e024ca5c72afe0e4a10.jpg","type":"image\/jpeg"}],"twitter_card":"summary_large_image","twitter_misc":{"Est. reading time":"2 minuty"},"schema":{"@context":"https:\/\/schema.org","@graph":[{"@type":"Organization","@id":"https:\/\/selleetools.com\/#organization","name":"Selleetools","url":"https:\/\/selleetools.com\/","sameAs":[],"logo":{"@type":"ImageObject","inLanguage":"pl-PL","@id":"https:\/\/selleetools.com\/#\/schema\/logo\/image\/","url":"https:\/\/selleetools.com\/wp-content\/uploads\/2021\/10\/logo-dark.png","contentUrl":"https:\/\/selleetools.com\/wp-content\/uploads\/2021\/10\/logo-dark.png","width":320,"height":76,"caption":"Selleetools"},"image":{"@id":"https:\/\/selleetools.com\/#\/schema\/logo\/image\/"}},{"@type":"WebSite","@id":"https:\/\/selleetools.com\/#website","url":"https:\/\/selleetools.com\/","name":"Selleetools.com","description":"","publisher":{"@id":"https:\/\/selleetools.com\/#organization"},"potentialAction":[{"@type":"SearchAction","target":{"@type":"EntryPoint","urlTemplate":"https:\/\/selleetools.com\/?s={search_term_string}"},"query-input":"required name=search_term_string"}],"inLanguage":"pl-PL"},{"@type":"WebPage","@id":"https:\/\/admincentral.selleetools.com\/pl\/product\/pilka-do-basenu-napelniana-woda-ultimate-pool-ball-fiolet-zabawka-basenowa\/","url":"https:\/\/admincentral.selleetools.com\/pl\/product\/pilka-do-basenu-napelniana-woda-ultimate-pool-ball-fiolet-zabawka-basenowa\/","name":"Pi\u0142ka do basenu nape\u0142niana wod\u0105 Ultimate Pool Ball Fiolet zabawka basenowa - Selleetools.com","isPartOf":{"@id":"https:\/\/selleetools.com\/#website"},"datePublished":"2025-08-21T14:01:50+00:00","dateModified":"2025-12-02T19:21:30+00:00","breadcrumb":{"@id":"https:\/\/admincentral.selleetools.com\/pl\/product\/pilka-do-basenu-napelniana-woda-ultimate-pool-ball-fiolet-zabawka-basenowa\/#breadcrumb"},"inLanguage":"pl-PL","potentialAction":[{"@type":"ReadAction","target":["https:\/\/admincentral.selleetools.com\/pl\/product\/pilka-do-basenu-napelniana-woda-ultimate-pool-ball-fiolet-zabawka-basenowa\/"]}]},{"@type":"BreadcrumbList","@id":"https:\/\/admincentral.selleetools.com\/pl\/product\/pilka-do-basenu-napelniana-woda-ultimate-pool-ball-fiolet-zabawka-basenowa\/#breadcrumb","itemListElement":[{"@type":"ListItem","position":1,"name":"Home","item":"https:\/\/selleetools.com\/pl\/"},{"@type":"ListItem","position":2,"name":"Katalog","item":"https:\/\/selleetools.com\/pl\/katalog\/"},{"@type":"ListItem","position":3,"name":"Pi\u0142ka do basenu nape\u0142niana wod\u0105 Ultimate Pool Ball Fiolet zabawka basenowa"}]}]}},"_links":{"self":[{"href":"https:\/\/admincentral.selleetools.com\/pl\/wp-json\/wp\/v2\/product\/539470"}],"collection":[{"href":"https:\/\/admincentral.selleetools.com\/pl\/wp-json\/wp\/v2\/product"}],"about":[{"href":"https:\/\/admincentral.selleetools.com\/pl\/wp-json\/wp\/v2\/types\/product"}],"replies":[{"embeddable":true,"href":"https:\/\/admincentral.selleetools.com\/pl\/wp-json\/wp\/v2\/comments?post=539470"}],"wp:featuredmedia":[{"embeddable":true,"href":"https:\/\/admincentral.selleetools.com\/pl\/wp-json\/wp\/v2\/media\/539460"}],"wp:attachment":[{"href":"https:\/\/admincentral.selleetools.com\/pl\/wp-json\/wp\/v2\/media?parent=539470"}],"curies":[{"name":"wp","href":"https:\/\/api.w.org\/{rel}","templated":true}]}}