{"id":539488,"date":"2025-08-21T16:01:59","date_gmt":"2025-08-21T14:01:59","guid":{"rendered":"https:\/\/selleetools.com\/?post_type=product&#038;p=539488"},"modified":"2025-12-02T20:21:28","modified_gmt":"2025-12-02T19:21:28","slug":"obcinaczki-cazki-do-paznokci-z-etui-duze-mocne-ostre-8-cm","status":"publish","type":"product","link":"https:\/\/admincentral.selleetools.com\/pl\/product\/obcinaczki-cazki-do-paznokci-z-etui-duze-mocne-ostre-8-cm\/","title":{"rendered":"Obcinaczki c\u0105\u017cki do paznokci z etui. Du\u017ce, mocne, ostre 8 cm"},"content":{"rendered":"<section class=\"section\">\n<div class=\"item item-6\">\n<section class=\"image-item\"><img src=\"https:\/\/upload.cdn.baselinker.com\/products\/5015626\/2b32d3023c8330140f2b6b2b3cb86a86.jpg\" \/><\/section>\n<\/div>\n<div class=\"item item-6\">\n<section class=\"text-item\">\n<h1>Socialic Premium Nail Clipper Set wraz z etui i pilnikiem do paznokci<\/h1>\n<ul>\n<li>Piel\u0119gnacja paznokci \u2013 obcinacz do paznokci do najwy\u017cszej jako\u015bci piel\u0119gnacji paznokci i piel\u0119gnacji st\u00f3p, odpowiedni dla kobiet, m\u0119\u017cczyzn i dzieci. Do skracania paznokci, idealnie nadaje si\u0119 do zadbanego wygl\u0105du.<\/li>\n<\/ul>\n<\/section>\n<\/div>\n<\/section>\n<section class=\"section\">\n<div class=\"item item-6\">\n<section class=\"text-item\">\n<ul>\n<li>Ostry i precyzyjny \u2013 obcinacz do paznokci jest wyposa\u017cony w dok\u0142adnie dopasowane ostrza, zapewnia precyzyjne i g\u0142adkie ci\u0119cie oraz d\u0142ugotrwa\u0142\u0105 jako\u015b\u0107 ci\u0119cia.<\/li>\n<li>Nierdzewna stal szlachetna \u2013 trymer do paznokci ma precyzyjnie wypolerowan\u0105 powierzchni\u0119 i jest wykonany w 100% ze stali nierdzewnej, idealnie nadaje si\u0119 do \u0142azienki i w podr\u00f3\u017cy.<\/li>\n<\/ul>\n<\/section>\n<\/div>\n<div class=\"item item-6\">\n<section class=\"image-item\"><img src=\"https:\/\/upload.cdn.baselinker.com\/products\/5015626\/266fc2eb6ec766cd98ae9d1eac36f852.jpg\" \/><\/section>\n<\/div>\n<\/section>\n<section class=\"section\">\n<div class=\"item item-6\">\n<section class=\"image-item\"><img src=\"https:\/\/upload.cdn.baselinker.com\/products\/5015626\/2acab40965a36d4549832fc2f26f9e8f.jpg\" \/><\/section>\n<\/div>\n<div class=\"item item-6\">\n<section class=\"text-item\">\n<ul>\n<li>Wytrzyma\u0142y \u2013 solidne wykonanie i wysoka jako\u015b\u0107 umo\u017cliwiaj\u0105 zastosowanie r\u00f3wnie\u017c do grubych paznokci jako obcinacz do paznokci st\u00f3p do piel\u0119gnacji st\u00f3p.<\/li>\n<li>Zestaw zawiera etui i pilnik do paznokci \u2013 obcinacz do paznokci u r\u0105k i st\u00f3p jest dostarczany z praktycznym etui ze sztucznej sk\u00f3ry oraz zintegrowanym pilnikiem do paznokci. Powierzchnia ci\u0119cia ma 1,4 cm, a d\u0142ugo\u015b\u0107 ca\u0142kowita wynosi 8 cm.<\/li>\n<\/ul>\n<\/section>\n<\/div>\n<\/section>\n","protected":false},"excerpt":{"rendered":"<p>Socialic Premium Nail Clipper Set wraz z etui i pilnikiem do paznokci Piel\u0119gnacja paznokci \u2013 obcinacz do paznokci do najwy\u017cszej jako\u015bci piel\u0119gnacji paznokci i piel\u0119gnacji st\u00f3p, odpowiedni dla kobiet, m\u0119\u017cczyzn i dzieci. Do skracania paznokci, idealnie nadaje si\u0119 do zadbanego wygl\u0105du. Ostry i precyzyjny \u2013 obcinacz do paznokci jest wyposa\u017cony w dok\u0142adnie dopasowane ostrza, zapewnia &#8230; <a title=\"Obcinaczki c\u0105\u017cki do paznokci z etui. Du\u017ce, mocne, ostre 8 cm\" class=\"read-more\" href=\"https:\/\/admincentral.selleetools.com\/pl\/product\/obcinaczki-cazki-do-paznokci-z-etui-duze-mocne-ostre-8-cm\/\">Read more<span class=\"screen-reader-text\">Obcinaczki c\u0105\u017cki do paznokci z etui. Du\u017ce, mocne, ostre 8 cm<\/span><\/a><\/p>\n","protected":false},"featured_media":539478,"comment_status":"closed","ping_status":"closed","template":"","meta":{"_links_to":"","_links_to_target":""},"yoast_head":"<!-- This site is optimized with the Yoast SEO plugin v19.4 - https:\/\/yoast.com\/wordpress\/plugins\/seo\/ -->\n<title>Obcinaczki c\u0105\u017cki do paznokci z etui. Du\u017ce, mocne, ostre 8 cm - Selleetools.com<\/title>\n<meta name=\"robots\" content=\"index, follow, max-snippet:-1, max-image-preview:large, max-video-preview:-1\" \/>\n<link rel=\"canonical\" href=\"https:\/\/admincentral.selleetools.com\/pl\/product\/obcinaczki-cazki-do-paznokci-z-etui-duze-mocne-ostre-8-cm\/\" \/>\n<meta property=\"og:locale\" content=\"pl_PL\" \/>\n<meta property=\"og:type\" content=\"article\" \/>\n<meta property=\"og:title\" content=\"Obcinaczki c\u0105\u017cki do paznokci z etui. Du\u017ce, mocne, ostre 8 cm - Selleetools.com\" \/>\n<meta property=\"og:description\" content=\"Socialic Premium Nail Clipper Set wraz z etui i pilnikiem do paznokci Piel\u0119gnacja paznokci \u2013 obcinacz do paznokci do najwy\u017cszej jako\u015bci piel\u0119gnacji paznokci i piel\u0119gnacji st\u00f3p, odpowiedni dla kobiet, m\u0119\u017cczyzn i dzieci. Do skracania paznokci, idealnie nadaje si\u0119 do zadbanego wygl\u0105du. Ostry i precyzyjny \u2013 obcinacz do paznokci jest wyposa\u017cony w dok\u0142adnie dopasowane ostrza, zapewnia ... Read moreObcinaczki c\u0105\u017cki do paznokci z etui. Du\u017ce, mocne, ostre 8 cm\" \/>\n<meta property=\"og:url\" content=\"https:\/\/admincentral.selleetools.com\/pl\/product\/obcinaczki-cazki-do-paznokci-z-etui-duze-mocne-ostre-8-cm\/\" \/>\n<meta property=\"og:site_name\" content=\"Selleetools.com\" \/>\n<meta property=\"article:modified_time\" content=\"2025-12-02T19:21:28+00:00\" \/>\n<meta property=\"og:image\" content=\"https:\/\/selleetools.com\/wp-content\/uploads\/2025\/08\/2b32d3023c8330140f2b6b2b3cb86a86.jpg\" \/>\n\t<meta property=\"og:image:width\" content=\"522\" \/>\n\t<meta property=\"og:image:height\" content=\"437\" \/>\n\t<meta property=\"og:image:type\" content=\"image\/jpeg\" \/>\n<meta name=\"twitter:card\" content=\"summary_large_image\" \/>\n<meta name=\"twitter:label1\" content=\"Est. reading time\" \/>\n\t<meta name=\"twitter:data1\" content=\"1 minuta\" \/>\n<!-- \/ Yoast SEO plugin. -->","yoast_head_json":{"title":"Obcinaczki c\u0105\u017cki do paznokci z etui. Du\u017ce, mocne, ostre 8 cm - Selleetools.com","robots":{"index":"index","follow":"follow","max-snippet":"max-snippet:-1","max-image-preview":"max-image-preview:large","max-video-preview":"max-video-preview:-1"},"canonical":"https:\/\/admincentral.selleetools.com\/pl\/product\/obcinaczki-cazki-do-paznokci-z-etui-duze-mocne-ostre-8-cm\/","og_locale":"pl_PL","og_type":"article","og_title":"Obcinaczki c\u0105\u017cki do paznokci z etui. Du\u017ce, mocne, ostre 8 cm - Selleetools.com","og_description":"Socialic Premium Nail Clipper Set wraz z etui i pilnikiem do paznokci Piel\u0119gnacja paznokci \u2013 obcinacz do paznokci do najwy\u017cszej jako\u015bci piel\u0119gnacji paznokci i piel\u0119gnacji st\u00f3p, odpowiedni dla kobiet, m\u0119\u017cczyzn i dzieci. Do skracania paznokci, idealnie nadaje si\u0119 do zadbanego wygl\u0105du. Ostry i precyzyjny \u2013 obcinacz do paznokci jest wyposa\u017cony w dok\u0142adnie dopasowane ostrza, zapewnia ... Read moreObcinaczki c\u0105\u017cki do paznokci z etui. Du\u017ce, mocne, ostre 8 cm","og_url":"https:\/\/admincentral.selleetools.com\/pl\/product\/obcinaczki-cazki-do-paznokci-z-etui-duze-mocne-ostre-8-cm\/","og_site_name":"Selleetools.com","article_modified_time":"2025-12-02T19:21:28+00:00","og_image":[{"width":522,"height":437,"url":"https:\/\/selleetools.com\/wp-content\/uploads\/2025\/08\/2b32d3023c8330140f2b6b2b3cb86a86.jpg","type":"image\/jpeg"}],"twitter_card":"summary_large_image","twitter_misc":{"Est. reading time":"1 minuta"},"schema":{"@context":"https:\/\/schema.org","@graph":[{"@type":"Organization","@id":"https:\/\/selleetools.com\/#organization","name":"Selleetools","url":"https:\/\/selleetools.com\/","sameAs":[],"logo":{"@type":"ImageObject","inLanguage":"pl-PL","@id":"https:\/\/selleetools.com\/#\/schema\/logo\/image\/","url":"https:\/\/selleetools.com\/wp-content\/uploads\/2021\/10\/logo-dark.png","contentUrl":"https:\/\/selleetools.com\/wp-content\/uploads\/2021\/10\/logo-dark.png","width":320,"height":76,"caption":"Selleetools"},"image":{"@id":"https:\/\/selleetools.com\/#\/schema\/logo\/image\/"}},{"@type":"WebSite","@id":"https:\/\/selleetools.com\/#website","url":"https:\/\/selleetools.com\/","name":"Selleetools.com","description":"","publisher":{"@id":"https:\/\/selleetools.com\/#organization"},"potentialAction":[{"@type":"SearchAction","target":{"@type":"EntryPoint","urlTemplate":"https:\/\/selleetools.com\/?s={search_term_string}"},"query-input":"required name=search_term_string"}],"inLanguage":"pl-PL"},{"@type":"WebPage","@id":"https:\/\/admincentral.selleetools.com\/pl\/product\/obcinaczki-cazki-do-paznokci-z-etui-duze-mocne-ostre-8-cm\/","url":"https:\/\/admincentral.selleetools.com\/pl\/product\/obcinaczki-cazki-do-paznokci-z-etui-duze-mocne-ostre-8-cm\/","name":"Obcinaczki c\u0105\u017cki do paznokci z etui. Du\u017ce, mocne, ostre 8 cm - Selleetools.com","isPartOf":{"@id":"https:\/\/selleetools.com\/#website"},"datePublished":"2025-08-21T14:01:59+00:00","dateModified":"2025-12-02T19:21:28+00:00","breadcrumb":{"@id":"https:\/\/admincentral.selleetools.com\/pl\/product\/obcinaczki-cazki-do-paznokci-z-etui-duze-mocne-ostre-8-cm\/#breadcrumb"},"inLanguage":"pl-PL","potentialAction":[{"@type":"ReadAction","target":["https:\/\/admincentral.selleetools.com\/pl\/product\/obcinaczki-cazki-do-paznokci-z-etui-duze-mocne-ostre-8-cm\/"]}]},{"@type":"BreadcrumbList","@id":"https:\/\/admincentral.selleetools.com\/pl\/product\/obcinaczki-cazki-do-paznokci-z-etui-duze-mocne-ostre-8-cm\/#breadcrumb","itemListElement":[{"@type":"ListItem","position":1,"name":"Home","item":"https:\/\/selleetools.com\/pl\/"},{"@type":"ListItem","position":2,"name":"Katalog","item":"https:\/\/selleetools.com\/pl\/katalog\/"},{"@type":"ListItem","position":3,"name":"Obcinaczki c\u0105\u017cki do paznokci z etui. Du\u017ce, mocne, ostre 8 cm"}]}]}},"_links":{"self":[{"href":"https:\/\/admincentral.selleetools.com\/pl\/wp-json\/wp\/v2\/product\/539488"}],"collection":[{"href":"https:\/\/admincentral.selleetools.com\/pl\/wp-json\/wp\/v2\/product"}],"about":[{"href":"https:\/\/admincentral.selleetools.com\/pl\/wp-json\/wp\/v2\/types\/product"}],"replies":[{"embeddable":true,"href":"https:\/\/admincentral.selleetools.com\/pl\/wp-json\/wp\/v2\/comments?post=539488"}],"wp:featuredmedia":[{"embeddable":true,"href":"https:\/\/admincentral.selleetools.com\/pl\/wp-json\/wp\/v2\/media\/539478"}],"wp:attachment":[{"href":"https:\/\/admincentral.selleetools.com\/pl\/wp-json\/wp\/v2\/media?parent=539488"}],"curies":[{"name":"wp","href":"https:\/\/api.w.org\/{rel}","templated":true}]}}