{"id":539493,"date":"2025-08-21T16:02:04","date_gmt":"2025-08-21T14:02:04","guid":{"rendered":"https:\/\/selleetools.com\/?post_type=product&#038;p=539493"},"modified":"2025-12-02T20:21:28","modified_gmt":"2025-12-02T19:21:28","slug":"puszyste-legowisko-dla-psa-purefun-60cm","status":"publish","type":"product","link":"https:\/\/admincentral.selleetools.com\/pl\/product\/puszyste-legowisko-dla-psa-purefun-60cm\/","title":{"rendered":"Puszyste legowisko dla psa Purefun 60cm"},"content":{"rendered":"<section class=\"section\">\n<div class=\"item item-6\">\n<section class=\"image-item\"><img src=\"https:\/\/upload.cdn.baselinker.com\/products\/5015626\/9a4809a2c71c5ea2d502dca2a76895f0.jpg\" \/><\/section>\n<\/div>\n<div class=\"item item-6\">\n<section class=\"text-item\">\n<ul>\n<li>Materia\u0142y wysokiej jako\u015bci: okr\u0105g\u0142e legowisko dla psa wykonane jest ze sztucznego futra, kt\u00f3re jest wyj\u0105tkowo mi\u0119kkie, ciep\u0142e i wygodne dla Twoich ps\u00f3w i kot\u00f3w. Legowisko dla psa wype\u0142nione jest przyjazn\u0105 dla \u015brodowiska i mi\u0119kk\u0105 bawe\u0142n\u0105 PP, a super mi\u0119kkie wype\u0142nienie \u0142agodzi b\u00f3le staw\u00f3w i mi\u0119\u015bni. Przytulna sofa dla psa pomo\u017ce Twojemu futrzanemu przyjacielowi odpocz\u0105\u0107, a co za tym idzie, poprawi\u0107 zachowanie i zdrowie.<\/li>\n<li>Unikalny design: puszysty, pluszowy, okr\u0105g\u0142y i \u0142adny kolor sprawia, \u017ce \u200b\u200blegowisko dla zwierz\u0105t jest bardziej akceptowalne dla ps\u00f3w i kot\u00f3w. Poduszka do legowiska Donut z podwy\u017cszon\u0105 kraw\u0119dzi\u0105 stwarza poczucie bezpiecze\u0144stwa i zapewnia wsparcie g\u0142owy i szyi. Podstawa okr\u0105g\u0142ego legowiska w kszta\u0142cie p\u0105czka zosta\u0142a zaprojektowana z antypo\u015blizgowymi silikonowymi kropkami, kt\u00f3re zapobiegaj\u0105 \u015blizganiu si\u0119 legowiska dla bezpiecze\u0144stwa Twojego zwierzaka.<\/li>\n<li>\u0141atwe w czyszczeniu: komfortowe legowisko dla psa mo\u017cna pra\u0107 w pralce i suszarce. Zwykle zalecamy pranie r\u0119czne lub delikatne pranie w pralce i bezpo\u015brednie suszenie w suszarce b\u0119bnowej. Przytulne legowisko dla zwierz\u0105t jest \u0142atwe w czyszczeniu, dzi\u0119ki czemu Twoje zwierzaki maj\u0105 wygodne i czyste miejsce do spania.<\/li>\n<li>Lekkie i przeno\u015bne: legowisko dla psa jest lekkie i przeno\u015bne w podr\u00f3\u017cy. Jest bardzo \u0142atwy do przenoszenia i wygodny do noszenia w samochodzie. To niepokoj\u0105ce legowisko dla psa mo\u017ce zapewni\u0107 Twoim zwierz\u0119tom komfortowy pobyt podczas biwakowania i podr\u00f3\u017cy na \u015bwie\u017cym powietrzu. Legowisko dla szczeni\u0119cia mo\u017ce wyd\u0142u\u017cy\u0107 czas sp\u0119dzony ze swoim pupilem. Mo\u017ce zapewni\u0107 Tobie i Twojemu przyjacielowi towarzystwo drugiej osoby.<\/li>\n<\/ul>\n<\/section>\n<\/div>\n<\/section>\n<section class=\"section\">\n<div class=\"item item-12\">\n<section class=\"image-item\"><img src=\"https:\/\/upload.cdn.baselinker.com\/products\/5015626\/24697d0458dd73666ee4a15018ecace0.jpg\" \/><\/section>\n<\/div>\n<\/section>\n","protected":false},"excerpt":{"rendered":"<p>Materia\u0142y wysokiej jako\u015bci: okr\u0105g\u0142e legowisko dla psa wykonane jest ze sztucznego futra, kt\u00f3re jest wyj\u0105tkowo mi\u0119kkie, ciep\u0142e i wygodne dla Twoich ps\u00f3w i kot\u00f3w. Legowisko dla psa wype\u0142nione jest przyjazn\u0105 dla \u015brodowiska i mi\u0119kk\u0105 bawe\u0142n\u0105 PP, a super mi\u0119kkie wype\u0142nienie \u0142agodzi b\u00f3le staw\u00f3w i mi\u0119\u015bni. Przytulna sofa dla psa pomo\u017ce Twojemu futrzanemu przyjacielowi odpocz\u0105\u0107, a &#8230; <a title=\"Puszyste legowisko dla psa Purefun 60cm\" class=\"read-more\" href=\"https:\/\/admincentral.selleetools.com\/pl\/product\/puszyste-legowisko-dla-psa-purefun-60cm\/\">Read more<span class=\"screen-reader-text\">Puszyste legowisko dla psa Purefun 60cm<\/span><\/a><\/p>\n","protected":false},"featured_media":539489,"comment_status":"closed","ping_status":"closed","template":"","meta":{"_links_to":"","_links_to_target":""},"yoast_head":"<!-- This site is optimized with the Yoast SEO plugin v19.4 - https:\/\/yoast.com\/wordpress\/plugins\/seo\/ -->\n<title>Puszyste legowisko dla psa Purefun 60cm - Selleetools.com<\/title>\n<meta name=\"robots\" content=\"index, follow, max-snippet:-1, max-image-preview:large, max-video-preview:-1\" \/>\n<link rel=\"canonical\" href=\"https:\/\/admincentral.selleetools.com\/pl\/product\/puszyste-legowisko-dla-psa-purefun-60cm\/\" \/>\n<meta property=\"og:locale\" content=\"pl_PL\" \/>\n<meta property=\"og:type\" content=\"article\" \/>\n<meta property=\"og:title\" content=\"Puszyste legowisko dla psa Purefun 60cm - Selleetools.com\" \/>\n<meta property=\"og:description\" content=\"Materia\u0142y wysokiej jako\u015bci: okr\u0105g\u0142e legowisko dla psa wykonane jest ze sztucznego futra, kt\u00f3re jest wyj\u0105tkowo mi\u0119kkie, ciep\u0142e i wygodne dla Twoich ps\u00f3w i kot\u00f3w. Legowisko dla psa wype\u0142nione jest przyjazn\u0105 dla \u015brodowiska i mi\u0119kk\u0105 bawe\u0142n\u0105 PP, a super mi\u0119kkie wype\u0142nienie \u0142agodzi b\u00f3le staw\u00f3w i mi\u0119\u015bni. Przytulna sofa dla psa pomo\u017ce Twojemu futrzanemu przyjacielowi odpocz\u0105\u0107, a ... Read morePuszyste legowisko dla psa Purefun 60cm\" \/>\n<meta property=\"og:url\" content=\"https:\/\/admincentral.selleetools.com\/pl\/product\/puszyste-legowisko-dla-psa-purefun-60cm\/\" \/>\n<meta property=\"og:site_name\" content=\"Selleetools.com\" \/>\n<meta property=\"article:modified_time\" content=\"2025-12-02T19:21:28+00:00\" \/>\n<meta property=\"og:image\" content=\"https:\/\/selleetools.com\/wp-content\/uploads\/2025\/08\/9a4809a2c71c5ea2d502dca2a76895f0.jpg\" \/>\n\t<meta property=\"og:image:width\" content=\"1024\" \/>\n\t<meta property=\"og:image:height\" content=\"1024\" \/>\n\t<meta property=\"og:image:type\" content=\"image\/jpeg\" \/>\n<meta name=\"twitter:card\" content=\"summary_large_image\" \/>\n<meta name=\"twitter:label1\" content=\"Est. reading time\" \/>\n\t<meta name=\"twitter:data1\" content=\"1 minuta\" \/>\n<!-- \/ Yoast SEO plugin. -->","yoast_head_json":{"title":"Puszyste legowisko dla psa Purefun 60cm - Selleetools.com","robots":{"index":"index","follow":"follow","max-snippet":"max-snippet:-1","max-image-preview":"max-image-preview:large","max-video-preview":"max-video-preview:-1"},"canonical":"https:\/\/admincentral.selleetools.com\/pl\/product\/puszyste-legowisko-dla-psa-purefun-60cm\/","og_locale":"pl_PL","og_type":"article","og_title":"Puszyste legowisko dla psa Purefun 60cm - Selleetools.com","og_description":"Materia\u0142y wysokiej jako\u015bci: okr\u0105g\u0142e legowisko dla psa wykonane jest ze sztucznego futra, kt\u00f3re jest wyj\u0105tkowo mi\u0119kkie, ciep\u0142e i wygodne dla Twoich ps\u00f3w i kot\u00f3w. Legowisko dla psa wype\u0142nione jest przyjazn\u0105 dla \u015brodowiska i mi\u0119kk\u0105 bawe\u0142n\u0105 PP, a super mi\u0119kkie wype\u0142nienie \u0142agodzi b\u00f3le staw\u00f3w i mi\u0119\u015bni. Przytulna sofa dla psa pomo\u017ce Twojemu futrzanemu przyjacielowi odpocz\u0105\u0107, a ... Read morePuszyste legowisko dla psa Purefun 60cm","og_url":"https:\/\/admincentral.selleetools.com\/pl\/product\/puszyste-legowisko-dla-psa-purefun-60cm\/","og_site_name":"Selleetools.com","article_modified_time":"2025-12-02T19:21:28+00:00","og_image":[{"width":1024,"height":1024,"url":"https:\/\/selleetools.com\/wp-content\/uploads\/2025\/08\/9a4809a2c71c5ea2d502dca2a76895f0.jpg","type":"image\/jpeg"}],"twitter_card":"summary_large_image","twitter_misc":{"Est. reading time":"1 minuta"},"schema":{"@context":"https:\/\/schema.org","@graph":[{"@type":"Organization","@id":"https:\/\/selleetools.com\/#organization","name":"Selleetools","url":"https:\/\/selleetools.com\/","sameAs":[],"logo":{"@type":"ImageObject","inLanguage":"pl-PL","@id":"https:\/\/selleetools.com\/#\/schema\/logo\/image\/","url":"https:\/\/selleetools.com\/wp-content\/uploads\/2021\/10\/logo-dark.png","contentUrl":"https:\/\/selleetools.com\/wp-content\/uploads\/2021\/10\/logo-dark.png","width":320,"height":76,"caption":"Selleetools"},"image":{"@id":"https:\/\/selleetools.com\/#\/schema\/logo\/image\/"}},{"@type":"WebSite","@id":"https:\/\/selleetools.com\/#website","url":"https:\/\/selleetools.com\/","name":"Selleetools.com","description":"","publisher":{"@id":"https:\/\/selleetools.com\/#organization"},"potentialAction":[{"@type":"SearchAction","target":{"@type":"EntryPoint","urlTemplate":"https:\/\/selleetools.com\/?s={search_term_string}"},"query-input":"required name=search_term_string"}],"inLanguage":"pl-PL"},{"@type":"WebPage","@id":"https:\/\/admincentral.selleetools.com\/pl\/product\/puszyste-legowisko-dla-psa-purefun-60cm\/","url":"https:\/\/admincentral.selleetools.com\/pl\/product\/puszyste-legowisko-dla-psa-purefun-60cm\/","name":"Puszyste legowisko dla psa Purefun 60cm - Selleetools.com","isPartOf":{"@id":"https:\/\/selleetools.com\/#website"},"datePublished":"2025-08-21T14:02:04+00:00","dateModified":"2025-12-02T19:21:28+00:00","breadcrumb":{"@id":"https:\/\/admincentral.selleetools.com\/pl\/product\/puszyste-legowisko-dla-psa-purefun-60cm\/#breadcrumb"},"inLanguage":"pl-PL","potentialAction":[{"@type":"ReadAction","target":["https:\/\/admincentral.selleetools.com\/pl\/product\/puszyste-legowisko-dla-psa-purefun-60cm\/"]}]},{"@type":"BreadcrumbList","@id":"https:\/\/admincentral.selleetools.com\/pl\/product\/puszyste-legowisko-dla-psa-purefun-60cm\/#breadcrumb","itemListElement":[{"@type":"ListItem","position":1,"name":"Home","item":"https:\/\/selleetools.com\/pl\/"},{"@type":"ListItem","position":2,"name":"Katalog","item":"https:\/\/selleetools.com\/pl\/katalog\/"},{"@type":"ListItem","position":3,"name":"Puszyste legowisko dla psa Purefun 60cm"}]}]}},"_links":{"self":[{"href":"https:\/\/admincentral.selleetools.com\/pl\/wp-json\/wp\/v2\/product\/539493"}],"collection":[{"href":"https:\/\/admincentral.selleetools.com\/pl\/wp-json\/wp\/v2\/product"}],"about":[{"href":"https:\/\/admincentral.selleetools.com\/pl\/wp-json\/wp\/v2\/types\/product"}],"replies":[{"embeddable":true,"href":"https:\/\/admincentral.selleetools.com\/pl\/wp-json\/wp\/v2\/comments?post=539493"}],"wp:featuredmedia":[{"embeddable":true,"href":"https:\/\/admincentral.selleetools.com\/pl\/wp-json\/wp\/v2\/media\/539489"}],"wp:attachment":[{"href":"https:\/\/admincentral.selleetools.com\/pl\/wp-json\/wp\/v2\/media?parent=539493"}],"curies":[{"name":"wp","href":"https:\/\/api.w.org\/{rel}","templated":true}]}}