{"id":592981,"date":"2025-10-16T12:19:20","date_gmt":"2025-10-16T10:19:20","guid":{"rendered":"https:\/\/selleetools.com\/?post_type=product&#038;p=592981"},"modified":"2026-04-08T16:36:56","modified_gmt":"2026-04-08T14:36:56","slug":"skrzynki","status":"publish","type":"product","link":"https:\/\/admincentral.selleetools.com\/pl\/product\/skrzynki\/","title":{"rendered":"Skrzynki"},"content":{"rendered":"<p>Opis produktu #1 Dr\u0105\u017cek holowniczy ma d\u0142ugo\u015b\u0107 1,8 m, sk\u0142ada si\u0119 z 4 segment\u00f3w po 45 cm. Po\u0142\u0105czone ze sob\u0105 za pomoc\u0105 urz\u0105dze\u0144 zabezpieczaj\u0105cych z elementami zatrzaskowymi. Haki holownicze s\u0105 dostosowane do elementu fabrycznego pojazdu dopasowanego do pojazd\u00f3w holowniczych. Komponenty kopytu s\u0105 po\u0142\u0105czone za pomoc\u0105 pilot\u00f3w, kt\u00f3re stanowi\u0105 sztywno\u015b\u0107 kopytu. Haczyki maj\u0105 mechanizm blokuj\u0105cy dla elementu przystosowanego do holowania pojazdu. Podczas holowania haki powinny by\u0107 skierowane w d\u00f3\u0142, a ko\u0142ki i \u015bruby powinny by\u0107 skierowane w g\u00f3r\u0119.Dr\u0105\u017cek holowniczy jest wykonany z wysokiej jako\u015bci materia\u0142\u00f3w, a jego produkcja opiera si\u0119 na dyrektywie maszynowej UE. Deklaracja zgodno\u015bci CE oraz instrukcja monta\u017cu i monta\u017cu wchodz\u0105 w zakres dostawy. Dr\u0105\u017cek holowniczy to produkt polski, wyprodukowany przez DELTA, kt\u00f3ry ma 40-letnie do\u015bwiadczenie w produkcji urz\u0105dze\u0144 i akcesori\u00f3w.Informacje o produkcieDyszel holowniczy o masie 3,5 tony jest wykonany z wysokiej jako\u015bci rur stalowych o \u015brednicy 30 mm. Haki holownicze s\u0105 wyposa\u017cone w haczyki i zabezpieczenia ze spr\u0119\u017cynami.Hak holowniczy o masie 3,5 tony sk\u0142ada si\u0119 z 4 element\u00f3w o \u0142\u0105cznej d\u0142ugo\u015bci 1,8 m i regulowanych zamk\u00f3w ze \u015brubami wyposa\u017conymi w zabezpieczenie spr\u0119\u017cyn.Maksymalne obci\u0105\u017cenie: 3500 kg. Stabilny maszt umo\u017cliwia bezpieczne i bezpieczne holowanie wi\u0119kszo\u015bci pojazd\u00f3w do 3500 kgSpe\u0142nia standardy TUV\/GS. Dr\u0105\u017cki s\u0105 produkowane zgodnie z dyrektyw\u0105 dotycz\u0105c\u0105 maszyn UE. Deklaracja zgodno\u015bci WE jest wydawana jako dokument jako\u015bci.Ca\u0142kowita d\u0142ugo\u015b\u0107: 1800 mm, rozk\u0142ada si\u0119 na 4 sztuki do przechowywania. Dostarczany z praktyczn\u0105 p\u0142\u00f3cienn\u0105 torb\u0105 do przechowywania.<\/p>\n","protected":false},"excerpt":{"rendered":"<p>Opis produktu #1 Dr\u0105\u017cek holowniczy ma d\u0142ugo\u015b\u0107 1,8 m, sk\u0142ada si\u0119 z 4 segment\u00f3w po 45 cm. Po\u0142\u0105czone ze sob\u0105 za pomoc\u0105 urz\u0105dze\u0144 zabezpieczaj\u0105cych z elementami zatrzaskowymi. Haki holownicze s\u0105 dostosowane do elementu fabrycznego pojazdu dopasowanego do pojazd\u00f3w holowniczych. Komponenty kopytu s\u0105 po\u0142\u0105czone za pomoc\u0105 pilot\u00f3w, kt\u00f3re stanowi\u0105 sztywno\u015b\u0107 kopytu. Haczyki maj\u0105 mechanizm blokuj\u0105cy dla &#8230; <a title=\"Skrzynki\" class=\"read-more\" href=\"https:\/\/admincentral.selleetools.com\/pl\/product\/skrzynki\/\">Read more<span class=\"screen-reader-text\">Skrzynki<\/span><\/a><\/p>\n","protected":false},"featured_media":592990,"comment_status":"open","ping_status":"closed","template":"","meta":{"_links_to":"","_links_to_target":""},"yoast_head":"<!-- This site is optimized with the Yoast SEO plugin v19.4 - https:\/\/yoast.com\/wordpress\/plugins\/seo\/ -->\n<title>Skrzynki - Selleetools.com<\/title>\n<meta name=\"robots\" content=\"index, follow, max-snippet:-1, max-image-preview:large, max-video-preview:-1\" \/>\n<link rel=\"canonical\" href=\"https:\/\/selleetools.com\/pl\/product\/skrzynki\/\" \/>\n<meta property=\"og:locale\" content=\"pl_PL\" \/>\n<meta property=\"og:type\" content=\"article\" \/>\n<meta property=\"og:title\" content=\"Skrzynki - Selleetools.com\" \/>\n<meta property=\"og:description\" content=\"Opis produktu #1 Dr\u0105\u017cek holowniczy ma d\u0142ugo\u015b\u0107 1,8 m, sk\u0142ada si\u0119 z 4 segment\u00f3w po 45 cm. Po\u0142\u0105czone ze sob\u0105 za pomoc\u0105 urz\u0105dze\u0144 zabezpieczaj\u0105cych z elementami zatrzaskowymi. Haki holownicze s\u0105 dostosowane do elementu fabrycznego pojazdu dopasowanego do pojazd\u00f3w holowniczych. Komponenty kopytu s\u0105 po\u0142\u0105czone za pomoc\u0105 pilot\u00f3w, kt\u00f3re stanowi\u0105 sztywno\u015b\u0107 kopytu. Haczyki maj\u0105 mechanizm blokuj\u0105cy dla ... Read moreSkrzynki\" \/>\n<meta property=\"og:url\" content=\"https:\/\/selleetools.com\/pl\/product\/skrzynki\/\" \/>\n<meta property=\"og:site_name\" content=\"Selleetools.com\" \/>\n<meta property=\"article:modified_time\" content=\"2026-04-08T14:36:56+00:00\" \/>\n<meta property=\"og:image\" content=\"https:\/\/selleetools.com\/wp-content\/uploads\/2025\/10\/eafdff3d6550a190c654031f9e39b59c.jpg\" \/>\n\t<meta property=\"og:image:width\" content=\"678\" \/>\n\t<meta property=\"og:image:height\" content=\"1024\" \/>\n\t<meta property=\"og:image:type\" content=\"image\/jpeg\" \/>\n<meta name=\"twitter:card\" content=\"summary_large_image\" \/>\n<meta name=\"twitter:label1\" content=\"Est. reading time\" \/>\n\t<meta name=\"twitter:data1\" content=\"1 minuta\" \/>\n<!-- \/ Yoast SEO plugin. -->","yoast_head_json":{"title":"Skrzynki - Selleetools.com","robots":{"index":"index","follow":"follow","max-snippet":"max-snippet:-1","max-image-preview":"max-image-preview:large","max-video-preview":"max-video-preview:-1"},"canonical":"https:\/\/selleetools.com\/pl\/product\/skrzynki\/","og_locale":"pl_PL","og_type":"article","og_title":"Skrzynki - Selleetools.com","og_description":"Opis produktu #1 Dr\u0105\u017cek holowniczy ma d\u0142ugo\u015b\u0107 1,8 m, sk\u0142ada si\u0119 z 4 segment\u00f3w po 45 cm. Po\u0142\u0105czone ze sob\u0105 za pomoc\u0105 urz\u0105dze\u0144 zabezpieczaj\u0105cych z elementami zatrzaskowymi. Haki holownicze s\u0105 dostosowane do elementu fabrycznego pojazdu dopasowanego do pojazd\u00f3w holowniczych. Komponenty kopytu s\u0105 po\u0142\u0105czone za pomoc\u0105 pilot\u00f3w, kt\u00f3re stanowi\u0105 sztywno\u015b\u0107 kopytu. Haczyki maj\u0105 mechanizm blokuj\u0105cy dla ... Read moreSkrzynki","og_url":"https:\/\/selleetools.com\/pl\/product\/skrzynki\/","og_site_name":"Selleetools.com","article_modified_time":"2026-04-08T14:36:56+00:00","og_image":[{"width":678,"height":1024,"url":"https:\/\/selleetools.com\/wp-content\/uploads\/2025\/10\/eafdff3d6550a190c654031f9e39b59c.jpg","type":"image\/jpeg"}],"twitter_card":"summary_large_image","twitter_misc":{"Est. reading time":"1 minuta"},"schema":{"@context":"https:\/\/schema.org","@graph":[{"@type":"Organization","@id":"https:\/\/selleetools.com\/#organization","name":"Selleetools","url":"https:\/\/selleetools.com\/","sameAs":[],"logo":{"@type":"ImageObject","inLanguage":"pl-PL","@id":"https:\/\/selleetools.com\/#\/schema\/logo\/image\/","url":"https:\/\/selleetools.com\/wp-content\/uploads\/2021\/10\/logo-dark.png","contentUrl":"https:\/\/selleetools.com\/wp-content\/uploads\/2021\/10\/logo-dark.png","width":320,"height":76,"caption":"Selleetools"},"image":{"@id":"https:\/\/selleetools.com\/#\/schema\/logo\/image\/"}},{"@type":"WebSite","@id":"https:\/\/selleetools.com\/#website","url":"https:\/\/selleetools.com\/","name":"Selleetools.com","description":"","publisher":{"@id":"https:\/\/selleetools.com\/#organization"},"potentialAction":[{"@type":"SearchAction","target":{"@type":"EntryPoint","urlTemplate":"https:\/\/selleetools.com\/?s={search_term_string}"},"query-input":"required name=search_term_string"}],"inLanguage":"pl-PL"},{"@type":"WebPage","@id":"https:\/\/selleetools.com\/pl\/product\/skrzynki\/","url":"https:\/\/selleetools.com\/pl\/product\/skrzynki\/","name":"Skrzynki - Selleetools.com","isPartOf":{"@id":"https:\/\/selleetools.com\/#website"},"datePublished":"2025-10-16T10:19:20+00:00","dateModified":"2026-04-08T14:36:56+00:00","breadcrumb":{"@id":"https:\/\/selleetools.com\/pl\/product\/skrzynki\/#breadcrumb"},"inLanguage":"pl-PL","potentialAction":[{"@type":"ReadAction","target":["https:\/\/selleetools.com\/pl\/product\/skrzynki\/"]}]},{"@type":"BreadcrumbList","@id":"https:\/\/selleetools.com\/pl\/product\/skrzynki\/#breadcrumb","itemListElement":[{"@type":"ListItem","position":1,"name":"Home","item":"https:\/\/selleetools.com\/pl\/"},{"@type":"ListItem","position":2,"name":"Katalog","item":"https:\/\/selleetools.com\/pl\/katalog\/"},{"@type":"ListItem","position":3,"name":"Skrzynki"}]}]}},"_links":{"self":[{"href":"https:\/\/admincentral.selleetools.com\/pl\/wp-json\/wp\/v2\/product\/592981"}],"collection":[{"href":"https:\/\/admincentral.selleetools.com\/pl\/wp-json\/wp\/v2\/product"}],"about":[{"href":"https:\/\/admincentral.selleetools.com\/pl\/wp-json\/wp\/v2\/types\/product"}],"replies":[{"embeddable":true,"href":"https:\/\/admincentral.selleetools.com\/pl\/wp-json\/wp\/v2\/comments?post=592981"}],"wp:featuredmedia":[{"embeddable":true,"href":"https:\/\/admincentral.selleetools.com\/pl\/wp-json\/wp\/v2\/media\/592990"}],"wp:attachment":[{"href":"https:\/\/admincentral.selleetools.com\/pl\/wp-json\/wp\/v2\/media?parent=592981"}],"curies":[{"name":"wp","href":"https:\/\/api.w.org\/{rel}","templated":true}]}}