{"id":596355,"date":"2025-10-22T08:04:14","date_gmt":"2025-10-22T06:04:14","guid":{"rendered":"https:\/\/selleetools.com\/?post_type=product&#038;p=596355"},"modified":"2026-03-03T12:36:07","modified_gmt":"2026-03-03T11:36:07","slug":"pyunkang-yul-cleansing-foam-150-ml-pianka-do-oczyszczania-twarzy","status":"publish","type":"product","link":"https:\/\/admincentral.selleetools.com\/pl\/product\/pyunkang-yul-cleansing-foam-150-ml-pianka-do-oczyszczania-twarzy\/","title":{"rendered":"Pyunkang Yul Cleansing Foam 150 ml &#8211; Pianka do oczyszczania twarzy"},"content":{"rendered":"<p>Pyunkang Yul Cleansing Foam to delikatny, lecz skuteczny kosmetyk  oczyszczaj\u0105cy, opracowany przez ekspert\u00f3w z renomowanej korea\u0144skiej marki Pyunkang Yul. Formu\u0142a tego kosmetyku zosta\u0142a stworzona z my\u015bl\u0105 o codziennej piel\u0119gnacji sk\u00f3ry, wykorzystuj\u0105c naturalne sk\u0142adniki, kt\u00f3re dog\u0142\u0119bnie oczyszczaj\u0105, nawil\u017caj\u0105 i chroni\u0105 sk\u00f3r\u0119. Produkt jest przeznaczony do wszystkich typ\u00f3w sk\u00f3ry, w tym sk\u00f3ry wra\u017cliwej i sk\u0142onnej do podra\u017cnie\u0144.<\/p>\n<p>Cleansing Foam od Pyunkang Yul to kosmetyk, kt\u00f3ry nie tylko usuwa zanieczyszczenia i nadmiar sebum, ale tak\u017ce dostarcza sk\u00f3rze niezb\u0119dnych sk\u0142adnik\u00f3w od\u017cywczych, pozostawiaj\u0105c j\u0105 \u015bwie\u017c\u0105, mi\u0119kk\u0105 i promienn\u0105. Dzi\u0119ki starannie dobranym sk\u0142adnikom, pianka pomaga w utrzymaniu naturalnej r\u00f3wnowagi sk\u00f3ry, zapewniaj\u0105c jej zdrowy wygl\u0105d ka\u017cdego dnia.<\/p>\n<p>Korzy\u015bci dla sk\u00f3ry:<br \/>\nG\u0142\u0119bokie oczyszczenie: Skutecznie usuwa zanieczyszczenia, nadmiar sebum i resztki makija\u017cu, pozostawiaj\u0105c sk\u00f3r\u0119 czyst\u0105 i od\u015bwie\u017con\u0105.<br \/>\nNawil\u017cenie: Pomaga utrzyma\u0107 optymalny poziom nawil\u017cenia sk\u00f3ry, zapobiegaj\u0105c jej wysuszaniu i uczuciu \u015bci\u0105gni\u0119cia.<br \/>\n\u0141agodzenie podra\u017cnie\u0144: Dzi\u0119ki \u0142agodnym sk\u0142adnikom, pianka minimalizuje ryzyko podra\u017cnie\u0144 i dzia\u0142a koj\u0105co na sk\u00f3r\u0119.<br \/>\nPoprawa elastyczno\u015bci: Regularne stosowanie pianki przyczynia si\u0119 do poprawy elastyczno\u015bci sk\u00f3ry, sprawiaj\u0105c, \u017ce staje si\u0119 bardziej j\u0119drna i spr\u0119\u017cysta.<br \/>\nOchrona przed czynnikami zewn\u0119trznymi: Tworzy na sk\u00f3rze barier\u0119 ochronn\u0105, kt\u00f3ra chroni przed szkodliwym dzia\u0142aniem czynnik\u00f3w \u015brodowiskowych.<\/p>\n<p>Spos\u00f3b u\u017cycia:<br \/>\nNa\u0142\u00f3\u017c odpowiedni\u0105 ilo\u015b\u0107 pianki: Wyci\u015bnij niewielk\u0105 ilo\u015b\u0107 pianki na d\u0142onie.<br \/>\nStw\u00f3rz pian\u0119: Delikatnie wmasuj piank\u0119 w wilgotne d\u0142onie, aby uzyska\u0107 bogat\u0105 pian\u0119.<br \/>\nOczy\u015b\u0107 sk\u00f3r\u0119: Na\u0142\u00f3\u017c pian\u0119 na twarz, masuj\u0105c sk\u00f3r\u0119 kolistymi ruchami. Unikaj okolic oczu.<br \/>\nSp\u0142ucz: Dok\u0142adnie sp\u0142ucz piank\u0119 letni\u0105 wod\u0105.<br \/>\nKontynuuj piel\u0119gnacj\u0119: Po oczyszczeniu twarzy, zastosuj tonik, serum i krem nawil\u017caj\u0105cy, aby zako\u0144czy\u0107 rutyn\u0119 piel\u0119gnacyjn\u0105.<\/p>\n<p>Pyunkang Yul Cleansing Foam to nie tylko doskona\u0142y produkt do codziennego oczyszczania sk\u00f3ry, ale r\u00f3wnie\u017c kompleksowa piel\u0119gnacja, kt\u00f3ra zapewnia sk\u00f3rze zdrowy i promienny wygl\u0105d.<\/p>\n","protected":false},"excerpt":{"rendered":"<p>Pyunkang Yul Cleansing Foam to delikatny, lecz skuteczny kosmetyk oczyszczaj\u0105cy, opracowany przez ekspert\u00f3w z renomowanej korea\u0144skiej marki Pyunkang Yul. Formu\u0142a tego kosmetyku zosta\u0142a stworzona z my\u015bl\u0105 o codziennej piel\u0119gnacji sk\u00f3ry, wykorzystuj\u0105c naturalne sk\u0142adniki, kt\u00f3re dog\u0142\u0119bnie oczyszczaj\u0105, nawil\u017caj\u0105 i chroni\u0105 sk\u00f3r\u0119. Produkt jest przeznaczony do wszystkich typ\u00f3w sk\u00f3ry, w tym sk\u00f3ry wra\u017cliwej i sk\u0142onnej do podra\u017cnie\u0144. &#8230; <a title=\"Pyunkang Yul Cleansing Foam 150 ml &#8211; Pianka do oczyszczania twarzy\" class=\"read-more\" href=\"https:\/\/admincentral.selleetools.com\/pl\/product\/pyunkang-yul-cleansing-foam-150-ml-pianka-do-oczyszczania-twarzy\/\">Read more<span class=\"screen-reader-text\">Pyunkang Yul Cleansing Foam 150 ml &#8211; Pianka do oczyszczania twarzy<\/span><\/a><\/p>\n","protected":false},"featured_media":596347,"comment_status":"open","ping_status":"closed","template":"","meta":{"_links_to":"","_links_to_target":""},"yoast_head":"<!-- This site is optimized with the Yoast SEO plugin v19.4 - https:\/\/yoast.com\/wordpress\/plugins\/seo\/ -->\n<title>Pyunkang Yul Cleansing Foam 150 ml - Pianka do oczyszczania twarzy - Selleetools.com<\/title>\n<meta name=\"robots\" content=\"index, follow, max-snippet:-1, max-image-preview:large, max-video-preview:-1\" \/>\n<link rel=\"canonical\" href=\"https:\/\/selleetools.com\/product\/pyunkang-yul-cleansing-foam-150-ml-pianka-do-oczyszczania-twarzy\/\" \/>\n<meta property=\"og:locale\" content=\"pl_PL\" \/>\n<meta property=\"og:type\" content=\"article\" \/>\n<meta property=\"og:title\" content=\"Pyunkang Yul Cleansing Foam 150 ml - Pianka do oczyszczania twarzy - Selleetools.com\" \/>\n<meta property=\"og:description\" content=\"Pyunkang Yul Cleansing Foam to delikatny, lecz skuteczny kosmetyk oczyszczaj\u0105cy, opracowany przez ekspert\u00f3w z renomowanej korea\u0144skiej marki Pyunkang Yul. Formu\u0142a tego kosmetyku zosta\u0142a stworzona z my\u015bl\u0105 o codziennej piel\u0119gnacji sk\u00f3ry, wykorzystuj\u0105c naturalne sk\u0142adniki, kt\u00f3re dog\u0142\u0119bnie oczyszczaj\u0105, nawil\u017caj\u0105 i chroni\u0105 sk\u00f3r\u0119. Produkt jest przeznaczony do wszystkich typ\u00f3w sk\u00f3ry, w tym sk\u00f3ry wra\u017cliwej i sk\u0142onnej do podra\u017cnie\u0144. ... Read morePyunkang Yul Cleansing Foam 150 ml &#8211; Pianka do oczyszczania twarzy\" \/>\n<meta property=\"og:url\" content=\"https:\/\/selleetools.com\/product\/pyunkang-yul-cleansing-foam-150-ml-pianka-do-oczyszczania-twarzy\/\" \/>\n<meta property=\"og:site_name\" content=\"Selleetools.com\" \/>\n<meta property=\"article:modified_time\" content=\"2026-03-03T11:36:07+00:00\" \/>\n<meta property=\"og:image\" content=\"https:\/\/selleetools.com\/wp-content\/uploads\/2025\/10\/3c4c5f3828591d2c409eb67322e8efe1.jpg\" \/>\n\t<meta property=\"og:image:width\" content=\"1200\" \/>\n\t<meta property=\"og:image:height\" content=\"1200\" \/>\n\t<meta property=\"og:image:type\" content=\"image\/jpeg\" \/>\n<meta name=\"twitter:card\" content=\"summary_large_image\" \/>\n<meta name=\"twitter:label1\" content=\"Est. reading time\" \/>\n\t<meta name=\"twitter:data1\" content=\"2 minuty\" \/>\n<!-- \/ Yoast SEO plugin. -->","yoast_head_json":{"title":"Pyunkang Yul Cleansing Foam 150 ml - Pianka do oczyszczania twarzy - Selleetools.com","robots":{"index":"index","follow":"follow","max-snippet":"max-snippet:-1","max-image-preview":"max-image-preview:large","max-video-preview":"max-video-preview:-1"},"canonical":"https:\/\/selleetools.com\/product\/pyunkang-yul-cleansing-foam-150-ml-pianka-do-oczyszczania-twarzy\/","og_locale":"pl_PL","og_type":"article","og_title":"Pyunkang Yul Cleansing Foam 150 ml - Pianka do oczyszczania twarzy - Selleetools.com","og_description":"Pyunkang Yul Cleansing Foam to delikatny, lecz skuteczny kosmetyk oczyszczaj\u0105cy, opracowany przez ekspert\u00f3w z renomowanej korea\u0144skiej marki Pyunkang Yul. Formu\u0142a tego kosmetyku zosta\u0142a stworzona z my\u015bl\u0105 o codziennej piel\u0119gnacji sk\u00f3ry, wykorzystuj\u0105c naturalne sk\u0142adniki, kt\u00f3re dog\u0142\u0119bnie oczyszczaj\u0105, nawil\u017caj\u0105 i chroni\u0105 sk\u00f3r\u0119. Produkt jest przeznaczony do wszystkich typ\u00f3w sk\u00f3ry, w tym sk\u00f3ry wra\u017cliwej i sk\u0142onnej do podra\u017cnie\u0144. ... Read morePyunkang Yul Cleansing Foam 150 ml &#8211; Pianka do oczyszczania twarzy","og_url":"https:\/\/selleetools.com\/product\/pyunkang-yul-cleansing-foam-150-ml-pianka-do-oczyszczania-twarzy\/","og_site_name":"Selleetools.com","article_modified_time":"2026-03-03T11:36:07+00:00","og_image":[{"width":1200,"height":1200,"url":"https:\/\/selleetools.com\/wp-content\/uploads\/2025\/10\/3c4c5f3828591d2c409eb67322e8efe1.jpg","type":"image\/jpeg"}],"twitter_card":"summary_large_image","twitter_misc":{"Est. reading time":"2 minuty"},"schema":{"@context":"https:\/\/schema.org","@graph":[{"@type":"Organization","@id":"https:\/\/selleetools.com\/#organization","name":"Selleetools","url":"https:\/\/selleetools.com\/","sameAs":[],"logo":{"@type":"ImageObject","inLanguage":"pl-PL","@id":"https:\/\/selleetools.com\/#\/schema\/logo\/image\/","url":"https:\/\/selleetools.com\/wp-content\/uploads\/2021\/10\/logo-dark.png","contentUrl":"https:\/\/selleetools.com\/wp-content\/uploads\/2021\/10\/logo-dark.png","width":320,"height":76,"caption":"Selleetools"},"image":{"@id":"https:\/\/selleetools.com\/#\/schema\/logo\/image\/"}},{"@type":"WebSite","@id":"https:\/\/selleetools.com\/#website","url":"https:\/\/selleetools.com\/","name":"Selleetools.com","description":"","publisher":{"@id":"https:\/\/selleetools.com\/#organization"},"potentialAction":[{"@type":"SearchAction","target":{"@type":"EntryPoint","urlTemplate":"https:\/\/selleetools.com\/?s={search_term_string}"},"query-input":"required name=search_term_string"}],"inLanguage":"pl-PL"},{"@type":"WebPage","@id":"https:\/\/selleetools.com\/product\/pyunkang-yul-cleansing-foam-150-ml-pianka-do-oczyszczania-twarzy\/","url":"https:\/\/selleetools.com\/product\/pyunkang-yul-cleansing-foam-150-ml-pianka-do-oczyszczania-twarzy\/","name":"Pyunkang Yul Cleansing Foam 150 ml - Pianka do oczyszczania twarzy - Selleetools.com","isPartOf":{"@id":"https:\/\/selleetools.com\/#website"},"datePublished":"2025-10-22T06:04:14+00:00","dateModified":"2026-03-03T11:36:07+00:00","breadcrumb":{"@id":"https:\/\/selleetools.com\/product\/pyunkang-yul-cleansing-foam-150-ml-pianka-do-oczyszczania-twarzy\/#breadcrumb"},"inLanguage":"pl-PL","potentialAction":[{"@type":"ReadAction","target":["https:\/\/selleetools.com\/product\/pyunkang-yul-cleansing-foam-150-ml-pianka-do-oczyszczania-twarzy\/"]}]},{"@type":"BreadcrumbList","@id":"https:\/\/selleetools.com\/product\/pyunkang-yul-cleansing-foam-150-ml-pianka-do-oczyszczania-twarzy\/#breadcrumb","itemListElement":[{"@type":"ListItem","position":1,"name":"Home","item":"https:\/\/selleetools.com\/pl\/"},{"@type":"ListItem","position":2,"name":"Katalog","item":"https:\/\/selleetools.com\/pl\/katalog\/"},{"@type":"ListItem","position":3,"name":"Pyunkang Yul Cleansing Foam 150 ml &#8211; Pianka do oczyszczania twarzy"}]}]}},"_links":{"self":[{"href":"https:\/\/admincentral.selleetools.com\/pl\/wp-json\/wp\/v2\/product\/596355"}],"collection":[{"href":"https:\/\/admincentral.selleetools.com\/pl\/wp-json\/wp\/v2\/product"}],"about":[{"href":"https:\/\/admincentral.selleetools.com\/pl\/wp-json\/wp\/v2\/types\/product"}],"replies":[{"embeddable":true,"href":"https:\/\/admincentral.selleetools.com\/pl\/wp-json\/wp\/v2\/comments?post=596355"}],"wp:featuredmedia":[{"embeddable":true,"href":"https:\/\/admincentral.selleetools.com\/pl\/wp-json\/wp\/v2\/media\/596347"}],"wp:attachment":[{"href":"https:\/\/admincentral.selleetools.com\/pl\/wp-json\/wp\/v2\/media?parent=596355"}],"curies":[{"name":"wp","href":"https:\/\/api.w.org\/{rel}","templated":true}]}}