{"id":596397,"date":"2025-10-22T08:04:43","date_gmt":"2025-10-22T06:04:43","guid":{"rendered":"https:\/\/selleetools.com\/?post_type=product&#038;p=596397"},"modified":"2025-10-23T19:36:48","modified_gmt":"2025-10-23T17:36:48","slug":"heimish-all-clean-green-foam-150-g-pianka-oczyszczajaca-do-skory-wrazliwej","status":"publish","type":"product","link":"https:\/\/admincentral.selleetools.com\/pl\/product\/heimish-all-clean-green-foam-150-g-pianka-oczyszczajaca-do-skory-wrazliwej\/","title":{"rendered":"HEIMISH All Clean Green Foam 150 g \u2013 Pianka oczyszczaj\u0105ca do sk\u00f3ry wra\u017cliwej"},"content":{"rendered":"<p>HEIMISH All Clean Green Foam to \u0142agodna pianka oczyszczaj\u0105ca o niskim pH, stworzona z my\u015bl\u0105 o codziennej piel\u0119gnacji sk\u00f3ry wra\u017cliwej, mieszanej i problematycznej. Formu\u0142a oparta na delikatnych substancjach myj\u0105cych skutecznie usuwa zanieczyszczenia, nie naruszaj\u0105c naturalnej bariery ochronnej sk\u00f3ry. Produkt ma \u017celow\u0105 konsystencj\u0119, kt\u00f3ra w kontakcie z wod\u0105 zamienia si\u0119 w lekk\u0105 pian\u0119, pozostawiaj\u0105c sk\u00f3r\u0119 czyst\u0105, \u015bwie\u017c\u0105 i zr\u00f3wnowa\u017con\u0105.<\/p>\n<p>Korzy\u015bci dla sk\u00f3ry:<br \/>\nDok\u0142adnie oczyszcza bez przesuszania i \u015bci\u0105gni\u0119cia<br \/>\nPomaga \u0142agodzi\u0107 podra\u017cnienia i redukowa\u0107 zaczerwienienia<br \/>\nUtrzymuje naturalne pH sk\u00f3ry<br \/>\nWspiera zdrow\u0105 barier\u0119 ochronn\u0105 sk\u00f3ry<br \/>\nIdealna do codziennego stosowania, tak\u017ce przy cerze wra\u017cliwej i reaktywnej<\/p>\n<p>Spos\u00f3b u\u017cycia: Nanie\u015b niewielk\u0105 ilo\u015b\u0107 produktu na wilgotne d\u0142onie, spie\u0144 i delikatnie masuj twarz. Sp\u0142ucz dok\u0142adnie letni\u0105 wod\u0105. Stosuj rano i wieczorem jako codzienny \u015brodek do mycia twarzy.<\/p>\n","protected":false},"excerpt":{"rendered":"<p>HEIMISH All Clean Green Foam to \u0142agodna pianka oczyszczaj\u0105ca o niskim pH, stworzona z my\u015bl\u0105 o codziennej piel\u0119gnacji sk\u00f3ry wra\u017cliwej, mieszanej i problematycznej. Formu\u0142a oparta na delikatnych substancjach myj\u0105cych skutecznie usuwa zanieczyszczenia, nie naruszaj\u0105c naturalnej bariery ochronnej sk\u00f3ry. Produkt ma \u017celow\u0105 konsystencj\u0119, kt\u00f3ra w kontakcie z wod\u0105 zamienia si\u0119 w lekk\u0105 pian\u0119, pozostawiaj\u0105c sk\u00f3r\u0119 czyst\u0105, &#8230; <a title=\"HEIMISH All Clean Green Foam 150 g \u2013 Pianka oczyszczaj\u0105ca do sk\u00f3ry wra\u017cliwej\" class=\"read-more\" href=\"https:\/\/admincentral.selleetools.com\/pl\/product\/heimish-all-clean-green-foam-150-g-pianka-oczyszczajaca-do-skory-wrazliwej\/\">Read more<span class=\"screen-reader-text\">HEIMISH All Clean Green Foam 150 g \u2013 Pianka oczyszczaj\u0105ca do sk\u00f3ry wra\u017cliwej<\/span><\/a><\/p>\n","protected":false},"featured_media":596391,"comment_status":"open","ping_status":"closed","template":"","meta":{"_links_to":"","_links_to_target":""},"yoast_head":"<!-- This site is optimized with the Yoast SEO plugin v19.4 - https:\/\/yoast.com\/wordpress\/plugins\/seo\/ -->\n<title>HEIMISH All Clean Green Foam 150 g \u2013 Pianka oczyszczaj\u0105ca do sk\u00f3ry wra\u017cliwej - Selleetools.com<\/title>\n<meta name=\"robots\" content=\"index, follow, max-snippet:-1, max-image-preview:large, max-video-preview:-1\" \/>\n<link rel=\"canonical\" href=\"https:\/\/selleetools.com\/pl\/product\/heimish-all-clean-green-foam-150-g-pianka-oczyszczajaca-do-skory-wrazliwej\/\" \/>\n<meta property=\"og:locale\" content=\"pl_PL\" \/>\n<meta property=\"og:type\" content=\"article\" \/>\n<meta property=\"og:title\" content=\"HEIMISH All Clean Green Foam 150 g \u2013 Pianka oczyszczaj\u0105ca do sk\u00f3ry wra\u017cliwej - Selleetools.com\" \/>\n<meta property=\"og:description\" content=\"HEIMISH All Clean Green Foam to \u0142agodna pianka oczyszczaj\u0105ca o niskim pH, stworzona z my\u015bl\u0105 o codziennej piel\u0119gnacji sk\u00f3ry wra\u017cliwej, mieszanej i problematycznej. Formu\u0142a oparta na delikatnych substancjach myj\u0105cych skutecznie usuwa zanieczyszczenia, nie naruszaj\u0105c naturalnej bariery ochronnej sk\u00f3ry. Produkt ma \u017celow\u0105 konsystencj\u0119, kt\u00f3ra w kontakcie z wod\u0105 zamienia si\u0119 w lekk\u0105 pian\u0119, pozostawiaj\u0105c sk\u00f3r\u0119 czyst\u0105, ... Read moreHEIMISH All Clean Green Foam 150 g \u2013 Pianka oczyszczaj\u0105ca do sk\u00f3ry wra\u017cliwej\" \/>\n<meta property=\"og:url\" content=\"https:\/\/selleetools.com\/pl\/product\/heimish-all-clean-green-foam-150-g-pianka-oczyszczajaca-do-skory-wrazliwej\/\" \/>\n<meta property=\"og:site_name\" content=\"Selleetools.com\" \/>\n<meta property=\"article:modified_time\" content=\"2025-10-23T17:36:48+00:00\" \/>\n<meta property=\"og:image\" content=\"https:\/\/selleetools.com\/wp-content\/uploads\/2025\/10\/5f7939be2fb9981ee76aeb9544e7556c.jpg\" \/>\n\t<meta property=\"og:image:width\" content=\"405\" \/>\n\t<meta property=\"og:image:height\" content=\"405\" \/>\n\t<meta property=\"og:image:type\" content=\"image\/jpeg\" \/>\n<meta name=\"twitter:card\" content=\"summary_large_image\" \/>\n<meta name=\"twitter:label1\" content=\"Est. reading time\" \/>\n\t<meta name=\"twitter:data1\" content=\"1 minuta\" \/>\n<!-- \/ Yoast SEO plugin. -->","yoast_head_json":{"title":"HEIMISH All Clean Green Foam 150 g \u2013 Pianka oczyszczaj\u0105ca do sk\u00f3ry wra\u017cliwej - Selleetools.com","robots":{"index":"index","follow":"follow","max-snippet":"max-snippet:-1","max-image-preview":"max-image-preview:large","max-video-preview":"max-video-preview:-1"},"canonical":"https:\/\/selleetools.com\/pl\/product\/heimish-all-clean-green-foam-150-g-pianka-oczyszczajaca-do-skory-wrazliwej\/","og_locale":"pl_PL","og_type":"article","og_title":"HEIMISH All Clean Green Foam 150 g \u2013 Pianka oczyszczaj\u0105ca do sk\u00f3ry wra\u017cliwej - Selleetools.com","og_description":"HEIMISH All Clean Green Foam to \u0142agodna pianka oczyszczaj\u0105ca o niskim pH, stworzona z my\u015bl\u0105 o codziennej piel\u0119gnacji sk\u00f3ry wra\u017cliwej, mieszanej i problematycznej. Formu\u0142a oparta na delikatnych substancjach myj\u0105cych skutecznie usuwa zanieczyszczenia, nie naruszaj\u0105c naturalnej bariery ochronnej sk\u00f3ry. Produkt ma \u017celow\u0105 konsystencj\u0119, kt\u00f3ra w kontakcie z wod\u0105 zamienia si\u0119 w lekk\u0105 pian\u0119, pozostawiaj\u0105c sk\u00f3r\u0119 czyst\u0105, ... Read moreHEIMISH All Clean Green Foam 150 g \u2013 Pianka oczyszczaj\u0105ca do sk\u00f3ry wra\u017cliwej","og_url":"https:\/\/selleetools.com\/pl\/product\/heimish-all-clean-green-foam-150-g-pianka-oczyszczajaca-do-skory-wrazliwej\/","og_site_name":"Selleetools.com","article_modified_time":"2025-10-23T17:36:48+00:00","og_image":[{"width":405,"height":405,"url":"https:\/\/selleetools.com\/wp-content\/uploads\/2025\/10\/5f7939be2fb9981ee76aeb9544e7556c.jpg","type":"image\/jpeg"}],"twitter_card":"summary_large_image","twitter_misc":{"Est. reading time":"1 minuta"},"schema":{"@context":"https:\/\/schema.org","@graph":[{"@type":"Organization","@id":"https:\/\/selleetools.com\/#organization","name":"Selleetools","url":"https:\/\/selleetools.com\/","sameAs":[],"logo":{"@type":"ImageObject","inLanguage":"pl-PL","@id":"https:\/\/selleetools.com\/#\/schema\/logo\/image\/","url":"https:\/\/selleetools.com\/wp-content\/uploads\/2021\/10\/logo-dark.png","contentUrl":"https:\/\/selleetools.com\/wp-content\/uploads\/2021\/10\/logo-dark.png","width":320,"height":76,"caption":"Selleetools"},"image":{"@id":"https:\/\/selleetools.com\/#\/schema\/logo\/image\/"}},{"@type":"WebSite","@id":"https:\/\/selleetools.com\/#website","url":"https:\/\/selleetools.com\/","name":"Selleetools.com","description":"","publisher":{"@id":"https:\/\/selleetools.com\/#organization"},"potentialAction":[{"@type":"SearchAction","target":{"@type":"EntryPoint","urlTemplate":"https:\/\/selleetools.com\/?s={search_term_string}"},"query-input":"required name=search_term_string"}],"inLanguage":"pl-PL"},{"@type":"WebPage","@id":"https:\/\/selleetools.com\/pl\/product\/heimish-all-clean-green-foam-150-g-pianka-oczyszczajaca-do-skory-wrazliwej\/","url":"https:\/\/selleetools.com\/pl\/product\/heimish-all-clean-green-foam-150-g-pianka-oczyszczajaca-do-skory-wrazliwej\/","name":"HEIMISH All Clean Green Foam 150 g \u2013 Pianka oczyszczaj\u0105ca do sk\u00f3ry wra\u017cliwej - Selleetools.com","isPartOf":{"@id":"https:\/\/selleetools.com\/#website"},"datePublished":"2025-10-22T06:04:43+00:00","dateModified":"2025-10-23T17:36:48+00:00","breadcrumb":{"@id":"https:\/\/selleetools.com\/pl\/product\/heimish-all-clean-green-foam-150-g-pianka-oczyszczajaca-do-skory-wrazliwej\/#breadcrumb"},"inLanguage":"pl-PL","potentialAction":[{"@type":"ReadAction","target":["https:\/\/selleetools.com\/pl\/product\/heimish-all-clean-green-foam-150-g-pianka-oczyszczajaca-do-skory-wrazliwej\/"]}]},{"@type":"BreadcrumbList","@id":"https:\/\/selleetools.com\/pl\/product\/heimish-all-clean-green-foam-150-g-pianka-oczyszczajaca-do-skory-wrazliwej\/#breadcrumb","itemListElement":[{"@type":"ListItem","position":1,"name":"Home","item":"https:\/\/selleetools.com\/pl\/"},{"@type":"ListItem","position":2,"name":"Katalog","item":"https:\/\/selleetools.com\/pl\/katalog\/"},{"@type":"ListItem","position":3,"name":"HEIMISH All Clean Green Foam 150 g \u2013 Pianka oczyszczaj\u0105ca do sk\u00f3ry wra\u017cliwej"}]}]}},"_links":{"self":[{"href":"https:\/\/admincentral.selleetools.com\/pl\/wp-json\/wp\/v2\/product\/596397"}],"collection":[{"href":"https:\/\/admincentral.selleetools.com\/pl\/wp-json\/wp\/v2\/product"}],"about":[{"href":"https:\/\/admincentral.selleetools.com\/pl\/wp-json\/wp\/v2\/types\/product"}],"replies":[{"embeddable":true,"href":"https:\/\/admincentral.selleetools.com\/pl\/wp-json\/wp\/v2\/comments?post=596397"}],"wp:featuredmedia":[{"embeddable":true,"href":"https:\/\/admincentral.selleetools.com\/pl\/wp-json\/wp\/v2\/media\/596391"}],"wp:attachment":[{"href":"https:\/\/admincentral.selleetools.com\/pl\/wp-json\/wp\/v2\/media?parent=596397"}],"curies":[{"name":"wp","href":"https:\/\/api.w.org\/{rel}","templated":true}]}}