{"id":596420,"date":"2025-10-22T08:04:55","date_gmt":"2025-10-22T06:04:55","guid":{"rendered":"https:\/\/selleetools.com\/?post_type=product&#038;p=596420"},"modified":"2026-03-03T11:09:49","modified_gmt":"2026-03-03T10:09:49","slug":"pyunkang-yul-ato-cream-120-ml-intensywnie-nawilzajacy-krem-do-twarzy-i-ciala","status":"publish","type":"product","link":"https:\/\/admincentral.selleetools.com\/pl\/product\/pyunkang-yul-ato-cream-120-ml-intensywnie-nawilzajacy-krem-do-twarzy-i-ciala\/","title":{"rendered":"Pyunkang Yul ATO Cream 120 ml &#8211; Intensywnie nawil\u017caj\u0105cy krem do twarzy i cia\u0142a"},"content":{"rendered":"<p>Pyunkang Yul ATO Cream to intensywnie nawil\u017caj\u0105cy krem przeznaczony do piel\u0119gnacji sk\u00f3ry suchej, wra\u017cliwej oraz sk\u0142onnej do podra\u017cnie\u0144. Formu\u0142a kremu oparta jest na starannie dobranych, naturalnych sk\u0142adnikach, kt\u00f3re zapewniaj\u0105 g\u0142\u0119bokie nawil\u017cenie i ochron\u0119 bariery sk\u00f3rnej. Krem jest wolny od sztucznych barwnik\u00f3w, zapach\u00f3w oraz paraben\u00f3w, co czyni go idealnym wyborem dla os\u00f3b poszukuj\u0105cych bezpiecznych i delikatnych produkt\u00f3w do codziennej piel\u0119gnacji.<\/p>\n<p>Korzy\u015bci dla sk\u00f3ry:<br \/>\nIntensywne nawil\u017cenie: Krem dostarcza sk\u00f3rze g\u0142\u0119bokiego i d\u0142ugotrwa\u0142ego nawil\u017cenia, zapobiegaj\u0105c jej przesuszeniu.<br \/>\nWzmocnienie bariery ochronnej: Pomaga odbudowa\u0107 i wzmocni\u0107 naturaln\u0105 barier\u0119 ochronn\u0105 sk\u00f3ry, co zapobiega utracie wilgoci i chroni przed szkodliwymi czynnikami zewn\u0119trznymi.<br \/>\n\u0141agodzenie podra\u017cnie\u0144: Sk\u0142adniki o dzia\u0142aniu koj\u0105cym i przeciwzapalnym zmniejszaj\u0105 zaczerwienienia oraz podra\u017cnienia, przynosz\u0105c ulg\u0119 sk\u00f3rze wra\u017cliwej i reaktywnej.<br \/>\nPoprawa elastyczno\u015bci: Regularne stosowanie kremu sprawia, \u017ce sk\u00f3ra staje si\u0119 bardziej j\u0119drna i elastyczna, z widocznie poprawion\u0105 struktur\u0105.<br \/>\nOchrona przed wolnymi rodnikami: Dzi\u0119ki antyoksydantom krem chroni sk\u00f3r\u0119 przed dzia\u0142aniem wolnych rodnik\u00f3w, op\u00f3\u017aniaj\u0105c procesy starzenia.<\/p>\n<p>Spos\u00f3b u\u017cycia:<br \/>\nNa twarz: Na\u0142\u00f3\u017c odpowiedni\u0105 ilo\u015b\u0107 kremu na oczyszczon\u0105 sk\u00f3r\u0119 twarzy, delikatnie wmasowuj\u0105c kolistymi ruchami a\u017c do ca\u0142kowitego wch\u0142oni\u0119cia. Stosuj rano i wieczorem.<br \/>\nNa cia\u0142o: Krem mo\u017ce by\u0107 r\u00f3wnie\u017c stosowany na suche i podra\u017cnione partie cia\u0142a. Aplikuj na sk\u00f3r\u0119 po k\u0105pieli lub prysznicu, aby zapewni\u0107 jej odpowiednie nawil\u017cenie.<br \/>\nW przypadku sk\u00f3ry dzieci: Krem jest bezpieczny dla delikatnej sk\u00f3ry dzieci. Niewielk\u0105 ilo\u015b\u0107 produktu na\u0142\u00f3\u017c na sk\u00f3r\u0119 dziecka, koncentruj\u0105c si\u0119 na suchych i podra\u017cnionych miejscach.<\/p>\n","protected":false},"excerpt":{"rendered":"<p>Pyunkang Yul ATO Cream to intensywnie nawil\u017caj\u0105cy krem przeznaczony do piel\u0119gnacji sk\u00f3ry suchej, wra\u017cliwej oraz sk\u0142onnej do podra\u017cnie\u0144. Formu\u0142a kremu oparta jest na starannie dobranych, naturalnych sk\u0142adnikach, kt\u00f3re zapewniaj\u0105 g\u0142\u0119bokie nawil\u017cenie i ochron\u0119 bariery sk\u00f3rnej. Krem jest wolny od sztucznych barwnik\u00f3w, zapach\u00f3w oraz paraben\u00f3w, co czyni go idealnym wyborem dla os\u00f3b poszukuj\u0105cych bezpiecznych i delikatnych &#8230; <a title=\"Pyunkang Yul ATO Cream 120 ml &#8211; Intensywnie nawil\u017caj\u0105cy krem do twarzy i cia\u0142a\" class=\"read-more\" href=\"https:\/\/admincentral.selleetools.com\/pl\/product\/pyunkang-yul-ato-cream-120-ml-intensywnie-nawilzajacy-krem-do-twarzy-i-ciala\/\">Read more<span class=\"screen-reader-text\">Pyunkang Yul ATO Cream 120 ml &#8211; Intensywnie nawil\u017caj\u0105cy krem do twarzy i cia\u0142a<\/span><\/a><\/p>\n","protected":false},"featured_media":596414,"comment_status":"open","ping_status":"closed","template":"","meta":{"_links_to":"","_links_to_target":""},"yoast_head":"<!-- This site is optimized with the Yoast SEO plugin v19.4 - https:\/\/yoast.com\/wordpress\/plugins\/seo\/ -->\n<title>Pyunkang Yul ATO Cream 120 ml - Intensywnie nawil\u017caj\u0105cy krem do twarzy i cia\u0142a - Selleetools.com<\/title>\n<meta name=\"robots\" content=\"index, follow, max-snippet:-1, max-image-preview:large, max-video-preview:-1\" \/>\n<link rel=\"canonical\" href=\"https:\/\/admincentral.selleetools.com\/pl\/product\/pyunkang-yul-ato-cream-120-ml-intensywnie-nawilzajacy-krem-do-twarzy-i-ciala\/\" \/>\n<meta property=\"og:locale\" content=\"pl_PL\" \/>\n<meta property=\"og:type\" content=\"article\" \/>\n<meta property=\"og:title\" content=\"Pyunkang Yul ATO Cream 120 ml - Intensywnie nawil\u017caj\u0105cy krem do twarzy i cia\u0142a - Selleetools.com\" \/>\n<meta property=\"og:description\" content=\"Pyunkang Yul ATO Cream to intensywnie nawil\u017caj\u0105cy krem przeznaczony do piel\u0119gnacji sk\u00f3ry suchej, wra\u017cliwej oraz sk\u0142onnej do podra\u017cnie\u0144. Formu\u0142a kremu oparta jest na starannie dobranych, naturalnych sk\u0142adnikach, kt\u00f3re zapewniaj\u0105 g\u0142\u0119bokie nawil\u017cenie i ochron\u0119 bariery sk\u00f3rnej. Krem jest wolny od sztucznych barwnik\u00f3w, zapach\u00f3w oraz paraben\u00f3w, co czyni go idealnym wyborem dla os\u00f3b poszukuj\u0105cych bezpiecznych i delikatnych ... Read morePyunkang Yul ATO Cream 120 ml &#8211; Intensywnie nawil\u017caj\u0105cy krem do twarzy i cia\u0142a\" \/>\n<meta property=\"og:url\" content=\"https:\/\/admincentral.selleetools.com\/pl\/product\/pyunkang-yul-ato-cream-120-ml-intensywnie-nawilzajacy-krem-do-twarzy-i-ciala\/\" \/>\n<meta property=\"og:site_name\" content=\"Selleetools.com\" \/>\n<meta property=\"article:modified_time\" content=\"2026-03-03T10:09:49+00:00\" \/>\n<meta property=\"og:image\" content=\"https:\/\/selleetools.com\/wp-content\/uploads\/2025\/10\/90a1959bddba8f91ce6008d953670b8b.jpg\" \/>\n\t<meta property=\"og:image:width\" content=\"800\" \/>\n\t<meta property=\"og:image:height\" content=\"800\" \/>\n\t<meta property=\"og:image:type\" content=\"image\/jpeg\" \/>\n<meta name=\"twitter:card\" content=\"summary_large_image\" \/>\n<meta name=\"twitter:label1\" content=\"Est. reading time\" \/>\n\t<meta name=\"twitter:data1\" content=\"1 minuta\" \/>\n<!-- \/ Yoast SEO plugin. -->","yoast_head_json":{"title":"Pyunkang Yul ATO Cream 120 ml - Intensywnie nawil\u017caj\u0105cy krem do twarzy i cia\u0142a - Selleetools.com","robots":{"index":"index","follow":"follow","max-snippet":"max-snippet:-1","max-image-preview":"max-image-preview:large","max-video-preview":"max-video-preview:-1"},"canonical":"https:\/\/admincentral.selleetools.com\/pl\/product\/pyunkang-yul-ato-cream-120-ml-intensywnie-nawilzajacy-krem-do-twarzy-i-ciala\/","og_locale":"pl_PL","og_type":"article","og_title":"Pyunkang Yul ATO Cream 120 ml - Intensywnie nawil\u017caj\u0105cy krem do twarzy i cia\u0142a - Selleetools.com","og_description":"Pyunkang Yul ATO Cream to intensywnie nawil\u017caj\u0105cy krem przeznaczony do piel\u0119gnacji sk\u00f3ry suchej, wra\u017cliwej oraz sk\u0142onnej do podra\u017cnie\u0144. Formu\u0142a kremu oparta jest na starannie dobranych, naturalnych sk\u0142adnikach, kt\u00f3re zapewniaj\u0105 g\u0142\u0119bokie nawil\u017cenie i ochron\u0119 bariery sk\u00f3rnej. Krem jest wolny od sztucznych barwnik\u00f3w, zapach\u00f3w oraz paraben\u00f3w, co czyni go idealnym wyborem dla os\u00f3b poszukuj\u0105cych bezpiecznych i delikatnych ... Read morePyunkang Yul ATO Cream 120 ml &#8211; Intensywnie nawil\u017caj\u0105cy krem do twarzy i cia\u0142a","og_url":"https:\/\/admincentral.selleetools.com\/pl\/product\/pyunkang-yul-ato-cream-120-ml-intensywnie-nawilzajacy-krem-do-twarzy-i-ciala\/","og_site_name":"Selleetools.com","article_modified_time":"2026-03-03T10:09:49+00:00","og_image":[{"width":800,"height":800,"url":"https:\/\/selleetools.com\/wp-content\/uploads\/2025\/10\/90a1959bddba8f91ce6008d953670b8b.jpg","type":"image\/jpeg"}],"twitter_card":"summary_large_image","twitter_misc":{"Est. reading time":"1 minuta"},"schema":{"@context":"https:\/\/schema.org","@graph":[{"@type":"Organization","@id":"https:\/\/selleetools.com\/#organization","name":"Selleetools","url":"https:\/\/selleetools.com\/","sameAs":[],"logo":{"@type":"ImageObject","inLanguage":"pl-PL","@id":"https:\/\/selleetools.com\/#\/schema\/logo\/image\/","url":"https:\/\/selleetools.com\/wp-content\/uploads\/2021\/10\/logo-dark.png","contentUrl":"https:\/\/selleetools.com\/wp-content\/uploads\/2021\/10\/logo-dark.png","width":320,"height":76,"caption":"Selleetools"},"image":{"@id":"https:\/\/selleetools.com\/#\/schema\/logo\/image\/"}},{"@type":"WebSite","@id":"https:\/\/selleetools.com\/#website","url":"https:\/\/selleetools.com\/","name":"Selleetools.com","description":"","publisher":{"@id":"https:\/\/selleetools.com\/#organization"},"potentialAction":[{"@type":"SearchAction","target":{"@type":"EntryPoint","urlTemplate":"https:\/\/selleetools.com\/?s={search_term_string}"},"query-input":"required name=search_term_string"}],"inLanguage":"pl-PL"},{"@type":"WebPage","@id":"https:\/\/admincentral.selleetools.com\/pl\/product\/pyunkang-yul-ato-cream-120-ml-intensywnie-nawilzajacy-krem-do-twarzy-i-ciala\/","url":"https:\/\/admincentral.selleetools.com\/pl\/product\/pyunkang-yul-ato-cream-120-ml-intensywnie-nawilzajacy-krem-do-twarzy-i-ciala\/","name":"Pyunkang Yul ATO Cream 120 ml - Intensywnie nawil\u017caj\u0105cy krem do twarzy i cia\u0142a - Selleetools.com","isPartOf":{"@id":"https:\/\/selleetools.com\/#website"},"datePublished":"2025-10-22T06:04:55+00:00","dateModified":"2026-03-03T10:09:49+00:00","breadcrumb":{"@id":"https:\/\/admincentral.selleetools.com\/pl\/product\/pyunkang-yul-ato-cream-120-ml-intensywnie-nawilzajacy-krem-do-twarzy-i-ciala\/#breadcrumb"},"inLanguage":"pl-PL","potentialAction":[{"@type":"ReadAction","target":["https:\/\/admincentral.selleetools.com\/pl\/product\/pyunkang-yul-ato-cream-120-ml-intensywnie-nawilzajacy-krem-do-twarzy-i-ciala\/"]}]},{"@type":"BreadcrumbList","@id":"https:\/\/admincentral.selleetools.com\/pl\/product\/pyunkang-yul-ato-cream-120-ml-intensywnie-nawilzajacy-krem-do-twarzy-i-ciala\/#breadcrumb","itemListElement":[{"@type":"ListItem","position":1,"name":"Home","item":"https:\/\/selleetools.com\/pl\/"},{"@type":"ListItem","position":2,"name":"Katalog","item":"https:\/\/selleetools.com\/pl\/katalog\/"},{"@type":"ListItem","position":3,"name":"Pyunkang Yul ATO Cream 120 ml &#8211; Intensywnie nawil\u017caj\u0105cy krem do twarzy i cia\u0142a"}]}]}},"_links":{"self":[{"href":"https:\/\/admincentral.selleetools.com\/pl\/wp-json\/wp\/v2\/product\/596420"}],"collection":[{"href":"https:\/\/admincentral.selleetools.com\/pl\/wp-json\/wp\/v2\/product"}],"about":[{"href":"https:\/\/admincentral.selleetools.com\/pl\/wp-json\/wp\/v2\/types\/product"}],"replies":[{"embeddable":true,"href":"https:\/\/admincentral.selleetools.com\/pl\/wp-json\/wp\/v2\/comments?post=596420"}],"wp:featuredmedia":[{"embeddable":true,"href":"https:\/\/admincentral.selleetools.com\/pl\/wp-json\/wp\/v2\/media\/596414"}],"wp:attachment":[{"href":"https:\/\/admincentral.selleetools.com\/pl\/wp-json\/wp\/v2\/media?parent=596420"}],"curies":[{"name":"wp","href":"https:\/\/api.w.org\/{rel}","templated":true}]}}