{"id":596509,"date":"2025-10-22T08:06:10","date_gmt":"2025-10-22T06:06:10","guid":{"rendered":"https:\/\/selleetools.com\/?post_type=product&#038;p=596509"},"modified":"2026-02-25T19:07:14","modified_gmt":"2026-02-25T18:07:14","slug":"some-by-mi-aha-bha-pha-30-days-miracle-toner-150-ml-tonik-z-kwasami","status":"publish","type":"product","link":"https:\/\/admincentral.selleetools.com\/pl\/product\/some-by-mi-aha-bha-pha-30-days-miracle-toner-150-ml-tonik-z-kwasami\/","title":{"rendered":"SOME BY MI AHA.BHA.PHA 30 Days Miracle Toner 150 ml &#8211; Tonik z kwasami"},"content":{"rendered":"<p>SOME BY MI AHA.BHA.PHA 30 Days Miracle Toner to wyj\u0105tkowy tonik, kt\u00f3ry \u0142\u0105czy w sobie moc trzech sk\u0142adnik\u00f3w aktywnych: AHA, BHA i PHA. Przeznaczony do codziennej piel\u0119gnacji, ten tonik wspomaga regeneracj\u0119 sk\u00f3ry, poprawia jej tekstur\u0119 i przywraca zdrowy blask. AHA (kwas glikolowy) dzia\u0142a na powierzchni sk\u00f3ry, usuwaj\u0105c martwe kom\u00f3rki i rozja\u015bniaj\u0105c cer\u0119. BHA (kwas salicylowy) penetruje pory, redukuj\u0105c ich zatykanie i kontroluj\u0105c nadmiar sebum. PHA (kwas laktobionowy) ma dzia\u0142anie nawil\u017caj\u0105ce, \u0142agodz\u0105ce oraz wspiera naturaln\u0105 barier\u0119 ochronn\u0105 sk\u00f3ry.<\/p>\n<p>Korzy\u015bci dla sk\u00f3ry:<br \/>\nWyg\u0142adza i rozja\u015bnia sk\u00f3r\u0119<br \/>\nRedukuje widoczno\u015b\u0107 por\u00f3w i kontroluje nadmiar sebum<br \/>\nPoprawia tekstur\u0119 sk\u00f3ry i jej nawil\u017cenie<br \/>\nPomaga w regeneracji i od\u015bwie\u017ceniu cery<\/p>\n<p>Spos\u00f3b u\u017cycia:<br \/>\nNa oczyszczon\u0105 sk\u00f3r\u0119 twarzy nanie\u015b niewielk\u0105 ilo\u015b\u0107 toniku na wacik i delikatnie przetrzyj twarz, omijaj\u0105c okolice oczu. Stosuj rano i wieczorem, a nast\u0119pnie kontynuuj swoj\u0105 codzienn\u0105 rutyn\u0119 piel\u0119gnacyjn\u0105. Dla uzyskania najlepszych rezultat\u00f3w, stosuj tonik przez co najmniej 30 dni.<\/p>\n","protected":false},"excerpt":{"rendered":"<p>SOME BY MI AHA.BHA.PHA 30 Days Miracle Toner to wyj\u0105tkowy tonik, kt\u00f3ry \u0142\u0105czy w sobie moc trzech sk\u0142adnik\u00f3w aktywnych: AHA, BHA i PHA. Przeznaczony do codziennej piel\u0119gnacji, ten tonik wspomaga regeneracj\u0119 sk\u00f3ry, poprawia jej tekstur\u0119 i przywraca zdrowy blask. AHA (kwas glikolowy) dzia\u0142a na powierzchni sk\u00f3ry, usuwaj\u0105c martwe kom\u00f3rki i rozja\u015bniaj\u0105c cer\u0119. BHA (kwas salicylowy) &#8230; <a title=\"SOME BY MI AHA.BHA.PHA 30 Days Miracle Toner 150 ml &#8211; Tonik z kwasami\" class=\"read-more\" href=\"https:\/\/admincentral.selleetools.com\/pl\/product\/some-by-mi-aha-bha-pha-30-days-miracle-toner-150-ml-tonik-z-kwasami\/\">Read more<span class=\"screen-reader-text\">SOME BY MI AHA.BHA.PHA 30 Days Miracle Toner 150 ml &#8211; Tonik z kwasami<\/span><\/a><\/p>\n","protected":false},"featured_media":596507,"comment_status":"open","ping_status":"closed","template":"","meta":{"_links_to":"","_links_to_target":""},"yoast_head":"<!-- This site is optimized with the Yoast SEO plugin v19.4 - https:\/\/yoast.com\/wordpress\/plugins\/seo\/ -->\n<title>SOME BY MI AHA.BHA.PHA 30 Days Miracle Toner 150 ml - Tonik z kwasami - Selleetools.com<\/title>\n<meta name=\"robots\" content=\"index, follow, max-snippet:-1, max-image-preview:large, max-video-preview:-1\" \/>\n<link rel=\"canonical\" href=\"https:\/\/selleetools.com\/pl\/product\/some-by-mi-aha-bha-pha-30-days-miracle-toner-150-ml-tonik-z-kwasami\/\" \/>\n<meta property=\"og:locale\" content=\"pl_PL\" \/>\n<meta property=\"og:type\" content=\"article\" \/>\n<meta property=\"og:title\" content=\"SOME BY MI AHA.BHA.PHA 30 Days Miracle Toner 150 ml - Tonik z kwasami - Selleetools.com\" \/>\n<meta property=\"og:description\" content=\"SOME BY MI AHA.BHA.PHA 30 Days Miracle Toner to wyj\u0105tkowy tonik, kt\u00f3ry \u0142\u0105czy w sobie moc trzech sk\u0142adnik\u00f3w aktywnych: AHA, BHA i PHA. Przeznaczony do codziennej piel\u0119gnacji, ten tonik wspomaga regeneracj\u0119 sk\u00f3ry, poprawia jej tekstur\u0119 i przywraca zdrowy blask. AHA (kwas glikolowy) dzia\u0142a na powierzchni sk\u00f3ry, usuwaj\u0105c martwe kom\u00f3rki i rozja\u015bniaj\u0105c cer\u0119. BHA (kwas salicylowy) ... Read moreSOME BY MI AHA.BHA.PHA 30 Days Miracle Toner 150 ml &#8211; Tonik z kwasami\" \/>\n<meta property=\"og:url\" content=\"https:\/\/selleetools.com\/pl\/product\/some-by-mi-aha-bha-pha-30-days-miracle-toner-150-ml-tonik-z-kwasami\/\" \/>\n<meta property=\"og:site_name\" content=\"Selleetools.com\" \/>\n<meta property=\"article:modified_time\" content=\"2026-02-25T18:07:14+00:00\" \/>\n<meta property=\"og:image\" content=\"https:\/\/selleetools.com\/wp-content\/uploads\/2025\/10\/065c6adb236ad8b013e35958c5fb6af4.jpg\" \/>\n\t<meta property=\"og:image:width\" content=\"405\" \/>\n\t<meta property=\"og:image:height\" content=\"405\" \/>\n\t<meta property=\"og:image:type\" content=\"image\/jpeg\" \/>\n<meta name=\"twitter:card\" content=\"summary_large_image\" \/>\n<meta name=\"twitter:label1\" content=\"Est. reading time\" \/>\n\t<meta name=\"twitter:data1\" content=\"1 minuta\" \/>\n<!-- \/ Yoast SEO plugin. -->","yoast_head_json":{"title":"SOME BY MI AHA.BHA.PHA 30 Days Miracle Toner 150 ml - Tonik z kwasami - Selleetools.com","robots":{"index":"index","follow":"follow","max-snippet":"max-snippet:-1","max-image-preview":"max-image-preview:large","max-video-preview":"max-video-preview:-1"},"canonical":"https:\/\/selleetools.com\/pl\/product\/some-by-mi-aha-bha-pha-30-days-miracle-toner-150-ml-tonik-z-kwasami\/","og_locale":"pl_PL","og_type":"article","og_title":"SOME BY MI AHA.BHA.PHA 30 Days Miracle Toner 150 ml - Tonik z kwasami - Selleetools.com","og_description":"SOME BY MI AHA.BHA.PHA 30 Days Miracle Toner to wyj\u0105tkowy tonik, kt\u00f3ry \u0142\u0105czy w sobie moc trzech sk\u0142adnik\u00f3w aktywnych: AHA, BHA i PHA. Przeznaczony do codziennej piel\u0119gnacji, ten tonik wspomaga regeneracj\u0119 sk\u00f3ry, poprawia jej tekstur\u0119 i przywraca zdrowy blask. AHA (kwas glikolowy) dzia\u0142a na powierzchni sk\u00f3ry, usuwaj\u0105c martwe kom\u00f3rki i rozja\u015bniaj\u0105c cer\u0119. BHA (kwas salicylowy) ... Read moreSOME BY MI AHA.BHA.PHA 30 Days Miracle Toner 150 ml &#8211; Tonik z kwasami","og_url":"https:\/\/selleetools.com\/pl\/product\/some-by-mi-aha-bha-pha-30-days-miracle-toner-150-ml-tonik-z-kwasami\/","og_site_name":"Selleetools.com","article_modified_time":"2026-02-25T18:07:14+00:00","og_image":[{"width":405,"height":405,"url":"https:\/\/selleetools.com\/wp-content\/uploads\/2025\/10\/065c6adb236ad8b013e35958c5fb6af4.jpg","type":"image\/jpeg"}],"twitter_card":"summary_large_image","twitter_misc":{"Est. reading time":"1 minuta"},"schema":{"@context":"https:\/\/schema.org","@graph":[{"@type":"Organization","@id":"https:\/\/selleetools.com\/#organization","name":"Selleetools","url":"https:\/\/selleetools.com\/","sameAs":[],"logo":{"@type":"ImageObject","inLanguage":"pl-PL","@id":"https:\/\/selleetools.com\/#\/schema\/logo\/image\/","url":"https:\/\/selleetools.com\/wp-content\/uploads\/2021\/10\/logo-dark.png","contentUrl":"https:\/\/selleetools.com\/wp-content\/uploads\/2021\/10\/logo-dark.png","width":320,"height":76,"caption":"Selleetools"},"image":{"@id":"https:\/\/selleetools.com\/#\/schema\/logo\/image\/"}},{"@type":"WebSite","@id":"https:\/\/selleetools.com\/#website","url":"https:\/\/selleetools.com\/","name":"Selleetools.com","description":"","publisher":{"@id":"https:\/\/selleetools.com\/#organization"},"potentialAction":[{"@type":"SearchAction","target":{"@type":"EntryPoint","urlTemplate":"https:\/\/selleetools.com\/?s={search_term_string}"},"query-input":"required name=search_term_string"}],"inLanguage":"pl-PL"},{"@type":"WebPage","@id":"https:\/\/selleetools.com\/pl\/product\/some-by-mi-aha-bha-pha-30-days-miracle-toner-150-ml-tonik-z-kwasami\/","url":"https:\/\/selleetools.com\/pl\/product\/some-by-mi-aha-bha-pha-30-days-miracle-toner-150-ml-tonik-z-kwasami\/","name":"SOME BY MI AHA.BHA.PHA 30 Days Miracle Toner 150 ml - Tonik z kwasami - Selleetools.com","isPartOf":{"@id":"https:\/\/selleetools.com\/#website"},"datePublished":"2025-10-22T06:06:10+00:00","dateModified":"2026-02-25T18:07:14+00:00","breadcrumb":{"@id":"https:\/\/selleetools.com\/pl\/product\/some-by-mi-aha-bha-pha-30-days-miracle-toner-150-ml-tonik-z-kwasami\/#breadcrumb"},"inLanguage":"pl-PL","potentialAction":[{"@type":"ReadAction","target":["https:\/\/selleetools.com\/pl\/product\/some-by-mi-aha-bha-pha-30-days-miracle-toner-150-ml-tonik-z-kwasami\/"]}]},{"@type":"BreadcrumbList","@id":"https:\/\/selleetools.com\/pl\/product\/some-by-mi-aha-bha-pha-30-days-miracle-toner-150-ml-tonik-z-kwasami\/#breadcrumb","itemListElement":[{"@type":"ListItem","position":1,"name":"Home","item":"https:\/\/selleetools.com\/pl\/"},{"@type":"ListItem","position":2,"name":"Katalog","item":"https:\/\/selleetools.com\/pl\/katalog\/"},{"@type":"ListItem","position":3,"name":"SOME BY MI AHA.BHA.PHA 30 Days Miracle Toner 150 ml &#8211; Tonik z kwasami"}]}]}},"_links":{"self":[{"href":"https:\/\/admincentral.selleetools.com\/pl\/wp-json\/wp\/v2\/product\/596509"}],"collection":[{"href":"https:\/\/admincentral.selleetools.com\/pl\/wp-json\/wp\/v2\/product"}],"about":[{"href":"https:\/\/admincentral.selleetools.com\/pl\/wp-json\/wp\/v2\/types\/product"}],"replies":[{"embeddable":true,"href":"https:\/\/admincentral.selleetools.com\/pl\/wp-json\/wp\/v2\/comments?post=596509"}],"wp:featuredmedia":[{"embeddable":true,"href":"https:\/\/admincentral.selleetools.com\/pl\/wp-json\/wp\/v2\/media\/596507"}],"wp:attachment":[{"href":"https:\/\/admincentral.selleetools.com\/pl\/wp-json\/wp\/v2\/media?parent=596509"}],"curies":[{"name":"wp","href":"https:\/\/api.w.org\/{rel}","templated":true}]}}