{"id":596544,"date":"2025-10-22T08:06:32","date_gmt":"2025-10-22T06:06:32","guid":{"rendered":"https:\/\/selleetools.com\/?post_type=product&#038;p=596544"},"modified":"2025-10-23T19:40:06","modified_gmt":"2025-10-23T17:40:06","slug":"heimish-bulgarian-rose-satin-cream-50-ml-krem-z-roza-bulgarska","status":"publish","type":"product","link":"https:\/\/admincentral.selleetools.com\/pl\/product\/heimish-bulgarian-rose-satin-cream-50-ml-krem-z-roza-bulgarska\/","title":{"rendered":"Heimish Bulgarian Rose Satin Cream 50 ml &#8211; Krem z r\u00f3\u017c\u0105 bu\u0142garsk\u0105"},"content":{"rendered":"<p>Heimish Bulgarian Rose Satin Cream to luksusowy krem nawil\u017caj\u0105cy, kt\u00f3ry \u0142\u0105czy w sobie bogactwo naturalnych sk\u0142adnik\u00f3w z zaawansowan\u0105 technologi\u0105 kosmetyczn\u0105. Dzi\u0119ki zawarto\u015bci bu\u0142garskiej wody r\u00f3\u017canej, krem ten dzia\u0142a na sk\u00f3r\u0119 nawil\u017caj\u0105co, rozja\u015bniaj\u0105co i \u0142agodz\u0105co. Produkt jest idealny dla ka\u017cdego typu sk\u00f3ry, szczeg\u00f3lnie dla os\u00f3b poszukuj\u0105cych g\u0142\u0119bokiego nawil\u017cenia i promiennego wygl\u0105du.<\/p>\n<p>Korzy\u015bci dla sk\u00f3ry:<br \/>\nNawil\u017cenie i od\u017cywienie: Bu\u0142garska woda r\u00f3\u017cana intensywnie nawil\u017ca sk\u00f3r\u0119, pozostawiaj\u0105c j\u0105 mi\u0119kk\u0105 i elastyczn\u0105.<br \/>\nRozja\u015bnienie i poprawa kolorytu: Regularne stosowanie kremu pomaga w rozja\u015bnianiu przebarwie\u0144 i wyr\u00f3wnywaniu kolorytu sk\u00f3ry, nadaj\u0105c jej zdrowy blask.<br \/>\n\u0141agodzenie podra\u017cnie\u0144: Naturalne sk\u0142adniki \u0142agodz\u0105 podra\u017cnienia i zaczerwienienia, przynosz\u0105c ukojenie nawet najbardziej wra\u017cliwej sk\u00f3rze.<br \/>\nOchrona antyoksydacyjna: Wysoka zawarto\u015b\u0107 antyoksydant\u00f3w w bu\u0142garskiej wodzie r\u00f3\u017canej chroni sk\u00f3r\u0119 przed szkodliwym dzia\u0142aniem wolnych rodnik\u00f3w.<\/p>\n<p>Spos\u00f3b u\u017cycia:<br \/>\nOczy\u015b\u0107 twarz za pomoc\u0105 swojego ulubionego produktu do oczyszczania.<br \/>\nNa\u0142\u00f3\u017c tonik, aby przygotowa\u0107 sk\u00f3r\u0119 do lepszego wch\u0142aniania kremu.<br \/>\nWe\u017a niewielk\u0105 ilo\u015b\u0107 Heimish Bulgarian Rose Satin Cream i delikatnie wmasuj w sk\u00f3r\u0119 twarzy i szyi, wykonuj\u0105c ruchy ku g\u00f3rze.<br \/>\nStosuj rano i wieczorem jako ostatni krok w swojej codziennej rutynie piel\u0119gnacyjnej.<\/p>\n","protected":false},"excerpt":{"rendered":"<p>Heimish Bulgarian Rose Satin Cream to luksusowy krem nawil\u017caj\u0105cy, kt\u00f3ry \u0142\u0105czy w sobie bogactwo naturalnych sk\u0142adnik\u00f3w z zaawansowan\u0105 technologi\u0105 kosmetyczn\u0105. Dzi\u0119ki zawarto\u015bci bu\u0142garskiej wody r\u00f3\u017canej, krem ten dzia\u0142a na sk\u00f3r\u0119 nawil\u017caj\u0105co, rozja\u015bniaj\u0105co i \u0142agodz\u0105co. Produkt jest idealny dla ka\u017cdego typu sk\u00f3ry, szczeg\u00f3lnie dla os\u00f3b poszukuj\u0105cych g\u0142\u0119bokiego nawil\u017cenia i promiennego wygl\u0105du. Korzy\u015bci dla sk\u00f3ry: Nawil\u017cenie i &#8230; <a title=\"Heimish Bulgarian Rose Satin Cream 50 ml &#8211; Krem z r\u00f3\u017c\u0105 bu\u0142garsk\u0105\" class=\"read-more\" href=\"https:\/\/admincentral.selleetools.com\/pl\/product\/heimish-bulgarian-rose-satin-cream-50-ml-krem-z-roza-bulgarska\/\">Read more<span class=\"screen-reader-text\">Heimish Bulgarian Rose Satin Cream 50 ml &#8211; Krem z r\u00f3\u017c\u0105 bu\u0142garsk\u0105<\/span><\/a><\/p>\n","protected":false},"featured_media":596542,"comment_status":"open","ping_status":"closed","template":"","meta":{"_links_to":"","_links_to_target":""},"yoast_head":"<!-- This site is optimized with the Yoast SEO plugin v19.4 - https:\/\/yoast.com\/wordpress\/plugins\/seo\/ -->\n<title>Heimish Bulgarian Rose Satin Cream 50 ml - Krem z r\u00f3\u017c\u0105 bu\u0142garsk\u0105 - Selleetools.com<\/title>\n<meta name=\"robots\" content=\"index, follow, max-snippet:-1, max-image-preview:large, max-video-preview:-1\" \/>\n<link rel=\"canonical\" href=\"https:\/\/selleetools.com\/pl\/product\/heimish-bulgarian-rose-satin-cream-50-ml-krem-z-roza-bulgarska\/\" \/>\n<meta property=\"og:locale\" content=\"pl_PL\" \/>\n<meta property=\"og:type\" content=\"article\" \/>\n<meta property=\"og:title\" content=\"Heimish Bulgarian Rose Satin Cream 50 ml - Krem z r\u00f3\u017c\u0105 bu\u0142garsk\u0105 - Selleetools.com\" \/>\n<meta property=\"og:description\" content=\"Heimish Bulgarian Rose Satin Cream to luksusowy krem nawil\u017caj\u0105cy, kt\u00f3ry \u0142\u0105czy w sobie bogactwo naturalnych sk\u0142adnik\u00f3w z zaawansowan\u0105 technologi\u0105 kosmetyczn\u0105. Dzi\u0119ki zawarto\u015bci bu\u0142garskiej wody r\u00f3\u017canej, krem ten dzia\u0142a na sk\u00f3r\u0119 nawil\u017caj\u0105co, rozja\u015bniaj\u0105co i \u0142agodz\u0105co. Produkt jest idealny dla ka\u017cdego typu sk\u00f3ry, szczeg\u00f3lnie dla os\u00f3b poszukuj\u0105cych g\u0142\u0119bokiego nawil\u017cenia i promiennego wygl\u0105du. Korzy\u015bci dla sk\u00f3ry: Nawil\u017cenie i ... Read moreHeimish Bulgarian Rose Satin Cream 50 ml &#8211; Krem z r\u00f3\u017c\u0105 bu\u0142garsk\u0105\" \/>\n<meta property=\"og:url\" content=\"https:\/\/selleetools.com\/pl\/product\/heimish-bulgarian-rose-satin-cream-50-ml-krem-z-roza-bulgarska\/\" \/>\n<meta property=\"og:site_name\" content=\"Selleetools.com\" \/>\n<meta property=\"article:modified_time\" content=\"2025-10-23T17:40:06+00:00\" \/>\n<meta property=\"og:image\" content=\"https:\/\/selleetools.com\/wp-content\/uploads\/2025\/10\/c2b8d260dfc94a47ab3580ec8c800acb.jpg\" \/>\n\t<meta property=\"og:image:width\" content=\"1200\" \/>\n\t<meta property=\"og:image:height\" content=\"1200\" \/>\n\t<meta property=\"og:image:type\" content=\"image\/jpeg\" \/>\n<meta name=\"twitter:card\" content=\"summary_large_image\" \/>\n<meta name=\"twitter:label1\" content=\"Est. reading time\" \/>\n\t<meta name=\"twitter:data1\" content=\"1 minuta\" \/>\n<!-- \/ Yoast SEO plugin. -->","yoast_head_json":{"title":"Heimish Bulgarian Rose Satin Cream 50 ml - Krem z r\u00f3\u017c\u0105 bu\u0142garsk\u0105 - Selleetools.com","robots":{"index":"index","follow":"follow","max-snippet":"max-snippet:-1","max-image-preview":"max-image-preview:large","max-video-preview":"max-video-preview:-1"},"canonical":"https:\/\/selleetools.com\/pl\/product\/heimish-bulgarian-rose-satin-cream-50-ml-krem-z-roza-bulgarska\/","og_locale":"pl_PL","og_type":"article","og_title":"Heimish Bulgarian Rose Satin Cream 50 ml - Krem z r\u00f3\u017c\u0105 bu\u0142garsk\u0105 - Selleetools.com","og_description":"Heimish Bulgarian Rose Satin Cream to luksusowy krem nawil\u017caj\u0105cy, kt\u00f3ry \u0142\u0105czy w sobie bogactwo naturalnych sk\u0142adnik\u00f3w z zaawansowan\u0105 technologi\u0105 kosmetyczn\u0105. Dzi\u0119ki zawarto\u015bci bu\u0142garskiej wody r\u00f3\u017canej, krem ten dzia\u0142a na sk\u00f3r\u0119 nawil\u017caj\u0105co, rozja\u015bniaj\u0105co i \u0142agodz\u0105co. Produkt jest idealny dla ka\u017cdego typu sk\u00f3ry, szczeg\u00f3lnie dla os\u00f3b poszukuj\u0105cych g\u0142\u0119bokiego nawil\u017cenia i promiennego wygl\u0105du. Korzy\u015bci dla sk\u00f3ry: Nawil\u017cenie i ... Read moreHeimish Bulgarian Rose Satin Cream 50 ml &#8211; Krem z r\u00f3\u017c\u0105 bu\u0142garsk\u0105","og_url":"https:\/\/selleetools.com\/pl\/product\/heimish-bulgarian-rose-satin-cream-50-ml-krem-z-roza-bulgarska\/","og_site_name":"Selleetools.com","article_modified_time":"2025-10-23T17:40:06+00:00","og_image":[{"width":1200,"height":1200,"url":"https:\/\/selleetools.com\/wp-content\/uploads\/2025\/10\/c2b8d260dfc94a47ab3580ec8c800acb.jpg","type":"image\/jpeg"}],"twitter_card":"summary_large_image","twitter_misc":{"Est. reading time":"1 minuta"},"schema":{"@context":"https:\/\/schema.org","@graph":[{"@type":"Organization","@id":"https:\/\/selleetools.com\/#organization","name":"Selleetools","url":"https:\/\/selleetools.com\/","sameAs":[],"logo":{"@type":"ImageObject","inLanguage":"pl-PL","@id":"https:\/\/selleetools.com\/#\/schema\/logo\/image\/","url":"https:\/\/selleetools.com\/wp-content\/uploads\/2021\/10\/logo-dark.png","contentUrl":"https:\/\/selleetools.com\/wp-content\/uploads\/2021\/10\/logo-dark.png","width":320,"height":76,"caption":"Selleetools"},"image":{"@id":"https:\/\/selleetools.com\/#\/schema\/logo\/image\/"}},{"@type":"WebSite","@id":"https:\/\/selleetools.com\/#website","url":"https:\/\/selleetools.com\/","name":"Selleetools.com","description":"","publisher":{"@id":"https:\/\/selleetools.com\/#organization"},"potentialAction":[{"@type":"SearchAction","target":{"@type":"EntryPoint","urlTemplate":"https:\/\/selleetools.com\/?s={search_term_string}"},"query-input":"required name=search_term_string"}],"inLanguage":"pl-PL"},{"@type":"WebPage","@id":"https:\/\/selleetools.com\/pl\/product\/heimish-bulgarian-rose-satin-cream-50-ml-krem-z-roza-bulgarska\/","url":"https:\/\/selleetools.com\/pl\/product\/heimish-bulgarian-rose-satin-cream-50-ml-krem-z-roza-bulgarska\/","name":"Heimish Bulgarian Rose Satin Cream 50 ml - Krem z r\u00f3\u017c\u0105 bu\u0142garsk\u0105 - Selleetools.com","isPartOf":{"@id":"https:\/\/selleetools.com\/#website"},"datePublished":"2025-10-22T06:06:32+00:00","dateModified":"2025-10-23T17:40:06+00:00","breadcrumb":{"@id":"https:\/\/selleetools.com\/pl\/product\/heimish-bulgarian-rose-satin-cream-50-ml-krem-z-roza-bulgarska\/#breadcrumb"},"inLanguage":"pl-PL","potentialAction":[{"@type":"ReadAction","target":["https:\/\/selleetools.com\/pl\/product\/heimish-bulgarian-rose-satin-cream-50-ml-krem-z-roza-bulgarska\/"]}]},{"@type":"BreadcrumbList","@id":"https:\/\/selleetools.com\/pl\/product\/heimish-bulgarian-rose-satin-cream-50-ml-krem-z-roza-bulgarska\/#breadcrumb","itemListElement":[{"@type":"ListItem","position":1,"name":"Home","item":"https:\/\/selleetools.com\/pl\/"},{"@type":"ListItem","position":2,"name":"Katalog","item":"https:\/\/selleetools.com\/pl\/katalog\/"},{"@type":"ListItem","position":3,"name":"Heimish Bulgarian Rose Satin Cream 50 ml &#8211; Krem z r\u00f3\u017c\u0105 bu\u0142garsk\u0105"}]}]}},"_links":{"self":[{"href":"https:\/\/admincentral.selleetools.com\/pl\/wp-json\/wp\/v2\/product\/596544"}],"collection":[{"href":"https:\/\/admincentral.selleetools.com\/pl\/wp-json\/wp\/v2\/product"}],"about":[{"href":"https:\/\/admincentral.selleetools.com\/pl\/wp-json\/wp\/v2\/types\/product"}],"replies":[{"embeddable":true,"href":"https:\/\/admincentral.selleetools.com\/pl\/wp-json\/wp\/v2\/comments?post=596544"}],"wp:featuredmedia":[{"embeddable":true,"href":"https:\/\/admincentral.selleetools.com\/pl\/wp-json\/wp\/v2\/media\/596542"}],"wp:attachment":[{"href":"https:\/\/admincentral.selleetools.com\/pl\/wp-json\/wp\/v2\/media?parent=596544"}],"curies":[{"name":"wp","href":"https:\/\/api.w.org\/{rel}","templated":true}]}}