{"id":596554,"date":"2025-10-22T08:06:40","date_gmt":"2025-10-22T06:06:40","guid":{"rendered":"https:\/\/selleetools.com\/?post_type=product&#038;p=596554"},"modified":"2025-12-26T16:38:43","modified_gmt":"2025-12-26T15:38:43","slug":"pyunkang-yul-acne-toner-150-ml-tonik-do-cery-tradzikowej","status":"publish","type":"product","link":"https:\/\/admincentral.selleetools.com\/pl\/product\/pyunkang-yul-acne-toner-150-ml-tonik-do-cery-tradzikowej\/","title":{"rendered":"Pyunkang Yul ACNE TONER 150 ml &#8211; Tonik do Cery Tr\u0105dzikowej"},"content":{"rendered":"<p>Pyunkang Yul Acne Toner to lekki, bezalkoholowy tonik stworzony z my\u015bl\u0105 o piel\u0119gnacji sk\u00f3ry tr\u0105dzikowej, t\u0142ustej i wra\u017cliwej. Dzi\u0119ki synergii \u0142agodz\u0105cych ekstrakt\u00f3w ro\u015blinnych, niacynamidu i delikatnych sk\u0142adnik\u00f3w oczyszczaj\u0105cych, tonik pomaga wyciszy\u0107 zmiany tr\u0105dzikowe, zredukowa\u0107 zaczerwienienia i utrzyma\u0107 r\u00f3wnowag\u0119 sebum bez przesuszania sk\u00f3ry.<\/p>\n<p>Korzy\u015bci dla sk\u00f3ry:<br \/>\nWspomaga oczyszczanie por\u00f3w i redukcj\u0119 wyprysk\u00f3w<br \/>\n\u0141agodzi podra\u017cnienia i stany zapalne<br \/>\nReguluje wydzielanie sebum i dzia\u0142a koj\u0105co<br \/>\nWzmacnia barier\u0119 ochronn\u0105 sk\u00f3ry<br \/>\nIdealny dla sk\u00f3ry tr\u0105dzikowej, wra\u017cliwej i problematycznej<\/p>\n<p>Spos\u00f3b u\u017cycia: Po oczyszczeniu twarzy, nanie\u015b tonik na p\u0142atek kosmetyczny lub d\u0142onie i delikatnie rozprowad\u017a na twarzy, omijaj\u0105c okolice oczu. Stosuj codziennie rano i wieczorem przed aplikacj\u0105 serum lub kremu.<\/p>\n","protected":false},"excerpt":{"rendered":"<p>Pyunkang Yul Acne Toner to lekki, bezalkoholowy tonik stworzony z my\u015bl\u0105 o piel\u0119gnacji sk\u00f3ry tr\u0105dzikowej, t\u0142ustej i wra\u017cliwej. Dzi\u0119ki synergii \u0142agodz\u0105cych ekstrakt\u00f3w ro\u015blinnych, niacynamidu i delikatnych sk\u0142adnik\u00f3w oczyszczaj\u0105cych, tonik pomaga wyciszy\u0107 zmiany tr\u0105dzikowe, zredukowa\u0107 zaczerwienienia i utrzyma\u0107 r\u00f3wnowag\u0119 sebum bez przesuszania sk\u00f3ry. Korzy\u015bci dla sk\u00f3ry: Wspomaga oczyszczanie por\u00f3w i redukcj\u0119 wyprysk\u00f3w \u0141agodzi podra\u017cnienia i stany &#8230; <a title=\"Pyunkang Yul ACNE TONER 150 ml &#8211; Tonik do Cery Tr\u0105dzikowej\" class=\"read-more\" href=\"https:\/\/admincentral.selleetools.com\/pl\/product\/pyunkang-yul-acne-toner-150-ml-tonik-do-cery-tradzikowej\/\">Read more<span class=\"screen-reader-text\">Pyunkang Yul ACNE TONER 150 ml &#8211; Tonik do Cery Tr\u0105dzikowej<\/span><\/a><\/p>\n","protected":false},"featured_media":596548,"comment_status":"open","ping_status":"closed","template":"","meta":{"_links_to":"","_links_to_target":""},"yoast_head":"<!-- This site is optimized with the Yoast SEO plugin v19.4 - https:\/\/yoast.com\/wordpress\/plugins\/seo\/ -->\n<title>Pyunkang Yul ACNE TONER 150 ml - Tonik do Cery Tr\u0105dzikowej - Selleetools.com<\/title>\n<meta name=\"robots\" content=\"index, follow, max-snippet:-1, max-image-preview:large, max-video-preview:-1\" \/>\n<link rel=\"canonical\" href=\"https:\/\/selleetools.com\/pl\/product\/pyunkang-yul-acne-toner-150-ml-tonik-do-cery-tradzikowej\/\" \/>\n<meta property=\"og:locale\" content=\"pl_PL\" \/>\n<meta property=\"og:type\" content=\"article\" \/>\n<meta property=\"og:title\" content=\"Pyunkang Yul ACNE TONER 150 ml - Tonik do Cery Tr\u0105dzikowej - Selleetools.com\" \/>\n<meta property=\"og:description\" content=\"Pyunkang Yul Acne Toner to lekki, bezalkoholowy tonik stworzony z my\u015bl\u0105 o piel\u0119gnacji sk\u00f3ry tr\u0105dzikowej, t\u0142ustej i wra\u017cliwej. Dzi\u0119ki synergii \u0142agodz\u0105cych ekstrakt\u00f3w ro\u015blinnych, niacynamidu i delikatnych sk\u0142adnik\u00f3w oczyszczaj\u0105cych, tonik pomaga wyciszy\u0107 zmiany tr\u0105dzikowe, zredukowa\u0107 zaczerwienienia i utrzyma\u0107 r\u00f3wnowag\u0119 sebum bez przesuszania sk\u00f3ry. Korzy\u015bci dla sk\u00f3ry: Wspomaga oczyszczanie por\u00f3w i redukcj\u0119 wyprysk\u00f3w \u0141agodzi podra\u017cnienia i stany ... Read morePyunkang Yul ACNE TONER 150 ml &#8211; Tonik do Cery Tr\u0105dzikowej\" \/>\n<meta property=\"og:url\" content=\"https:\/\/selleetools.com\/pl\/product\/pyunkang-yul-acne-toner-150-ml-tonik-do-cery-tradzikowej\/\" \/>\n<meta property=\"og:site_name\" content=\"Selleetools.com\" \/>\n<meta property=\"article:modified_time\" content=\"2025-12-26T15:38:43+00:00\" \/>\n<meta property=\"og:image\" content=\"https:\/\/selleetools.com\/wp-content\/uploads\/2025\/10\/8ef4d9859013a840f8d5ac1f48fa523d.jpg\" \/>\n\t<meta property=\"og:image:width\" content=\"800\" \/>\n\t<meta property=\"og:image:height\" content=\"800\" \/>\n\t<meta property=\"og:image:type\" content=\"image\/jpeg\" \/>\n<meta name=\"twitter:card\" content=\"summary_large_image\" \/>\n<meta name=\"twitter:label1\" content=\"Est. reading time\" \/>\n\t<meta name=\"twitter:data1\" content=\"1 minuta\" \/>\n<!-- \/ Yoast SEO plugin. -->","yoast_head_json":{"title":"Pyunkang Yul ACNE TONER 150 ml - Tonik do Cery Tr\u0105dzikowej - Selleetools.com","robots":{"index":"index","follow":"follow","max-snippet":"max-snippet:-1","max-image-preview":"max-image-preview:large","max-video-preview":"max-video-preview:-1"},"canonical":"https:\/\/selleetools.com\/pl\/product\/pyunkang-yul-acne-toner-150-ml-tonik-do-cery-tradzikowej\/","og_locale":"pl_PL","og_type":"article","og_title":"Pyunkang Yul ACNE TONER 150 ml - Tonik do Cery Tr\u0105dzikowej - Selleetools.com","og_description":"Pyunkang Yul Acne Toner to lekki, bezalkoholowy tonik stworzony z my\u015bl\u0105 o piel\u0119gnacji sk\u00f3ry tr\u0105dzikowej, t\u0142ustej i wra\u017cliwej. Dzi\u0119ki synergii \u0142agodz\u0105cych ekstrakt\u00f3w ro\u015blinnych, niacynamidu i delikatnych sk\u0142adnik\u00f3w oczyszczaj\u0105cych, tonik pomaga wyciszy\u0107 zmiany tr\u0105dzikowe, zredukowa\u0107 zaczerwienienia i utrzyma\u0107 r\u00f3wnowag\u0119 sebum bez przesuszania sk\u00f3ry. Korzy\u015bci dla sk\u00f3ry: Wspomaga oczyszczanie por\u00f3w i redukcj\u0119 wyprysk\u00f3w \u0141agodzi podra\u017cnienia i stany ... Read morePyunkang Yul ACNE TONER 150 ml &#8211; Tonik do Cery Tr\u0105dzikowej","og_url":"https:\/\/selleetools.com\/pl\/product\/pyunkang-yul-acne-toner-150-ml-tonik-do-cery-tradzikowej\/","og_site_name":"Selleetools.com","article_modified_time":"2025-12-26T15:38:43+00:00","og_image":[{"width":800,"height":800,"url":"https:\/\/selleetools.com\/wp-content\/uploads\/2025\/10\/8ef4d9859013a840f8d5ac1f48fa523d.jpg","type":"image\/jpeg"}],"twitter_card":"summary_large_image","twitter_misc":{"Est. reading time":"1 minuta"},"schema":{"@context":"https:\/\/schema.org","@graph":[{"@type":"Organization","@id":"https:\/\/selleetools.com\/#organization","name":"Selleetools","url":"https:\/\/selleetools.com\/","sameAs":[],"logo":{"@type":"ImageObject","inLanguage":"pl-PL","@id":"https:\/\/selleetools.com\/#\/schema\/logo\/image\/","url":"https:\/\/selleetools.com\/wp-content\/uploads\/2021\/10\/logo-dark.png","contentUrl":"https:\/\/selleetools.com\/wp-content\/uploads\/2021\/10\/logo-dark.png","width":320,"height":76,"caption":"Selleetools"},"image":{"@id":"https:\/\/selleetools.com\/#\/schema\/logo\/image\/"}},{"@type":"WebSite","@id":"https:\/\/selleetools.com\/#website","url":"https:\/\/selleetools.com\/","name":"Selleetools.com","description":"","publisher":{"@id":"https:\/\/selleetools.com\/#organization"},"potentialAction":[{"@type":"SearchAction","target":{"@type":"EntryPoint","urlTemplate":"https:\/\/selleetools.com\/?s={search_term_string}"},"query-input":"required name=search_term_string"}],"inLanguage":"pl-PL"},{"@type":"WebPage","@id":"https:\/\/selleetools.com\/pl\/product\/pyunkang-yul-acne-toner-150-ml-tonik-do-cery-tradzikowej\/","url":"https:\/\/selleetools.com\/pl\/product\/pyunkang-yul-acne-toner-150-ml-tonik-do-cery-tradzikowej\/","name":"Pyunkang Yul ACNE TONER 150 ml - Tonik do Cery Tr\u0105dzikowej - Selleetools.com","isPartOf":{"@id":"https:\/\/selleetools.com\/#website"},"datePublished":"2025-10-22T06:06:40+00:00","dateModified":"2025-12-26T15:38:43+00:00","breadcrumb":{"@id":"https:\/\/selleetools.com\/pl\/product\/pyunkang-yul-acne-toner-150-ml-tonik-do-cery-tradzikowej\/#breadcrumb"},"inLanguage":"pl-PL","potentialAction":[{"@type":"ReadAction","target":["https:\/\/selleetools.com\/pl\/product\/pyunkang-yul-acne-toner-150-ml-tonik-do-cery-tradzikowej\/"]}]},{"@type":"BreadcrumbList","@id":"https:\/\/selleetools.com\/pl\/product\/pyunkang-yul-acne-toner-150-ml-tonik-do-cery-tradzikowej\/#breadcrumb","itemListElement":[{"@type":"ListItem","position":1,"name":"Home","item":"https:\/\/selleetools.com\/pl\/"},{"@type":"ListItem","position":2,"name":"Katalog","item":"https:\/\/selleetools.com\/pl\/katalog\/"},{"@type":"ListItem","position":3,"name":"Pyunkang Yul ACNE TONER 150 ml &#8211; Tonik do Cery Tr\u0105dzikowej"}]}]}},"_links":{"self":[{"href":"https:\/\/admincentral.selleetools.com\/pl\/wp-json\/wp\/v2\/product\/596554"}],"collection":[{"href":"https:\/\/admincentral.selleetools.com\/pl\/wp-json\/wp\/v2\/product"}],"about":[{"href":"https:\/\/admincentral.selleetools.com\/pl\/wp-json\/wp\/v2\/types\/product"}],"replies":[{"embeddable":true,"href":"https:\/\/admincentral.selleetools.com\/pl\/wp-json\/wp\/v2\/comments?post=596554"}],"wp:featuredmedia":[{"embeddable":true,"href":"https:\/\/admincentral.selleetools.com\/pl\/wp-json\/wp\/v2\/media\/596548"}],"wp:attachment":[{"href":"https:\/\/admincentral.selleetools.com\/pl\/wp-json\/wp\/v2\/media?parent=596554"}],"curies":[{"name":"wp","href":"https:\/\/api.w.org\/{rel}","templated":true}]}}