{"id":596642,"date":"2025-10-22T08:08:10","date_gmt":"2025-10-22T06:08:10","guid":{"rendered":"https:\/\/selleetools.com\/?post_type=product&#038;p=596642"},"modified":"2025-10-23T19:43:33","modified_gmt":"2025-10-23T17:43:33","slug":"heimish-black-tea-mask-pack-110-ml-maska-z-czarna-herbata","status":"publish","type":"product","link":"https:\/\/admincentral.selleetools.com\/pl\/product\/heimish-black-tea-mask-pack-110-ml-maska-z-czarna-herbata\/","title":{"rendered":"Heimish Black Tea Mask Pack 110 ml &#8211; Maska z czarn\u0105 herbat\u0105"},"content":{"rendered":"<p>Heimish Black Tea Mask Pack to luksusowa maska nawil\u017caj\u0105ca, kt\u00f3rej g\u0142\u00f3wnym sk\u0142adnikiem jest ekstrakt z czarnej herbaty. Ta maseczka zapewnia intensywne nawil\u017cenie, od\u017cywienie i dzia\u0142anie przeciwutleniaj\u0105ce, pomagaj\u0105c sk\u00f3rze odzyska\u0107 blask i witalno\u015b\u0107. Produkt dzia\u0142a koj\u0105co, redukuje opuchlizn\u0119 oraz oznaki zm\u0119czenia, pozostawiaj\u0105c sk\u00f3r\u0119 mi\u0119kk\u0105, g\u0142adk\u0105 i od\u015bwie\u017con\u0105.<\/p>\n<p>Korzy\u015bci dla sk\u00f3ry:<br \/>\nNawil\u017cenie: G\u0142\u0119boko nawil\u017ca sk\u00f3r\u0119, zapobiegaj\u0105c przesuszeniu.<br \/>\nOd\u017cywienie: Bogata w witaminy i minera\u0142y formu\u0142a dostarcza sk\u00f3rze niezb\u0119dnych sk\u0142adnik\u00f3w od\u017cywczych.<br \/>\nPrzeciwutleniacze: Ekstrakt z czarnej herbaty zawiera przeciwutleniacze, kt\u00f3re pomagaj\u0105 w walce z wolnymi rodnikami i op\u00f3\u017aniaj\u0105 procesy starzenia si\u0119 sk\u00f3ry.<br \/>\nKoj\u0105ce dzia\u0142anie: Redukuje zaczerwienienia i podra\u017cnienia, uspokajaj\u0105c sk\u00f3r\u0119.<br \/>\nOd\u015bwie\u017cenie: Maska dzia\u0142a jak zastrzyk energii, sprawiaj\u0105c, \u017ce sk\u00f3ra wygl\u0105da na bardziej promienn\u0105 i wypocz\u0119t\u0105.<\/p>\n<p>Spos\u00f3b u\u017cycia:<br \/>\nOczy\u015b\u0107 twarz i osusz j\u0105 delikatnie r\u0119cznikiem.<br \/>\nNa\u0142\u00f3\u017c odpowiedni\u0105 ilo\u015b\u0107 maski na ca\u0142\u0105 twarz, unikaj\u0105c okolic oczu i ust.<br \/>\nPozostaw na sk\u00f3rze na 10-15 minut.<br \/>\nSp\u0142ucz mask\u0119 letni\u0105 wod\u0105, wykonuj\u0105c delikatny masa\u017c twarzy.<br \/>\nStosuj 2-3 razy w tygodniu, aby uzyska\u0107 najlepsze rezultaty.<\/p>\n<p>Heimish Black Tea Mask Pack to idealne rozwi\u0105zanie dla os\u00f3b pragn\u0105cych zapewni\u0107 swojej sk\u00f3rze codzienn\u0105 dawk\u0119 luksusu i piel\u0119gnacji.<\/p>\n","protected":false},"excerpt":{"rendered":"<p>Heimish Black Tea Mask Pack to luksusowa maska nawil\u017caj\u0105ca, kt\u00f3rej g\u0142\u00f3wnym sk\u0142adnikiem jest ekstrakt z czarnej herbaty. Ta maseczka zapewnia intensywne nawil\u017cenie, od\u017cywienie i dzia\u0142anie przeciwutleniaj\u0105ce, pomagaj\u0105c sk\u00f3rze odzyska\u0107 blask i witalno\u015b\u0107. Produkt dzia\u0142a koj\u0105co, redukuje opuchlizn\u0119 oraz oznaki zm\u0119czenia, pozostawiaj\u0105c sk\u00f3r\u0119 mi\u0119kk\u0105, g\u0142adk\u0105 i od\u015bwie\u017con\u0105. Korzy\u015bci dla sk\u00f3ry: Nawil\u017cenie: G\u0142\u0119boko nawil\u017ca sk\u00f3r\u0119, zapobiegaj\u0105c przesuszeniu. &#8230; <a title=\"Heimish Black Tea Mask Pack 110 ml &#8211; Maska z czarn\u0105 herbat\u0105\" class=\"read-more\" href=\"https:\/\/admincentral.selleetools.com\/pl\/product\/heimish-black-tea-mask-pack-110-ml-maska-z-czarna-herbata\/\">Read more<span class=\"screen-reader-text\">Heimish Black Tea Mask Pack 110 ml &#8211; Maska z czarn\u0105 herbat\u0105<\/span><\/a><\/p>\n","protected":false},"featured_media":596640,"comment_status":"open","ping_status":"closed","template":"","meta":{"_links_to":"","_links_to_target":""},"yoast_head":"<!-- This site is optimized with the Yoast SEO plugin v19.4 - https:\/\/yoast.com\/wordpress\/plugins\/seo\/ -->\n<title>Heimish Black Tea Mask Pack 110 ml - Maska z czarn\u0105 herbat\u0105 - Selleetools.com<\/title>\n<meta name=\"robots\" content=\"index, follow, max-snippet:-1, max-image-preview:large, max-video-preview:-1\" \/>\n<link rel=\"canonical\" href=\"https:\/\/admincentral.selleetools.com\/pl\/product\/heimish-black-tea-mask-pack-110-ml-maska-z-czarna-herbata\/\" \/>\n<meta property=\"og:locale\" content=\"pl_PL\" \/>\n<meta property=\"og:type\" content=\"article\" \/>\n<meta property=\"og:title\" content=\"Heimish Black Tea Mask Pack 110 ml - Maska z czarn\u0105 herbat\u0105 - Selleetools.com\" \/>\n<meta property=\"og:description\" content=\"Heimish Black Tea Mask Pack to luksusowa maska nawil\u017caj\u0105ca, kt\u00f3rej g\u0142\u00f3wnym sk\u0142adnikiem jest ekstrakt z czarnej herbaty. Ta maseczka zapewnia intensywne nawil\u017cenie, od\u017cywienie i dzia\u0142anie przeciwutleniaj\u0105ce, pomagaj\u0105c sk\u00f3rze odzyska\u0107 blask i witalno\u015b\u0107. Produkt dzia\u0142a koj\u0105co, redukuje opuchlizn\u0119 oraz oznaki zm\u0119czenia, pozostawiaj\u0105c sk\u00f3r\u0119 mi\u0119kk\u0105, g\u0142adk\u0105 i od\u015bwie\u017con\u0105. Korzy\u015bci dla sk\u00f3ry: Nawil\u017cenie: G\u0142\u0119boko nawil\u017ca sk\u00f3r\u0119, zapobiegaj\u0105c przesuszeniu. ... Read moreHeimish Black Tea Mask Pack 110 ml &#8211; Maska z czarn\u0105 herbat\u0105\" \/>\n<meta property=\"og:url\" content=\"https:\/\/admincentral.selleetools.com\/pl\/product\/heimish-black-tea-mask-pack-110-ml-maska-z-czarna-herbata\/\" \/>\n<meta property=\"og:site_name\" content=\"Selleetools.com\" \/>\n<meta property=\"article:modified_time\" content=\"2025-10-23T17:43:33+00:00\" \/>\n<meta property=\"og:image\" content=\"https:\/\/selleetools.com\/wp-content\/uploads\/2025\/10\/185126c587b97cd618bdab3aaf99b956.png\" \/>\n\t<meta property=\"og:image:width\" content=\"1200\" \/>\n\t<meta property=\"og:image:height\" content=\"1200\" \/>\n\t<meta property=\"og:image:type\" content=\"image\/png\" \/>\n<meta name=\"twitter:card\" content=\"summary_large_image\" \/>\n<meta name=\"twitter:label1\" content=\"Est. reading time\" \/>\n\t<meta name=\"twitter:data1\" content=\"1 minuta\" \/>\n<!-- \/ Yoast SEO plugin. -->","yoast_head_json":{"title":"Heimish Black Tea Mask Pack 110 ml - Maska z czarn\u0105 herbat\u0105 - Selleetools.com","robots":{"index":"index","follow":"follow","max-snippet":"max-snippet:-1","max-image-preview":"max-image-preview:large","max-video-preview":"max-video-preview:-1"},"canonical":"https:\/\/admincentral.selleetools.com\/pl\/product\/heimish-black-tea-mask-pack-110-ml-maska-z-czarna-herbata\/","og_locale":"pl_PL","og_type":"article","og_title":"Heimish Black Tea Mask Pack 110 ml - Maska z czarn\u0105 herbat\u0105 - Selleetools.com","og_description":"Heimish Black Tea Mask Pack to luksusowa maska nawil\u017caj\u0105ca, kt\u00f3rej g\u0142\u00f3wnym sk\u0142adnikiem jest ekstrakt z czarnej herbaty. Ta maseczka zapewnia intensywne nawil\u017cenie, od\u017cywienie i dzia\u0142anie przeciwutleniaj\u0105ce, pomagaj\u0105c sk\u00f3rze odzyska\u0107 blask i witalno\u015b\u0107. Produkt dzia\u0142a koj\u0105co, redukuje opuchlizn\u0119 oraz oznaki zm\u0119czenia, pozostawiaj\u0105c sk\u00f3r\u0119 mi\u0119kk\u0105, g\u0142adk\u0105 i od\u015bwie\u017con\u0105. Korzy\u015bci dla sk\u00f3ry: Nawil\u017cenie: G\u0142\u0119boko nawil\u017ca sk\u00f3r\u0119, zapobiegaj\u0105c przesuszeniu. ... Read moreHeimish Black Tea Mask Pack 110 ml &#8211; Maska z czarn\u0105 herbat\u0105","og_url":"https:\/\/admincentral.selleetools.com\/pl\/product\/heimish-black-tea-mask-pack-110-ml-maska-z-czarna-herbata\/","og_site_name":"Selleetools.com","article_modified_time":"2025-10-23T17:43:33+00:00","og_image":[{"width":1200,"height":1200,"url":"https:\/\/selleetools.com\/wp-content\/uploads\/2025\/10\/185126c587b97cd618bdab3aaf99b956.png","type":"image\/png"}],"twitter_card":"summary_large_image","twitter_misc":{"Est. reading time":"1 minuta"},"schema":{"@context":"https:\/\/schema.org","@graph":[{"@type":"Organization","@id":"https:\/\/selleetools.com\/#organization","name":"Selleetools","url":"https:\/\/selleetools.com\/","sameAs":[],"logo":{"@type":"ImageObject","inLanguage":"pl-PL","@id":"https:\/\/selleetools.com\/#\/schema\/logo\/image\/","url":"https:\/\/selleetools.com\/wp-content\/uploads\/2021\/10\/logo-dark.png","contentUrl":"https:\/\/selleetools.com\/wp-content\/uploads\/2021\/10\/logo-dark.png","width":320,"height":76,"caption":"Selleetools"},"image":{"@id":"https:\/\/selleetools.com\/#\/schema\/logo\/image\/"}},{"@type":"WebSite","@id":"https:\/\/selleetools.com\/#website","url":"https:\/\/selleetools.com\/","name":"Selleetools.com","description":"","publisher":{"@id":"https:\/\/selleetools.com\/#organization"},"potentialAction":[{"@type":"SearchAction","target":{"@type":"EntryPoint","urlTemplate":"https:\/\/selleetools.com\/?s={search_term_string}"},"query-input":"required name=search_term_string"}],"inLanguage":"pl-PL"},{"@type":"WebPage","@id":"https:\/\/admincentral.selleetools.com\/pl\/product\/heimish-black-tea-mask-pack-110-ml-maska-z-czarna-herbata\/","url":"https:\/\/admincentral.selleetools.com\/pl\/product\/heimish-black-tea-mask-pack-110-ml-maska-z-czarna-herbata\/","name":"Heimish Black Tea Mask Pack 110 ml - Maska z czarn\u0105 herbat\u0105 - Selleetools.com","isPartOf":{"@id":"https:\/\/selleetools.com\/#website"},"datePublished":"2025-10-22T06:08:10+00:00","dateModified":"2025-10-23T17:43:33+00:00","breadcrumb":{"@id":"https:\/\/admincentral.selleetools.com\/pl\/product\/heimish-black-tea-mask-pack-110-ml-maska-z-czarna-herbata\/#breadcrumb"},"inLanguage":"pl-PL","potentialAction":[{"@type":"ReadAction","target":["https:\/\/admincentral.selleetools.com\/pl\/product\/heimish-black-tea-mask-pack-110-ml-maska-z-czarna-herbata\/"]}]},{"@type":"BreadcrumbList","@id":"https:\/\/admincentral.selleetools.com\/pl\/product\/heimish-black-tea-mask-pack-110-ml-maska-z-czarna-herbata\/#breadcrumb","itemListElement":[{"@type":"ListItem","position":1,"name":"Home","item":"https:\/\/selleetools.com\/pl\/"},{"@type":"ListItem","position":2,"name":"Katalog","item":"https:\/\/selleetools.com\/pl\/katalog\/"},{"@type":"ListItem","position":3,"name":"Heimish Black Tea Mask Pack 110 ml &#8211; Maska z czarn\u0105 herbat\u0105"}]}]}},"_links":{"self":[{"href":"https:\/\/admincentral.selleetools.com\/pl\/wp-json\/wp\/v2\/product\/596642"}],"collection":[{"href":"https:\/\/admincentral.selleetools.com\/pl\/wp-json\/wp\/v2\/product"}],"about":[{"href":"https:\/\/admincentral.selleetools.com\/pl\/wp-json\/wp\/v2\/types\/product"}],"replies":[{"embeddable":true,"href":"https:\/\/admincentral.selleetools.com\/pl\/wp-json\/wp\/v2\/comments?post=596642"}],"wp:featuredmedia":[{"embeddable":true,"href":"https:\/\/admincentral.selleetools.com\/pl\/wp-json\/wp\/v2\/media\/596640"}],"wp:attachment":[{"href":"https:\/\/admincentral.selleetools.com\/pl\/wp-json\/wp\/v2\/media?parent=596642"}],"curies":[{"name":"wp","href":"https:\/\/api.w.org\/{rel}","templated":true}]}}