{"id":596686,"date":"2025-10-22T08:08:50","date_gmt":"2025-10-22T06:08:50","guid":{"rendered":"https:\/\/selleetools.com\/?post_type=product&#038;p=596686"},"modified":"2025-10-24T22:00:12","modified_gmt":"2025-10-24T20:00:12","slug":"some-by-mi-clear-spot-patch-18-pcs-plastry-na-niedoskonalosci","status":"publish","type":"product","link":"https:\/\/admincentral.selleetools.com\/pl\/product\/some-by-mi-clear-spot-patch-18-pcs-plastry-na-niedoskonalosci\/","title":{"rendered":"SOME BY MI Clear Spot Patch 18 pcs &#8211; Plastry na niedoskona\u0142o\u015bci"},"content":{"rendered":"<p>SOME BY MI Clear Spot Patch to plasterki na wypryski, kt\u00f3re wch\u0142aniaj\u0105 sebum i zanieczyszczenia z por\u00f3w, dyskretnie chroni\u0105c niedoskona\u0142o\u015bci przed czynnikami zewn\u0119trznymi. Dzi\u0119ki hydrokoloidowej formule plasterki tworz\u0105 ochronn\u0105 barier\u0119 na sk\u00f3rze, kt\u00f3ra przyspiesza regeneracj\u0119 i zapobiega dalszemu podra\u017cnieniu sk\u00f3ry. Plasterki doskonale przylegaj\u0105 do sk\u00f3ry, skutecznie absorbuj\u0105c wydzielin\u0119 z wyprysk\u00f3w.<\/p>\n<p>Korzy\u015bci dla sk\u00f3ry:<br \/>\nSzybsze gojenie wyprysk\u00f3w i tr\u0105dziku<br \/>\nOchrona przed bakteriami i zanieczyszczeniami<br \/>\nZmniejszenie ryzyka blizn po wypryskach<br \/>\nSk\u00f3ra staje si\u0119 czysta, g\u0142adka i bez podra\u017cnie\u0144<\/p>\n<p>Spos\u00f3b u\u017cycia: Na oczyszczon\u0105 sk\u00f3r\u0119 na\u0142\u00f3\u017c plaster na wyprysk lub problematyczn\u0105 stref\u0119. Pozostaw na sk\u00f3rze przez kilka godzin lub na noc, a nast\u0119pnie zdejmij. Stosuj w razie potrzeby.<\/p>\n","protected":false},"excerpt":{"rendered":"<p>SOME BY MI Clear Spot Patch to plasterki na wypryski, kt\u00f3re wch\u0142aniaj\u0105 sebum i zanieczyszczenia z por\u00f3w, dyskretnie chroni\u0105c niedoskona\u0142o\u015bci przed czynnikami zewn\u0119trznymi. Dzi\u0119ki hydrokoloidowej formule plasterki tworz\u0105 ochronn\u0105 barier\u0119 na sk\u00f3rze, kt\u00f3ra przyspiesza regeneracj\u0119 i zapobiega dalszemu podra\u017cnieniu sk\u00f3ry. Plasterki doskonale przylegaj\u0105 do sk\u00f3ry, skutecznie absorbuj\u0105c wydzielin\u0119 z wyprysk\u00f3w. Korzy\u015bci dla sk\u00f3ry: Szybsze gojenie &#8230; <a title=\"SOME BY MI Clear Spot Patch 18 pcs &#8211; Plastry na niedoskona\u0142o\u015bci\" class=\"read-more\" href=\"https:\/\/admincentral.selleetools.com\/pl\/product\/some-by-mi-clear-spot-patch-18-pcs-plastry-na-niedoskonalosci\/\">Read more<span class=\"screen-reader-text\">SOME BY MI Clear Spot Patch 18 pcs &#8211; Plastry na niedoskona\u0142o\u015bci<\/span><\/a><\/p>\n","protected":false},"featured_media":596684,"comment_status":"open","ping_status":"closed","template":"","meta":{"_links_to":"","_links_to_target":""},"yoast_head":"<!-- This site is optimized with the Yoast SEO plugin v19.4 - https:\/\/yoast.com\/wordpress\/plugins\/seo\/ -->\n<title>SOME BY MI Clear Spot Patch 18 pcs - Plastry na niedoskona\u0142o\u015bci - Selleetools.com<\/title>\n<meta name=\"robots\" content=\"index, follow, max-snippet:-1, max-image-preview:large, max-video-preview:-1\" \/>\n<link rel=\"canonical\" href=\"https:\/\/selleetools.com\/pl\/product\/some-by-mi-clear-spot-patch-18-pcs-plastry-na-niedoskonalosci\/\" \/>\n<meta property=\"og:locale\" content=\"pl_PL\" \/>\n<meta property=\"og:type\" content=\"article\" \/>\n<meta property=\"og:title\" content=\"SOME BY MI Clear Spot Patch 18 pcs - Plastry na niedoskona\u0142o\u015bci - Selleetools.com\" \/>\n<meta property=\"og:description\" content=\"SOME BY MI Clear Spot Patch to plasterki na wypryski, kt\u00f3re wch\u0142aniaj\u0105 sebum i zanieczyszczenia z por\u00f3w, dyskretnie chroni\u0105c niedoskona\u0142o\u015bci przed czynnikami zewn\u0119trznymi. Dzi\u0119ki hydrokoloidowej formule plasterki tworz\u0105 ochronn\u0105 barier\u0119 na sk\u00f3rze, kt\u00f3ra przyspiesza regeneracj\u0119 i zapobiega dalszemu podra\u017cnieniu sk\u00f3ry. Plasterki doskonale przylegaj\u0105 do sk\u00f3ry, skutecznie absorbuj\u0105c wydzielin\u0119 z wyprysk\u00f3w. Korzy\u015bci dla sk\u00f3ry: Szybsze gojenie ... Read moreSOME BY MI Clear Spot Patch 18 pcs &#8211; Plastry na niedoskona\u0142o\u015bci\" \/>\n<meta property=\"og:url\" content=\"https:\/\/selleetools.com\/pl\/product\/some-by-mi-clear-spot-patch-18-pcs-plastry-na-niedoskonalosci\/\" \/>\n<meta property=\"og:site_name\" content=\"Selleetools.com\" \/>\n<meta property=\"article:modified_time\" content=\"2025-10-24T20:00:12+00:00\" \/>\n<meta property=\"og:image\" content=\"https:\/\/selleetools.com\/wp-content\/uploads\/2025\/10\/4aa88c51f6664ae19b0687fe1587cb04.jpg\" \/>\n\t<meta property=\"og:image:width\" content=\"1200\" \/>\n\t<meta property=\"og:image:height\" content=\"1200\" \/>\n\t<meta property=\"og:image:type\" content=\"image\/jpeg\" \/>\n<meta name=\"twitter:card\" content=\"summary_large_image\" \/>\n<meta name=\"twitter:label1\" content=\"Est. reading time\" \/>\n\t<meta name=\"twitter:data1\" content=\"1 minuta\" \/>\n<!-- \/ Yoast SEO plugin. -->","yoast_head_json":{"title":"SOME BY MI Clear Spot Patch 18 pcs - Plastry na niedoskona\u0142o\u015bci - Selleetools.com","robots":{"index":"index","follow":"follow","max-snippet":"max-snippet:-1","max-image-preview":"max-image-preview:large","max-video-preview":"max-video-preview:-1"},"canonical":"https:\/\/selleetools.com\/pl\/product\/some-by-mi-clear-spot-patch-18-pcs-plastry-na-niedoskonalosci\/","og_locale":"pl_PL","og_type":"article","og_title":"SOME BY MI Clear Spot Patch 18 pcs - Plastry na niedoskona\u0142o\u015bci - Selleetools.com","og_description":"SOME BY MI Clear Spot Patch to plasterki na wypryski, kt\u00f3re wch\u0142aniaj\u0105 sebum i zanieczyszczenia z por\u00f3w, dyskretnie chroni\u0105c niedoskona\u0142o\u015bci przed czynnikami zewn\u0119trznymi. Dzi\u0119ki hydrokoloidowej formule plasterki tworz\u0105 ochronn\u0105 barier\u0119 na sk\u00f3rze, kt\u00f3ra przyspiesza regeneracj\u0119 i zapobiega dalszemu podra\u017cnieniu sk\u00f3ry. Plasterki doskonale przylegaj\u0105 do sk\u00f3ry, skutecznie absorbuj\u0105c wydzielin\u0119 z wyprysk\u00f3w. Korzy\u015bci dla sk\u00f3ry: Szybsze gojenie ... Read moreSOME BY MI Clear Spot Patch 18 pcs &#8211; Plastry na niedoskona\u0142o\u015bci","og_url":"https:\/\/selleetools.com\/pl\/product\/some-by-mi-clear-spot-patch-18-pcs-plastry-na-niedoskonalosci\/","og_site_name":"Selleetools.com","article_modified_time":"2025-10-24T20:00:12+00:00","og_image":[{"width":1200,"height":1200,"url":"https:\/\/selleetools.com\/wp-content\/uploads\/2025\/10\/4aa88c51f6664ae19b0687fe1587cb04.jpg","type":"image\/jpeg"}],"twitter_card":"summary_large_image","twitter_misc":{"Est. reading time":"1 minuta"},"schema":{"@context":"https:\/\/schema.org","@graph":[{"@type":"Organization","@id":"https:\/\/selleetools.com\/#organization","name":"Selleetools","url":"https:\/\/selleetools.com\/","sameAs":[],"logo":{"@type":"ImageObject","inLanguage":"pl-PL","@id":"https:\/\/selleetools.com\/#\/schema\/logo\/image\/","url":"https:\/\/selleetools.com\/wp-content\/uploads\/2021\/10\/logo-dark.png","contentUrl":"https:\/\/selleetools.com\/wp-content\/uploads\/2021\/10\/logo-dark.png","width":320,"height":76,"caption":"Selleetools"},"image":{"@id":"https:\/\/selleetools.com\/#\/schema\/logo\/image\/"}},{"@type":"WebSite","@id":"https:\/\/selleetools.com\/#website","url":"https:\/\/selleetools.com\/","name":"Selleetools.com","description":"","publisher":{"@id":"https:\/\/selleetools.com\/#organization"},"potentialAction":[{"@type":"SearchAction","target":{"@type":"EntryPoint","urlTemplate":"https:\/\/selleetools.com\/?s={search_term_string}"},"query-input":"required name=search_term_string"}],"inLanguage":"pl-PL"},{"@type":"WebPage","@id":"https:\/\/selleetools.com\/pl\/product\/some-by-mi-clear-spot-patch-18-pcs-plastry-na-niedoskonalosci\/","url":"https:\/\/selleetools.com\/pl\/product\/some-by-mi-clear-spot-patch-18-pcs-plastry-na-niedoskonalosci\/","name":"SOME BY MI Clear Spot Patch 18 pcs - Plastry na niedoskona\u0142o\u015bci - Selleetools.com","isPartOf":{"@id":"https:\/\/selleetools.com\/#website"},"datePublished":"2025-10-22T06:08:50+00:00","dateModified":"2025-10-24T20:00:12+00:00","breadcrumb":{"@id":"https:\/\/selleetools.com\/pl\/product\/some-by-mi-clear-spot-patch-18-pcs-plastry-na-niedoskonalosci\/#breadcrumb"},"inLanguage":"pl-PL","potentialAction":[{"@type":"ReadAction","target":["https:\/\/selleetools.com\/pl\/product\/some-by-mi-clear-spot-patch-18-pcs-plastry-na-niedoskonalosci\/"]}]},{"@type":"BreadcrumbList","@id":"https:\/\/selleetools.com\/pl\/product\/some-by-mi-clear-spot-patch-18-pcs-plastry-na-niedoskonalosci\/#breadcrumb","itemListElement":[{"@type":"ListItem","position":1,"name":"Home","item":"https:\/\/selleetools.com\/pl\/"},{"@type":"ListItem","position":2,"name":"Katalog","item":"https:\/\/selleetools.com\/pl\/katalog\/"},{"@type":"ListItem","position":3,"name":"SOME BY MI Clear Spot Patch 18 pcs &#8211; Plastry na niedoskona\u0142o\u015bci"}]}]}},"_links":{"self":[{"href":"https:\/\/admincentral.selleetools.com\/pl\/wp-json\/wp\/v2\/product\/596686"}],"collection":[{"href":"https:\/\/admincentral.selleetools.com\/pl\/wp-json\/wp\/v2\/product"}],"about":[{"href":"https:\/\/admincentral.selleetools.com\/pl\/wp-json\/wp\/v2\/types\/product"}],"replies":[{"embeddable":true,"href":"https:\/\/admincentral.selleetools.com\/pl\/wp-json\/wp\/v2\/comments?post=596686"}],"wp:featuredmedia":[{"embeddable":true,"href":"https:\/\/admincentral.selleetools.com\/pl\/wp-json\/wp\/v2\/media\/596684"}],"wp:attachment":[{"href":"https:\/\/admincentral.selleetools.com\/pl\/wp-json\/wp\/v2\/media?parent=596686"}],"curies":[{"name":"wp","href":"https:\/\/api.w.org\/{rel}","templated":true}]}}