{"id":596695,"date":"2025-10-22T08:08:58","date_gmt":"2025-10-22T06:08:58","guid":{"rendered":"https:\/\/selleetools.com\/?post_type=product&#038;p=596695"},"modified":"2025-10-23T19:43:37","modified_gmt":"2025-10-23T17:43:37","slug":"some-by-mi-hyaluron-moisturizing-glow-luminous-ampoule-mask-25-g-nawilzajaca-maska-do-twarzy","status":"publish","type":"product","link":"https:\/\/admincentral.selleetools.com\/pl\/product\/some-by-mi-hyaluron-moisturizing-glow-luminous-ampoule-mask-25-g-nawilzajaca-maska-do-twarzy\/","title":{"rendered":"SOME BY MI Hyaluron Moisturizing Glow Luminous Ampoule Mask 25 g &#8211; nawil\u017caj\u0105ca maska do twarzy"},"content":{"rendered":"<p>Odkryj intensywne nawil\u017cenie i promienno\u015b\u0107 z mask\u0105 ampu\u0142kow\u0105 SOME BY MI Hyaluron Moisturizing Glow Luminous. Ta zaawansowana maska wzbogacona jest o kwas hialuronowy, kt\u00f3ry dog\u0142\u0119bnie nawil\u017ca i uj\u0119drnia sk\u00f3r\u0119, zapewniaj\u0105c jej zdrowy, promienny wygl\u0105d. Dzi\u0119ki skoncentrowanej formule, maska pomaga w regeneracji, wyg\u0142adza drobne linie i poprawia elastyczno\u015b\u0107 sk\u00f3ry.<\/p>\n<p>Korzy\u015bci dla sk\u00f3ry:<br \/>\nG\u0142\u0119bokie nawil\u017cenie dzi\u0119ki dzia\u0142aniu kwasu hialuronowego<br \/>\nRoz\u015bwietlenie sk\u00f3ry i poprawa jej naturalnego blasku<br \/>\nWyg\u0142adzenie drobnych zmarszczek i poprawa elastyczno\u015bci<br \/>\nRegeneracja i od\u015bwie\u017cenie zm\u0119czonej sk\u00f3ry<\/p>\n<p>Spos\u00f3b u\u017cycia:<br \/>\nOczy\u015b\u0107 sk\u00f3r\u0119 twarzy i zastosuj tonik.<br \/>\nOstro\u017cnie na\u0142\u00f3\u017c mask\u0119 na twarz, dostosowuj\u0105c j\u0105 do kontur\u00f3w sk\u00f3ry.<br \/>\nPozostaw mask\u0119 na 15-20 minut, aby sk\u0142adniki aktywne mog\u0142y si\u0119 wch\u0142on\u0105\u0107.<br \/>\nUsu\u0144 mask\u0119 i delikatnie wklep resztki serum w sk\u00f3r\u0119, aby zapewni\u0107 maksymalne wch\u0142oni\u0119cie.<\/p>\n","protected":false},"excerpt":{"rendered":"<p>Odkryj intensywne nawil\u017cenie i promienno\u015b\u0107 z mask\u0105 ampu\u0142kow\u0105 SOME BY MI Hyaluron Moisturizing Glow Luminous. Ta zaawansowana maska wzbogacona jest o kwas hialuronowy, kt\u00f3ry dog\u0142\u0119bnie nawil\u017ca i uj\u0119drnia sk\u00f3r\u0119, zapewniaj\u0105c jej zdrowy, promienny wygl\u0105d. Dzi\u0119ki skoncentrowanej formule, maska pomaga w regeneracji, wyg\u0142adza drobne linie i poprawia elastyczno\u015b\u0107 sk\u00f3ry. Korzy\u015bci dla sk\u00f3ry: G\u0142\u0119bokie nawil\u017cenie dzi\u0119ki dzia\u0142aniu &#8230; <a title=\"SOME BY MI Hyaluron Moisturizing Glow Luminous Ampoule Mask 25 g &#8211; nawil\u017caj\u0105ca maska do twarzy\" class=\"read-more\" href=\"https:\/\/admincentral.selleetools.com\/pl\/product\/some-by-mi-hyaluron-moisturizing-glow-luminous-ampoule-mask-25-g-nawilzajaca-maska-do-twarzy\/\">Read more<span class=\"screen-reader-text\">SOME BY MI Hyaluron Moisturizing Glow Luminous Ampoule Mask 25 g &#8211; nawil\u017caj\u0105ca maska do twarzy<\/span><\/a><\/p>\n","protected":false},"featured_media":596687,"comment_status":"open","ping_status":"closed","template":"","meta":{"_links_to":"","_links_to_target":""},"yoast_head":"<!-- This site is optimized with the Yoast SEO plugin v19.4 - https:\/\/yoast.com\/wordpress\/plugins\/seo\/ -->\n<title>SOME BY MI Hyaluron Moisturizing Glow Luminous Ampoule Mask 25 g - nawil\u017caj\u0105ca maska do twarzy - Selleetools.com<\/title>\n<meta name=\"robots\" content=\"index, follow, max-snippet:-1, max-image-preview:large, max-video-preview:-1\" \/>\n<link rel=\"canonical\" href=\"https:\/\/selleetools.com\/product\/some-by-mi-hyaluron-moisturizing-glow-luminous-ampoule-mask-25-g-nawilzajaca-maska-do-twarzy\/\" \/>\n<meta property=\"og:locale\" content=\"pl_PL\" \/>\n<meta property=\"og:type\" content=\"article\" \/>\n<meta property=\"og:title\" content=\"SOME BY MI Hyaluron Moisturizing Glow Luminous Ampoule Mask 25 g - nawil\u017caj\u0105ca maska do twarzy - Selleetools.com\" \/>\n<meta property=\"og:description\" content=\"Odkryj intensywne nawil\u017cenie i promienno\u015b\u0107 z mask\u0105 ampu\u0142kow\u0105 SOME BY MI Hyaluron Moisturizing Glow Luminous. Ta zaawansowana maska wzbogacona jest o kwas hialuronowy, kt\u00f3ry dog\u0142\u0119bnie nawil\u017ca i uj\u0119drnia sk\u00f3r\u0119, zapewniaj\u0105c jej zdrowy, promienny wygl\u0105d. Dzi\u0119ki skoncentrowanej formule, maska pomaga w regeneracji, wyg\u0142adza drobne linie i poprawia elastyczno\u015b\u0107 sk\u00f3ry. Korzy\u015bci dla sk\u00f3ry: G\u0142\u0119bokie nawil\u017cenie dzi\u0119ki dzia\u0142aniu ... Read moreSOME BY MI Hyaluron Moisturizing Glow Luminous Ampoule Mask 25 g &#8211; nawil\u017caj\u0105ca maska do twarzy\" \/>\n<meta property=\"og:url\" content=\"https:\/\/selleetools.com\/product\/some-by-mi-hyaluron-moisturizing-glow-luminous-ampoule-mask-25-g-nawilzajaca-maska-do-twarzy\/\" \/>\n<meta property=\"og:site_name\" content=\"Selleetools.com\" \/>\n<meta property=\"article:modified_time\" content=\"2025-10-23T17:43:37+00:00\" \/>\n<meta property=\"og:image\" content=\"https:\/\/selleetools.com\/wp-content\/uploads\/2025\/10\/51d49427965c78c0937ed0ad32d9e8cf.jpg\" \/>\n\t<meta property=\"og:image:width\" content=\"405\" \/>\n\t<meta property=\"og:image:height\" content=\"405\" \/>\n\t<meta property=\"og:image:type\" content=\"image\/jpeg\" \/>\n<meta name=\"twitter:card\" content=\"summary_large_image\" \/>\n<meta name=\"twitter:label1\" content=\"Est. reading time\" \/>\n\t<meta name=\"twitter:data1\" content=\"1 minuta\" \/>\n<!-- \/ Yoast SEO plugin. -->","yoast_head_json":{"title":"SOME BY MI Hyaluron Moisturizing Glow Luminous Ampoule Mask 25 g - nawil\u017caj\u0105ca maska do twarzy - Selleetools.com","robots":{"index":"index","follow":"follow","max-snippet":"max-snippet:-1","max-image-preview":"max-image-preview:large","max-video-preview":"max-video-preview:-1"},"canonical":"https:\/\/selleetools.com\/product\/some-by-mi-hyaluron-moisturizing-glow-luminous-ampoule-mask-25-g-nawilzajaca-maska-do-twarzy\/","og_locale":"pl_PL","og_type":"article","og_title":"SOME BY MI Hyaluron Moisturizing Glow Luminous Ampoule Mask 25 g - nawil\u017caj\u0105ca maska do twarzy - Selleetools.com","og_description":"Odkryj intensywne nawil\u017cenie i promienno\u015b\u0107 z mask\u0105 ampu\u0142kow\u0105 SOME BY MI Hyaluron Moisturizing Glow Luminous. Ta zaawansowana maska wzbogacona jest o kwas hialuronowy, kt\u00f3ry dog\u0142\u0119bnie nawil\u017ca i uj\u0119drnia sk\u00f3r\u0119, zapewniaj\u0105c jej zdrowy, promienny wygl\u0105d. Dzi\u0119ki skoncentrowanej formule, maska pomaga w regeneracji, wyg\u0142adza drobne linie i poprawia elastyczno\u015b\u0107 sk\u00f3ry. Korzy\u015bci dla sk\u00f3ry: G\u0142\u0119bokie nawil\u017cenie dzi\u0119ki dzia\u0142aniu ... Read moreSOME BY MI Hyaluron Moisturizing Glow Luminous Ampoule Mask 25 g &#8211; nawil\u017caj\u0105ca maska do twarzy","og_url":"https:\/\/selleetools.com\/product\/some-by-mi-hyaluron-moisturizing-glow-luminous-ampoule-mask-25-g-nawilzajaca-maska-do-twarzy\/","og_site_name":"Selleetools.com","article_modified_time":"2025-10-23T17:43:37+00:00","og_image":[{"width":405,"height":405,"url":"https:\/\/selleetools.com\/wp-content\/uploads\/2025\/10\/51d49427965c78c0937ed0ad32d9e8cf.jpg","type":"image\/jpeg"}],"twitter_card":"summary_large_image","twitter_misc":{"Est. reading time":"1 minuta"},"schema":{"@context":"https:\/\/schema.org","@graph":[{"@type":"Organization","@id":"https:\/\/selleetools.com\/#organization","name":"Selleetools","url":"https:\/\/selleetools.com\/","sameAs":[],"logo":{"@type":"ImageObject","inLanguage":"pl-PL","@id":"https:\/\/selleetools.com\/#\/schema\/logo\/image\/","url":"https:\/\/selleetools.com\/wp-content\/uploads\/2021\/10\/logo-dark.png","contentUrl":"https:\/\/selleetools.com\/wp-content\/uploads\/2021\/10\/logo-dark.png","width":320,"height":76,"caption":"Selleetools"},"image":{"@id":"https:\/\/selleetools.com\/#\/schema\/logo\/image\/"}},{"@type":"WebSite","@id":"https:\/\/selleetools.com\/#website","url":"https:\/\/selleetools.com\/","name":"Selleetools.com","description":"","publisher":{"@id":"https:\/\/selleetools.com\/#organization"},"potentialAction":[{"@type":"SearchAction","target":{"@type":"EntryPoint","urlTemplate":"https:\/\/selleetools.com\/?s={search_term_string}"},"query-input":"required name=search_term_string"}],"inLanguage":"pl-PL"},{"@type":"WebPage","@id":"https:\/\/selleetools.com\/product\/some-by-mi-hyaluron-moisturizing-glow-luminous-ampoule-mask-25-g-nawilzajaca-maska-do-twarzy\/","url":"https:\/\/selleetools.com\/product\/some-by-mi-hyaluron-moisturizing-glow-luminous-ampoule-mask-25-g-nawilzajaca-maska-do-twarzy\/","name":"SOME BY MI Hyaluron Moisturizing Glow Luminous Ampoule Mask 25 g - nawil\u017caj\u0105ca maska do twarzy - Selleetools.com","isPartOf":{"@id":"https:\/\/selleetools.com\/#website"},"datePublished":"2025-10-22T06:08:58+00:00","dateModified":"2025-10-23T17:43:37+00:00","breadcrumb":{"@id":"https:\/\/selleetools.com\/product\/some-by-mi-hyaluron-moisturizing-glow-luminous-ampoule-mask-25-g-nawilzajaca-maska-do-twarzy\/#breadcrumb"},"inLanguage":"pl-PL","potentialAction":[{"@type":"ReadAction","target":["https:\/\/selleetools.com\/product\/some-by-mi-hyaluron-moisturizing-glow-luminous-ampoule-mask-25-g-nawilzajaca-maska-do-twarzy\/"]}]},{"@type":"BreadcrumbList","@id":"https:\/\/selleetools.com\/product\/some-by-mi-hyaluron-moisturizing-glow-luminous-ampoule-mask-25-g-nawilzajaca-maska-do-twarzy\/#breadcrumb","itemListElement":[{"@type":"ListItem","position":1,"name":"Home","item":"https:\/\/selleetools.com\/pl\/"},{"@type":"ListItem","position":2,"name":"Katalog","item":"https:\/\/selleetools.com\/pl\/katalog\/"},{"@type":"ListItem","position":3,"name":"SOME BY MI Hyaluron Moisturizing Glow Luminous Ampoule Mask 25 g &#8211; nawil\u017caj\u0105ca maska do twarzy"}]}]}},"_links":{"self":[{"href":"https:\/\/admincentral.selleetools.com\/pl\/wp-json\/wp\/v2\/product\/596695"}],"collection":[{"href":"https:\/\/admincentral.selleetools.com\/pl\/wp-json\/wp\/v2\/product"}],"about":[{"href":"https:\/\/admincentral.selleetools.com\/pl\/wp-json\/wp\/v2\/types\/product"}],"replies":[{"embeddable":true,"href":"https:\/\/admincentral.selleetools.com\/pl\/wp-json\/wp\/v2\/comments?post=596695"}],"wp:featuredmedia":[{"embeddable":true,"href":"https:\/\/admincentral.selleetools.com\/pl\/wp-json\/wp\/v2\/media\/596687"}],"wp:attachment":[{"href":"https:\/\/admincentral.selleetools.com\/pl\/wp-json\/wp\/v2\/media?parent=596695"}],"curies":[{"name":"wp","href":"https:\/\/api.w.org\/{rel}","templated":true}]}}