{"id":596725,"date":"2025-10-22T08:09:24","date_gmt":"2025-10-22T06:09:24","guid":{"rendered":"https:\/\/selleetools.com\/?post_type=product&#038;p=596725"},"modified":"2025-10-23T19:43:43","modified_gmt":"2025-10-23T17:43:43","slug":"some-by-mi-diamond-brightening-calming-glow-luminous-ampoule-mask-25-g-ampulkowa-maska-rozswietlajaco-lagodzaca","status":"publish","type":"product","link":"https:\/\/admincentral.selleetools.com\/pl\/product\/some-by-mi-diamond-brightening-calming-glow-luminous-ampoule-mask-25-g-ampulkowa-maska-rozswietlajaco-lagodzaca\/","title":{"rendered":"SOME BY MI Diamond Brightening Calming Glow Luminous Ampoule Mask 25 g &#8211; Ampu\u0142kowa maska roz\u015bwietlaj\u0105co-\u0142agodz\u0105ca"},"content":{"rendered":"<p>Odkryj wyj\u0105tkow\u0105 moc maski ampou\u0142kowej SOME BY MI Diamond Brightening Calming Glow Luminous, kt\u00f3ra \u0142\u0105czy w sobie w\u0142a\u015bciwo\u015bci roz\u015bwietlaj\u0105ce i \u0142agodz\u0105ce. Ta innowacyjna maska, wzbogacona o cenne sk\u0142adniki takie jak ekstrakt z diament\u00f3w, witamina C i niacynamid, efektywnie rozja\u015bnia sk\u00f3r\u0119, poprawia jej tekstur\u0119 oraz nadaje jej zdrowy blask.<\/p>\n<p>Korzy\u015bci dla sk\u00f3ry:<br \/>\nRoz\u015bwietlenie: Ekstrakt z diament\u00f3w i witamina C wspieraj\u0105 naturalny blask sk\u00f3ry, redukuj\u0105c przebarwienia i nier\u00f3wno\u015bci.<br \/>\n\u0141agodzenie: Niacynamid i inne sk\u0142adniki \u0142agodz\u0105 podra\u017cnienia, zmniejszaj\u0105c zaczerwienienia i poprawiaj\u0105c komfort sk\u00f3ry.<br \/>\nNawil\u017cenie: Maska intensywnie nawil\u017ca sk\u00f3r\u0119, pozostawiaj\u0105c j\u0105 mi\u0119kk\u0105 i g\u0142adk\u0105.<\/p>\n<p>Spos\u00f3b u\u017cycia:<br \/>\nOczy\u015b\u0107 twarz i na\u0142\u00f3\u017c tonik, aby przygotowa\u0107 sk\u00f3r\u0119.<br \/>\nWyci\u0105gnij mask\u0119 z opakowania i delikatnie roz\u0142\u00f3\u017c j\u0105 na twarzy, dopasowuj\u0105c do kszta\u0142tu kontur\u00f3w.<br \/>\nPozostaw mask\u0119 na 15-20 minut, aby sk\u0142adniki aktywne mog\u0142y dobrze wnikn\u0105\u0107 w sk\u00f3r\u0119.<br \/>\nPo up\u0142ywie czasu zdj\u0119cia mask\u0119 i wklep delikatnie pozosta\u0142o\u015bci serum w sk\u00f3r\u0119.<br \/>\nU\u017cywaj regularnie dla najlepszych rezultat\u00f3w.<\/p>\n","protected":false},"excerpt":{"rendered":"<p>Odkryj wyj\u0105tkow\u0105 moc maski ampou\u0142kowej SOME BY MI Diamond Brightening Calming Glow Luminous, kt\u00f3ra \u0142\u0105czy w sobie w\u0142a\u015bciwo\u015bci roz\u015bwietlaj\u0105ce i \u0142agodz\u0105ce. Ta innowacyjna maska, wzbogacona o cenne sk\u0142adniki takie jak ekstrakt z diament\u00f3w, witamina C i niacynamid, efektywnie rozja\u015bnia sk\u00f3r\u0119, poprawia jej tekstur\u0119 oraz nadaje jej zdrowy blask. Korzy\u015bci dla sk\u00f3ry: Roz\u015bwietlenie: Ekstrakt z diament\u00f3w &#8230; <a title=\"SOME BY MI Diamond Brightening Calming Glow Luminous Ampoule Mask 25 g &#8211; Ampu\u0142kowa maska roz\u015bwietlaj\u0105co-\u0142agodz\u0105ca\" class=\"read-more\" href=\"https:\/\/admincentral.selleetools.com\/pl\/product\/some-by-mi-diamond-brightening-calming-glow-luminous-ampoule-mask-25-g-ampulkowa-maska-rozswietlajaco-lagodzaca\/\">Read more<span class=\"screen-reader-text\">SOME BY MI Diamond Brightening Calming Glow Luminous Ampoule Mask 25 g &#8211; Ampu\u0142kowa maska roz\u015bwietlaj\u0105co-\u0142agodz\u0105ca<\/span><\/a><\/p>\n","protected":false},"featured_media":596719,"comment_status":"open","ping_status":"closed","template":"","meta":{"_links_to":"","_links_to_target":""},"yoast_head":"<!-- This site is optimized with the Yoast SEO plugin v19.4 - https:\/\/yoast.com\/wordpress\/plugins\/seo\/ -->\n<title>SOME BY MI Diamond Brightening Calming Glow Luminous Ampoule Mask 25 g - Ampu\u0142kowa maska roz\u015bwietlaj\u0105co-\u0142agodz\u0105ca - Selleetools.com<\/title>\n<meta name=\"robots\" content=\"index, follow, max-snippet:-1, max-image-preview:large, max-video-preview:-1\" \/>\n<link rel=\"canonical\" href=\"https:\/\/selleetools.com\/pl\/product\/some-by-mi-diamond-brightening-calming-glow-luminous-ampoule-mask-25-g-ampulkowa-maska-rozswietlajaco-lagodzaca\/\" \/>\n<meta property=\"og:locale\" content=\"pl_PL\" \/>\n<meta property=\"og:type\" content=\"article\" \/>\n<meta property=\"og:title\" content=\"SOME BY MI Diamond Brightening Calming Glow Luminous Ampoule Mask 25 g - Ampu\u0142kowa maska roz\u015bwietlaj\u0105co-\u0142agodz\u0105ca - Selleetools.com\" \/>\n<meta property=\"og:description\" content=\"Odkryj wyj\u0105tkow\u0105 moc maski ampou\u0142kowej SOME BY MI Diamond Brightening Calming Glow Luminous, kt\u00f3ra \u0142\u0105czy w sobie w\u0142a\u015bciwo\u015bci roz\u015bwietlaj\u0105ce i \u0142agodz\u0105ce. Ta innowacyjna maska, wzbogacona o cenne sk\u0142adniki takie jak ekstrakt z diament\u00f3w, witamina C i niacynamid, efektywnie rozja\u015bnia sk\u00f3r\u0119, poprawia jej tekstur\u0119 oraz nadaje jej zdrowy blask. Korzy\u015bci dla sk\u00f3ry: Roz\u015bwietlenie: Ekstrakt z diament\u00f3w ... Read moreSOME BY MI Diamond Brightening Calming Glow Luminous Ampoule Mask 25 g &#8211; Ampu\u0142kowa maska roz\u015bwietlaj\u0105co-\u0142agodz\u0105ca\" \/>\n<meta property=\"og:url\" content=\"https:\/\/selleetools.com\/pl\/product\/some-by-mi-diamond-brightening-calming-glow-luminous-ampoule-mask-25-g-ampulkowa-maska-rozswietlajaco-lagodzaca\/\" \/>\n<meta property=\"og:site_name\" content=\"Selleetools.com\" \/>\n<meta property=\"article:modified_time\" content=\"2025-10-23T17:43:43+00:00\" \/>\n<meta property=\"og:image\" content=\"https:\/\/selleetools.com\/wp-content\/uploads\/2025\/10\/22b585d3e21bf57b0ca6a2156679ba24.jpg\" \/>\n\t<meta property=\"og:image:width\" content=\"405\" \/>\n\t<meta property=\"og:image:height\" content=\"405\" \/>\n\t<meta property=\"og:image:type\" content=\"image\/jpeg\" \/>\n<meta name=\"twitter:card\" content=\"summary_large_image\" \/>\n<meta name=\"twitter:label1\" content=\"Est. reading time\" \/>\n\t<meta name=\"twitter:data1\" content=\"1 minuta\" \/>\n<!-- \/ Yoast SEO plugin. -->","yoast_head_json":{"title":"SOME BY MI Diamond Brightening Calming Glow Luminous Ampoule Mask 25 g - Ampu\u0142kowa maska roz\u015bwietlaj\u0105co-\u0142agodz\u0105ca - Selleetools.com","robots":{"index":"index","follow":"follow","max-snippet":"max-snippet:-1","max-image-preview":"max-image-preview:large","max-video-preview":"max-video-preview:-1"},"canonical":"https:\/\/selleetools.com\/pl\/product\/some-by-mi-diamond-brightening-calming-glow-luminous-ampoule-mask-25-g-ampulkowa-maska-rozswietlajaco-lagodzaca\/","og_locale":"pl_PL","og_type":"article","og_title":"SOME BY MI Diamond Brightening Calming Glow Luminous Ampoule Mask 25 g - Ampu\u0142kowa maska roz\u015bwietlaj\u0105co-\u0142agodz\u0105ca - Selleetools.com","og_description":"Odkryj wyj\u0105tkow\u0105 moc maski ampou\u0142kowej SOME BY MI Diamond Brightening Calming Glow Luminous, kt\u00f3ra \u0142\u0105czy w sobie w\u0142a\u015bciwo\u015bci roz\u015bwietlaj\u0105ce i \u0142agodz\u0105ce. Ta innowacyjna maska, wzbogacona o cenne sk\u0142adniki takie jak ekstrakt z diament\u00f3w, witamina C i niacynamid, efektywnie rozja\u015bnia sk\u00f3r\u0119, poprawia jej tekstur\u0119 oraz nadaje jej zdrowy blask. Korzy\u015bci dla sk\u00f3ry: Roz\u015bwietlenie: Ekstrakt z diament\u00f3w ... Read moreSOME BY MI Diamond Brightening Calming Glow Luminous Ampoule Mask 25 g &#8211; Ampu\u0142kowa maska roz\u015bwietlaj\u0105co-\u0142agodz\u0105ca","og_url":"https:\/\/selleetools.com\/pl\/product\/some-by-mi-diamond-brightening-calming-glow-luminous-ampoule-mask-25-g-ampulkowa-maska-rozswietlajaco-lagodzaca\/","og_site_name":"Selleetools.com","article_modified_time":"2025-10-23T17:43:43+00:00","og_image":[{"width":405,"height":405,"url":"https:\/\/selleetools.com\/wp-content\/uploads\/2025\/10\/22b585d3e21bf57b0ca6a2156679ba24.jpg","type":"image\/jpeg"}],"twitter_card":"summary_large_image","twitter_misc":{"Est. reading time":"1 minuta"},"schema":{"@context":"https:\/\/schema.org","@graph":[{"@type":"Organization","@id":"https:\/\/selleetools.com\/#organization","name":"Selleetools","url":"https:\/\/selleetools.com\/","sameAs":[],"logo":{"@type":"ImageObject","inLanguage":"pl-PL","@id":"https:\/\/selleetools.com\/#\/schema\/logo\/image\/","url":"https:\/\/selleetools.com\/wp-content\/uploads\/2021\/10\/logo-dark.png","contentUrl":"https:\/\/selleetools.com\/wp-content\/uploads\/2021\/10\/logo-dark.png","width":320,"height":76,"caption":"Selleetools"},"image":{"@id":"https:\/\/selleetools.com\/#\/schema\/logo\/image\/"}},{"@type":"WebSite","@id":"https:\/\/selleetools.com\/#website","url":"https:\/\/selleetools.com\/","name":"Selleetools.com","description":"","publisher":{"@id":"https:\/\/selleetools.com\/#organization"},"potentialAction":[{"@type":"SearchAction","target":{"@type":"EntryPoint","urlTemplate":"https:\/\/selleetools.com\/?s={search_term_string}"},"query-input":"required name=search_term_string"}],"inLanguage":"pl-PL"},{"@type":"WebPage","@id":"https:\/\/selleetools.com\/pl\/product\/some-by-mi-diamond-brightening-calming-glow-luminous-ampoule-mask-25-g-ampulkowa-maska-rozswietlajaco-lagodzaca\/","url":"https:\/\/selleetools.com\/pl\/product\/some-by-mi-diamond-brightening-calming-glow-luminous-ampoule-mask-25-g-ampulkowa-maska-rozswietlajaco-lagodzaca\/","name":"SOME BY MI Diamond Brightening Calming Glow Luminous Ampoule Mask 25 g - Ampu\u0142kowa maska roz\u015bwietlaj\u0105co-\u0142agodz\u0105ca - Selleetools.com","isPartOf":{"@id":"https:\/\/selleetools.com\/#website"},"datePublished":"2025-10-22T06:09:24+00:00","dateModified":"2025-10-23T17:43:43+00:00","breadcrumb":{"@id":"https:\/\/selleetools.com\/pl\/product\/some-by-mi-diamond-brightening-calming-glow-luminous-ampoule-mask-25-g-ampulkowa-maska-rozswietlajaco-lagodzaca\/#breadcrumb"},"inLanguage":"pl-PL","potentialAction":[{"@type":"ReadAction","target":["https:\/\/selleetools.com\/pl\/product\/some-by-mi-diamond-brightening-calming-glow-luminous-ampoule-mask-25-g-ampulkowa-maska-rozswietlajaco-lagodzaca\/"]}]},{"@type":"BreadcrumbList","@id":"https:\/\/selleetools.com\/pl\/product\/some-by-mi-diamond-brightening-calming-glow-luminous-ampoule-mask-25-g-ampulkowa-maska-rozswietlajaco-lagodzaca\/#breadcrumb","itemListElement":[{"@type":"ListItem","position":1,"name":"Home","item":"https:\/\/selleetools.com\/pl\/"},{"@type":"ListItem","position":2,"name":"Katalog","item":"https:\/\/selleetools.com\/pl\/katalog\/"},{"@type":"ListItem","position":3,"name":"SOME BY MI Diamond Brightening Calming Glow Luminous Ampoule Mask 25 g &#8211; Ampu\u0142kowa maska roz\u015bwietlaj\u0105co-\u0142agodz\u0105ca"}]}]}},"_links":{"self":[{"href":"https:\/\/admincentral.selleetools.com\/pl\/wp-json\/wp\/v2\/product\/596725"}],"collection":[{"href":"https:\/\/admincentral.selleetools.com\/pl\/wp-json\/wp\/v2\/product"}],"about":[{"href":"https:\/\/admincentral.selleetools.com\/pl\/wp-json\/wp\/v2\/types\/product"}],"replies":[{"embeddable":true,"href":"https:\/\/admincentral.selleetools.com\/pl\/wp-json\/wp\/v2\/comments?post=596725"}],"wp:featuredmedia":[{"embeddable":true,"href":"https:\/\/admincentral.selleetools.com\/pl\/wp-json\/wp\/v2\/media\/596719"}],"wp:attachment":[{"href":"https:\/\/admincentral.selleetools.com\/pl\/wp-json\/wp\/v2\/media?parent=596725"}],"curies":[{"name":"wp","href":"https:\/\/api.w.org\/{rel}","templated":true}]}}