{"id":596779,"date":"2025-10-22T08:10:09","date_gmt":"2025-10-22T06:10:09","guid":{"rendered":"https:\/\/selleetools.com\/?post_type=product&#038;p=596779"},"modified":"2025-10-23T19:44:37","modified_gmt":"2025-10-23T17:44:37","slug":"some-by-mi-aha-bha-pha-30-days-miracle-foam-100-ml-pianka-z-kwasami","status":"publish","type":"product","link":"https:\/\/admincentral.selleetools.com\/pl\/product\/some-by-mi-aha-bha-pha-30-days-miracle-foam-100-ml-pianka-z-kwasami\/","title":{"rendered":"SOME BY MI AHA.BHA.PHA 30 Days Miracle Foam 100 ml &#8211; Pianka z kwasami"},"content":{"rendered":"<p>Odkryj sekrety doskona\u0142ej sk\u00f3ry z SOME BY MI AHA.BHA.PHA 30 Days Miracle Foam \u2013 wyj\u0105tkowym \u017celem oczyszczaj\u0105cym, kt\u00f3ry rewolucjonizuje codzienn\u0105 piel\u0119gnacj\u0119. Ten innowacyjny produkt \u0142\u0105czy w sobie trzy kluczowe sk\u0142adniki: AHA (kwasy alfa-hydroksylowe), BHA (kwasy beta-hydroksylowe) oraz PHA (polihydroksykwasy), kt\u00f3re wsp\u00f3lnie dzia\u0142aj\u0105 na rzecz zdrowia i pi\u0119kna Twojej cery.<\/p>\n<p>Korzy\u015bci dla sk\u00f3ry:<br \/>\nG\u0142\u0119bokie oczyszczanie: AHA usuwa martwe kom\u00f3rki nask\u00f3rka, ods\u0142aniaj\u0105c \u015bwie\u017c\u0105 i promienn\u0105 sk\u00f3r\u0119.<br \/>\nRedukcja niedoskona\u0142o\u015bci: BHA penetruje pory, pomagaj\u0105c w walce z zask\u00f3rnikami i tr\u0105dzikiem.<br \/>\nNawil\u017cenie i ochrona: PHA delikatnie z\u0142uszcza, jednocze\u015bnie nawil\u017caj\u0105c i wzmacniaj\u0105c barier\u0119 ochronn\u0105 sk\u00f3ry.<\/p>\n<p>Spos\u00f3b u\u017cycia:<br \/>\nNa wilgotn\u0105 sk\u00f3r\u0119 twarzy nanie\u015b odpowiedni\u0105 ilo\u015b\u0107 \u017celu. Delikatnie wmasuj, aby stworzy\u0107 pian\u0119, a nast\u0119pnie dok\u0142adnie sp\u0142ucz letni\u0105 wod\u0105. U\u017cywaj codziennie, rano i wieczorem, aby osi\u0105gn\u0105\u0107 najlepsze rezultaty. Unikaj kontaktu z oczami.<\/p>\n","protected":false},"excerpt":{"rendered":"<p>Odkryj sekrety doskona\u0142ej sk\u00f3ry z SOME BY MI AHA.BHA.PHA 30 Days Miracle Foam \u2013 wyj\u0105tkowym \u017celem oczyszczaj\u0105cym, kt\u00f3ry rewolucjonizuje codzienn\u0105 piel\u0119gnacj\u0119. Ten innowacyjny produkt \u0142\u0105czy w sobie trzy kluczowe sk\u0142adniki: AHA (kwasy alfa-hydroksylowe), BHA (kwasy beta-hydroksylowe) oraz PHA (polihydroksykwasy), kt\u00f3re wsp\u00f3lnie dzia\u0142aj\u0105 na rzecz zdrowia i pi\u0119kna Twojej cery. Korzy\u015bci dla sk\u00f3ry: G\u0142\u0119bokie oczyszczanie: AHA &#8230; <a title=\"SOME BY MI AHA.BHA.PHA 30 Days Miracle Foam 100 ml &#8211; Pianka z kwasami\" class=\"read-more\" href=\"https:\/\/admincentral.selleetools.com\/pl\/product\/some-by-mi-aha-bha-pha-30-days-miracle-foam-100-ml-pianka-z-kwasami\/\">Read more<span class=\"screen-reader-text\">SOME BY MI AHA.BHA.PHA 30 Days Miracle Foam 100 ml &#8211; Pianka z kwasami<\/span><\/a><\/p>\n","protected":false},"featured_media":596775,"comment_status":"open","ping_status":"closed","template":"","meta":{"_links_to":"","_links_to_target":""},"yoast_head":"<!-- This site is optimized with the Yoast SEO plugin v19.4 - https:\/\/yoast.com\/wordpress\/plugins\/seo\/ -->\n<title>SOME BY MI AHA.BHA.PHA 30 Days Miracle Foam 100 ml - Pianka z kwasami - Selleetools.com<\/title>\n<meta name=\"robots\" content=\"index, follow, max-snippet:-1, max-image-preview:large, max-video-preview:-1\" \/>\n<link rel=\"canonical\" href=\"https:\/\/selleetools.com\/pl\/product\/some-by-mi-aha-bha-pha-30-days-miracle-foam-100-ml-pianka-z-kwasami\/\" \/>\n<meta property=\"og:locale\" content=\"pl_PL\" \/>\n<meta property=\"og:type\" content=\"article\" \/>\n<meta property=\"og:title\" content=\"SOME BY MI AHA.BHA.PHA 30 Days Miracle Foam 100 ml - Pianka z kwasami - Selleetools.com\" \/>\n<meta property=\"og:description\" content=\"Odkryj sekrety doskona\u0142ej sk\u00f3ry z SOME BY MI AHA.BHA.PHA 30 Days Miracle Foam \u2013 wyj\u0105tkowym \u017celem oczyszczaj\u0105cym, kt\u00f3ry rewolucjonizuje codzienn\u0105 piel\u0119gnacj\u0119. Ten innowacyjny produkt \u0142\u0105czy w sobie trzy kluczowe sk\u0142adniki: AHA (kwasy alfa-hydroksylowe), BHA (kwasy beta-hydroksylowe) oraz PHA (polihydroksykwasy), kt\u00f3re wsp\u00f3lnie dzia\u0142aj\u0105 na rzecz zdrowia i pi\u0119kna Twojej cery. Korzy\u015bci dla sk\u00f3ry: G\u0142\u0119bokie oczyszczanie: AHA ... Read moreSOME BY MI AHA.BHA.PHA 30 Days Miracle Foam 100 ml &#8211; Pianka z kwasami\" \/>\n<meta property=\"og:url\" content=\"https:\/\/selleetools.com\/pl\/product\/some-by-mi-aha-bha-pha-30-days-miracle-foam-100-ml-pianka-z-kwasami\/\" \/>\n<meta property=\"og:site_name\" content=\"Selleetools.com\" \/>\n<meta property=\"article:modified_time\" content=\"2025-10-23T17:44:37+00:00\" \/>\n<meta property=\"og:image\" content=\"https:\/\/selleetools.com\/wp-content\/uploads\/2025\/10\/1.jpg\" \/>\n\t<meta property=\"og:image:width\" content=\"1200\" \/>\n\t<meta property=\"og:image:height\" content=\"1200\" \/>\n\t<meta property=\"og:image:type\" content=\"image\/jpeg\" \/>\n<meta name=\"twitter:card\" content=\"summary_large_image\" \/>\n<meta name=\"twitter:label1\" content=\"Est. reading time\" \/>\n\t<meta name=\"twitter:data1\" content=\"1 minuta\" \/>\n<!-- \/ Yoast SEO plugin. -->","yoast_head_json":{"title":"SOME BY MI AHA.BHA.PHA 30 Days Miracle Foam 100 ml - Pianka z kwasami - Selleetools.com","robots":{"index":"index","follow":"follow","max-snippet":"max-snippet:-1","max-image-preview":"max-image-preview:large","max-video-preview":"max-video-preview:-1"},"canonical":"https:\/\/selleetools.com\/pl\/product\/some-by-mi-aha-bha-pha-30-days-miracle-foam-100-ml-pianka-z-kwasami\/","og_locale":"pl_PL","og_type":"article","og_title":"SOME BY MI AHA.BHA.PHA 30 Days Miracle Foam 100 ml - Pianka z kwasami - Selleetools.com","og_description":"Odkryj sekrety doskona\u0142ej sk\u00f3ry z SOME BY MI AHA.BHA.PHA 30 Days Miracle Foam \u2013 wyj\u0105tkowym \u017celem oczyszczaj\u0105cym, kt\u00f3ry rewolucjonizuje codzienn\u0105 piel\u0119gnacj\u0119. Ten innowacyjny produkt \u0142\u0105czy w sobie trzy kluczowe sk\u0142adniki: AHA (kwasy alfa-hydroksylowe), BHA (kwasy beta-hydroksylowe) oraz PHA (polihydroksykwasy), kt\u00f3re wsp\u00f3lnie dzia\u0142aj\u0105 na rzecz zdrowia i pi\u0119kna Twojej cery. Korzy\u015bci dla sk\u00f3ry: G\u0142\u0119bokie oczyszczanie: AHA ... Read moreSOME BY MI AHA.BHA.PHA 30 Days Miracle Foam 100 ml &#8211; Pianka z kwasami","og_url":"https:\/\/selleetools.com\/pl\/product\/some-by-mi-aha-bha-pha-30-days-miracle-foam-100-ml-pianka-z-kwasami\/","og_site_name":"Selleetools.com","article_modified_time":"2025-10-23T17:44:37+00:00","og_image":[{"width":1200,"height":1200,"url":"https:\/\/selleetools.com\/wp-content\/uploads\/2025\/10\/1.jpg","type":"image\/jpeg"}],"twitter_card":"summary_large_image","twitter_misc":{"Est. reading time":"1 minuta"},"schema":{"@context":"https:\/\/schema.org","@graph":[{"@type":"Organization","@id":"https:\/\/selleetools.com\/#organization","name":"Selleetools","url":"https:\/\/selleetools.com\/","sameAs":[],"logo":{"@type":"ImageObject","inLanguage":"pl-PL","@id":"https:\/\/selleetools.com\/#\/schema\/logo\/image\/","url":"https:\/\/selleetools.com\/wp-content\/uploads\/2021\/10\/logo-dark.png","contentUrl":"https:\/\/selleetools.com\/wp-content\/uploads\/2021\/10\/logo-dark.png","width":320,"height":76,"caption":"Selleetools"},"image":{"@id":"https:\/\/selleetools.com\/#\/schema\/logo\/image\/"}},{"@type":"WebSite","@id":"https:\/\/selleetools.com\/#website","url":"https:\/\/selleetools.com\/","name":"Selleetools.com","description":"","publisher":{"@id":"https:\/\/selleetools.com\/#organization"},"potentialAction":[{"@type":"SearchAction","target":{"@type":"EntryPoint","urlTemplate":"https:\/\/selleetools.com\/?s={search_term_string}"},"query-input":"required name=search_term_string"}],"inLanguage":"pl-PL"},{"@type":"WebPage","@id":"https:\/\/selleetools.com\/pl\/product\/some-by-mi-aha-bha-pha-30-days-miracle-foam-100-ml-pianka-z-kwasami\/","url":"https:\/\/selleetools.com\/pl\/product\/some-by-mi-aha-bha-pha-30-days-miracle-foam-100-ml-pianka-z-kwasami\/","name":"SOME BY MI AHA.BHA.PHA 30 Days Miracle Foam 100 ml - Pianka z kwasami - Selleetools.com","isPartOf":{"@id":"https:\/\/selleetools.com\/#website"},"datePublished":"2025-10-22T06:10:09+00:00","dateModified":"2025-10-23T17:44:37+00:00","breadcrumb":{"@id":"https:\/\/selleetools.com\/pl\/product\/some-by-mi-aha-bha-pha-30-days-miracle-foam-100-ml-pianka-z-kwasami\/#breadcrumb"},"inLanguage":"pl-PL","potentialAction":[{"@type":"ReadAction","target":["https:\/\/selleetools.com\/pl\/product\/some-by-mi-aha-bha-pha-30-days-miracle-foam-100-ml-pianka-z-kwasami\/"]}]},{"@type":"BreadcrumbList","@id":"https:\/\/selleetools.com\/pl\/product\/some-by-mi-aha-bha-pha-30-days-miracle-foam-100-ml-pianka-z-kwasami\/#breadcrumb","itemListElement":[{"@type":"ListItem","position":1,"name":"Home","item":"https:\/\/selleetools.com\/pl\/"},{"@type":"ListItem","position":2,"name":"Katalog","item":"https:\/\/selleetools.com\/pl\/katalog\/"},{"@type":"ListItem","position":3,"name":"SOME BY MI AHA.BHA.PHA 30 Days Miracle Foam 100 ml &#8211; Pianka z kwasami"}]}]}},"_links":{"self":[{"href":"https:\/\/admincentral.selleetools.com\/pl\/wp-json\/wp\/v2\/product\/596779"}],"collection":[{"href":"https:\/\/admincentral.selleetools.com\/pl\/wp-json\/wp\/v2\/product"}],"about":[{"href":"https:\/\/admincentral.selleetools.com\/pl\/wp-json\/wp\/v2\/types\/product"}],"replies":[{"embeddable":true,"href":"https:\/\/admincentral.selleetools.com\/pl\/wp-json\/wp\/v2\/comments?post=596779"}],"wp:featuredmedia":[{"embeddable":true,"href":"https:\/\/admincentral.selleetools.com\/pl\/wp-json\/wp\/v2\/media\/596775"}],"wp:attachment":[{"href":"https:\/\/admincentral.selleetools.com\/pl\/wp-json\/wp\/v2\/media?parent=596779"}],"curies":[{"name":"wp","href":"https:\/\/api.w.org\/{rel}","templated":true}]}}