{"id":596855,"date":"2025-10-22T08:22:46","date_gmt":"2025-10-22T06:22:46","guid":{"rendered":"https:\/\/selleetools.com\/?post_type=product&#038;p=596855"},"modified":"2025-10-23T19:44:42","modified_gmt":"2025-10-23T17:44:42","slug":"iunik-propolis-vitamin-synergy-serum-50-ml-odzywcze-serum-do-twarzy","status":"publish","type":"product","link":"https:\/\/admincentral.selleetools.com\/pl\/product\/iunik-propolis-vitamin-synergy-serum-50-ml-odzywcze-serum-do-twarzy\/","title":{"rendered":"iUNIK Propolis Vitamin Synergy Serum, 50 ml &#8211; od\u017cywcze serum do twarzy"},"content":{"rendered":"<p>iUNIK Propolis Vitamin Synergy Serum to od\u017cywcze serum, kt\u00f3re \u0142\u0105czy w sobie moc propolisu oraz ekstraktu z rokitnika. Dzi\u0119ki swoim silnym w\u0142a\u015bciwo\u015bciom nawil\u017caj\u0105cym i koj\u0105cym, serum to dzia\u0142a na sk\u00f3r\u0119, przywracaj\u0105c jej witalno\u015b\u0107 i blask. Zawarto\u015b\u0107 ekstrakt\u00f3w ro\u015blinnych oraz witaminy C sprawia, \u017ce sk\u00f3ra staje si\u0119 wyra\u017anie ja\u015bniejsza i pe\u0142na energii. Idealne dla sk\u00f3ry wra\u017cliwej, potrzebuj\u0105cej ukojenia oraz ochrony przed szkodliwymi czynnikami zewn\u0119trznymi.<\/p>\n<p>Korzy\u015bci dla sk\u00f3ry:<br \/>\nRozja\u015bnienie sk\u00f3ry \u2013 pomaga poprawi\u0107 koloryt sk\u00f3ry, przywracaj\u0105c jej promienny i zdrowy wygl\u0105d.<br \/>\nPoprawa elastyczno\u015bci sk\u00f3ry \u2013 dzi\u0119ki w\u0142a\u015bciwo\u015bciom nawil\u017caj\u0105cym i regeneruj\u0105cym wspomaga popraw\u0119 j\u0119drno\u015bci sk\u00f3ry.<br \/>\nWspomaganie zdrowia sk\u00f3ry wra\u017cliwej \u2013 \u0142agodzi podra\u017cnienia i dzia\u0142a koj\u0105co na sk\u00f3r\u0119.<br \/>\nNawil\u017cenie i od\u017cywienie \u2013 intensywnie nawil\u017ca, dostarczaj\u0105c sk\u00f3rze niezb\u0119dnych sk\u0142adnik\u00f3w od\u017cywczych.<\/p>\n<p>Spos\u00f3b u\u017cycia:<br \/>\nZa pomoc\u0105 pipety na\u0142\u00f3\u017c odpowiedni\u0105 ilo\u015b\u0107 serum na oczyszczon\u0105 sk\u00f3r\u0119 twarzy.<br \/>\nDelikatnie wmasuj serum w sk\u00f3r\u0119, a\u017c do ca\u0142kowitego wch\u0142oni\u0119cia.<br \/>\nStosuj serum codziennie rano i wieczorem, najlepiej po u\u017cyciu toniku, a przed aplikacj\u0105 kremu nawil\u017caj\u0105cego.<\/p>\n","protected":false},"excerpt":{"rendered":"<p>iUNIK Propolis Vitamin Synergy Serum to od\u017cywcze serum, kt\u00f3re \u0142\u0105czy w sobie moc propolisu oraz ekstraktu z rokitnika. Dzi\u0119ki swoim silnym w\u0142a\u015bciwo\u015bciom nawil\u017caj\u0105cym i koj\u0105cym, serum to dzia\u0142a na sk\u00f3r\u0119, przywracaj\u0105c jej witalno\u015b\u0107 i blask. Zawarto\u015b\u0107 ekstrakt\u00f3w ro\u015blinnych oraz witaminy C sprawia, \u017ce sk\u00f3ra staje si\u0119 wyra\u017anie ja\u015bniejsza i pe\u0142na energii. Idealne dla sk\u00f3ry wra\u017cliwej, &#8230; <a title=\"iUNIK Propolis Vitamin Synergy Serum, 50 ml &#8211; od\u017cywcze serum do twarzy\" class=\"read-more\" href=\"https:\/\/admincentral.selleetools.com\/pl\/product\/iunik-propolis-vitamin-synergy-serum-50-ml-odzywcze-serum-do-twarzy\/\">Read more<span class=\"screen-reader-text\">iUNIK Propolis Vitamin Synergy Serum, 50 ml &#8211; od\u017cywcze serum do twarzy<\/span><\/a><\/p>\n","protected":false},"featured_media":596847,"comment_status":"open","ping_status":"closed","template":"","meta":{"_links_to":"","_links_to_target":""},"yoast_head":"<!-- This site is optimized with the Yoast SEO plugin v19.4 - https:\/\/yoast.com\/wordpress\/plugins\/seo\/ -->\n<title>iUNIK Propolis Vitamin Synergy Serum, 50 ml - od\u017cywcze serum do twarzy - Selleetools.com<\/title>\n<meta name=\"robots\" content=\"index, follow, max-snippet:-1, max-image-preview:large, max-video-preview:-1\" \/>\n<link rel=\"canonical\" href=\"https:\/\/admincentral.selleetools.com\/pl\/product\/iunik-propolis-vitamin-synergy-serum-50-ml-odzywcze-serum-do-twarzy\/\" \/>\n<meta property=\"og:locale\" content=\"pl_PL\" \/>\n<meta property=\"og:type\" content=\"article\" \/>\n<meta property=\"og:title\" content=\"iUNIK Propolis Vitamin Synergy Serum, 50 ml - od\u017cywcze serum do twarzy - Selleetools.com\" \/>\n<meta property=\"og:description\" content=\"iUNIK Propolis Vitamin Synergy Serum to od\u017cywcze serum, kt\u00f3re \u0142\u0105czy w sobie moc propolisu oraz ekstraktu z rokitnika. Dzi\u0119ki swoim silnym w\u0142a\u015bciwo\u015bciom nawil\u017caj\u0105cym i koj\u0105cym, serum to dzia\u0142a na sk\u00f3r\u0119, przywracaj\u0105c jej witalno\u015b\u0107 i blask. Zawarto\u015b\u0107 ekstrakt\u00f3w ro\u015blinnych oraz witaminy C sprawia, \u017ce sk\u00f3ra staje si\u0119 wyra\u017anie ja\u015bniejsza i pe\u0142na energii. Idealne dla sk\u00f3ry wra\u017cliwej, ... Read moreiUNIK Propolis Vitamin Synergy Serum, 50 ml &#8211; od\u017cywcze serum do twarzy\" \/>\n<meta property=\"og:url\" content=\"https:\/\/admincentral.selleetools.com\/pl\/product\/iunik-propolis-vitamin-synergy-serum-50-ml-odzywcze-serum-do-twarzy\/\" \/>\n<meta property=\"og:site_name\" content=\"Selleetools.com\" \/>\n<meta property=\"article:modified_time\" content=\"2025-10-23T17:44:42+00:00\" \/>\n<meta property=\"og:image\" content=\"https:\/\/selleetools.com\/wp-content\/uploads\/2025\/10\/3dfd4101b83f835ea4348539ed64ce71.jpg\" \/>\n\t<meta property=\"og:image:width\" content=\"900\" \/>\n\t<meta property=\"og:image:height\" content=\"900\" \/>\n\t<meta property=\"og:image:type\" content=\"image\/jpeg\" \/>\n<meta name=\"twitter:card\" content=\"summary_large_image\" \/>\n<meta name=\"twitter:label1\" content=\"Est. reading time\" \/>\n\t<meta name=\"twitter:data1\" content=\"1 minuta\" \/>\n<!-- \/ Yoast SEO plugin. -->","yoast_head_json":{"title":"iUNIK Propolis Vitamin Synergy Serum, 50 ml - od\u017cywcze serum do twarzy - Selleetools.com","robots":{"index":"index","follow":"follow","max-snippet":"max-snippet:-1","max-image-preview":"max-image-preview:large","max-video-preview":"max-video-preview:-1"},"canonical":"https:\/\/admincentral.selleetools.com\/pl\/product\/iunik-propolis-vitamin-synergy-serum-50-ml-odzywcze-serum-do-twarzy\/","og_locale":"pl_PL","og_type":"article","og_title":"iUNIK Propolis Vitamin Synergy Serum, 50 ml - od\u017cywcze serum do twarzy - Selleetools.com","og_description":"iUNIK Propolis Vitamin Synergy Serum to od\u017cywcze serum, kt\u00f3re \u0142\u0105czy w sobie moc propolisu oraz ekstraktu z rokitnika. Dzi\u0119ki swoim silnym w\u0142a\u015bciwo\u015bciom nawil\u017caj\u0105cym i koj\u0105cym, serum to dzia\u0142a na sk\u00f3r\u0119, przywracaj\u0105c jej witalno\u015b\u0107 i blask. Zawarto\u015b\u0107 ekstrakt\u00f3w ro\u015blinnych oraz witaminy C sprawia, \u017ce sk\u00f3ra staje si\u0119 wyra\u017anie ja\u015bniejsza i pe\u0142na energii. Idealne dla sk\u00f3ry wra\u017cliwej, ... Read moreiUNIK Propolis Vitamin Synergy Serum, 50 ml &#8211; od\u017cywcze serum do twarzy","og_url":"https:\/\/admincentral.selleetools.com\/pl\/product\/iunik-propolis-vitamin-synergy-serum-50-ml-odzywcze-serum-do-twarzy\/","og_site_name":"Selleetools.com","article_modified_time":"2025-10-23T17:44:42+00:00","og_image":[{"width":900,"height":900,"url":"https:\/\/selleetools.com\/wp-content\/uploads\/2025\/10\/3dfd4101b83f835ea4348539ed64ce71.jpg","type":"image\/jpeg"}],"twitter_card":"summary_large_image","twitter_misc":{"Est. reading time":"1 minuta"},"schema":{"@context":"https:\/\/schema.org","@graph":[{"@type":"Organization","@id":"https:\/\/selleetools.com\/#organization","name":"Selleetools","url":"https:\/\/selleetools.com\/","sameAs":[],"logo":{"@type":"ImageObject","inLanguage":"pl-PL","@id":"https:\/\/selleetools.com\/#\/schema\/logo\/image\/","url":"https:\/\/selleetools.com\/wp-content\/uploads\/2021\/10\/logo-dark.png","contentUrl":"https:\/\/selleetools.com\/wp-content\/uploads\/2021\/10\/logo-dark.png","width":320,"height":76,"caption":"Selleetools"},"image":{"@id":"https:\/\/selleetools.com\/#\/schema\/logo\/image\/"}},{"@type":"WebSite","@id":"https:\/\/selleetools.com\/#website","url":"https:\/\/selleetools.com\/","name":"Selleetools.com","description":"","publisher":{"@id":"https:\/\/selleetools.com\/#organization"},"potentialAction":[{"@type":"SearchAction","target":{"@type":"EntryPoint","urlTemplate":"https:\/\/selleetools.com\/?s={search_term_string}"},"query-input":"required name=search_term_string"}],"inLanguage":"pl-PL"},{"@type":"WebPage","@id":"https:\/\/admincentral.selleetools.com\/pl\/product\/iunik-propolis-vitamin-synergy-serum-50-ml-odzywcze-serum-do-twarzy\/","url":"https:\/\/admincentral.selleetools.com\/pl\/product\/iunik-propolis-vitamin-synergy-serum-50-ml-odzywcze-serum-do-twarzy\/","name":"iUNIK Propolis Vitamin Synergy Serum, 50 ml - od\u017cywcze serum do twarzy - Selleetools.com","isPartOf":{"@id":"https:\/\/selleetools.com\/#website"},"datePublished":"2025-10-22T06:22:46+00:00","dateModified":"2025-10-23T17:44:42+00:00","breadcrumb":{"@id":"https:\/\/admincentral.selleetools.com\/pl\/product\/iunik-propolis-vitamin-synergy-serum-50-ml-odzywcze-serum-do-twarzy\/#breadcrumb"},"inLanguage":"pl-PL","potentialAction":[{"@type":"ReadAction","target":["https:\/\/admincentral.selleetools.com\/pl\/product\/iunik-propolis-vitamin-synergy-serum-50-ml-odzywcze-serum-do-twarzy\/"]}]},{"@type":"BreadcrumbList","@id":"https:\/\/admincentral.selleetools.com\/pl\/product\/iunik-propolis-vitamin-synergy-serum-50-ml-odzywcze-serum-do-twarzy\/#breadcrumb","itemListElement":[{"@type":"ListItem","position":1,"name":"Home","item":"https:\/\/selleetools.com\/pl\/"},{"@type":"ListItem","position":2,"name":"Katalog","item":"https:\/\/selleetools.com\/pl\/katalog\/"},{"@type":"ListItem","position":3,"name":"iUNIK Propolis Vitamin Synergy Serum, 50 ml &#8211; od\u017cywcze serum do twarzy"}]}]}},"_links":{"self":[{"href":"https:\/\/admincentral.selleetools.com\/pl\/wp-json\/wp\/v2\/product\/596855"}],"collection":[{"href":"https:\/\/admincentral.selleetools.com\/pl\/wp-json\/wp\/v2\/product"}],"about":[{"href":"https:\/\/admincentral.selleetools.com\/pl\/wp-json\/wp\/v2\/types\/product"}],"replies":[{"embeddable":true,"href":"https:\/\/admincentral.selleetools.com\/pl\/wp-json\/wp\/v2\/comments?post=596855"}],"wp:featuredmedia":[{"embeddable":true,"href":"https:\/\/admincentral.selleetools.com\/pl\/wp-json\/wp\/v2\/media\/596847"}],"wp:attachment":[{"href":"https:\/\/admincentral.selleetools.com\/pl\/wp-json\/wp\/v2\/media?parent=596855"}],"curies":[{"name":"wp","href":"https:\/\/api.w.org\/{rel}","templated":true}]}}