{"id":597073,"date":"2025-10-22T08:25:52","date_gmt":"2025-10-22T06:25:52","guid":{"rendered":"https:\/\/selleetools.com\/?post_type=product&#038;p=597073"},"modified":"2025-12-26T16:41:04","modified_gmt":"2025-12-26T15:41:04","slug":"cosrx-advanced-snail-peptide-eye-cream-25-ml-wygladzajacy-krem-pod-oczy","status":"publish","type":"product","link":"https:\/\/admincentral.selleetools.com\/pl\/product\/cosrx-advanced-snail-peptide-eye-cream-25-ml-wygladzajacy-krem-pod-oczy\/","title":{"rendered":"COSRX Advanced Snail Peptide Eye Cream 25 ml &#8211; Wyg\u0142adzaj\u0105cy krem pod oczy"},"content":{"rendered":"<p>Lekki, szybko wch\u0142aniaj\u0105cy si\u0119 krem pod oczy, kt\u00f3ry \u0142\u0105czy moc filtratu ze \u015bluzu \u015blimaka i peptyd\u00f3w, aby skutecznie nawil\u017ca\u0107, uj\u0119drnia\u0107 i roz\u015bwietla\u0107 delikatn\u0105 sk\u00f3r\u0119 wok\u00f3\u0142 oczu. Dzi\u0119ki podw\u00f3jnemu dzia\u0142aniu \u2013 redukuje cienie i oznaki zm\u0119czenia, a jednocze\u015bnie wyg\u0142adza drobne linie i zmarszczki.<br \/>\nFormu\u0142a wzbogacona o niacynamid, pantenol i alantoin\u0119 wspiera regeneracj\u0119 i koi sk\u00f3r\u0119, przywracaj\u0105c jej mi\u0119kko\u015b\u0107 i promienny wygl\u0105d. Krem jest odpowiedni dla ka\u017cdego typu sk\u00f3ry i w ka\u017cdym wieku \u2013 od nastolatk\u00f3w po dojrza\u0142\u0105 cer\u0119 \u2013 bez ryzyka nadmiernego obci\u0105\u017cenia.<\/p>\n<p>Korzy\u015bci dla sk\u00f3ry:<br \/>\nIntensywne nawil\u017cenie i od\u017cywienie sk\u00f3ry pod oczami<br \/>\nRoz\u015bwietlenie i redukcja cieni<br \/>\nWyg\u0142adzenie drobnych linii i zmarszczek<br \/>\nZmniejszenie obrz\u0119k\u00f3w i oznak zm\u0119czenia<br \/>\nPoprawa j\u0119drno\u015bci i elastyczno\u015bci sk\u00f3ry<\/p>\n<p>Spos\u00f3b u\u017cycia:<br \/>\nPo zastosowaniu esencji, serum lub ampu\u0142ki na\u0142\u00f3\u017c niewielk\u0105 ilo\u015b\u0107 kremu wok\u00f3\u0142 oczu. Delikatnie wmasuj, a nast\u0119pnie wklep opuszkami palc\u00f3w, aby zwi\u0119kszy\u0107 wch\u0142anianie. Stosuj rano i wieczorem.<\/p>\n","protected":false},"excerpt":{"rendered":"<p>Lekki, szybko wch\u0142aniaj\u0105cy si\u0119 krem pod oczy, kt\u00f3ry \u0142\u0105czy moc filtratu ze \u015bluzu \u015blimaka i peptyd\u00f3w, aby skutecznie nawil\u017ca\u0107, uj\u0119drnia\u0107 i roz\u015bwietla\u0107 delikatn\u0105 sk\u00f3r\u0119 wok\u00f3\u0142 oczu. Dzi\u0119ki podw\u00f3jnemu dzia\u0142aniu \u2013 redukuje cienie i oznaki zm\u0119czenia, a jednocze\u015bnie wyg\u0142adza drobne linie i zmarszczki. Formu\u0142a wzbogacona o niacynamid, pantenol i alantoin\u0119 wspiera regeneracj\u0119 i koi sk\u00f3r\u0119, przywracaj\u0105c &#8230; <a title=\"COSRX Advanced Snail Peptide Eye Cream 25 ml &#8211; Wyg\u0142adzaj\u0105cy krem pod oczy\" class=\"read-more\" href=\"https:\/\/admincentral.selleetools.com\/pl\/product\/cosrx-advanced-snail-peptide-eye-cream-25-ml-wygladzajacy-krem-pod-oczy\/\">Read more<span class=\"screen-reader-text\">COSRX Advanced Snail Peptide Eye Cream 25 ml &#8211; Wyg\u0142adzaj\u0105cy krem pod oczy<\/span><\/a><\/p>\n","protected":false},"featured_media":597067,"comment_status":"open","ping_status":"closed","template":"","meta":{"_links_to":"","_links_to_target":""},"yoast_head":"<!-- This site is optimized with the Yoast SEO plugin v19.4 - https:\/\/yoast.com\/wordpress\/plugins\/seo\/ -->\n<title>COSRX Advanced Snail Peptide Eye Cream 25 ml - Wyg\u0142adzaj\u0105cy krem pod oczy - Selleetools.com<\/title>\n<meta name=\"robots\" content=\"index, follow, max-snippet:-1, max-image-preview:large, max-video-preview:-1\" \/>\n<link rel=\"canonical\" href=\"https:\/\/selleetools.com\/pl\/product\/cosrx-advanced-snail-peptide-eye-cream-25-ml-wygladzajacy-krem-pod-oczy\/\" \/>\n<meta property=\"og:locale\" content=\"pl_PL\" \/>\n<meta property=\"og:type\" content=\"article\" \/>\n<meta property=\"og:title\" content=\"COSRX Advanced Snail Peptide Eye Cream 25 ml - Wyg\u0142adzaj\u0105cy krem pod oczy - Selleetools.com\" \/>\n<meta property=\"og:description\" content=\"Lekki, szybko wch\u0142aniaj\u0105cy si\u0119 krem pod oczy, kt\u00f3ry \u0142\u0105czy moc filtratu ze \u015bluzu \u015blimaka i peptyd\u00f3w, aby skutecznie nawil\u017ca\u0107, uj\u0119drnia\u0107 i roz\u015bwietla\u0107 delikatn\u0105 sk\u00f3r\u0119 wok\u00f3\u0142 oczu. Dzi\u0119ki podw\u00f3jnemu dzia\u0142aniu \u2013 redukuje cienie i oznaki zm\u0119czenia, a jednocze\u015bnie wyg\u0142adza drobne linie i zmarszczki. Formu\u0142a wzbogacona o niacynamid, pantenol i alantoin\u0119 wspiera regeneracj\u0119 i koi sk\u00f3r\u0119, przywracaj\u0105c ... Read moreCOSRX Advanced Snail Peptide Eye Cream 25 ml &#8211; Wyg\u0142adzaj\u0105cy krem pod oczy\" \/>\n<meta property=\"og:url\" content=\"https:\/\/selleetools.com\/pl\/product\/cosrx-advanced-snail-peptide-eye-cream-25-ml-wygladzajacy-krem-pod-oczy\/\" \/>\n<meta property=\"og:site_name\" content=\"Selleetools.com\" \/>\n<meta property=\"article:modified_time\" content=\"2025-12-26T15:41:04+00:00\" \/>\n<meta property=\"og:image\" content=\"https:\/\/selleetools.com\/wp-content\/uploads\/2025\/10\/1067cb23ba78c47649c2c3230d310cbe.jpg\" \/>\n\t<meta property=\"og:image:width\" content=\"1200\" \/>\n\t<meta property=\"og:image:height\" content=\"1200\" \/>\n\t<meta property=\"og:image:type\" content=\"image\/jpeg\" \/>\n<meta name=\"twitter:card\" content=\"summary_large_image\" \/>\n<meta name=\"twitter:label1\" content=\"Est. reading time\" \/>\n\t<meta name=\"twitter:data1\" content=\"1 minuta\" \/>\n<!-- \/ Yoast SEO plugin. -->","yoast_head_json":{"title":"COSRX Advanced Snail Peptide Eye Cream 25 ml - Wyg\u0142adzaj\u0105cy krem pod oczy - Selleetools.com","robots":{"index":"index","follow":"follow","max-snippet":"max-snippet:-1","max-image-preview":"max-image-preview:large","max-video-preview":"max-video-preview:-1"},"canonical":"https:\/\/selleetools.com\/pl\/product\/cosrx-advanced-snail-peptide-eye-cream-25-ml-wygladzajacy-krem-pod-oczy\/","og_locale":"pl_PL","og_type":"article","og_title":"COSRX Advanced Snail Peptide Eye Cream 25 ml - Wyg\u0142adzaj\u0105cy krem pod oczy - Selleetools.com","og_description":"Lekki, szybko wch\u0142aniaj\u0105cy si\u0119 krem pod oczy, kt\u00f3ry \u0142\u0105czy moc filtratu ze \u015bluzu \u015blimaka i peptyd\u00f3w, aby skutecznie nawil\u017ca\u0107, uj\u0119drnia\u0107 i roz\u015bwietla\u0107 delikatn\u0105 sk\u00f3r\u0119 wok\u00f3\u0142 oczu. Dzi\u0119ki podw\u00f3jnemu dzia\u0142aniu \u2013 redukuje cienie i oznaki zm\u0119czenia, a jednocze\u015bnie wyg\u0142adza drobne linie i zmarszczki. Formu\u0142a wzbogacona o niacynamid, pantenol i alantoin\u0119 wspiera regeneracj\u0119 i koi sk\u00f3r\u0119, przywracaj\u0105c ... Read moreCOSRX Advanced Snail Peptide Eye Cream 25 ml &#8211; Wyg\u0142adzaj\u0105cy krem pod oczy","og_url":"https:\/\/selleetools.com\/pl\/product\/cosrx-advanced-snail-peptide-eye-cream-25-ml-wygladzajacy-krem-pod-oczy\/","og_site_name":"Selleetools.com","article_modified_time":"2025-12-26T15:41:04+00:00","og_image":[{"width":1200,"height":1200,"url":"https:\/\/selleetools.com\/wp-content\/uploads\/2025\/10\/1067cb23ba78c47649c2c3230d310cbe.jpg","type":"image\/jpeg"}],"twitter_card":"summary_large_image","twitter_misc":{"Est. reading time":"1 minuta"},"schema":{"@context":"https:\/\/schema.org","@graph":[{"@type":"Organization","@id":"https:\/\/selleetools.com\/#organization","name":"Selleetools","url":"https:\/\/selleetools.com\/","sameAs":[],"logo":{"@type":"ImageObject","inLanguage":"pl-PL","@id":"https:\/\/selleetools.com\/#\/schema\/logo\/image\/","url":"https:\/\/selleetools.com\/wp-content\/uploads\/2021\/10\/logo-dark.png","contentUrl":"https:\/\/selleetools.com\/wp-content\/uploads\/2021\/10\/logo-dark.png","width":320,"height":76,"caption":"Selleetools"},"image":{"@id":"https:\/\/selleetools.com\/#\/schema\/logo\/image\/"}},{"@type":"WebSite","@id":"https:\/\/selleetools.com\/#website","url":"https:\/\/selleetools.com\/","name":"Selleetools.com","description":"","publisher":{"@id":"https:\/\/selleetools.com\/#organization"},"potentialAction":[{"@type":"SearchAction","target":{"@type":"EntryPoint","urlTemplate":"https:\/\/selleetools.com\/?s={search_term_string}"},"query-input":"required name=search_term_string"}],"inLanguage":"pl-PL"},{"@type":"WebPage","@id":"https:\/\/selleetools.com\/pl\/product\/cosrx-advanced-snail-peptide-eye-cream-25-ml-wygladzajacy-krem-pod-oczy\/","url":"https:\/\/selleetools.com\/pl\/product\/cosrx-advanced-snail-peptide-eye-cream-25-ml-wygladzajacy-krem-pod-oczy\/","name":"COSRX Advanced Snail Peptide Eye Cream 25 ml - Wyg\u0142adzaj\u0105cy krem pod oczy - Selleetools.com","isPartOf":{"@id":"https:\/\/selleetools.com\/#website"},"datePublished":"2025-10-22T06:25:52+00:00","dateModified":"2025-12-26T15:41:04+00:00","breadcrumb":{"@id":"https:\/\/selleetools.com\/pl\/product\/cosrx-advanced-snail-peptide-eye-cream-25-ml-wygladzajacy-krem-pod-oczy\/#breadcrumb"},"inLanguage":"pl-PL","potentialAction":[{"@type":"ReadAction","target":["https:\/\/selleetools.com\/pl\/product\/cosrx-advanced-snail-peptide-eye-cream-25-ml-wygladzajacy-krem-pod-oczy\/"]}]},{"@type":"BreadcrumbList","@id":"https:\/\/selleetools.com\/pl\/product\/cosrx-advanced-snail-peptide-eye-cream-25-ml-wygladzajacy-krem-pod-oczy\/#breadcrumb","itemListElement":[{"@type":"ListItem","position":1,"name":"Home","item":"https:\/\/selleetools.com\/pl\/"},{"@type":"ListItem","position":2,"name":"Katalog","item":"https:\/\/selleetools.com\/pl\/katalog\/"},{"@type":"ListItem","position":3,"name":"COSRX Advanced Snail Peptide Eye Cream 25 ml &#8211; Wyg\u0142adzaj\u0105cy krem pod oczy"}]}]}},"_links":{"self":[{"href":"https:\/\/admincentral.selleetools.com\/pl\/wp-json\/wp\/v2\/product\/597073"}],"collection":[{"href":"https:\/\/admincentral.selleetools.com\/pl\/wp-json\/wp\/v2\/product"}],"about":[{"href":"https:\/\/admincentral.selleetools.com\/pl\/wp-json\/wp\/v2\/types\/product"}],"replies":[{"embeddable":true,"href":"https:\/\/admincentral.selleetools.com\/pl\/wp-json\/wp\/v2\/comments?post=597073"}],"wp:featuredmedia":[{"embeddable":true,"href":"https:\/\/admincentral.selleetools.com\/pl\/wp-json\/wp\/v2\/media\/597067"}],"wp:attachment":[{"href":"https:\/\/admincentral.selleetools.com\/pl\/wp-json\/wp\/v2\/media?parent=597073"}],"curies":[{"name":"wp","href":"https:\/\/api.w.org\/{rel}","templated":true}]}}