{"id":597130,"date":"2025-10-22T08:26:55","date_gmt":"2025-10-22T06:26:55","guid":{"rendered":"https:\/\/selleetools.com\/?post_type=product&#038;p=597130"},"modified":"2026-03-03T11:10:29","modified_gmt":"2026-03-03T10:10:29","slug":"petitfee-pep-tightening-eye-cream-30-g-przeciwzmarszczkowy-krem-%e2%80%8b%e2%80%8bpeptydowy-do-skory-wokol-oczu","status":"publish","type":"product","link":"https:\/\/admincentral.selleetools.com\/pl\/product\/petitfee-pep-tightening-eye-cream-30-g-przeciwzmarszczkowy-krem-%e2%80%8b%e2%80%8bpeptydowy-do-skory-wokol-oczu\/","title":{"rendered":"PETITFEE PEP-TIGHTENING Eye Cream 30 g &#8211; Przeciwzmarszczkowy krem \u200b\u200bpeptydowy do sk\u00f3ry wok\u00f3\u0142 oczu"},"content":{"rendered":"<p>PETITFEE PEP-TIGHTENING Eye Cream to intensywnie nawil\u017caj\u0105cy i uj\u0119drniaj\u0105cy krem pod oczy, stworzony z my\u015bl\u0105 o piel\u0119gnacji delikatnej sk\u00f3ry wok\u00f3\u0142 oczu. Jego formu\u0142a zawiera pot\u0119\u017cn\u0105 dawk\u0119 peptyd\u00f3w, kt\u00f3re s\u0105 kluczowe dla regeneracji sk\u00f3ry oraz op\u00f3\u017aniania proces\u00f3w starzenia. Krem zosta\u0142 opracowany w Korei, co gwarantuje najwy\u017csz\u0105 jako\u015b\u0107 sk\u0142adnik\u00f3w oraz innowacyjne podej\u015bcie do piel\u0119gnacji.<\/p>\n<p>Korzy\u015bci dla sk\u00f3ry:<\/p>\n<p>Redukcja zmarszczek i linii mimicznych: Dzi\u0119ki zawarto\u015bci peptyd\u00f3w, krem wspomaga produkcj\u0119 kolagenu, co przyczynia si\u0119 do wyg\u0142adzenia drobnych zmarszczek i linii wok\u00f3\u0142 oczu.<\/p>\n<p>Uj\u0119drnienie i elastyczno\u015b\u0107: Formu\u0142a kremu dzia\u0142a liftinguj\u0105co, poprawiaj\u0105c elastyczno\u015b\u0107 sk\u00f3ry i sprawiaj\u0105c, \u017ce staje si\u0119 ona bardziej j\u0119drna.<\/p>\n<p>Intensywne nawil\u017cenie: Produkt g\u0142\u0119boko nawil\u017ca sk\u00f3r\u0119, zapobiegaj\u0105c jej przesuszeniu i wzmacniaj\u0105c barier\u0119 ochronn\u0105.<\/p>\n<p>Roz\u015bwietlenie: Krem zmniejsza widoczno\u015b\u0107 cieni pod oczami, nadaj\u0105c sk\u00f3rze zdrowy i wypocz\u0119ty wygl\u0105d.<\/p>\n<p>Delikatna piel\u0119gnacja: Krem ma lekk\u0105 konsystencj\u0119, kt\u00f3ra szybko si\u0119 wch\u0142ania, nie pozostawiaj\u0105c uczucia ci\u0119\u017cko\u015bci ani t\u0142ustego filmu.<\/p>\n<p>Spos\u00f3b u\u017cycia:<br \/>\nPo oczyszczeniu twarzy i na\u0142o\u017ceniu toniku, delikatnie na\u0142\u00f3\u017c niewielk\u0105 ilo\u015b\u0107 kremu na sk\u00f3r\u0119 wok\u00f3\u0142 oczu.<br \/>\nStosuj opuszkami palc\u00f3w, wykonuj\u0105c delikatne ruchy wklepuj\u0105ce od wewn\u0119trznej strony oka ku zewn\u0105trz.<br \/>\nUnikaj silnego pocierania sk\u00f3ry, aby nie podra\u017cnia\u0107 delikatnych okolic oczu.<br \/>\nKrem mo\u017cna stosowa\u0107 zar\u00f3wno rano, jak i wieczorem jako cz\u0119\u015b\u0107 codziennej rutyny piel\u0119gnacyjnej.<br \/>\nPETITFEE PEP-TIGHTENING Eye Cream to idealny wyb\u00f3r dla os\u00f3b poszukuj\u0105cych skutecznej piel\u0119gnacji, kt\u00f3ra jednocze\u015bnie dzia\u0142a przeciwstarzeniowo i g\u0142\u0119boko nawil\u017ca, pomagaj\u0105c zachowa\u0107 m\u0142odzie\u0144czy wygl\u0105d sk\u00f3ry wok\u00f3\u0142 oczu.<\/p>\n","protected":false},"excerpt":{"rendered":"<p>PETITFEE PEP-TIGHTENING Eye Cream to intensywnie nawil\u017caj\u0105cy i uj\u0119drniaj\u0105cy krem pod oczy, stworzony z my\u015bl\u0105 o piel\u0119gnacji delikatnej sk\u00f3ry wok\u00f3\u0142 oczu. Jego formu\u0142a zawiera pot\u0119\u017cn\u0105 dawk\u0119 peptyd\u00f3w, kt\u00f3re s\u0105 kluczowe dla regeneracji sk\u00f3ry oraz op\u00f3\u017aniania proces\u00f3w starzenia. Krem zosta\u0142 opracowany w Korei, co gwarantuje najwy\u017csz\u0105 jako\u015b\u0107 sk\u0142adnik\u00f3w oraz innowacyjne podej\u015bcie do piel\u0119gnacji. Korzy\u015bci dla sk\u00f3ry: &#8230; <a title=\"PETITFEE PEP-TIGHTENING Eye Cream 30 g &#8211; Przeciwzmarszczkowy krem \u200b\u200bpeptydowy do sk\u00f3ry wok\u00f3\u0142 oczu\" class=\"read-more\" href=\"https:\/\/admincentral.selleetools.com\/pl\/product\/petitfee-pep-tightening-eye-cream-30-g-przeciwzmarszczkowy-krem-%e2%80%8b%e2%80%8bpeptydowy-do-skory-wokol-oczu\/\">Read more<span class=\"screen-reader-text\">PETITFEE PEP-TIGHTENING Eye Cream 30 g &#8211; Przeciwzmarszczkowy krem \u200b\u200bpeptydowy do sk\u00f3ry wok\u00f3\u0142 oczu<\/span><\/a><\/p>\n","protected":false},"featured_media":597128,"comment_status":"open","ping_status":"closed","template":"","meta":{"_links_to":"","_links_to_target":""},"yoast_head":"<!-- This site is optimized with the Yoast SEO plugin v19.4 - https:\/\/yoast.com\/wordpress\/plugins\/seo\/ -->\n<title>PETITFEE PEP-TIGHTENING Eye Cream 30 g - Przeciwzmarszczkowy krem \u200b\u200bpeptydowy do sk\u00f3ry wok\u00f3\u0142 oczu - Selleetools.com<\/title>\n<meta name=\"robots\" content=\"index, follow, max-snippet:-1, max-image-preview:large, max-video-preview:-1\" \/>\n<link rel=\"canonical\" href=\"https:\/\/admincentral.selleetools.com\/pl\/product\/petitfee-pep-tightening-eye-cream-30-g-przeciwzmarszczkowy-krem-\u200b\u200bpeptydowy-do-skory-wokol-oczu\/\" \/>\n<meta property=\"og:locale\" content=\"pl_PL\" \/>\n<meta property=\"og:type\" content=\"article\" \/>\n<meta property=\"og:title\" content=\"PETITFEE PEP-TIGHTENING Eye Cream 30 g - Przeciwzmarszczkowy krem \u200b\u200bpeptydowy do sk\u00f3ry wok\u00f3\u0142 oczu - Selleetools.com\" \/>\n<meta property=\"og:description\" content=\"PETITFEE PEP-TIGHTENING Eye Cream to intensywnie nawil\u017caj\u0105cy i uj\u0119drniaj\u0105cy krem pod oczy, stworzony z my\u015bl\u0105 o piel\u0119gnacji delikatnej sk\u00f3ry wok\u00f3\u0142 oczu. Jego formu\u0142a zawiera pot\u0119\u017cn\u0105 dawk\u0119 peptyd\u00f3w, kt\u00f3re s\u0105 kluczowe dla regeneracji sk\u00f3ry oraz op\u00f3\u017aniania proces\u00f3w starzenia. Krem zosta\u0142 opracowany w Korei, co gwarantuje najwy\u017csz\u0105 jako\u015b\u0107 sk\u0142adnik\u00f3w oraz innowacyjne podej\u015bcie do piel\u0119gnacji. Korzy\u015bci dla sk\u00f3ry: ... Read morePETITFEE PEP-TIGHTENING Eye Cream 30 g &#8211; Przeciwzmarszczkowy krem \u200b\u200bpeptydowy do sk\u00f3ry wok\u00f3\u0142 oczu\" \/>\n<meta property=\"og:url\" content=\"https:\/\/admincentral.selleetools.com\/pl\/product\/petitfee-pep-tightening-eye-cream-30-g-przeciwzmarszczkowy-krem-\u200b\u200bpeptydowy-do-skory-wokol-oczu\/\" \/>\n<meta property=\"og:site_name\" content=\"Selleetools.com\" \/>\n<meta property=\"article:modified_time\" content=\"2026-03-03T10:10:29+00:00\" \/>\n<meta property=\"og:image\" content=\"https:\/\/selleetools.com\/wp-content\/uploads\/2025\/10\/cdc1d70de1a953dcf74ed92bb7d9b121.jpg\" \/>\n\t<meta property=\"og:image:width\" content=\"600\" \/>\n\t<meta property=\"og:image:height\" content=\"600\" \/>\n\t<meta property=\"og:image:type\" content=\"image\/jpeg\" \/>\n<meta name=\"twitter:card\" content=\"summary_large_image\" \/>\n<meta name=\"twitter:label1\" content=\"Est. reading time\" \/>\n\t<meta name=\"twitter:data1\" content=\"1 minuta\" \/>\n<!-- \/ Yoast SEO plugin. -->","yoast_head_json":{"title":"PETITFEE PEP-TIGHTENING Eye Cream 30 g - Przeciwzmarszczkowy krem \u200b\u200bpeptydowy do sk\u00f3ry wok\u00f3\u0142 oczu - Selleetools.com","robots":{"index":"index","follow":"follow","max-snippet":"max-snippet:-1","max-image-preview":"max-image-preview:large","max-video-preview":"max-video-preview:-1"},"canonical":"https:\/\/admincentral.selleetools.com\/pl\/product\/petitfee-pep-tightening-eye-cream-30-g-przeciwzmarszczkowy-krem-\u200b\u200bpeptydowy-do-skory-wokol-oczu\/","og_locale":"pl_PL","og_type":"article","og_title":"PETITFEE PEP-TIGHTENING Eye Cream 30 g - Przeciwzmarszczkowy krem \u200b\u200bpeptydowy do sk\u00f3ry wok\u00f3\u0142 oczu - Selleetools.com","og_description":"PETITFEE PEP-TIGHTENING Eye Cream to intensywnie nawil\u017caj\u0105cy i uj\u0119drniaj\u0105cy krem pod oczy, stworzony z my\u015bl\u0105 o piel\u0119gnacji delikatnej sk\u00f3ry wok\u00f3\u0142 oczu. Jego formu\u0142a zawiera pot\u0119\u017cn\u0105 dawk\u0119 peptyd\u00f3w, kt\u00f3re s\u0105 kluczowe dla regeneracji sk\u00f3ry oraz op\u00f3\u017aniania proces\u00f3w starzenia. Krem zosta\u0142 opracowany w Korei, co gwarantuje najwy\u017csz\u0105 jako\u015b\u0107 sk\u0142adnik\u00f3w oraz innowacyjne podej\u015bcie do piel\u0119gnacji. Korzy\u015bci dla sk\u00f3ry: ... Read morePETITFEE PEP-TIGHTENING Eye Cream 30 g &#8211; Przeciwzmarszczkowy krem \u200b\u200bpeptydowy do sk\u00f3ry wok\u00f3\u0142 oczu","og_url":"https:\/\/admincentral.selleetools.com\/pl\/product\/petitfee-pep-tightening-eye-cream-30-g-przeciwzmarszczkowy-krem-\u200b\u200bpeptydowy-do-skory-wokol-oczu\/","og_site_name":"Selleetools.com","article_modified_time":"2026-03-03T10:10:29+00:00","og_image":[{"width":600,"height":600,"url":"https:\/\/selleetools.com\/wp-content\/uploads\/2025\/10\/cdc1d70de1a953dcf74ed92bb7d9b121.jpg","type":"image\/jpeg"}],"twitter_card":"summary_large_image","twitter_misc":{"Est. reading time":"1 minuta"},"schema":{"@context":"https:\/\/schema.org","@graph":[{"@type":"Organization","@id":"https:\/\/selleetools.com\/#organization","name":"Selleetools","url":"https:\/\/selleetools.com\/","sameAs":[],"logo":{"@type":"ImageObject","inLanguage":"pl-PL","@id":"https:\/\/selleetools.com\/#\/schema\/logo\/image\/","url":"https:\/\/selleetools.com\/wp-content\/uploads\/2021\/10\/logo-dark.png","contentUrl":"https:\/\/selleetools.com\/wp-content\/uploads\/2021\/10\/logo-dark.png","width":320,"height":76,"caption":"Selleetools"},"image":{"@id":"https:\/\/selleetools.com\/#\/schema\/logo\/image\/"}},{"@type":"WebSite","@id":"https:\/\/selleetools.com\/#website","url":"https:\/\/selleetools.com\/","name":"Selleetools.com","description":"","publisher":{"@id":"https:\/\/selleetools.com\/#organization"},"potentialAction":[{"@type":"SearchAction","target":{"@type":"EntryPoint","urlTemplate":"https:\/\/selleetools.com\/?s={search_term_string}"},"query-input":"required name=search_term_string"}],"inLanguage":"pl-PL"},{"@type":"WebPage","@id":"https:\/\/admincentral.selleetools.com\/pl\/product\/petitfee-pep-tightening-eye-cream-30-g-przeciwzmarszczkowy-krem-%e2%80%8b%e2%80%8bpeptydowy-do-skory-wokol-oczu\/","url":"https:\/\/admincentral.selleetools.com\/pl\/product\/petitfee-pep-tightening-eye-cream-30-g-przeciwzmarszczkowy-krem-%e2%80%8b%e2%80%8bpeptydowy-do-skory-wokol-oczu\/","name":"PETITFEE PEP-TIGHTENING Eye Cream 30 g - Przeciwzmarszczkowy krem \u200b\u200bpeptydowy do sk\u00f3ry wok\u00f3\u0142 oczu - Selleetools.com","isPartOf":{"@id":"https:\/\/selleetools.com\/#website"},"datePublished":"2025-10-22T06:26:55+00:00","dateModified":"2026-03-03T10:10:29+00:00","breadcrumb":{"@id":"https:\/\/admincentral.selleetools.com\/pl\/product\/petitfee-pep-tightening-eye-cream-30-g-przeciwzmarszczkowy-krem-%e2%80%8b%e2%80%8bpeptydowy-do-skory-wokol-oczu\/#breadcrumb"},"inLanguage":"pl-PL","potentialAction":[{"@type":"ReadAction","target":["https:\/\/admincentral.selleetools.com\/pl\/product\/petitfee-pep-tightening-eye-cream-30-g-przeciwzmarszczkowy-krem-%e2%80%8b%e2%80%8bpeptydowy-do-skory-wokol-oczu\/"]}]},{"@type":"BreadcrumbList","@id":"https:\/\/admincentral.selleetools.com\/pl\/product\/petitfee-pep-tightening-eye-cream-30-g-przeciwzmarszczkowy-krem-%e2%80%8b%e2%80%8bpeptydowy-do-skory-wokol-oczu\/#breadcrumb","itemListElement":[{"@type":"ListItem","position":1,"name":"Home","item":"https:\/\/selleetools.com\/pl\/"},{"@type":"ListItem","position":2,"name":"Katalog","item":"https:\/\/selleetools.com\/pl\/katalog\/"},{"@type":"ListItem","position":3,"name":"PETITFEE PEP-TIGHTENING Eye Cream 30 g &#8211; Przeciwzmarszczkowy krem \u200b\u200bpeptydowy do sk\u00f3ry wok\u00f3\u0142 oczu"}]}]}},"_links":{"self":[{"href":"https:\/\/admincentral.selleetools.com\/pl\/wp-json\/wp\/v2\/product\/597130"}],"collection":[{"href":"https:\/\/admincentral.selleetools.com\/pl\/wp-json\/wp\/v2\/product"}],"about":[{"href":"https:\/\/admincentral.selleetools.com\/pl\/wp-json\/wp\/v2\/types\/product"}],"replies":[{"embeddable":true,"href":"https:\/\/admincentral.selleetools.com\/pl\/wp-json\/wp\/v2\/comments?post=597130"}],"wp:featuredmedia":[{"embeddable":true,"href":"https:\/\/admincentral.selleetools.com\/pl\/wp-json\/wp\/v2\/media\/597128"}],"wp:attachment":[{"href":"https:\/\/admincentral.selleetools.com\/pl\/wp-json\/wp\/v2\/media?parent=597130"}],"curies":[{"name":"wp","href":"https:\/\/api.w.org\/{rel}","templated":true}]}}