{"id":597202,"date":"2025-10-22T08:28:03","date_gmt":"2025-10-22T06:28:03","guid":{"rendered":"https:\/\/selleetools.com\/?post_type=product&#038;p=597202"},"modified":"2025-10-23T19:46:55","modified_gmt":"2025-10-23T17:46:55","slug":"iunik-propolis-vitamin-eye-cream-30-ml-wielofunkcyjny-krem-pod-oczy","status":"publish","type":"product","link":"https:\/\/admincentral.selleetools.com\/pl\/product\/iunik-propolis-vitamin-eye-cream-30-ml-wielofunkcyjny-krem-pod-oczy\/","title":{"rendered":"iUNIK Propolis Vitamin Eye Cream, 30 ml &#8211; Wielofunkcyjny krem pod oczy"},"content":{"rendered":"<p style=\"caret-color: rgb(0, 0, 0); color: rgb(0, 0, 0);\"><font style=\"font-size: 12px;\">iUNIK Propolis Vitamin Eye Cream to krem pod oczy, kt\u00f3ry \u0142\u0105czy w\u0142a\u015bciwo\u015bci propolisu i witamin, aby skutecznie nawil\u017ca\u0107, od\u017cywia\u0107 i rozja\u015bnia\u0107 delikatn\u0105 sk\u00f3r\u0119 wok\u00f3\u0142 oczu. Regularne stosowanie kremu pomaga redukowa\u0107 opuchlizn\u0119, cienie pod oczami oraz drobne zmarszczki, pozostawiaj\u0105c sk\u00f3r\u0119 g\u0142adk\u0105 i promienn\u0105.<\/font><\/p>\n<h4 style=\"caret-color: rgb(0, 0, 0); color: rgb(0, 0, 0);\"><font style=\"font-size: 12px;\">Korzy\u015bci dla sk\u00f3ry<\/font><\/h4>\n<ul style=\"caret-color: rgb(0, 0, 0); color: rgb(0, 0, 0);\">\n<li><font style=\"font-size: 12px;\"><strong>Nawil\u017cenie i od\u017cywienie<\/strong>: D\u0142ugotrwa\u0142e nawil\u017cenie i dostarczenie sk\u0142adnik\u00f3w od\u017cywczych.<\/font><\/li>\n<li><font style=\"font-size: 12px;\"><strong>Rozja\u015bnienie<\/strong>: Redukcja cieni i wyr\u00f3wnanie kolorytu sk\u00f3ry.<\/font><\/li>\n<li><font style=\"font-size: 12px;\"><strong>Odm\u0142odzenie<\/strong>: Wyg\u0142adzenie drobnych zmarszczek i poprawa elastyczno\u015bci sk\u00f3ry.<\/font><\/li>\n<\/ul>\n<h4 style=\"caret-color: rgb(0, 0, 0); color: rgb(0, 0, 0);\"><font style=\"font-size: 12px;\">Spos\u00f3b u\u017cycia<\/font><\/h4>\n<p style=\"caret-color: rgb(0, 0, 0); color: rgb(0, 0, 0);\"><font style=\"font-size: 12px;\">Na\u0142\u00f3\u017c niewielk\u0105 ilo\u015b\u0107 kremu na oczyszczon\u0105 sk\u00f3r\u0119 wok\u00f3\u0142 oczu rano i wieczorem, delikatnie wklepuj\u0105c, a\u017c do ca\u0142kowitego wch\u0142oni\u0119cia.<\/font><\/p>\n","protected":false},"excerpt":{"rendered":"<p>iUNIK Propolis Vitamin Eye Cream to krem pod oczy, kt\u00f3ry \u0142\u0105czy w\u0142a\u015bciwo\u015bci propolisu i witamin, aby skutecznie nawil\u017ca\u0107, od\u017cywia\u0107 i rozja\u015bnia\u0107 delikatn\u0105 sk\u00f3r\u0119 wok\u00f3\u0142 oczu. Regularne stosowanie kremu pomaga redukowa\u0107 opuchlizn\u0119, cienie pod oczami oraz drobne zmarszczki, pozostawiaj\u0105c sk\u00f3r\u0119 g\u0142adk\u0105 i promienn\u0105. Korzy\u015bci dla sk\u00f3ry Nawil\u017cenie i od\u017cywienie: D\u0142ugotrwa\u0142e nawil\u017cenie i dostarczenie sk\u0142adnik\u00f3w od\u017cywczych. Rozja\u015bnienie: &#8230; <a title=\"iUNIK Propolis Vitamin Eye Cream, 30 ml &#8211; Wielofunkcyjny krem pod oczy\" class=\"read-more\" href=\"https:\/\/admincentral.selleetools.com\/pl\/product\/iunik-propolis-vitamin-eye-cream-30-ml-wielofunkcyjny-krem-pod-oczy\/\">Read more<span class=\"screen-reader-text\">iUNIK Propolis Vitamin Eye Cream, 30 ml &#8211; Wielofunkcyjny krem pod oczy<\/span><\/a><\/p>\n","protected":false},"featured_media":597198,"comment_status":"open","ping_status":"closed","template":"","meta":{"_links_to":"","_links_to_target":""},"yoast_head":"<!-- This site is optimized with the Yoast SEO plugin v19.4 - https:\/\/yoast.com\/wordpress\/plugins\/seo\/ -->\n<title>iUNIK Propolis Vitamin Eye Cream, 30 ml - Wielofunkcyjny krem pod oczy - Selleetools.com<\/title>\n<meta name=\"robots\" content=\"index, follow, max-snippet:-1, max-image-preview:large, max-video-preview:-1\" \/>\n<link rel=\"canonical\" href=\"https:\/\/admincentral.selleetools.com\/pl\/product\/iunik-propolis-vitamin-eye-cream-30-ml-wielofunkcyjny-krem-pod-oczy\/\" \/>\n<meta property=\"og:locale\" content=\"pl_PL\" \/>\n<meta property=\"og:type\" content=\"article\" \/>\n<meta property=\"og:title\" content=\"iUNIK Propolis Vitamin Eye Cream, 30 ml - Wielofunkcyjny krem pod oczy - Selleetools.com\" \/>\n<meta property=\"og:description\" content=\"iUNIK Propolis Vitamin Eye Cream to krem pod oczy, kt\u00f3ry \u0142\u0105czy w\u0142a\u015bciwo\u015bci propolisu i witamin, aby skutecznie nawil\u017ca\u0107, od\u017cywia\u0107 i rozja\u015bnia\u0107 delikatn\u0105 sk\u00f3r\u0119 wok\u00f3\u0142 oczu. Regularne stosowanie kremu pomaga redukowa\u0107 opuchlizn\u0119, cienie pod oczami oraz drobne zmarszczki, pozostawiaj\u0105c sk\u00f3r\u0119 g\u0142adk\u0105 i promienn\u0105. Korzy\u015bci dla sk\u00f3ry Nawil\u017cenie i od\u017cywienie: D\u0142ugotrwa\u0142e nawil\u017cenie i dostarczenie sk\u0142adnik\u00f3w od\u017cywczych. Rozja\u015bnienie: ... Read moreiUNIK Propolis Vitamin Eye Cream, 30 ml &#8211; Wielofunkcyjny krem pod oczy\" \/>\n<meta property=\"og:url\" content=\"https:\/\/admincentral.selleetools.com\/pl\/product\/iunik-propolis-vitamin-eye-cream-30-ml-wielofunkcyjny-krem-pod-oczy\/\" \/>\n<meta property=\"og:site_name\" content=\"Selleetools.com\" \/>\n<meta property=\"article:modified_time\" content=\"2025-10-23T17:46:55+00:00\" \/>\n<meta property=\"og:image\" content=\"https:\/\/selleetools.com\/wp-content\/uploads\/2025\/10\/e3bba3c6aac6b1cbdf28130634212b44.jpg\" \/>\n\t<meta property=\"og:image:width\" content=\"1200\" \/>\n\t<meta property=\"og:image:height\" content=\"1200\" \/>\n\t<meta property=\"og:image:type\" content=\"image\/jpeg\" \/>\n<meta name=\"twitter:card\" content=\"summary_large_image\" \/>\n<meta name=\"twitter:label1\" content=\"Est. reading time\" \/>\n\t<meta name=\"twitter:data1\" content=\"1 minuta\" \/>\n<!-- \/ Yoast SEO plugin. -->","yoast_head_json":{"title":"iUNIK Propolis Vitamin Eye Cream, 30 ml - Wielofunkcyjny krem pod oczy - Selleetools.com","robots":{"index":"index","follow":"follow","max-snippet":"max-snippet:-1","max-image-preview":"max-image-preview:large","max-video-preview":"max-video-preview:-1"},"canonical":"https:\/\/admincentral.selleetools.com\/pl\/product\/iunik-propolis-vitamin-eye-cream-30-ml-wielofunkcyjny-krem-pod-oczy\/","og_locale":"pl_PL","og_type":"article","og_title":"iUNIK Propolis Vitamin Eye Cream, 30 ml - Wielofunkcyjny krem pod oczy - Selleetools.com","og_description":"iUNIK Propolis Vitamin Eye Cream to krem pod oczy, kt\u00f3ry \u0142\u0105czy w\u0142a\u015bciwo\u015bci propolisu i witamin, aby skutecznie nawil\u017ca\u0107, od\u017cywia\u0107 i rozja\u015bnia\u0107 delikatn\u0105 sk\u00f3r\u0119 wok\u00f3\u0142 oczu. Regularne stosowanie kremu pomaga redukowa\u0107 opuchlizn\u0119, cienie pod oczami oraz drobne zmarszczki, pozostawiaj\u0105c sk\u00f3r\u0119 g\u0142adk\u0105 i promienn\u0105. Korzy\u015bci dla sk\u00f3ry Nawil\u017cenie i od\u017cywienie: D\u0142ugotrwa\u0142e nawil\u017cenie i dostarczenie sk\u0142adnik\u00f3w od\u017cywczych. Rozja\u015bnienie: ... Read moreiUNIK Propolis Vitamin Eye Cream, 30 ml &#8211; Wielofunkcyjny krem pod oczy","og_url":"https:\/\/admincentral.selleetools.com\/pl\/product\/iunik-propolis-vitamin-eye-cream-30-ml-wielofunkcyjny-krem-pod-oczy\/","og_site_name":"Selleetools.com","article_modified_time":"2025-10-23T17:46:55+00:00","og_image":[{"width":1200,"height":1200,"url":"https:\/\/selleetools.com\/wp-content\/uploads\/2025\/10\/e3bba3c6aac6b1cbdf28130634212b44.jpg","type":"image\/jpeg"}],"twitter_card":"summary_large_image","twitter_misc":{"Est. reading time":"1 minuta"},"schema":{"@context":"https:\/\/schema.org","@graph":[{"@type":"Organization","@id":"https:\/\/selleetools.com\/#organization","name":"Selleetools","url":"https:\/\/selleetools.com\/","sameAs":[],"logo":{"@type":"ImageObject","inLanguage":"pl-PL","@id":"https:\/\/selleetools.com\/#\/schema\/logo\/image\/","url":"https:\/\/selleetools.com\/wp-content\/uploads\/2021\/10\/logo-dark.png","contentUrl":"https:\/\/selleetools.com\/wp-content\/uploads\/2021\/10\/logo-dark.png","width":320,"height":76,"caption":"Selleetools"},"image":{"@id":"https:\/\/selleetools.com\/#\/schema\/logo\/image\/"}},{"@type":"WebSite","@id":"https:\/\/selleetools.com\/#website","url":"https:\/\/selleetools.com\/","name":"Selleetools.com","description":"","publisher":{"@id":"https:\/\/selleetools.com\/#organization"},"potentialAction":[{"@type":"SearchAction","target":{"@type":"EntryPoint","urlTemplate":"https:\/\/selleetools.com\/?s={search_term_string}"},"query-input":"required name=search_term_string"}],"inLanguage":"pl-PL"},{"@type":"WebPage","@id":"https:\/\/admincentral.selleetools.com\/pl\/product\/iunik-propolis-vitamin-eye-cream-30-ml-wielofunkcyjny-krem-pod-oczy\/","url":"https:\/\/admincentral.selleetools.com\/pl\/product\/iunik-propolis-vitamin-eye-cream-30-ml-wielofunkcyjny-krem-pod-oczy\/","name":"iUNIK Propolis Vitamin Eye Cream, 30 ml - Wielofunkcyjny krem pod oczy - Selleetools.com","isPartOf":{"@id":"https:\/\/selleetools.com\/#website"},"datePublished":"2025-10-22T06:28:03+00:00","dateModified":"2025-10-23T17:46:55+00:00","breadcrumb":{"@id":"https:\/\/admincentral.selleetools.com\/pl\/product\/iunik-propolis-vitamin-eye-cream-30-ml-wielofunkcyjny-krem-pod-oczy\/#breadcrumb"},"inLanguage":"pl-PL","potentialAction":[{"@type":"ReadAction","target":["https:\/\/admincentral.selleetools.com\/pl\/product\/iunik-propolis-vitamin-eye-cream-30-ml-wielofunkcyjny-krem-pod-oczy\/"]}]},{"@type":"BreadcrumbList","@id":"https:\/\/admincentral.selleetools.com\/pl\/product\/iunik-propolis-vitamin-eye-cream-30-ml-wielofunkcyjny-krem-pod-oczy\/#breadcrumb","itemListElement":[{"@type":"ListItem","position":1,"name":"Home","item":"https:\/\/selleetools.com\/pl\/"},{"@type":"ListItem","position":2,"name":"Katalog","item":"https:\/\/selleetools.com\/pl\/katalog\/"},{"@type":"ListItem","position":3,"name":"iUNIK Propolis Vitamin Eye Cream, 30 ml &#8211; Wielofunkcyjny krem pod oczy"}]}]}},"_links":{"self":[{"href":"https:\/\/admincentral.selleetools.com\/pl\/wp-json\/wp\/v2\/product\/597202"}],"collection":[{"href":"https:\/\/admincentral.selleetools.com\/pl\/wp-json\/wp\/v2\/product"}],"about":[{"href":"https:\/\/admincentral.selleetools.com\/pl\/wp-json\/wp\/v2\/types\/product"}],"replies":[{"embeddable":true,"href":"https:\/\/admincentral.selleetools.com\/pl\/wp-json\/wp\/v2\/comments?post=597202"}],"wp:featuredmedia":[{"embeddable":true,"href":"https:\/\/admincentral.selleetools.com\/pl\/wp-json\/wp\/v2\/media\/597198"}],"wp:attachment":[{"href":"https:\/\/admincentral.selleetools.com\/pl\/wp-json\/wp\/v2\/media?parent=597202"}],"curies":[{"name":"wp","href":"https:\/\/api.w.org\/{rel}","templated":true}]}}