{"id":597240,"date":"2025-10-22T08:28:37","date_gmt":"2025-10-22T06:28:37","guid":{"rendered":"https:\/\/selleetools.com\/?post_type=product&#038;p=597240"},"modified":"2025-12-26T16:41:07","modified_gmt":"2025-12-26T15:41:07","slug":"cosrx-propolis-light-cream-65-ml-lekki-krem-odzywczy-z-propolisem","status":"publish","type":"product","link":"https:\/\/admincentral.selleetools.com\/pl\/product\/cosrx-propolis-light-cream-65-ml-lekki-krem-odzywczy-z-propolisem\/","title":{"rendered":"COSRX Propolis Light Cream 65 ml &#8211; Lekki krem od\u017cywczy z propolisem"},"content":{"rendered":"<p>COSRX Full Fit Propolis Light Cream to nawil\u017caj\u0105cy krem do twarzy, kt\u00f3ry wzmacnia barier\u0119 ochronn\u0105 sk\u00f3ry i intensywnie j\u0105 od\u017cywia. Formu\u0142a kremu opiera si\u0119 na FULL FIT PRO-BARRIER COMPLEX, kt\u00f3ry zawiera ekstrakt z propolisu, mi\u00f3d oraz ekstrakt z mleczka pszczelego. Te sk\u0142adniki dzia\u0142aj\u0105 synergicznie, zapewniaj\u0105c sk\u00f3rze od\u017cywienie, nawil\u017cenie oraz ochron\u0119 przed szkodliwymi czynnikami zewn\u0119trznymi. Krem ma lekk\u0105 konsystencj\u0119, kt\u00f3ra szybko si\u0119 wch\u0142ania, nie pozostawiaj\u0105c t\u0142ustego filmu, idealnie nadaje si\u0119 do codziennego stosowania, szczeg\u00f3lnie w przypadku sk\u00f3ry suchej i wra\u017cliwej.<\/p>\n<p>Korzy\u015bci dla sk\u00f3ry:<br \/>\nG\u0142\u0119bokie nawil\u017cenie i od\u017cywienie sk\u00f3ry, zapewniaj\u0105ce d\u0142ugotrwa\u0142y komfort<br \/>\nWzmocnienie naturalnej bariery ochronnej sk\u00f3ry dzi\u0119ki kompleksowi pe\u0142nym cennych sk\u0142adnik\u00f3w<br \/>\nRedukcja podra\u017cnie\u0144, poprawa struktury sk\u00f3ry i jej elastyczno\u015bci<br \/>\nOchrona przed utrat\u0105 wilgoci i szkodliwymi czynnikami zewn\u0119trznymi<\/p>\n<p>Spos\u00f3b u\u017cycia: Na oczyszczon\u0105 sk\u00f3r\u0119 twarzy na\u0142\u00f3\u017c odpowiedni\u0105 ilo\u015b\u0107 kremu, omijaj\u0105c okolice oczu. Delikatnie wmasuj krem w sk\u00f3r\u0119, aby zapewni\u0107 lepsze wch\u0142anianie. U\u017cywaj rano i wieczorem jako ostatni krok w swojej codziennej piel\u0119gnacji.<\/p>\n","protected":false},"excerpt":{"rendered":"<p>COSRX Full Fit Propolis Light Cream to nawil\u017caj\u0105cy krem do twarzy, kt\u00f3ry wzmacnia barier\u0119 ochronn\u0105 sk\u00f3ry i intensywnie j\u0105 od\u017cywia. Formu\u0142a kremu opiera si\u0119 na FULL FIT PRO-BARRIER COMPLEX, kt\u00f3ry zawiera ekstrakt z propolisu, mi\u00f3d oraz ekstrakt z mleczka pszczelego. Te sk\u0142adniki dzia\u0142aj\u0105 synergicznie, zapewniaj\u0105c sk\u00f3rze od\u017cywienie, nawil\u017cenie oraz ochron\u0119 przed szkodliwymi czynnikami zewn\u0119trznymi. Krem &#8230; <a title=\"COSRX Propolis Light Cream 65 ml &#8211; Lekki krem od\u017cywczy z propolisem\" class=\"read-more\" href=\"https:\/\/admincentral.selleetools.com\/pl\/product\/cosrx-propolis-light-cream-65-ml-lekki-krem-odzywczy-z-propolisem\/\">Read more<span class=\"screen-reader-text\">COSRX Propolis Light Cream 65 ml &#8211; Lekki krem od\u017cywczy z propolisem<\/span><\/a><\/p>\n","protected":false},"featured_media":597236,"comment_status":"open","ping_status":"closed","template":"","meta":{"_links_to":"","_links_to_target":""},"yoast_head":"<!-- This site is optimized with the Yoast SEO plugin v19.4 - https:\/\/yoast.com\/wordpress\/plugins\/seo\/ -->\n<title>COSRX Propolis Light Cream 65 ml - Lekki krem od\u017cywczy z propolisem - Selleetools.com<\/title>\n<meta name=\"robots\" content=\"index, follow, max-snippet:-1, max-image-preview:large, max-video-preview:-1\" \/>\n<link rel=\"canonical\" href=\"https:\/\/selleetools.com\/pl\/product\/cosrx-propolis-light-cream-65-ml-lekki-krem-odzywczy-z-propolisem\/\" \/>\n<meta property=\"og:locale\" content=\"pl_PL\" \/>\n<meta property=\"og:type\" content=\"article\" \/>\n<meta property=\"og:title\" content=\"COSRX Propolis Light Cream 65 ml - Lekki krem od\u017cywczy z propolisem - Selleetools.com\" \/>\n<meta property=\"og:description\" content=\"COSRX Full Fit Propolis Light Cream to nawil\u017caj\u0105cy krem do twarzy, kt\u00f3ry wzmacnia barier\u0119 ochronn\u0105 sk\u00f3ry i intensywnie j\u0105 od\u017cywia. Formu\u0142a kremu opiera si\u0119 na FULL FIT PRO-BARRIER COMPLEX, kt\u00f3ry zawiera ekstrakt z propolisu, mi\u00f3d oraz ekstrakt z mleczka pszczelego. Te sk\u0142adniki dzia\u0142aj\u0105 synergicznie, zapewniaj\u0105c sk\u00f3rze od\u017cywienie, nawil\u017cenie oraz ochron\u0119 przed szkodliwymi czynnikami zewn\u0119trznymi. Krem ... Read moreCOSRX Propolis Light Cream 65 ml &#8211; Lekki krem od\u017cywczy z propolisem\" \/>\n<meta property=\"og:url\" content=\"https:\/\/selleetools.com\/pl\/product\/cosrx-propolis-light-cream-65-ml-lekki-krem-odzywczy-z-propolisem\/\" \/>\n<meta property=\"og:site_name\" content=\"Selleetools.com\" \/>\n<meta property=\"article:modified_time\" content=\"2025-12-26T15:41:07+00:00\" \/>\n<meta property=\"og:image\" content=\"https:\/\/selleetools.com\/wp-content\/uploads\/2025\/10\/79e4e7a8d2097f8eef8fa01f755b511b.jpg\" \/>\n\t<meta property=\"og:image:width\" content=\"450\" \/>\n\t<meta property=\"og:image:height\" content=\"338\" \/>\n\t<meta property=\"og:image:type\" content=\"image\/jpeg\" \/>\n<meta name=\"twitter:card\" content=\"summary_large_image\" \/>\n<meta name=\"twitter:label1\" content=\"Est. reading time\" \/>\n\t<meta name=\"twitter:data1\" content=\"1 minuta\" \/>\n<!-- \/ Yoast SEO plugin. -->","yoast_head_json":{"title":"COSRX Propolis Light Cream 65 ml - Lekki krem od\u017cywczy z propolisem - Selleetools.com","robots":{"index":"index","follow":"follow","max-snippet":"max-snippet:-1","max-image-preview":"max-image-preview:large","max-video-preview":"max-video-preview:-1"},"canonical":"https:\/\/selleetools.com\/pl\/product\/cosrx-propolis-light-cream-65-ml-lekki-krem-odzywczy-z-propolisem\/","og_locale":"pl_PL","og_type":"article","og_title":"COSRX Propolis Light Cream 65 ml - Lekki krem od\u017cywczy z propolisem - Selleetools.com","og_description":"COSRX Full Fit Propolis Light Cream to nawil\u017caj\u0105cy krem do twarzy, kt\u00f3ry wzmacnia barier\u0119 ochronn\u0105 sk\u00f3ry i intensywnie j\u0105 od\u017cywia. Formu\u0142a kremu opiera si\u0119 na FULL FIT PRO-BARRIER COMPLEX, kt\u00f3ry zawiera ekstrakt z propolisu, mi\u00f3d oraz ekstrakt z mleczka pszczelego. Te sk\u0142adniki dzia\u0142aj\u0105 synergicznie, zapewniaj\u0105c sk\u00f3rze od\u017cywienie, nawil\u017cenie oraz ochron\u0119 przed szkodliwymi czynnikami zewn\u0119trznymi. Krem ... Read moreCOSRX Propolis Light Cream 65 ml &#8211; Lekki krem od\u017cywczy z propolisem","og_url":"https:\/\/selleetools.com\/pl\/product\/cosrx-propolis-light-cream-65-ml-lekki-krem-odzywczy-z-propolisem\/","og_site_name":"Selleetools.com","article_modified_time":"2025-12-26T15:41:07+00:00","og_image":[{"width":450,"height":338,"url":"https:\/\/selleetools.com\/wp-content\/uploads\/2025\/10\/79e4e7a8d2097f8eef8fa01f755b511b.jpg","type":"image\/jpeg"}],"twitter_card":"summary_large_image","twitter_misc":{"Est. reading time":"1 minuta"},"schema":{"@context":"https:\/\/schema.org","@graph":[{"@type":"Organization","@id":"https:\/\/selleetools.com\/#organization","name":"Selleetools","url":"https:\/\/selleetools.com\/","sameAs":[],"logo":{"@type":"ImageObject","inLanguage":"pl-PL","@id":"https:\/\/selleetools.com\/#\/schema\/logo\/image\/","url":"https:\/\/selleetools.com\/wp-content\/uploads\/2021\/10\/logo-dark.png","contentUrl":"https:\/\/selleetools.com\/wp-content\/uploads\/2021\/10\/logo-dark.png","width":320,"height":76,"caption":"Selleetools"},"image":{"@id":"https:\/\/selleetools.com\/#\/schema\/logo\/image\/"}},{"@type":"WebSite","@id":"https:\/\/selleetools.com\/#website","url":"https:\/\/selleetools.com\/","name":"Selleetools.com","description":"","publisher":{"@id":"https:\/\/selleetools.com\/#organization"},"potentialAction":[{"@type":"SearchAction","target":{"@type":"EntryPoint","urlTemplate":"https:\/\/selleetools.com\/?s={search_term_string}"},"query-input":"required name=search_term_string"}],"inLanguage":"pl-PL"},{"@type":"WebPage","@id":"https:\/\/selleetools.com\/pl\/product\/cosrx-propolis-light-cream-65-ml-lekki-krem-odzywczy-z-propolisem\/","url":"https:\/\/selleetools.com\/pl\/product\/cosrx-propolis-light-cream-65-ml-lekki-krem-odzywczy-z-propolisem\/","name":"COSRX Propolis Light Cream 65 ml - Lekki krem od\u017cywczy z propolisem - Selleetools.com","isPartOf":{"@id":"https:\/\/selleetools.com\/#website"},"datePublished":"2025-10-22T06:28:37+00:00","dateModified":"2025-12-26T15:41:07+00:00","breadcrumb":{"@id":"https:\/\/selleetools.com\/pl\/product\/cosrx-propolis-light-cream-65-ml-lekki-krem-odzywczy-z-propolisem\/#breadcrumb"},"inLanguage":"pl-PL","potentialAction":[{"@type":"ReadAction","target":["https:\/\/selleetools.com\/pl\/product\/cosrx-propolis-light-cream-65-ml-lekki-krem-odzywczy-z-propolisem\/"]}]},{"@type":"BreadcrumbList","@id":"https:\/\/selleetools.com\/pl\/product\/cosrx-propolis-light-cream-65-ml-lekki-krem-odzywczy-z-propolisem\/#breadcrumb","itemListElement":[{"@type":"ListItem","position":1,"name":"Home","item":"https:\/\/selleetools.com\/pl\/"},{"@type":"ListItem","position":2,"name":"Katalog","item":"https:\/\/selleetools.com\/pl\/katalog\/"},{"@type":"ListItem","position":3,"name":"COSRX Propolis Light Cream 65 ml &#8211; Lekki krem od\u017cywczy z propolisem"}]}]}},"_links":{"self":[{"href":"https:\/\/admincentral.selleetools.com\/pl\/wp-json\/wp\/v2\/product\/597240"}],"collection":[{"href":"https:\/\/admincentral.selleetools.com\/pl\/wp-json\/wp\/v2\/product"}],"about":[{"href":"https:\/\/admincentral.selleetools.com\/pl\/wp-json\/wp\/v2\/types\/product"}],"replies":[{"embeddable":true,"href":"https:\/\/admincentral.selleetools.com\/pl\/wp-json\/wp\/v2\/comments?post=597240"}],"wp:featuredmedia":[{"embeddable":true,"href":"https:\/\/admincentral.selleetools.com\/pl\/wp-json\/wp\/v2\/media\/597236"}],"wp:attachment":[{"href":"https:\/\/admincentral.selleetools.com\/pl\/wp-json\/wp\/v2\/media?parent=597240"}],"curies":[{"name":"wp","href":"https:\/\/api.w.org\/{rel}","templated":true}]}}