{"id":597277,"date":"2025-10-22T08:29:15","date_gmt":"2025-10-22T06:29:15","guid":{"rendered":"https:\/\/selleetools.com\/?post_type=product&#038;p=597277"},"modified":"2025-10-23T19:46:59","modified_gmt":"2025-10-23T17:46:59","slug":"some-by-mi-truecica-mineral-calming-tone-up-suncream-spf-50-pa-50-ml-krem-przeciwsloneczny-tone-up","status":"publish","type":"product","link":"https:\/\/admincentral.selleetools.com\/pl\/product\/some-by-mi-truecica-mineral-calming-tone-up-suncream-spf-50-pa-50-ml-krem-przeciwsloneczny-tone-up\/","title":{"rendered":"SOME BY MI Truecica Mineral Calming Tone-Up Suncream SPF 50 PA++++ 50 ml &#8211; Krem przeciws\u0142oneczny tone-up"},"content":{"rendered":"<p>SOME BY MI Truecica Mineral Calming Tone-Up Suncream to zaawansowany krem przeciws\u0142oneczny, kt\u00f3ry zapewnia doskona\u0142\u0105 ochron\u0119 przed szkodliwym dzia\u0142aniem promieni UV. Dzi\u0119ki wysokiemu filtrowi SPF 50 PA++++, skutecznie chroni sk\u00f3r\u0119 przed s\u0142o\u0144cem, jednocze\u015bnie \u0142agodz\u0105c podra\u017cnienia i r\u00f3wnocze\u015bnie poprawiaj\u0105c jej koloryt.<\/p>\n<p>Korzy\u015bci dla sk\u00f3ry:<br \/>\nSkuteczna ochrona przed UV: Dzi\u0119ki wysokiemu filtrowi SPF 50 PA++++, krem zapewnia intensywn\u0105 ochron\u0119 przed promieniowaniem UVA i UVB, zmniejszaj\u0105c ryzyko oparze\u0144 s\u0142onecznych i przedwczesnego starzenia si\u0119 sk\u00f3ry.<br \/>\n\u0141agodzenie podra\u017cnie\u0144: Formu\u0142a wzbogacona o sk\u0142adniki o dzia\u0142aniu koj\u0105cym, kt\u00f3re pomagaj\u0105 w redukcji zaczerwienie\u0144 i podra\u017cnie\u0144, czyni\u0105c sk\u00f3r\u0119 bardziej komfortow\u0105.<br \/>\nWyr\u00f3wnanie kolorytu: Krem poprawia naturalny koloryt sk\u00f3ry, nadaj\u0105c jej jednolity, zdrowy wygl\u0105d i subtelny blask.<\/p>\n<p>Spos\u00f3b u\u017cycia:<br \/>\nNa\u0142\u00f3\u017c odpowiedni\u0105 ilo\u015b\u0107 produktu na twarz jako ostatni krok w swojej rutynie piel\u0119gnacyjnej.<br \/>\nDelikatnie wklep krem w sk\u00f3r\u0119, aby zapewni\u0107 r\u00f3wnomierne rozprowadzenie.<br \/>\nStosuj rano, 30 minut przed ekspozycj\u0105 na s\u0142o\u0144ce.<br \/>\nW razie potrzeby reaplikuj co 2 godziny, zw\u0142aszcza po p\u0142ywaniu lub intensywnym poceniu si\u0119.<\/p>\n","protected":false},"excerpt":{"rendered":"<p>SOME BY MI Truecica Mineral Calming Tone-Up Suncream to zaawansowany krem przeciws\u0142oneczny, kt\u00f3ry zapewnia doskona\u0142\u0105 ochron\u0119 przed szkodliwym dzia\u0142aniem promieni UV. Dzi\u0119ki wysokiemu filtrowi SPF 50 PA++++, skutecznie chroni sk\u00f3r\u0119 przed s\u0142o\u0144cem, jednocze\u015bnie \u0142agodz\u0105c podra\u017cnienia i r\u00f3wnocze\u015bnie poprawiaj\u0105c jej koloryt. Korzy\u015bci dla sk\u00f3ry: Skuteczna ochrona przed UV: Dzi\u0119ki wysokiemu filtrowi SPF 50 PA++++, krem zapewnia &#8230; <a title=\"SOME BY MI Truecica Mineral Calming Tone-Up Suncream SPF 50 PA++++ 50 ml &#8211; Krem przeciws\u0142oneczny tone-up\" class=\"read-more\" href=\"https:\/\/admincentral.selleetools.com\/pl\/product\/some-by-mi-truecica-mineral-calming-tone-up-suncream-spf-50-pa-50-ml-krem-przeciwsloneczny-tone-up\/\">Read more<span class=\"screen-reader-text\">SOME BY MI Truecica Mineral Calming Tone-Up Suncream SPF 50 PA++++ 50 ml &#8211; Krem przeciws\u0142oneczny tone-up<\/span><\/a><\/p>\n","protected":false},"featured_media":597275,"comment_status":"open","ping_status":"closed","template":"","meta":{"_links_to":"","_links_to_target":""},"yoast_head":"<!-- This site is optimized with the Yoast SEO plugin v19.4 - https:\/\/yoast.com\/wordpress\/plugins\/seo\/ -->\n<title>SOME BY MI Truecica Mineral Calming Tone-Up Suncream SPF 50 PA++++ 50 ml - Krem przeciws\u0142oneczny tone-up - Selleetools.com<\/title>\n<meta name=\"robots\" content=\"index, follow, max-snippet:-1, max-image-preview:large, max-video-preview:-1\" \/>\n<link rel=\"canonical\" href=\"https:\/\/selleetools.com\/pl\/product\/some-by-mi-truecica-mineral-calming-tone-up-suncream-spf-50-pa-50-ml-krem-przeciwsloneczny-tone-up\/\" \/>\n<meta property=\"og:locale\" content=\"pl_PL\" \/>\n<meta property=\"og:type\" content=\"article\" \/>\n<meta property=\"og:title\" content=\"SOME BY MI Truecica Mineral Calming Tone-Up Suncream SPF 50 PA++++ 50 ml - Krem przeciws\u0142oneczny tone-up - Selleetools.com\" \/>\n<meta property=\"og:description\" content=\"SOME BY MI Truecica Mineral Calming Tone-Up Suncream to zaawansowany krem przeciws\u0142oneczny, kt\u00f3ry zapewnia doskona\u0142\u0105 ochron\u0119 przed szkodliwym dzia\u0142aniem promieni UV. Dzi\u0119ki wysokiemu filtrowi SPF 50 PA++++, skutecznie chroni sk\u00f3r\u0119 przed s\u0142o\u0144cem, jednocze\u015bnie \u0142agodz\u0105c podra\u017cnienia i r\u00f3wnocze\u015bnie poprawiaj\u0105c jej koloryt. Korzy\u015bci dla sk\u00f3ry: Skuteczna ochrona przed UV: Dzi\u0119ki wysokiemu filtrowi SPF 50 PA++++, krem zapewnia ... Read moreSOME BY MI Truecica Mineral Calming Tone-Up Suncream SPF 50 PA++++ 50 ml &#8211; Krem przeciws\u0142oneczny tone-up\" \/>\n<meta property=\"og:url\" content=\"https:\/\/selleetools.com\/pl\/product\/some-by-mi-truecica-mineral-calming-tone-up-suncream-spf-50-pa-50-ml-krem-przeciwsloneczny-tone-up\/\" \/>\n<meta property=\"og:site_name\" content=\"Selleetools.com\" \/>\n<meta property=\"article:modified_time\" content=\"2025-10-23T17:46:59+00:00\" \/>\n<meta property=\"og:image\" content=\"https:\/\/selleetools.com\/wp-content\/uploads\/2025\/10\/ccae103b00e1dbd523ec9f59d5c4524a.jpg\" \/>\n\t<meta property=\"og:image:width\" content=\"650\" \/>\n\t<meta property=\"og:image:height\" content=\"650\" \/>\n\t<meta property=\"og:image:type\" content=\"image\/jpeg\" \/>\n<meta name=\"twitter:card\" content=\"summary_large_image\" \/>\n<meta name=\"twitter:label1\" content=\"Est. reading time\" \/>\n\t<meta name=\"twitter:data1\" content=\"1 minuta\" \/>\n<!-- \/ Yoast SEO plugin. -->","yoast_head_json":{"title":"SOME BY MI Truecica Mineral Calming Tone-Up Suncream SPF 50 PA++++ 50 ml - Krem przeciws\u0142oneczny tone-up - Selleetools.com","robots":{"index":"index","follow":"follow","max-snippet":"max-snippet:-1","max-image-preview":"max-image-preview:large","max-video-preview":"max-video-preview:-1"},"canonical":"https:\/\/selleetools.com\/pl\/product\/some-by-mi-truecica-mineral-calming-tone-up-suncream-spf-50-pa-50-ml-krem-przeciwsloneczny-tone-up\/","og_locale":"pl_PL","og_type":"article","og_title":"SOME BY MI Truecica Mineral Calming Tone-Up Suncream SPF 50 PA++++ 50 ml - Krem przeciws\u0142oneczny tone-up - Selleetools.com","og_description":"SOME BY MI Truecica Mineral Calming Tone-Up Suncream to zaawansowany krem przeciws\u0142oneczny, kt\u00f3ry zapewnia doskona\u0142\u0105 ochron\u0119 przed szkodliwym dzia\u0142aniem promieni UV. Dzi\u0119ki wysokiemu filtrowi SPF 50 PA++++, skutecznie chroni sk\u00f3r\u0119 przed s\u0142o\u0144cem, jednocze\u015bnie \u0142agodz\u0105c podra\u017cnienia i r\u00f3wnocze\u015bnie poprawiaj\u0105c jej koloryt. Korzy\u015bci dla sk\u00f3ry: Skuteczna ochrona przed UV: Dzi\u0119ki wysokiemu filtrowi SPF 50 PA++++, krem zapewnia ... Read moreSOME BY MI Truecica Mineral Calming Tone-Up Suncream SPF 50 PA++++ 50 ml &#8211; Krem przeciws\u0142oneczny tone-up","og_url":"https:\/\/selleetools.com\/pl\/product\/some-by-mi-truecica-mineral-calming-tone-up-suncream-spf-50-pa-50-ml-krem-przeciwsloneczny-tone-up\/","og_site_name":"Selleetools.com","article_modified_time":"2025-10-23T17:46:59+00:00","og_image":[{"width":650,"height":650,"url":"https:\/\/selleetools.com\/wp-content\/uploads\/2025\/10\/ccae103b00e1dbd523ec9f59d5c4524a.jpg","type":"image\/jpeg"}],"twitter_card":"summary_large_image","twitter_misc":{"Est. reading time":"1 minuta"},"schema":{"@context":"https:\/\/schema.org","@graph":[{"@type":"Organization","@id":"https:\/\/selleetools.com\/#organization","name":"Selleetools","url":"https:\/\/selleetools.com\/","sameAs":[],"logo":{"@type":"ImageObject","inLanguage":"pl-PL","@id":"https:\/\/selleetools.com\/#\/schema\/logo\/image\/","url":"https:\/\/selleetools.com\/wp-content\/uploads\/2021\/10\/logo-dark.png","contentUrl":"https:\/\/selleetools.com\/wp-content\/uploads\/2021\/10\/logo-dark.png","width":320,"height":76,"caption":"Selleetools"},"image":{"@id":"https:\/\/selleetools.com\/#\/schema\/logo\/image\/"}},{"@type":"WebSite","@id":"https:\/\/selleetools.com\/#website","url":"https:\/\/selleetools.com\/","name":"Selleetools.com","description":"","publisher":{"@id":"https:\/\/selleetools.com\/#organization"},"potentialAction":[{"@type":"SearchAction","target":{"@type":"EntryPoint","urlTemplate":"https:\/\/selleetools.com\/?s={search_term_string}"},"query-input":"required name=search_term_string"}],"inLanguage":"pl-PL"},{"@type":"WebPage","@id":"https:\/\/selleetools.com\/pl\/product\/some-by-mi-truecica-mineral-calming-tone-up-suncream-spf-50-pa-50-ml-krem-przeciwsloneczny-tone-up\/","url":"https:\/\/selleetools.com\/pl\/product\/some-by-mi-truecica-mineral-calming-tone-up-suncream-spf-50-pa-50-ml-krem-przeciwsloneczny-tone-up\/","name":"SOME BY MI Truecica Mineral Calming Tone-Up Suncream SPF 50 PA++++ 50 ml - Krem przeciws\u0142oneczny tone-up - Selleetools.com","isPartOf":{"@id":"https:\/\/selleetools.com\/#website"},"datePublished":"2025-10-22T06:29:15+00:00","dateModified":"2025-10-23T17:46:59+00:00","breadcrumb":{"@id":"https:\/\/selleetools.com\/pl\/product\/some-by-mi-truecica-mineral-calming-tone-up-suncream-spf-50-pa-50-ml-krem-przeciwsloneczny-tone-up\/#breadcrumb"},"inLanguage":"pl-PL","potentialAction":[{"@type":"ReadAction","target":["https:\/\/selleetools.com\/pl\/product\/some-by-mi-truecica-mineral-calming-tone-up-suncream-spf-50-pa-50-ml-krem-przeciwsloneczny-tone-up\/"]}]},{"@type":"BreadcrumbList","@id":"https:\/\/selleetools.com\/pl\/product\/some-by-mi-truecica-mineral-calming-tone-up-suncream-spf-50-pa-50-ml-krem-przeciwsloneczny-tone-up\/#breadcrumb","itemListElement":[{"@type":"ListItem","position":1,"name":"Home","item":"https:\/\/selleetools.com\/pl\/"},{"@type":"ListItem","position":2,"name":"Katalog","item":"https:\/\/selleetools.com\/pl\/katalog\/"},{"@type":"ListItem","position":3,"name":"SOME BY MI Truecica Mineral Calming Tone-Up Suncream SPF 50 PA++++ 50 ml &#8211; Krem przeciws\u0142oneczny tone-up"}]}]}},"_links":{"self":[{"href":"https:\/\/admincentral.selleetools.com\/pl\/wp-json\/wp\/v2\/product\/597277"}],"collection":[{"href":"https:\/\/admincentral.selleetools.com\/pl\/wp-json\/wp\/v2\/product"}],"about":[{"href":"https:\/\/admincentral.selleetools.com\/pl\/wp-json\/wp\/v2\/types\/product"}],"replies":[{"embeddable":true,"href":"https:\/\/admincentral.selleetools.com\/pl\/wp-json\/wp\/v2\/comments?post=597277"}],"wp:featuredmedia":[{"embeddable":true,"href":"https:\/\/admincentral.selleetools.com\/pl\/wp-json\/wp\/v2\/media\/597275"}],"wp:attachment":[{"href":"https:\/\/admincentral.selleetools.com\/pl\/wp-json\/wp\/v2\/media?parent=597277"}],"curies":[{"name":"wp","href":"https:\/\/api.w.org\/{rel}","templated":true}]}}