{"id":597309,"date":"2025-10-22T08:29:41","date_gmt":"2025-10-22T06:29:41","guid":{"rendered":"https:\/\/selleetools.com\/?post_type=product&#038;p=597309"},"modified":"2025-12-26T16:41:29","modified_gmt":"2025-12-26T15:41:29","slug":"pyunkang-yul-black-tea-time-reverse-eye-cream-25-ml-krem-pod-oczy-z-czarna-herbata","status":"publish","type":"product","link":"https:\/\/admincentral.selleetools.com\/pl\/product\/pyunkang-yul-black-tea-time-reverse-eye-cream-25-ml-krem-pod-oczy-z-czarna-herbata\/","title":{"rendered":"Pyunkang Yul Black Tea Time Reverse Eye Cream 25 ml &#8211; Krem pod oczy z czarn\u0105 herbat\u0105"},"content":{"rendered":"<p>Pyunkang Yul Black Tea Time Reverse Eye Cream to luksusowy krem pod oczy, kt\u00f3ry \u0142\u0105czy w sobie w\u0142a\u015bciwo\u015bci czarnej herbaty z innowacyjn\u0105 formu\u0142\u0105, aby skutecznie przeciwdzia\u0142a\u0107 oznakom starzenia si\u0119 sk\u00f3ry. Krem ten zosta\u0142 opracowany z my\u015bl\u0105 o delikatnej sk\u00f3rze wok\u00f3\u0142 oczu, kt\u00f3ra jest szczeg\u00f3lnie nara\u017cona na powstawanie zmarszczek, utrat\u0119 j\u0119drno\u015bci i przesuszenie.<\/p>\n<p>Korzy\u015bci dla sk\u00f3ry:<br \/>\nPrzeciwzmarszczkowe dzia\u0142anie: Czarna herbata jest bogata w polifenole, kt\u00f3re pomagaj\u0105 zwalcza\u0107 wolne rodniki, redukuj\u0105c widoczno\u015b\u0107 zmarszczek i linii mimicznych.<br \/>\nNawil\u017cenie i od\u017cywienie: Sk\u0142adniki takie jak mas\u0142o shea, olej z pestek winogron i ekstrakt z w\u0105kroty azjatyckiej g\u0142\u0119boko nawil\u017caj\u0105 i regeneruj\u0105 sk\u00f3r\u0119, przywracaj\u0105c jej zdrowy wygl\u0105d.<br \/>\nPoprawa elastyczno\u015bci: Krem wspiera produkcj\u0119 kolagenu, poprawiaj\u0105c j\u0119drno\u015b\u0107 i elastyczno\u015b\u0107 sk\u00f3ry wok\u00f3\u0142 oczu.<br \/>\nRoz\u015bwietlenie: Ekstrakty ro\u015blinne dzia\u0142aj\u0105 rozja\u015bniaj\u0105co, redukuj\u0105c cienie pod oczami i dodaj\u0105c sk\u00f3rze blasku.<\/p>\n<p>Spos\u00f3b u\u017cycia:<br \/>\nPo oczyszczeniu twarzy i na\u0142o\u017ceniu toniku, na\u0142\u00f3\u017c niewielk\u0105 ilo\u015b\u0107 kremu na sk\u00f3r\u0119 wok\u00f3\u0142 oczu.<br \/>\nDelikatnie wklep krem opuszkami palc\u00f3w, a\u017c do ca\u0142kowitego wch\u0142oni\u0119cia.<br \/>\nStosuj rano i wieczorem dla uzyskania najlepszych rezultat\u00f3w.<\/p>\n<p>Pyunkang Yul Black Tea Time Reverse Eye Cream to doskona\u0142y wyb\u00f3r dla os\u00f3b, kt\u00f3re pragn\u0105 dba\u0107 o delikatn\u0105 sk\u00f3r\u0119 wok\u00f3\u0142 oczu, zapewniaj\u0105c jej m\u0142odszy i bardziej promienny wygl\u0105d.<\/p>\n","protected":false},"excerpt":{"rendered":"<p>Pyunkang Yul Black Tea Time Reverse Eye Cream to luksusowy krem pod oczy, kt\u00f3ry \u0142\u0105czy w sobie w\u0142a\u015bciwo\u015bci czarnej herbaty z innowacyjn\u0105 formu\u0142\u0105, aby skutecznie przeciwdzia\u0142a\u0107 oznakom starzenia si\u0119 sk\u00f3ry. Krem ten zosta\u0142 opracowany z my\u015bl\u0105 o delikatnej sk\u00f3rze wok\u00f3\u0142 oczu, kt\u00f3ra jest szczeg\u00f3lnie nara\u017cona na powstawanie zmarszczek, utrat\u0119 j\u0119drno\u015bci i przesuszenie. Korzy\u015bci dla sk\u00f3ry: &#8230; <a title=\"Pyunkang Yul Black Tea Time Reverse Eye Cream 25 ml &#8211; Krem pod oczy z czarn\u0105 herbat\u0105\" class=\"read-more\" href=\"https:\/\/admincentral.selleetools.com\/pl\/product\/pyunkang-yul-black-tea-time-reverse-eye-cream-25-ml-krem-pod-oczy-z-czarna-herbata\/\">Read more<span class=\"screen-reader-text\">Pyunkang Yul Black Tea Time Reverse Eye Cream 25 ml &#8211; Krem pod oczy z czarn\u0105 herbat\u0105<\/span><\/a><\/p>\n","protected":false},"featured_media":597297,"comment_status":"open","ping_status":"closed","template":"","meta":{"_links_to":"","_links_to_target":""},"yoast_head":"<!-- This site is optimized with the Yoast SEO plugin v19.4 - https:\/\/yoast.com\/wordpress\/plugins\/seo\/ -->\n<title>Pyunkang Yul Black Tea Time Reverse Eye Cream 25 ml - Krem pod oczy z czarn\u0105 herbat\u0105 - Selleetools.com<\/title>\n<meta name=\"robots\" content=\"index, follow, max-snippet:-1, max-image-preview:large, max-video-preview:-1\" \/>\n<link rel=\"canonical\" href=\"https:\/\/admincentral.selleetools.com\/pl\/product\/pyunkang-yul-black-tea-time-reverse-eye-cream-25-ml-krem-pod-oczy-z-czarna-herbata\/\" \/>\n<meta property=\"og:locale\" content=\"pl_PL\" \/>\n<meta property=\"og:type\" content=\"article\" \/>\n<meta property=\"og:title\" content=\"Pyunkang Yul Black Tea Time Reverse Eye Cream 25 ml - Krem pod oczy z czarn\u0105 herbat\u0105 - Selleetools.com\" \/>\n<meta property=\"og:description\" content=\"Pyunkang Yul Black Tea Time Reverse Eye Cream to luksusowy krem pod oczy, kt\u00f3ry \u0142\u0105czy w sobie w\u0142a\u015bciwo\u015bci czarnej herbaty z innowacyjn\u0105 formu\u0142\u0105, aby skutecznie przeciwdzia\u0142a\u0107 oznakom starzenia si\u0119 sk\u00f3ry. Krem ten zosta\u0142 opracowany z my\u015bl\u0105 o delikatnej sk\u00f3rze wok\u00f3\u0142 oczu, kt\u00f3ra jest szczeg\u00f3lnie nara\u017cona na powstawanie zmarszczek, utrat\u0119 j\u0119drno\u015bci i przesuszenie. Korzy\u015bci dla sk\u00f3ry: ... Read morePyunkang Yul Black Tea Time Reverse Eye Cream 25 ml &#8211; Krem pod oczy z czarn\u0105 herbat\u0105\" \/>\n<meta property=\"og:url\" content=\"https:\/\/admincentral.selleetools.com\/pl\/product\/pyunkang-yul-black-tea-time-reverse-eye-cream-25-ml-krem-pod-oczy-z-czarna-herbata\/\" \/>\n<meta property=\"og:site_name\" content=\"Selleetools.com\" \/>\n<meta property=\"article:modified_time\" content=\"2025-12-26T15:41:29+00:00\" \/>\n<meta property=\"og:image\" content=\"https:\/\/selleetools.com\/wp-content\/uploads\/2025\/10\/6f339cbe0e608122e0916256b12bcc00.jpg\" \/>\n\t<meta property=\"og:image:width\" content=\"800\" \/>\n\t<meta property=\"og:image:height\" content=\"800\" \/>\n\t<meta property=\"og:image:type\" content=\"image\/jpeg\" \/>\n<meta name=\"twitter:card\" content=\"summary_large_image\" \/>\n<meta name=\"twitter:label1\" content=\"Est. reading time\" \/>\n\t<meta name=\"twitter:data1\" content=\"1 minuta\" \/>\n<!-- \/ Yoast SEO plugin. -->","yoast_head_json":{"title":"Pyunkang Yul Black Tea Time Reverse Eye Cream 25 ml - Krem pod oczy z czarn\u0105 herbat\u0105 - Selleetools.com","robots":{"index":"index","follow":"follow","max-snippet":"max-snippet:-1","max-image-preview":"max-image-preview:large","max-video-preview":"max-video-preview:-1"},"canonical":"https:\/\/admincentral.selleetools.com\/pl\/product\/pyunkang-yul-black-tea-time-reverse-eye-cream-25-ml-krem-pod-oczy-z-czarna-herbata\/","og_locale":"pl_PL","og_type":"article","og_title":"Pyunkang Yul Black Tea Time Reverse Eye Cream 25 ml - Krem pod oczy z czarn\u0105 herbat\u0105 - Selleetools.com","og_description":"Pyunkang Yul Black Tea Time Reverse Eye Cream to luksusowy krem pod oczy, kt\u00f3ry \u0142\u0105czy w sobie w\u0142a\u015bciwo\u015bci czarnej herbaty z innowacyjn\u0105 formu\u0142\u0105, aby skutecznie przeciwdzia\u0142a\u0107 oznakom starzenia si\u0119 sk\u00f3ry. Krem ten zosta\u0142 opracowany z my\u015bl\u0105 o delikatnej sk\u00f3rze wok\u00f3\u0142 oczu, kt\u00f3ra jest szczeg\u00f3lnie nara\u017cona na powstawanie zmarszczek, utrat\u0119 j\u0119drno\u015bci i przesuszenie. Korzy\u015bci dla sk\u00f3ry: ... Read morePyunkang Yul Black Tea Time Reverse Eye Cream 25 ml &#8211; Krem pod oczy z czarn\u0105 herbat\u0105","og_url":"https:\/\/admincentral.selleetools.com\/pl\/product\/pyunkang-yul-black-tea-time-reverse-eye-cream-25-ml-krem-pod-oczy-z-czarna-herbata\/","og_site_name":"Selleetools.com","article_modified_time":"2025-12-26T15:41:29+00:00","og_image":[{"width":800,"height":800,"url":"https:\/\/selleetools.com\/wp-content\/uploads\/2025\/10\/6f339cbe0e608122e0916256b12bcc00.jpg","type":"image\/jpeg"}],"twitter_card":"summary_large_image","twitter_misc":{"Est. reading time":"1 minuta"},"schema":{"@context":"https:\/\/schema.org","@graph":[{"@type":"Organization","@id":"https:\/\/selleetools.com\/#organization","name":"Selleetools","url":"https:\/\/selleetools.com\/","sameAs":[],"logo":{"@type":"ImageObject","inLanguage":"pl-PL","@id":"https:\/\/selleetools.com\/#\/schema\/logo\/image\/","url":"https:\/\/selleetools.com\/wp-content\/uploads\/2021\/10\/logo-dark.png","contentUrl":"https:\/\/selleetools.com\/wp-content\/uploads\/2021\/10\/logo-dark.png","width":320,"height":76,"caption":"Selleetools"},"image":{"@id":"https:\/\/selleetools.com\/#\/schema\/logo\/image\/"}},{"@type":"WebSite","@id":"https:\/\/selleetools.com\/#website","url":"https:\/\/selleetools.com\/","name":"Selleetools.com","description":"","publisher":{"@id":"https:\/\/selleetools.com\/#organization"},"potentialAction":[{"@type":"SearchAction","target":{"@type":"EntryPoint","urlTemplate":"https:\/\/selleetools.com\/?s={search_term_string}"},"query-input":"required name=search_term_string"}],"inLanguage":"pl-PL"},{"@type":"WebPage","@id":"https:\/\/admincentral.selleetools.com\/pl\/product\/pyunkang-yul-black-tea-time-reverse-eye-cream-25-ml-krem-pod-oczy-z-czarna-herbata\/","url":"https:\/\/admincentral.selleetools.com\/pl\/product\/pyunkang-yul-black-tea-time-reverse-eye-cream-25-ml-krem-pod-oczy-z-czarna-herbata\/","name":"Pyunkang Yul Black Tea Time Reverse Eye Cream 25 ml - Krem pod oczy z czarn\u0105 herbat\u0105 - Selleetools.com","isPartOf":{"@id":"https:\/\/selleetools.com\/#website"},"datePublished":"2025-10-22T06:29:41+00:00","dateModified":"2025-12-26T15:41:29+00:00","breadcrumb":{"@id":"https:\/\/admincentral.selleetools.com\/pl\/product\/pyunkang-yul-black-tea-time-reverse-eye-cream-25-ml-krem-pod-oczy-z-czarna-herbata\/#breadcrumb"},"inLanguage":"pl-PL","potentialAction":[{"@type":"ReadAction","target":["https:\/\/admincentral.selleetools.com\/pl\/product\/pyunkang-yul-black-tea-time-reverse-eye-cream-25-ml-krem-pod-oczy-z-czarna-herbata\/"]}]},{"@type":"BreadcrumbList","@id":"https:\/\/admincentral.selleetools.com\/pl\/product\/pyunkang-yul-black-tea-time-reverse-eye-cream-25-ml-krem-pod-oczy-z-czarna-herbata\/#breadcrumb","itemListElement":[{"@type":"ListItem","position":1,"name":"Home","item":"https:\/\/selleetools.com\/pl\/"},{"@type":"ListItem","position":2,"name":"Katalog","item":"https:\/\/selleetools.com\/pl\/katalog\/"},{"@type":"ListItem","position":3,"name":"Pyunkang Yul Black Tea Time Reverse Eye Cream 25 ml &#8211; Krem pod oczy z czarn\u0105 herbat\u0105"}]}]}},"_links":{"self":[{"href":"https:\/\/admincentral.selleetools.com\/pl\/wp-json\/wp\/v2\/product\/597309"}],"collection":[{"href":"https:\/\/admincentral.selleetools.com\/pl\/wp-json\/wp\/v2\/product"}],"about":[{"href":"https:\/\/admincentral.selleetools.com\/pl\/wp-json\/wp\/v2\/types\/product"}],"replies":[{"embeddable":true,"href":"https:\/\/admincentral.selleetools.com\/pl\/wp-json\/wp\/v2\/comments?post=597309"}],"wp:featuredmedia":[{"embeddable":true,"href":"https:\/\/admincentral.selleetools.com\/pl\/wp-json\/wp\/v2\/media\/597297"}],"wp:attachment":[{"href":"https:\/\/admincentral.selleetools.com\/pl\/wp-json\/wp\/v2\/media?parent=597309"}],"curies":[{"name":"wp","href":"https:\/\/api.w.org\/{rel}","templated":true}]}}