{"id":597325,"date":"2025-10-22T08:29:50","date_gmt":"2025-10-22T06:29:50","guid":{"rendered":"https:\/\/selleetools.com\/?post_type=product&#038;p=597325"},"modified":"2025-12-26T16:41:40","modified_gmt":"2025-12-26T15:41:40","slug":"iunik-set-centella-edition-centella-gel-cream-60-ml-tea-tree-serum-15-ml-lagodzaco-nawilzajacy-zestaw-do-pielegnacji-twarzy","status":"publish","type":"product","link":"https:\/\/admincentral.selleetools.com\/pl\/product\/iunik-set-centella-edition-centella-gel-cream-60-ml-tea-tree-serum-15-ml-lagodzaco-nawilzajacy-zestaw-do-pielegnacji-twarzy\/","title":{"rendered":"IUNIK SET Centella Edition (Centella Gel Cream 60 ml + Tea Tree Serum 15 ml) &#8211; \u0141agodz\u0105co-nawil\u017caj\u0105cy zestaw do piel\u0119gnacji twarzy"},"content":{"rendered":"<p style=\"caret-color: rgb(0, 0, 0); color: rgb(0, 0, 0);\"><font style=\"font-size: 12px;\">IUNIK SET Centella Edition to kompletny zestaw do piel\u0119gnacji sk\u00f3ry, kt\u00f3ry zawiera produkty oparte na ekstrakcie z w\u0105kroty azjatyckiej (Centella Asiatica). Zestaw ten ma na celu \u0142agodzenie podra\u017cnie\u0144, nawil\u017cenie oraz regeneracj\u0119 sk\u00f3ry, jednocze\u015bnie poprawiaj\u0105c jej elastyczno\u015b\u0107 i j\u0119drno\u015b\u0107. Idealny dla sk\u00f3ry wra\u017cliwej i problematycznej, pomaga w redukcji zaczerwienie\u0144 i stan\u00f3w zapalnych.<\/font><\/p>\n<h4 style=\"caret-color: rgb(0, 0, 0); color: rgb(0, 0, 0);\"><font style=\"font-size: 12px;\">Korzy\u015bci dla sk\u00f3ry<\/font><\/h4>\n<ul style=\"caret-color: rgb(0, 0, 0); color: rgb(0, 0, 0);\">\n<li><font style=\"font-size: 12px;\"><strong>\u0141agodzenie podra\u017cnie\u0144<\/strong>: Dzia\u0142a koj\u0105co na wra\u017cliw\u0105 sk\u00f3r\u0119.<\/font><\/li>\n<li><font style=\"font-size: 12px;\"><strong>Nawil\u017cenie i regeneracja<\/strong>: Zapewnia d\u0142ugotrwa\u0142e nawil\u017cenie i wspomaga odbudow\u0119 sk\u00f3ry.<\/font><\/li>\n<li><font style=\"font-size: 12px;\"><strong>Poprawa elastyczno\u015bci<\/strong>: Wzmacnia i uj\u0119drnia sk\u00f3r\u0119, nadaj\u0105c jej zdrowy wygl\u0105d.<\/font><\/li>\n<\/ul>\n<h4 style=\"caret-color: rgb(0, 0, 0); color: rgb(0, 0, 0);\"><font style=\"font-size: 12px;\">Spos\u00f3b u\u017cycia<\/font><\/h4>\n<p style=\"caret-color: rgb(0, 0, 0); color: rgb(0, 0, 0);\"><font style=\"font-size: 12px;\">Stosuj produkty z zestawu zgodnie z instrukcjami na opakowaniu, rozpoczynaj\u0105c od oczyszczenia sk\u00f3ry, nast\u0119pnie tonizowania, aplikacji serum, a ko\u0144cz\u0105c na nawil\u017ceniu kremem. U\u017cywaj codziennie rano i wieczorem, aby uzyska\u0107 najlepsze rezultaty.<\/font><\/p>\n<p style=\"caret-color: rgb(0, 0, 0); color: rgb(0, 0, 0);\"><font style=\"font-size: 12px;\">Zestaw IUNIK Centella Edition to doskona\u0142y wyb\u00f3r dla os\u00f3b pragn\u0105cych kompleksowej piel\u0119gnacji, kt\u00f3ra przynosi widoczne rezultaty w poprawie kondycji sk\u00f3ry.<\/font><\/p>\n","protected":false},"excerpt":{"rendered":"<p>IUNIK SET Centella Edition to kompletny zestaw do piel\u0119gnacji sk\u00f3ry, kt\u00f3ry zawiera produkty oparte na ekstrakcie z w\u0105kroty azjatyckiej (Centella Asiatica). Zestaw ten ma na celu \u0142agodzenie podra\u017cnie\u0144, nawil\u017cenie oraz regeneracj\u0119 sk\u00f3ry, jednocze\u015bnie poprawiaj\u0105c jej elastyczno\u015b\u0107 i j\u0119drno\u015b\u0107. Idealny dla sk\u00f3ry wra\u017cliwej i problematycznej, pomaga w redukcji zaczerwienie\u0144 i stan\u00f3w zapalnych. Korzy\u015bci dla sk\u00f3ry \u0141agodzenie &#8230; <a title=\"IUNIK SET Centella Edition (Centella Gel Cream 60 ml + Tea Tree Serum 15 ml) &#8211; \u0141agodz\u0105co-nawil\u017caj\u0105cy zestaw do piel\u0119gnacji twarzy\" class=\"read-more\" href=\"https:\/\/admincentral.selleetools.com\/pl\/product\/iunik-set-centella-edition-centella-gel-cream-60-ml-tea-tree-serum-15-ml-lagodzaco-nawilzajacy-zestaw-do-pielegnacji-twarzy\/\">Read more<span class=\"screen-reader-text\">IUNIK SET Centella Edition (Centella Gel Cream 60 ml + Tea Tree Serum 15 ml) &#8211; \u0141agodz\u0105co-nawil\u017caj\u0105cy zestaw do piel\u0119gnacji twarzy<\/span><\/a><\/p>\n","protected":false},"featured_media":597319,"comment_status":"open","ping_status":"closed","template":"","meta":{"_links_to":"","_links_to_target":""},"yoast_head":"<!-- This site is optimized with the Yoast SEO plugin v19.4 - https:\/\/yoast.com\/wordpress\/plugins\/seo\/ -->\n<title>IUNIK SET Centella Edition (Centella Gel Cream 60 ml + Tea Tree Serum 15 ml) - \u0141agodz\u0105co-nawil\u017caj\u0105cy zestaw do piel\u0119gnacji twarzy - Selleetools.com<\/title>\n<meta name=\"robots\" content=\"index, follow, max-snippet:-1, max-image-preview:large, max-video-preview:-1\" \/>\n<link rel=\"canonical\" href=\"https:\/\/selleetools.com\/product\/iunik-set-centella-edition-centella-gel-cream-60-ml-tea-tree-serum-15-ml-lagodzaco-nawilzajacy-zestaw-do-pielegnacji-twarzy\/\" \/>\n<meta property=\"og:locale\" content=\"pl_PL\" \/>\n<meta property=\"og:type\" content=\"article\" \/>\n<meta property=\"og:title\" content=\"IUNIK SET Centella Edition (Centella Gel Cream 60 ml + Tea Tree Serum 15 ml) - \u0141agodz\u0105co-nawil\u017caj\u0105cy zestaw do piel\u0119gnacji twarzy - Selleetools.com\" \/>\n<meta property=\"og:description\" content=\"IUNIK SET Centella Edition to kompletny zestaw do piel\u0119gnacji sk\u00f3ry, kt\u00f3ry zawiera produkty oparte na ekstrakcie z w\u0105kroty azjatyckiej (Centella Asiatica). Zestaw ten ma na celu \u0142agodzenie podra\u017cnie\u0144, nawil\u017cenie oraz regeneracj\u0119 sk\u00f3ry, jednocze\u015bnie poprawiaj\u0105c jej elastyczno\u015b\u0107 i j\u0119drno\u015b\u0107. Idealny dla sk\u00f3ry wra\u017cliwej i problematycznej, pomaga w redukcji zaczerwienie\u0144 i stan\u00f3w zapalnych. Korzy\u015bci dla sk\u00f3ry \u0141agodzenie ... Read moreIUNIK SET Centella Edition (Centella Gel Cream 60 ml + Tea Tree Serum 15 ml) &#8211; \u0141agodz\u0105co-nawil\u017caj\u0105cy zestaw do piel\u0119gnacji twarzy\" \/>\n<meta property=\"og:url\" content=\"https:\/\/selleetools.com\/product\/iunik-set-centella-edition-centella-gel-cream-60-ml-tea-tree-serum-15-ml-lagodzaco-nawilzajacy-zestaw-do-pielegnacji-twarzy\/\" \/>\n<meta property=\"og:site_name\" content=\"Selleetools.com\" \/>\n<meta property=\"article:modified_time\" content=\"2025-12-26T15:41:40+00:00\" \/>\n<meta property=\"og:image\" content=\"https:\/\/selleetools.com\/wp-content\/uploads\/2025\/10\/229e4f29d424ebafc7e44919cc447d54.jpg\" \/>\n\t<meta property=\"og:image:width\" content=\"1200\" \/>\n\t<meta property=\"og:image:height\" content=\"1200\" \/>\n\t<meta property=\"og:image:type\" content=\"image\/jpeg\" \/>\n<meta name=\"twitter:card\" content=\"summary_large_image\" \/>\n<meta name=\"twitter:label1\" content=\"Est. reading time\" \/>\n\t<meta name=\"twitter:data1\" content=\"1 minuta\" \/>\n<!-- \/ Yoast SEO plugin. -->","yoast_head_json":{"title":"IUNIK SET Centella Edition (Centella Gel Cream 60 ml + Tea Tree Serum 15 ml) - \u0141agodz\u0105co-nawil\u017caj\u0105cy zestaw do piel\u0119gnacji twarzy - Selleetools.com","robots":{"index":"index","follow":"follow","max-snippet":"max-snippet:-1","max-image-preview":"max-image-preview:large","max-video-preview":"max-video-preview:-1"},"canonical":"https:\/\/selleetools.com\/product\/iunik-set-centella-edition-centella-gel-cream-60-ml-tea-tree-serum-15-ml-lagodzaco-nawilzajacy-zestaw-do-pielegnacji-twarzy\/","og_locale":"pl_PL","og_type":"article","og_title":"IUNIK SET Centella Edition (Centella Gel Cream 60 ml + Tea Tree Serum 15 ml) - \u0141agodz\u0105co-nawil\u017caj\u0105cy zestaw do piel\u0119gnacji twarzy - Selleetools.com","og_description":"IUNIK SET Centella Edition to kompletny zestaw do piel\u0119gnacji sk\u00f3ry, kt\u00f3ry zawiera produkty oparte na ekstrakcie z w\u0105kroty azjatyckiej (Centella Asiatica). Zestaw ten ma na celu \u0142agodzenie podra\u017cnie\u0144, nawil\u017cenie oraz regeneracj\u0119 sk\u00f3ry, jednocze\u015bnie poprawiaj\u0105c jej elastyczno\u015b\u0107 i j\u0119drno\u015b\u0107. Idealny dla sk\u00f3ry wra\u017cliwej i problematycznej, pomaga w redukcji zaczerwienie\u0144 i stan\u00f3w zapalnych. Korzy\u015bci dla sk\u00f3ry \u0141agodzenie ... Read moreIUNIK SET Centella Edition (Centella Gel Cream 60 ml + Tea Tree Serum 15 ml) &#8211; \u0141agodz\u0105co-nawil\u017caj\u0105cy zestaw do piel\u0119gnacji twarzy","og_url":"https:\/\/selleetools.com\/product\/iunik-set-centella-edition-centella-gel-cream-60-ml-tea-tree-serum-15-ml-lagodzaco-nawilzajacy-zestaw-do-pielegnacji-twarzy\/","og_site_name":"Selleetools.com","article_modified_time":"2025-12-26T15:41:40+00:00","og_image":[{"width":1200,"height":1200,"url":"https:\/\/selleetools.com\/wp-content\/uploads\/2025\/10\/229e4f29d424ebafc7e44919cc447d54.jpg","type":"image\/jpeg"}],"twitter_card":"summary_large_image","twitter_misc":{"Est. reading time":"1 minuta"},"schema":{"@context":"https:\/\/schema.org","@graph":[{"@type":"Organization","@id":"https:\/\/selleetools.com\/#organization","name":"Selleetools","url":"https:\/\/selleetools.com\/","sameAs":[],"logo":{"@type":"ImageObject","inLanguage":"pl-PL","@id":"https:\/\/selleetools.com\/#\/schema\/logo\/image\/","url":"https:\/\/selleetools.com\/wp-content\/uploads\/2021\/10\/logo-dark.png","contentUrl":"https:\/\/selleetools.com\/wp-content\/uploads\/2021\/10\/logo-dark.png","width":320,"height":76,"caption":"Selleetools"},"image":{"@id":"https:\/\/selleetools.com\/#\/schema\/logo\/image\/"}},{"@type":"WebSite","@id":"https:\/\/selleetools.com\/#website","url":"https:\/\/selleetools.com\/","name":"Selleetools.com","description":"","publisher":{"@id":"https:\/\/selleetools.com\/#organization"},"potentialAction":[{"@type":"SearchAction","target":{"@type":"EntryPoint","urlTemplate":"https:\/\/selleetools.com\/?s={search_term_string}"},"query-input":"required name=search_term_string"}],"inLanguage":"pl-PL"},{"@type":"WebPage","@id":"https:\/\/selleetools.com\/product\/iunik-set-centella-edition-centella-gel-cream-60-ml-tea-tree-serum-15-ml-lagodzaco-nawilzajacy-zestaw-do-pielegnacji-twarzy\/","url":"https:\/\/selleetools.com\/product\/iunik-set-centella-edition-centella-gel-cream-60-ml-tea-tree-serum-15-ml-lagodzaco-nawilzajacy-zestaw-do-pielegnacji-twarzy\/","name":"IUNIK SET Centella Edition (Centella Gel Cream 60 ml + Tea Tree Serum 15 ml) - \u0141agodz\u0105co-nawil\u017caj\u0105cy zestaw do piel\u0119gnacji twarzy - Selleetools.com","isPartOf":{"@id":"https:\/\/selleetools.com\/#website"},"datePublished":"2025-10-22T06:29:50+00:00","dateModified":"2025-12-26T15:41:40+00:00","breadcrumb":{"@id":"https:\/\/selleetools.com\/product\/iunik-set-centella-edition-centella-gel-cream-60-ml-tea-tree-serum-15-ml-lagodzaco-nawilzajacy-zestaw-do-pielegnacji-twarzy\/#breadcrumb"},"inLanguage":"pl-PL","potentialAction":[{"@type":"ReadAction","target":["https:\/\/selleetools.com\/product\/iunik-set-centella-edition-centella-gel-cream-60-ml-tea-tree-serum-15-ml-lagodzaco-nawilzajacy-zestaw-do-pielegnacji-twarzy\/"]}]},{"@type":"BreadcrumbList","@id":"https:\/\/selleetools.com\/product\/iunik-set-centella-edition-centella-gel-cream-60-ml-tea-tree-serum-15-ml-lagodzaco-nawilzajacy-zestaw-do-pielegnacji-twarzy\/#breadcrumb","itemListElement":[{"@type":"ListItem","position":1,"name":"Home","item":"https:\/\/selleetools.com\/pl\/"},{"@type":"ListItem","position":2,"name":"Katalog","item":"https:\/\/selleetools.com\/pl\/katalog\/"},{"@type":"ListItem","position":3,"name":"IUNIK SET Centella Edition (Centella Gel Cream 60 ml + Tea Tree Serum 15 ml) &#8211; \u0141agodz\u0105co-nawil\u017caj\u0105cy zestaw do piel\u0119gnacji twarzy"}]}]}},"_links":{"self":[{"href":"https:\/\/admincentral.selleetools.com\/pl\/wp-json\/wp\/v2\/product\/597325"}],"collection":[{"href":"https:\/\/admincentral.selleetools.com\/pl\/wp-json\/wp\/v2\/product"}],"about":[{"href":"https:\/\/admincentral.selleetools.com\/pl\/wp-json\/wp\/v2\/types\/product"}],"replies":[{"embeddable":true,"href":"https:\/\/admincentral.selleetools.com\/pl\/wp-json\/wp\/v2\/comments?post=597325"}],"wp:featuredmedia":[{"embeddable":true,"href":"https:\/\/admincentral.selleetools.com\/pl\/wp-json\/wp\/v2\/media\/597319"}],"wp:attachment":[{"href":"https:\/\/admincentral.selleetools.com\/pl\/wp-json\/wp\/v2\/media?parent=597325"}],"curies":[{"name":"wp","href":"https:\/\/api.w.org\/{rel}","templated":true}]}}