{"id":597343,"date":"2025-10-22T08:30:05","date_gmt":"2025-10-22T06:30:05","guid":{"rendered":"https:\/\/selleetools.com\/?post_type=product&#038;p=597343"},"modified":"2026-02-25T19:08:53","modified_gmt":"2026-02-25T18:08:53","slug":"iunik-black-snail-restore-serum-miniature-15-ml-ujedrniajaco-regenerujace-serum-do-twarzy-mini-size","status":"publish","type":"product","link":"https:\/\/admincentral.selleetools.com\/pl\/product\/iunik-black-snail-restore-serum-miniature-15-ml-ujedrniajaco-regenerujace-serum-do-twarzy-mini-size\/","title":{"rendered":"iUNIK Black Snail Restore Serum Miniature 15 ml &#8211; Uj\u0119drniaj\u0105co-regeneruj\u0105ce serum do twarzy MINI SIZE"},"content":{"rendered":"<section class=\"section\">\n<div class=\"item item-6\">\n<section class=\"image-item\">\n<p style=\"color: #000000;text-align: justify\"><span style=\"font-size: 12px\">iUNIK Black Snail Restore Serum to intensywnie regeneruj\u0105ce serum oparte na filtracie ze \u015bluzu czarnego \u015blimaka. Kosmetyk zapewnia g\u0142\u0119bokie nawil\u017cenie, poprawia elastyczno\u015b\u0107 sk\u00f3ry i wspomaga regeneracj\u0119 kom\u00f3rek, co przek\u0142ada si\u0119 na zdrowszy i bardziej promienny wygl\u0105d cery. Pomaga r\u00f3wnie\u017c w redukcji blizn i drobnych zmarszczek, jednocze\u015bnie koj\u0105c podra\u017cnienia.<\/span><\/p>\n<h4><span style=\"font-size: 12px\">Korzy\u015bci dla sk\u00f3ry<\/span><\/h4>\n<ul style=\"color: #000000\">\n<li style=\"text-align: justify\"><span style=\"font-size: 12px\">Regeneracja i naprawa uszkodze\u0144 sk\u00f3ry.<\/span><\/li>\n<li style=\"text-align: justify\"><span style=\"font-size: 12px\">G\u0142\u0119bokie nawil\u017cenie i poprawa elastyczno\u015bci.<\/span><\/li>\n<li style=\"text-align: justify\"><span style=\"font-size: 12px\">Redukcja blizn i zmarszczek.<\/span><\/li>\n<li style=\"text-align: justify\"><span style=\"font-size: 12px\">\u0141agodzenie podra\u017cnie\u0144 i stan\u00f3w zapalnych.<\/span><\/li>\n<\/ul>\n<h4><span style=\"font-size: 12px\">Spos\u00f3b u\u017cycia<\/span><\/h4>\n<p style=\"color: #000000;text-align: justify\"><span style=\"font-size: 12px\">Po oczyszczeniu i tonizacji sk\u00f3ry, na\u0142\u00f3\u017c odpowiedni\u0105 ilo\u015b\u0107 serum na twarz i delikatnie wklep, a\u017c do ca\u0142kowitego wch\u0142oni\u0119cia. Stosuj rano i wieczorem przed na\u0142o\u017ceniem kremu nawil\u017caj\u0105cego.<\/span><\/p>\n<\/section>\n<\/div>\n<\/section>\n<section class=\"section\">\n<div class=\"item item-12\">\u00a0<\/div>\n<\/section>\n","protected":false},"excerpt":{"rendered":"<p>iUNIK Black Snail Restore Serum to intensywnie regeneruj\u0105ce serum oparte na filtracie ze \u015bluzu czarnego \u015blimaka. Kosmetyk zapewnia g\u0142\u0119bokie nawil\u017cenie, poprawia elastyczno\u015b\u0107 sk\u00f3ry i wspomaga regeneracj\u0119 kom\u00f3rek, co przek\u0142ada si\u0119 na zdrowszy i bardziej promienny wygl\u0105d cery. Pomaga r\u00f3wnie\u017c w redukcji blizn i drobnych zmarszczek, jednocze\u015bnie koj\u0105c podra\u017cnienia. Korzy\u015bci dla sk\u00f3ry Regeneracja i naprawa uszkodze\u0144 &#8230; <a title=\"iUNIK Black Snail Restore Serum Miniature 15 ml &#8211; Uj\u0119drniaj\u0105co-regeneruj\u0105ce serum do twarzy MINI SIZE\" class=\"read-more\" href=\"https:\/\/admincentral.selleetools.com\/pl\/product\/iunik-black-snail-restore-serum-miniature-15-ml-ujedrniajaco-regenerujace-serum-do-twarzy-mini-size\/\">Read more<span class=\"screen-reader-text\">iUNIK Black Snail Restore Serum Miniature 15 ml &#8211; Uj\u0119drniaj\u0105co-regeneruj\u0105ce serum do twarzy MINI SIZE<\/span><\/a><\/p>\n","protected":false},"featured_media":597341,"comment_status":"closed","ping_status":"closed","template":"","meta":{"_links_to":"","_links_to_target":""},"yoast_head":"<!-- This site is optimized with the Yoast SEO plugin v19.4 - https:\/\/yoast.com\/wordpress\/plugins\/seo\/ -->\n<title>iUNIK Black Snail Restore Serum Miniature 15 ml - Uj\u0119drniaj\u0105co-regeneruj\u0105ce serum do twarzy MINI SIZE - Selleetools.com<\/title>\n<meta name=\"robots\" content=\"index, follow, max-snippet:-1, max-image-preview:large, max-video-preview:-1\" \/>\n<link rel=\"canonical\" href=\"https:\/\/selleetools.com\/pl\/product\/iunik-black-snail-restore-serum-miniature-15-ml-ujedrniajaco-regenerujace-serum-do-twarzy-mini-size\/\" \/>\n<meta property=\"og:locale\" content=\"pl_PL\" \/>\n<meta property=\"og:type\" content=\"article\" \/>\n<meta property=\"og:title\" content=\"iUNIK Black Snail Restore Serum Miniature 15 ml - Uj\u0119drniaj\u0105co-regeneruj\u0105ce serum do twarzy MINI SIZE - Selleetools.com\" \/>\n<meta property=\"og:description\" content=\"iUNIK Black Snail Restore Serum to intensywnie regeneruj\u0105ce serum oparte na filtracie ze \u015bluzu czarnego \u015blimaka. Kosmetyk zapewnia g\u0142\u0119bokie nawil\u017cenie, poprawia elastyczno\u015b\u0107 sk\u00f3ry i wspomaga regeneracj\u0119 kom\u00f3rek, co przek\u0142ada si\u0119 na zdrowszy i bardziej promienny wygl\u0105d cery. Pomaga r\u00f3wnie\u017c w redukcji blizn i drobnych zmarszczek, jednocze\u015bnie koj\u0105c podra\u017cnienia. Korzy\u015bci dla sk\u00f3ry Regeneracja i naprawa uszkodze\u0144 ... Read moreiUNIK Black Snail Restore Serum Miniature 15 ml &#8211; Uj\u0119drniaj\u0105co-regeneruj\u0105ce serum do twarzy MINI SIZE\" \/>\n<meta property=\"og:url\" content=\"https:\/\/selleetools.com\/pl\/product\/iunik-black-snail-restore-serum-miniature-15-ml-ujedrniajaco-regenerujace-serum-do-twarzy-mini-size\/\" \/>\n<meta property=\"og:site_name\" content=\"Selleetools.com\" \/>\n<meta property=\"article:modified_time\" content=\"2026-02-25T18:08:53+00:00\" \/>\n<meta property=\"og:image\" content=\"https:\/\/selleetools.com\/wp-content\/uploads\/2025\/10\/f181a162dac074c43b9c7183b80fdfa6.jpg\" \/>\n\t<meta property=\"og:image:width\" content=\"549\" \/>\n\t<meta property=\"og:image:height\" content=\"549\" \/>\n\t<meta property=\"og:image:type\" content=\"image\/jpeg\" \/>\n<meta name=\"twitter:card\" content=\"summary_large_image\" \/>\n<meta name=\"twitter:label1\" content=\"Est. reading time\" \/>\n\t<meta name=\"twitter:data1\" content=\"1 minuta\" \/>\n<!-- \/ Yoast SEO plugin. -->","yoast_head_json":{"title":"iUNIK Black Snail Restore Serum Miniature 15 ml - Uj\u0119drniaj\u0105co-regeneruj\u0105ce serum do twarzy MINI SIZE - Selleetools.com","robots":{"index":"index","follow":"follow","max-snippet":"max-snippet:-1","max-image-preview":"max-image-preview:large","max-video-preview":"max-video-preview:-1"},"canonical":"https:\/\/selleetools.com\/pl\/product\/iunik-black-snail-restore-serum-miniature-15-ml-ujedrniajaco-regenerujace-serum-do-twarzy-mini-size\/","og_locale":"pl_PL","og_type":"article","og_title":"iUNIK Black Snail Restore Serum Miniature 15 ml - Uj\u0119drniaj\u0105co-regeneruj\u0105ce serum do twarzy MINI SIZE - Selleetools.com","og_description":"iUNIK Black Snail Restore Serum to intensywnie regeneruj\u0105ce serum oparte na filtracie ze \u015bluzu czarnego \u015blimaka. Kosmetyk zapewnia g\u0142\u0119bokie nawil\u017cenie, poprawia elastyczno\u015b\u0107 sk\u00f3ry i wspomaga regeneracj\u0119 kom\u00f3rek, co przek\u0142ada si\u0119 na zdrowszy i bardziej promienny wygl\u0105d cery. Pomaga r\u00f3wnie\u017c w redukcji blizn i drobnych zmarszczek, jednocze\u015bnie koj\u0105c podra\u017cnienia. Korzy\u015bci dla sk\u00f3ry Regeneracja i naprawa uszkodze\u0144 ... Read moreiUNIK Black Snail Restore Serum Miniature 15 ml &#8211; Uj\u0119drniaj\u0105co-regeneruj\u0105ce serum do twarzy MINI SIZE","og_url":"https:\/\/selleetools.com\/pl\/product\/iunik-black-snail-restore-serum-miniature-15-ml-ujedrniajaco-regenerujace-serum-do-twarzy-mini-size\/","og_site_name":"Selleetools.com","article_modified_time":"2026-02-25T18:08:53+00:00","og_image":[{"width":549,"height":549,"url":"https:\/\/selleetools.com\/wp-content\/uploads\/2025\/10\/f181a162dac074c43b9c7183b80fdfa6.jpg","type":"image\/jpeg"}],"twitter_card":"summary_large_image","twitter_misc":{"Est. reading time":"1 minuta"},"schema":{"@context":"https:\/\/schema.org","@graph":[{"@type":"Organization","@id":"https:\/\/selleetools.com\/#organization","name":"Selleetools","url":"https:\/\/selleetools.com\/","sameAs":[],"logo":{"@type":"ImageObject","inLanguage":"pl-PL","@id":"https:\/\/selleetools.com\/#\/schema\/logo\/image\/","url":"https:\/\/selleetools.com\/wp-content\/uploads\/2021\/10\/logo-dark.png","contentUrl":"https:\/\/selleetools.com\/wp-content\/uploads\/2021\/10\/logo-dark.png","width":320,"height":76,"caption":"Selleetools"},"image":{"@id":"https:\/\/selleetools.com\/#\/schema\/logo\/image\/"}},{"@type":"WebSite","@id":"https:\/\/selleetools.com\/#website","url":"https:\/\/selleetools.com\/","name":"Selleetools.com","description":"","publisher":{"@id":"https:\/\/selleetools.com\/#organization"},"potentialAction":[{"@type":"SearchAction","target":{"@type":"EntryPoint","urlTemplate":"https:\/\/selleetools.com\/?s={search_term_string}"},"query-input":"required name=search_term_string"}],"inLanguage":"pl-PL"},{"@type":"WebPage","@id":"https:\/\/selleetools.com\/pl\/product\/iunik-black-snail-restore-serum-miniature-15-ml-ujedrniajaco-regenerujace-serum-do-twarzy-mini-size\/","url":"https:\/\/selleetools.com\/pl\/product\/iunik-black-snail-restore-serum-miniature-15-ml-ujedrniajaco-regenerujace-serum-do-twarzy-mini-size\/","name":"iUNIK Black Snail Restore Serum Miniature 15 ml - Uj\u0119drniaj\u0105co-regeneruj\u0105ce serum do twarzy MINI SIZE - Selleetools.com","isPartOf":{"@id":"https:\/\/selleetools.com\/#website"},"datePublished":"2025-10-22T06:30:05+00:00","dateModified":"2026-02-25T18:08:53+00:00","breadcrumb":{"@id":"https:\/\/selleetools.com\/pl\/product\/iunik-black-snail-restore-serum-miniature-15-ml-ujedrniajaco-regenerujace-serum-do-twarzy-mini-size\/#breadcrumb"},"inLanguage":"pl-PL","potentialAction":[{"@type":"ReadAction","target":["https:\/\/selleetools.com\/pl\/product\/iunik-black-snail-restore-serum-miniature-15-ml-ujedrniajaco-regenerujace-serum-do-twarzy-mini-size\/"]}]},{"@type":"BreadcrumbList","@id":"https:\/\/selleetools.com\/pl\/product\/iunik-black-snail-restore-serum-miniature-15-ml-ujedrniajaco-regenerujace-serum-do-twarzy-mini-size\/#breadcrumb","itemListElement":[{"@type":"ListItem","position":1,"name":"Home","item":"https:\/\/selleetools.com\/pl\/"},{"@type":"ListItem","position":2,"name":"Katalog","item":"https:\/\/selleetools.com\/pl\/katalog\/"},{"@type":"ListItem","position":3,"name":"iUNIK Black Snail Restore Serum Miniature 15 ml &#8211; Uj\u0119drniaj\u0105co-regeneruj\u0105ce serum do twarzy MINI SIZE"}]}]}},"_links":{"self":[{"href":"https:\/\/admincentral.selleetools.com\/pl\/wp-json\/wp\/v2\/product\/597343"}],"collection":[{"href":"https:\/\/admincentral.selleetools.com\/pl\/wp-json\/wp\/v2\/product"}],"about":[{"href":"https:\/\/admincentral.selleetools.com\/pl\/wp-json\/wp\/v2\/types\/product"}],"replies":[{"embeddable":true,"href":"https:\/\/admincentral.selleetools.com\/pl\/wp-json\/wp\/v2\/comments?post=597343"}],"wp:featuredmedia":[{"embeddable":true,"href":"https:\/\/admincentral.selleetools.com\/pl\/wp-json\/wp\/v2\/media\/597341"}],"wp:attachment":[{"href":"https:\/\/admincentral.selleetools.com\/pl\/wp-json\/wp\/v2\/media?parent=597343"}],"curies":[{"name":"wp","href":"https:\/\/api.w.org\/{rel}","templated":true}]}}