{"id":597357,"date":"2025-10-22T08:30:20","date_gmt":"2025-10-22T06:30:20","guid":{"rendered":"https:\/\/selleetools.com\/?post_type=product&#038;p=597357"},"modified":"2025-12-26T16:41:50","modified_gmt":"2025-12-26T15:41:50","slug":"pyunkang-yul-intensive-ceramide-lotion-500-ml-nawilzajaco-odzywcza-emulsja-do-ciala-z-ceramidami","status":"publish","type":"product","link":"https:\/\/admincentral.selleetools.com\/pl\/product\/pyunkang-yul-intensive-ceramide-lotion-500-ml-nawilzajaco-odzywcza-emulsja-do-ciala-z-ceramidami\/","title":{"rendered":"Pyunkang Yul Intensive Ceramide Lotion 500 ml &#8211; Nawil\u017caj\u0105co-od\u017cywcza emulsja do cia\u0142a z ceramidami"},"content":{"rendered":"<p>Pyunkang Yul Intensive Ceramide Lotion to zaawansowana formu\u0142a nawil\u017caj\u0105co-od\u017cywcza, opracowana przez renomowan\u0105 mark\u0119 Pyunkang Yul. Kosmetyk ten zosta\u0142 stworzony z my\u015bl\u0105 o intensywnym nawil\u017ceniu oraz odbudowie bariery ochronnej sk\u00f3ry, dzi\u0119ki czemu idealnie sprawdzi si\u0119 zar\u00f3wno w piel\u0119gnacji sk\u00f3ry suchej, jak i wra\u017cliwej.<\/p>\n<p>Korzy\u015bci dla sk\u00f3ry:<br \/>\nIntensywne nawil\u017cenie: Formu\u0142a bogata w ceramidy pomaga w g\u0142\u0119bokim nawil\u017ceniu sk\u00f3ry, zapobiegaj\u0105c utracie wody.<br \/>\nRegeneracja i ochrona: Ceramidy wspieraj\u0105 regeneracj\u0119 bariery ochronnej sk\u00f3ry, chroni\u0105c j\u0105 przed szkodliwym dzia\u0142aniem czynnik\u00f3w zewn\u0119trznych.<br \/>\n\u0141agodzenie podra\u017cnie\u0144: Sk\u0142adniki \u0142agodz\u0105ce pomagaj\u0105 zmniejszy\u0107 zaczerwienienia i podra\u017cnienia, przynosz\u0105c ulg\u0119 sk\u00f3rze wra\u017cliwej.<br \/>\nLekka konsystencja: Emulsja ma lekk\u0105, niet\u0142ust\u0105 konsystencj\u0119, kt\u00f3ra szybko si\u0119 wch\u0142ania, pozostawiaj\u0105c sk\u00f3r\u0119 mi\u0119kk\u0105 i g\u0142adk\u0105.<\/p>\n<p>Spos\u00f3b u\u017cycia:<br \/>\nOczyszczenie sk\u00f3ry: Przed na\u0142o\u017ceniem emulsji, dok\u0142adnie oczy\u015b\u0107 sk\u00f3r\u0119, aby usun\u0105\u0107 wszelkie zanieczyszczenia.<br \/>\nAplikacja: Na\u0142\u00f3\u017c odpowiedni\u0105 ilo\u015b\u0107 emulsji na d\u0142onie, a nast\u0119pnie delikatnie wmasuj w sk\u00f3r\u0119 ca\u0142ego cia\u0142a, ze szczeg\u00f3lnym uwzgl\u0119dnieniem suchych i problematycznych miejsc.<br \/>\nStosowanie: Emulsj\u0119 mo\u017cna stosowa\u0107 codziennie, zar\u00f3wno rano, jak i wieczorem, aby zapewni\u0107 sk\u00f3rze sta\u0142e nawil\u017cenie i ochron\u0119.<\/p>\n<p>Pyunkang Yul Intensive Ceramide Lotion to idealne rozwi\u0105zanie dla os\u00f3b poszukuj\u0105cych efektywnego i delikatnego nawil\u017cenia sk\u00f3ry. Dzi\u0119ki regularnemu stosowaniu, sk\u00f3ra staje si\u0119 bardziej elastyczna, g\u0142adka i odporna na szkodliwe dzia\u0142anie czynnik\u00f3w zewn\u0119trznych.<\/p>\n","protected":false},"excerpt":{"rendered":"<p>Pyunkang Yul Intensive Ceramide Lotion to zaawansowana formu\u0142a nawil\u017caj\u0105co-od\u017cywcza, opracowana przez renomowan\u0105 mark\u0119 Pyunkang Yul. Kosmetyk ten zosta\u0142 stworzony z my\u015bl\u0105 o intensywnym nawil\u017ceniu oraz odbudowie bariery ochronnej sk\u00f3ry, dzi\u0119ki czemu idealnie sprawdzi si\u0119 zar\u00f3wno w piel\u0119gnacji sk\u00f3ry suchej, jak i wra\u017cliwej. Korzy\u015bci dla sk\u00f3ry: Intensywne nawil\u017cenie: Formu\u0142a bogata w ceramidy pomaga w g\u0142\u0119bokim nawil\u017ceniu &#8230; <a title=\"Pyunkang Yul Intensive Ceramide Lotion 500 ml &#8211; Nawil\u017caj\u0105co-od\u017cywcza emulsja do cia\u0142a z ceramidami\" class=\"read-more\" href=\"https:\/\/admincentral.selleetools.com\/pl\/product\/pyunkang-yul-intensive-ceramide-lotion-500-ml-nawilzajaco-odzywcza-emulsja-do-ciala-z-ceramidami\/\">Read more<span class=\"screen-reader-text\">Pyunkang Yul Intensive Ceramide Lotion 500 ml &#8211; Nawil\u017caj\u0105co-od\u017cywcza emulsja do cia\u0142a z ceramidami<\/span><\/a><\/p>\n","protected":false},"featured_media":597355,"comment_status":"open","ping_status":"closed","template":"","meta":{"_links_to":"","_links_to_target":""},"yoast_head":"<!-- This site is optimized with the Yoast SEO plugin v19.4 - https:\/\/yoast.com\/wordpress\/plugins\/seo\/ -->\n<title>Pyunkang Yul Intensive Ceramide Lotion 500 ml - Nawil\u017caj\u0105co-od\u017cywcza emulsja do cia\u0142a z ceramidami - Selleetools.com<\/title>\n<meta name=\"robots\" content=\"index, follow, max-snippet:-1, max-image-preview:large, max-video-preview:-1\" \/>\n<link rel=\"canonical\" href=\"https:\/\/selleetools.com\/pl\/product\/pyunkang-yul-intensive-ceramide-lotion-500-ml-nawilzajaco-odzywcza-emulsja-do-ciala-z-ceramidami\/\" \/>\n<meta property=\"og:locale\" content=\"pl_PL\" \/>\n<meta property=\"og:type\" content=\"article\" \/>\n<meta property=\"og:title\" content=\"Pyunkang Yul Intensive Ceramide Lotion 500 ml - Nawil\u017caj\u0105co-od\u017cywcza emulsja do cia\u0142a z ceramidami - Selleetools.com\" \/>\n<meta property=\"og:description\" content=\"Pyunkang Yul Intensive Ceramide Lotion to zaawansowana formu\u0142a nawil\u017caj\u0105co-od\u017cywcza, opracowana przez renomowan\u0105 mark\u0119 Pyunkang Yul. Kosmetyk ten zosta\u0142 stworzony z my\u015bl\u0105 o intensywnym nawil\u017ceniu oraz odbudowie bariery ochronnej sk\u00f3ry, dzi\u0119ki czemu idealnie sprawdzi si\u0119 zar\u00f3wno w piel\u0119gnacji sk\u00f3ry suchej, jak i wra\u017cliwej. Korzy\u015bci dla sk\u00f3ry: Intensywne nawil\u017cenie: Formu\u0142a bogata w ceramidy pomaga w g\u0142\u0119bokim nawil\u017ceniu ... Read morePyunkang Yul Intensive Ceramide Lotion 500 ml &#8211; Nawil\u017caj\u0105co-od\u017cywcza emulsja do cia\u0142a z ceramidami\" \/>\n<meta property=\"og:url\" content=\"https:\/\/selleetools.com\/pl\/product\/pyunkang-yul-intensive-ceramide-lotion-500-ml-nawilzajaco-odzywcza-emulsja-do-ciala-z-ceramidami\/\" \/>\n<meta property=\"og:site_name\" content=\"Selleetools.com\" \/>\n<meta property=\"article:modified_time\" content=\"2025-12-26T15:41:50+00:00\" \/>\n<meta property=\"og:image\" content=\"https:\/\/selleetools.com\/wp-content\/uploads\/2025\/10\/ccf331c03148876a0c7c34411ce82081.jpg\" \/>\n\t<meta property=\"og:image:width\" content=\"800\" \/>\n\t<meta property=\"og:image:height\" content=\"800\" \/>\n\t<meta property=\"og:image:type\" content=\"image\/jpeg\" \/>\n<meta name=\"twitter:card\" content=\"summary_large_image\" \/>\n<meta name=\"twitter:label1\" content=\"Est. reading time\" \/>\n\t<meta name=\"twitter:data1\" content=\"1 minuta\" \/>\n<!-- \/ Yoast SEO plugin. -->","yoast_head_json":{"title":"Pyunkang Yul Intensive Ceramide Lotion 500 ml - Nawil\u017caj\u0105co-od\u017cywcza emulsja do cia\u0142a z ceramidami - Selleetools.com","robots":{"index":"index","follow":"follow","max-snippet":"max-snippet:-1","max-image-preview":"max-image-preview:large","max-video-preview":"max-video-preview:-1"},"canonical":"https:\/\/selleetools.com\/pl\/product\/pyunkang-yul-intensive-ceramide-lotion-500-ml-nawilzajaco-odzywcza-emulsja-do-ciala-z-ceramidami\/","og_locale":"pl_PL","og_type":"article","og_title":"Pyunkang Yul Intensive Ceramide Lotion 500 ml - Nawil\u017caj\u0105co-od\u017cywcza emulsja do cia\u0142a z ceramidami - Selleetools.com","og_description":"Pyunkang Yul Intensive Ceramide Lotion to zaawansowana formu\u0142a nawil\u017caj\u0105co-od\u017cywcza, opracowana przez renomowan\u0105 mark\u0119 Pyunkang Yul. Kosmetyk ten zosta\u0142 stworzony z my\u015bl\u0105 o intensywnym nawil\u017ceniu oraz odbudowie bariery ochronnej sk\u00f3ry, dzi\u0119ki czemu idealnie sprawdzi si\u0119 zar\u00f3wno w piel\u0119gnacji sk\u00f3ry suchej, jak i wra\u017cliwej. Korzy\u015bci dla sk\u00f3ry: Intensywne nawil\u017cenie: Formu\u0142a bogata w ceramidy pomaga w g\u0142\u0119bokim nawil\u017ceniu ... Read morePyunkang Yul Intensive Ceramide Lotion 500 ml &#8211; Nawil\u017caj\u0105co-od\u017cywcza emulsja do cia\u0142a z ceramidami","og_url":"https:\/\/selleetools.com\/pl\/product\/pyunkang-yul-intensive-ceramide-lotion-500-ml-nawilzajaco-odzywcza-emulsja-do-ciala-z-ceramidami\/","og_site_name":"Selleetools.com","article_modified_time":"2025-12-26T15:41:50+00:00","og_image":[{"width":800,"height":800,"url":"https:\/\/selleetools.com\/wp-content\/uploads\/2025\/10\/ccf331c03148876a0c7c34411ce82081.jpg","type":"image\/jpeg"}],"twitter_card":"summary_large_image","twitter_misc":{"Est. reading time":"1 minuta"},"schema":{"@context":"https:\/\/schema.org","@graph":[{"@type":"Organization","@id":"https:\/\/selleetools.com\/#organization","name":"Selleetools","url":"https:\/\/selleetools.com\/","sameAs":[],"logo":{"@type":"ImageObject","inLanguage":"pl-PL","@id":"https:\/\/selleetools.com\/#\/schema\/logo\/image\/","url":"https:\/\/selleetools.com\/wp-content\/uploads\/2021\/10\/logo-dark.png","contentUrl":"https:\/\/selleetools.com\/wp-content\/uploads\/2021\/10\/logo-dark.png","width":320,"height":76,"caption":"Selleetools"},"image":{"@id":"https:\/\/selleetools.com\/#\/schema\/logo\/image\/"}},{"@type":"WebSite","@id":"https:\/\/selleetools.com\/#website","url":"https:\/\/selleetools.com\/","name":"Selleetools.com","description":"","publisher":{"@id":"https:\/\/selleetools.com\/#organization"},"potentialAction":[{"@type":"SearchAction","target":{"@type":"EntryPoint","urlTemplate":"https:\/\/selleetools.com\/?s={search_term_string}"},"query-input":"required name=search_term_string"}],"inLanguage":"pl-PL"},{"@type":"WebPage","@id":"https:\/\/selleetools.com\/pl\/product\/pyunkang-yul-intensive-ceramide-lotion-500-ml-nawilzajaco-odzywcza-emulsja-do-ciala-z-ceramidami\/","url":"https:\/\/selleetools.com\/pl\/product\/pyunkang-yul-intensive-ceramide-lotion-500-ml-nawilzajaco-odzywcza-emulsja-do-ciala-z-ceramidami\/","name":"Pyunkang Yul Intensive Ceramide Lotion 500 ml - Nawil\u017caj\u0105co-od\u017cywcza emulsja do cia\u0142a z ceramidami - Selleetools.com","isPartOf":{"@id":"https:\/\/selleetools.com\/#website"},"datePublished":"2025-10-22T06:30:20+00:00","dateModified":"2025-12-26T15:41:50+00:00","breadcrumb":{"@id":"https:\/\/selleetools.com\/pl\/product\/pyunkang-yul-intensive-ceramide-lotion-500-ml-nawilzajaco-odzywcza-emulsja-do-ciala-z-ceramidami\/#breadcrumb"},"inLanguage":"pl-PL","potentialAction":[{"@type":"ReadAction","target":["https:\/\/selleetools.com\/pl\/product\/pyunkang-yul-intensive-ceramide-lotion-500-ml-nawilzajaco-odzywcza-emulsja-do-ciala-z-ceramidami\/"]}]},{"@type":"BreadcrumbList","@id":"https:\/\/selleetools.com\/pl\/product\/pyunkang-yul-intensive-ceramide-lotion-500-ml-nawilzajaco-odzywcza-emulsja-do-ciala-z-ceramidami\/#breadcrumb","itemListElement":[{"@type":"ListItem","position":1,"name":"Home","item":"https:\/\/selleetools.com\/pl\/"},{"@type":"ListItem","position":2,"name":"Katalog","item":"https:\/\/selleetools.com\/pl\/katalog\/"},{"@type":"ListItem","position":3,"name":"Pyunkang Yul Intensive Ceramide Lotion 500 ml &#8211; Nawil\u017caj\u0105co-od\u017cywcza emulsja do cia\u0142a z ceramidami"}]}]}},"_links":{"self":[{"href":"https:\/\/admincentral.selleetools.com\/pl\/wp-json\/wp\/v2\/product\/597357"}],"collection":[{"href":"https:\/\/admincentral.selleetools.com\/pl\/wp-json\/wp\/v2\/product"}],"about":[{"href":"https:\/\/admincentral.selleetools.com\/pl\/wp-json\/wp\/v2\/types\/product"}],"replies":[{"embeddable":true,"href":"https:\/\/admincentral.selleetools.com\/pl\/wp-json\/wp\/v2\/comments?post=597357"}],"wp:featuredmedia":[{"embeddable":true,"href":"https:\/\/admincentral.selleetools.com\/pl\/wp-json\/wp\/v2\/media\/597355"}],"wp:attachment":[{"href":"https:\/\/admincentral.selleetools.com\/pl\/wp-json\/wp\/v2\/media?parent=597357"}],"curies":[{"name":"wp","href":"https:\/\/api.w.org\/{rel}","templated":true}]}}