{"id":597407,"date":"2025-10-22T08:31:12","date_gmt":"2025-10-22T06:31:12","guid":{"rendered":"https:\/\/selleetools.com\/?post_type=product&#038;p=597407"},"modified":"2025-12-26T16:41:55","modified_gmt":"2025-12-26T15:41:55","slug":"cosrx-propolis-light-ampule-30-ml-ampulka-do-twarzy-z-propolisem","status":"publish","type":"product","link":"https:\/\/admincentral.selleetools.com\/pl\/product\/cosrx-propolis-light-ampule-30-ml-ampulka-do-twarzy-z-propolisem\/","title":{"rendered":"COSRX Propolis Light Ampule 30 ml &#8211; Ampu\u0142ka do twarzy z propolisem"},"content":{"rendered":"<p><font style=\"font-size: 12px;\">COSRX Propolis Light Ampule to intensywnie nawil\u017caj\u0105ca ampu\u0142ka, kt\u00f3ra zawiera 83% ekstraktu z propolisu, znanego ze swoich w\u0142a\u015bciwo\u015bci przeciwzapalnych i antybakteryjnych. Kosmetyk ten jest idealny dla sk\u00f3ry suchej, wra\u017cliwej oraz tr\u0105dzikowej, poniewa\u017c pomaga \u0142agodzi\u0107 podra\u017cnienia, zmniejsza zaczerwienienia i wspomaga regeneracj\u0119 sk\u00f3ry.<\/font><\/p>\n<p><strong><font style=\"font-size: 12px;\">Korzy\u015bci dla sk\u00f3ry:<\/font><\/strong><\/p>\n<ol>\n<li><font style=\"font-size: 12px;\"><strong>Nawil\u017cenie:<\/strong> Propolis dzia\u0142a nawil\u017caj\u0105co, pomagaj\u0105c utrzyma\u0107 sk\u00f3r\u0119 mi\u0119kk\u0105 i elastyczn\u0105.<\/font><\/li>\n<li><font style=\"font-size: 12px;\"><strong>Regeneracja:<\/strong> Stymuluje procesy naprawcze sk\u00f3ry, wspieraj\u0105c jej naturaln\u0105 barier\u0119 ochronn\u0105.<\/font><\/li>\n<li><font style=\"font-size: 12px;\"><strong>\u0141agodzenie:<\/strong> Redukuje zaczerwienienia i stany zapalne, co jest korzystne dla sk\u00f3ry wra\u017cliwej i tr\u0105dzikowej.<\/font><\/li>\n<li><font style=\"font-size: 12px;\"><strong>Antybakteryjne:<\/strong> Dzi\u0119ki w\u0142a\u015bciwo\u015bciom antybakteryjnym, pomaga w walce z tr\u0105dzikiem i zapobiega powstawaniu nowych wyprysk\u00f3w.<\/font><\/li>\n<\/ol>\n<p><strong><font style=\"font-size: 12px;\">Spos\u00f3b u\u017cycia:<\/font><\/strong><\/p>\n<ol>\n<li><font style=\"font-size: 12px;\">Po oczyszczeniu i tonizowaniu twarzy, na\u0142\u00f3\u017c kilka kropli ampu\u0142ki na d\u0142o\u0144.<\/font><\/li>\n<li><font style=\"font-size: 12px;\">Delikatnie wmasuj w sk\u00f3r\u0119 twarzy, koncentruj\u0105c si\u0119 na obszarach wymagaj\u0105cych szczeg\u00f3lnej uwagi.<\/font><\/li>\n<li><font style=\"font-size: 12px;\">Mo\u017cna stosowa\u0107 zar\u00f3wno rano, jak i wieczorem, przed na\u0142o\u017ceniem kremu nawil\u017caj\u0105cego.<\/font><\/li>\n<\/ol>\n","protected":false},"excerpt":{"rendered":"<p>COSRX Propolis Light Ampule to intensywnie nawil\u017caj\u0105ca ampu\u0142ka, kt\u00f3ra zawiera 83% ekstraktu z propolisu, znanego ze swoich w\u0142a\u015bciwo\u015bci przeciwzapalnych i antybakteryjnych. Kosmetyk ten jest idealny dla sk\u00f3ry suchej, wra\u017cliwej oraz tr\u0105dzikowej, poniewa\u017c pomaga \u0142agodzi\u0107 podra\u017cnienia, zmniejsza zaczerwienienia i wspomaga regeneracj\u0119 sk\u00f3ry. Korzy\u015bci dla sk\u00f3ry: Nawil\u017cenie: Propolis dzia\u0142a nawil\u017caj\u0105co, pomagaj\u0105c utrzyma\u0107 sk\u00f3r\u0119 mi\u0119kk\u0105 i elastyczn\u0105. Regeneracja: &#8230; <a title=\"COSRX Propolis Light Ampule 30 ml &#8211; Ampu\u0142ka do twarzy z propolisem\" class=\"read-more\" href=\"https:\/\/admincentral.selleetools.com\/pl\/product\/cosrx-propolis-light-ampule-30-ml-ampulka-do-twarzy-z-propolisem\/\">Read more<span class=\"screen-reader-text\">COSRX Propolis Light Ampule 30 ml &#8211; Ampu\u0142ka do twarzy z propolisem<\/span><\/a><\/p>\n","protected":false},"featured_media":597403,"comment_status":"open","ping_status":"closed","template":"","meta":{"_links_to":"","_links_to_target":""},"yoast_head":"<!-- This site is optimized with the Yoast SEO plugin v19.4 - https:\/\/yoast.com\/wordpress\/plugins\/seo\/ -->\n<title>COSRX Propolis Light Ampule 30 ml - Ampu\u0142ka do twarzy z propolisem - Selleetools.com<\/title>\n<meta name=\"robots\" content=\"index, follow, max-snippet:-1, max-image-preview:large, max-video-preview:-1\" \/>\n<link rel=\"canonical\" href=\"https:\/\/admincentral.selleetools.com\/product\/cosrx-propolis-light-ampule-30-ml-ampulka-do-twarzy-z-propolisem\/\" \/>\n<meta property=\"og:locale\" content=\"pl_PL\" \/>\n<meta property=\"og:type\" content=\"article\" \/>\n<meta property=\"og:title\" content=\"COSRX Propolis Light Ampule 30 ml - Ampu\u0142ka do twarzy z propolisem - Selleetools.com\" \/>\n<meta property=\"og:description\" content=\"COSRX Propolis Light Ampule to intensywnie nawil\u017caj\u0105ca ampu\u0142ka, kt\u00f3ra zawiera 83% ekstraktu z propolisu, znanego ze swoich w\u0142a\u015bciwo\u015bci przeciwzapalnych i antybakteryjnych. Kosmetyk ten jest idealny dla sk\u00f3ry suchej, wra\u017cliwej oraz tr\u0105dzikowej, poniewa\u017c pomaga \u0142agodzi\u0107 podra\u017cnienia, zmniejsza zaczerwienienia i wspomaga regeneracj\u0119 sk\u00f3ry. Korzy\u015bci dla sk\u00f3ry: Nawil\u017cenie: Propolis dzia\u0142a nawil\u017caj\u0105co, pomagaj\u0105c utrzyma\u0107 sk\u00f3r\u0119 mi\u0119kk\u0105 i elastyczn\u0105. Regeneracja: ... Read moreCOSRX Propolis Light Ampule 30 ml &#8211; Ampu\u0142ka do twarzy z propolisem\" \/>\n<meta property=\"og:url\" content=\"https:\/\/admincentral.selleetools.com\/product\/cosrx-propolis-light-ampule-30-ml-ampulka-do-twarzy-z-propolisem\/\" \/>\n<meta property=\"og:site_name\" content=\"Selleetools.com\" \/>\n<meta property=\"article:modified_time\" content=\"2025-12-26T15:41:55+00:00\" \/>\n<meta property=\"og:image\" content=\"https:\/\/selleetools.com\/wp-content\/uploads\/2025\/10\/689557c26e4ce72b5f1a5c3409af30fc.jpg\" \/>\n\t<meta property=\"og:image:width\" content=\"1200\" \/>\n\t<meta property=\"og:image:height\" content=\"1200\" \/>\n\t<meta property=\"og:image:type\" content=\"image\/jpeg\" \/>\n<meta name=\"twitter:card\" content=\"summary_large_image\" \/>\n<meta name=\"twitter:label1\" content=\"Est. reading time\" \/>\n\t<meta name=\"twitter:data1\" content=\"1 minuta\" \/>\n<!-- \/ Yoast SEO plugin. -->","yoast_head_json":{"title":"COSRX Propolis Light Ampule 30 ml - Ampu\u0142ka do twarzy z propolisem - Selleetools.com","robots":{"index":"index","follow":"follow","max-snippet":"max-snippet:-1","max-image-preview":"max-image-preview:large","max-video-preview":"max-video-preview:-1"},"canonical":"https:\/\/admincentral.selleetools.com\/product\/cosrx-propolis-light-ampule-30-ml-ampulka-do-twarzy-z-propolisem\/","og_locale":"pl_PL","og_type":"article","og_title":"COSRX Propolis Light Ampule 30 ml - Ampu\u0142ka do twarzy z propolisem - Selleetools.com","og_description":"COSRX Propolis Light Ampule to intensywnie nawil\u017caj\u0105ca ampu\u0142ka, kt\u00f3ra zawiera 83% ekstraktu z propolisu, znanego ze swoich w\u0142a\u015bciwo\u015bci przeciwzapalnych i antybakteryjnych. Kosmetyk ten jest idealny dla sk\u00f3ry suchej, wra\u017cliwej oraz tr\u0105dzikowej, poniewa\u017c pomaga \u0142agodzi\u0107 podra\u017cnienia, zmniejsza zaczerwienienia i wspomaga regeneracj\u0119 sk\u00f3ry. Korzy\u015bci dla sk\u00f3ry: Nawil\u017cenie: Propolis dzia\u0142a nawil\u017caj\u0105co, pomagaj\u0105c utrzyma\u0107 sk\u00f3r\u0119 mi\u0119kk\u0105 i elastyczn\u0105. Regeneracja: ... Read moreCOSRX Propolis Light Ampule 30 ml &#8211; Ampu\u0142ka do twarzy z propolisem","og_url":"https:\/\/admincentral.selleetools.com\/product\/cosrx-propolis-light-ampule-30-ml-ampulka-do-twarzy-z-propolisem\/","og_site_name":"Selleetools.com","article_modified_time":"2025-12-26T15:41:55+00:00","og_image":[{"width":1200,"height":1200,"url":"https:\/\/selleetools.com\/wp-content\/uploads\/2025\/10\/689557c26e4ce72b5f1a5c3409af30fc.jpg","type":"image\/jpeg"}],"twitter_card":"summary_large_image","twitter_misc":{"Est. reading time":"1 minuta"},"schema":{"@context":"https:\/\/schema.org","@graph":[{"@type":"Organization","@id":"https:\/\/selleetools.com\/#organization","name":"Selleetools","url":"https:\/\/selleetools.com\/","sameAs":[],"logo":{"@type":"ImageObject","inLanguage":"pl-PL","@id":"https:\/\/selleetools.com\/#\/schema\/logo\/image\/","url":"https:\/\/selleetools.com\/wp-content\/uploads\/2021\/10\/logo-dark.png","contentUrl":"https:\/\/selleetools.com\/wp-content\/uploads\/2021\/10\/logo-dark.png","width":320,"height":76,"caption":"Selleetools"},"image":{"@id":"https:\/\/selleetools.com\/#\/schema\/logo\/image\/"}},{"@type":"WebSite","@id":"https:\/\/selleetools.com\/#website","url":"https:\/\/selleetools.com\/","name":"Selleetools.com","description":"","publisher":{"@id":"https:\/\/selleetools.com\/#organization"},"potentialAction":[{"@type":"SearchAction","target":{"@type":"EntryPoint","urlTemplate":"https:\/\/selleetools.com\/?s={search_term_string}"},"query-input":"required name=search_term_string"}],"inLanguage":"pl-PL"},{"@type":"WebPage","@id":"https:\/\/admincentral.selleetools.com\/product\/cosrx-propolis-light-ampule-30-ml-ampulka-do-twarzy-z-propolisem\/","url":"https:\/\/admincentral.selleetools.com\/product\/cosrx-propolis-light-ampule-30-ml-ampulka-do-twarzy-z-propolisem\/","name":"COSRX Propolis Light Ampule 30 ml - Ampu\u0142ka do twarzy z propolisem - Selleetools.com","isPartOf":{"@id":"https:\/\/selleetools.com\/#website"},"datePublished":"2025-10-22T06:31:12+00:00","dateModified":"2025-12-26T15:41:55+00:00","breadcrumb":{"@id":"https:\/\/admincentral.selleetools.com\/product\/cosrx-propolis-light-ampule-30-ml-ampulka-do-twarzy-z-propolisem\/#breadcrumb"},"inLanguage":"pl-PL","potentialAction":[{"@type":"ReadAction","target":["https:\/\/admincentral.selleetools.com\/product\/cosrx-propolis-light-ampule-30-ml-ampulka-do-twarzy-z-propolisem\/"]}]},{"@type":"BreadcrumbList","@id":"https:\/\/admincentral.selleetools.com\/product\/cosrx-propolis-light-ampule-30-ml-ampulka-do-twarzy-z-propolisem\/#breadcrumb","itemListElement":[{"@type":"ListItem","position":1,"name":"Home","item":"https:\/\/selleetools.com\/pl\/"},{"@type":"ListItem","position":2,"name":"Katalog","item":"https:\/\/selleetools.com\/pl\/katalog\/"},{"@type":"ListItem","position":3,"name":"COSRX Propolis Light Ampule 30 ml &#8211; Ampu\u0142ka do twarzy z propolisem"}]}]}},"_links":{"self":[{"href":"https:\/\/admincentral.selleetools.com\/pl\/wp-json\/wp\/v2\/product\/597407"}],"collection":[{"href":"https:\/\/admincentral.selleetools.com\/pl\/wp-json\/wp\/v2\/product"}],"about":[{"href":"https:\/\/admincentral.selleetools.com\/pl\/wp-json\/wp\/v2\/types\/product"}],"replies":[{"embeddable":true,"href":"https:\/\/admincentral.selleetools.com\/pl\/wp-json\/wp\/v2\/comments?post=597407"}],"wp:featuredmedia":[{"embeddable":true,"href":"https:\/\/admincentral.selleetools.com\/pl\/wp-json\/wp\/v2\/media\/597403"}],"wp:attachment":[{"href":"https:\/\/admincentral.selleetools.com\/pl\/wp-json\/wp\/v2\/media?parent=597407"}],"curies":[{"name":"wp","href":"https:\/\/api.w.org\/{rel}","templated":true}]}}