{"id":597462,"date":"2025-10-22T08:32:07","date_gmt":"2025-10-22T06:32:07","guid":{"rendered":"https:\/\/selleetools.com\/?post_type=product&#038;p=597462"},"modified":"2026-04-14T20:56:57","modified_gmt":"2026-04-14T18:56:57","slug":"pyunkang-yul-highly-moisturizing-essence-mask-pack-25-ml-wysoce-nawilzajaca-maska","status":"publish","type":"product","link":"https:\/\/admincentral.selleetools.com\/pl\/product\/pyunkang-yul-highly-moisturizing-essence-mask-pack-25-ml-wysoce-nawilzajaca-maska\/","title":{"rendered":"Pyunkang Yul Highly Moisturizing Essence Mask Pack 25 ml &#8211; Wysoce nawil\u017caj\u0105ca maska"},"content":{"rendered":"<p>Pyunkang Yul Highly Moisturizing Essence Mask Pack to luksusowa maska w p\u0142achcie, kt\u00f3ra zapewnia intensywne nawil\u017cenie i od\u017cywienie sk\u00f3ry. Stworzona przez renomowan\u0105 mark\u0119 Pyunkang Yul, znan\u0105 z wykorzystania naturalnych sk\u0142adnik\u00f3w, maska ta jest idealna dla ka\u017cdego rodzaju sk\u00f3ry, szczeg\u00f3lnie dla sk\u00f3ry suchej i odwodnionej.<\/p>\n<p>Korzy\u015bci dla sk\u00f3ry:<br \/>\nG\u0142\u0119bokie Nawil\u017cenie: Dzi\u0119ki zawarto\u015bci esencji z ekstraktu z korzenia astragalusa, maska intensywnie nawil\u017ca i zmi\u0119kcza sk\u00f3r\u0119, przywracaj\u0105c jej elastyczno\u015b\u0107.<br \/>\nOdbudowa i Regeneracja: Sk\u0142adniki od\u017cywcze w masce wspieraj\u0105 procesy regeneracyjne sk\u00f3ry, pomagaj\u0105c w redukcji drobnych linii i zmarszczek.<br \/>\n\u0141agodzenie Podra\u017cnie\u0144: Naturalne sk\u0142adniki ro\u015blinne dzia\u0142aj\u0105 koj\u0105co, redukuj\u0105c zaczerwienienia i podra\u017cnienia, co sprawia, \u017ce maska jest idealna dla sk\u00f3ry wra\u017cliwej.<br \/>\nOchrona Przed Utrat\u0105 Wilgoci: Maska tworzy barier\u0119 ochronn\u0105, zapobiegaj\u0105c utracie wilgoci z powierzchni sk\u00f3ry i utrzymuj\u0105c jej optymalne nawil\u017cenie przez d\u0142ugi czas.<\/p>\n<p>Spos\u00f3b u\u017cycia:<br \/>\nDok\u0142adnie oczy\u015b\u0107 twarz i na\u0142\u00f3\u017c toner.<br \/>\nOtw\u00f3rz opakowanie i delikatnie wyjmij mask\u0119, rozk\u0142adaj\u0105c j\u0105 r\u00f3wnomiernie na twarzy.<br \/>\nPozostaw mask\u0119 na twarzy przez 15-20 minut, relaksuj\u0105c si\u0119 i pozwalaj\u0105c esencji wnikn\u0105\u0107 w sk\u00f3r\u0119.<br \/>\nPo up\u0142ywie czasu usu\u0144 mask\u0119 i delikatnie wklep pozosta\u0142\u0105 esencj\u0119 w sk\u00f3r\u0119, a\u017c do ca\u0142kowitego wch\u0142oni\u0119cia.<\/p>\n<p>U\u017cywaj maski 2-3 razy w tygodniu lub w zale\u017cno\u015bci od potrzeb sk\u00f3ry, aby uzyska\u0107 najlepsze rezultaty.<\/p>\n","protected":false},"excerpt":{"rendered":"<p>Pyunkang Yul Highly Moisturizing Essence Mask Pack to luksusowa maska w p\u0142achcie, kt\u00f3ra zapewnia intensywne nawil\u017cenie i od\u017cywienie sk\u00f3ry. Stworzona przez renomowan\u0105 mark\u0119 Pyunkang Yul, znan\u0105 z wykorzystania naturalnych sk\u0142adnik\u00f3w, maska ta jest idealna dla ka\u017cdego rodzaju sk\u00f3ry, szczeg\u00f3lnie dla sk\u00f3ry suchej i odwodnionej. Korzy\u015bci dla sk\u00f3ry: G\u0142\u0119bokie Nawil\u017cenie: Dzi\u0119ki zawarto\u015bci esencji z ekstraktu z &#8230; <a title=\"Pyunkang Yul Highly Moisturizing Essence Mask Pack 25 ml &#8211; Wysoce nawil\u017caj\u0105ca maska\" class=\"read-more\" href=\"https:\/\/admincentral.selleetools.com\/pl\/product\/pyunkang-yul-highly-moisturizing-essence-mask-pack-25-ml-wysoce-nawilzajaca-maska\/\">Read more<span class=\"screen-reader-text\">Pyunkang Yul Highly Moisturizing Essence Mask Pack 25 ml &#8211; Wysoce nawil\u017caj\u0105ca maska<\/span><\/a><\/p>\n","protected":false},"featured_media":597458,"comment_status":"open","ping_status":"closed","template":"","meta":{"_links_to":"","_links_to_target":""},"yoast_head":"<!-- This site is optimized with the Yoast SEO plugin v19.4 - https:\/\/yoast.com\/wordpress\/plugins\/seo\/ -->\n<title>Pyunkang Yul Highly Moisturizing Essence Mask Pack 25 ml - Wysoce nawil\u017caj\u0105ca maska - Selleetools.com<\/title>\n<meta name=\"robots\" content=\"index, follow, max-snippet:-1, max-image-preview:large, max-video-preview:-1\" \/>\n<link rel=\"canonical\" href=\"https:\/\/admincentral.selleetools.com\/product\/pyunkang-yul-highly-moisturizing-essence-mask-pack-25-ml-wysoce-nawilzajaca-maska\/\" \/>\n<meta property=\"og:locale\" content=\"pl_PL\" \/>\n<meta property=\"og:type\" content=\"article\" \/>\n<meta property=\"og:title\" content=\"Pyunkang Yul Highly Moisturizing Essence Mask Pack 25 ml - Wysoce nawil\u017caj\u0105ca maska - Selleetools.com\" \/>\n<meta property=\"og:description\" content=\"Pyunkang Yul Highly Moisturizing Essence Mask Pack to luksusowa maska w p\u0142achcie, kt\u00f3ra zapewnia intensywne nawil\u017cenie i od\u017cywienie sk\u00f3ry. Stworzona przez renomowan\u0105 mark\u0119 Pyunkang Yul, znan\u0105 z wykorzystania naturalnych sk\u0142adnik\u00f3w, maska ta jest idealna dla ka\u017cdego rodzaju sk\u00f3ry, szczeg\u00f3lnie dla sk\u00f3ry suchej i odwodnionej. Korzy\u015bci dla sk\u00f3ry: G\u0142\u0119bokie Nawil\u017cenie: Dzi\u0119ki zawarto\u015bci esencji z ekstraktu z ... Read morePyunkang Yul Highly Moisturizing Essence Mask Pack 25 ml &#8211; Wysoce nawil\u017caj\u0105ca maska\" \/>\n<meta property=\"og:url\" content=\"https:\/\/admincentral.selleetools.com\/product\/pyunkang-yul-highly-moisturizing-essence-mask-pack-25-ml-wysoce-nawilzajaca-maska\/\" \/>\n<meta property=\"og:site_name\" content=\"Selleetools.com\" \/>\n<meta property=\"article:modified_time\" content=\"2026-04-14T18:56:57+00:00\" \/>\n<meta property=\"og:image\" content=\"https:\/\/selleetools.com\/wp-content\/uploads\/2025\/10\/334d2a39980e1ff482e5b4ea8f4dc692.jpg\" \/>\n\t<meta property=\"og:image:width\" content=\"1200\" \/>\n\t<meta property=\"og:image:height\" content=\"1200\" \/>\n\t<meta property=\"og:image:type\" content=\"image\/jpeg\" \/>\n<meta name=\"twitter:card\" content=\"summary_large_image\" \/>\n<meta name=\"twitter:label1\" content=\"Est. reading time\" \/>\n\t<meta name=\"twitter:data1\" content=\"1 minuta\" \/>\n<!-- \/ Yoast SEO plugin. -->","yoast_head_json":{"title":"Pyunkang Yul Highly Moisturizing Essence Mask Pack 25 ml - Wysoce nawil\u017caj\u0105ca maska - Selleetools.com","robots":{"index":"index","follow":"follow","max-snippet":"max-snippet:-1","max-image-preview":"max-image-preview:large","max-video-preview":"max-video-preview:-1"},"canonical":"https:\/\/admincentral.selleetools.com\/product\/pyunkang-yul-highly-moisturizing-essence-mask-pack-25-ml-wysoce-nawilzajaca-maska\/","og_locale":"pl_PL","og_type":"article","og_title":"Pyunkang Yul Highly Moisturizing Essence Mask Pack 25 ml - Wysoce nawil\u017caj\u0105ca maska - Selleetools.com","og_description":"Pyunkang Yul Highly Moisturizing Essence Mask Pack to luksusowa maska w p\u0142achcie, kt\u00f3ra zapewnia intensywne nawil\u017cenie i od\u017cywienie sk\u00f3ry. Stworzona przez renomowan\u0105 mark\u0119 Pyunkang Yul, znan\u0105 z wykorzystania naturalnych sk\u0142adnik\u00f3w, maska ta jest idealna dla ka\u017cdego rodzaju sk\u00f3ry, szczeg\u00f3lnie dla sk\u00f3ry suchej i odwodnionej. Korzy\u015bci dla sk\u00f3ry: G\u0142\u0119bokie Nawil\u017cenie: Dzi\u0119ki zawarto\u015bci esencji z ekstraktu z ... Read morePyunkang Yul Highly Moisturizing Essence Mask Pack 25 ml &#8211; Wysoce nawil\u017caj\u0105ca maska","og_url":"https:\/\/admincentral.selleetools.com\/product\/pyunkang-yul-highly-moisturizing-essence-mask-pack-25-ml-wysoce-nawilzajaca-maska\/","og_site_name":"Selleetools.com","article_modified_time":"2026-04-14T18:56:57+00:00","og_image":[{"width":1200,"height":1200,"url":"https:\/\/selleetools.com\/wp-content\/uploads\/2025\/10\/334d2a39980e1ff482e5b4ea8f4dc692.jpg","type":"image\/jpeg"}],"twitter_card":"summary_large_image","twitter_misc":{"Est. reading time":"1 minuta"},"schema":{"@context":"https:\/\/schema.org","@graph":[{"@type":"Organization","@id":"https:\/\/selleetools.com\/#organization","name":"Selleetools","url":"https:\/\/selleetools.com\/","sameAs":[],"logo":{"@type":"ImageObject","inLanguage":"pl-PL","@id":"https:\/\/selleetools.com\/#\/schema\/logo\/image\/","url":"https:\/\/selleetools.com\/wp-content\/uploads\/2021\/10\/logo-dark.png","contentUrl":"https:\/\/selleetools.com\/wp-content\/uploads\/2021\/10\/logo-dark.png","width":320,"height":76,"caption":"Selleetools"},"image":{"@id":"https:\/\/selleetools.com\/#\/schema\/logo\/image\/"}},{"@type":"WebSite","@id":"https:\/\/selleetools.com\/#website","url":"https:\/\/selleetools.com\/","name":"Selleetools.com","description":"","publisher":{"@id":"https:\/\/selleetools.com\/#organization"},"potentialAction":[{"@type":"SearchAction","target":{"@type":"EntryPoint","urlTemplate":"https:\/\/selleetools.com\/?s={search_term_string}"},"query-input":"required name=search_term_string"}],"inLanguage":"pl-PL"},{"@type":"WebPage","@id":"https:\/\/admincentral.selleetools.com\/product\/pyunkang-yul-highly-moisturizing-essence-mask-pack-25-ml-wysoce-nawilzajaca-maska\/","url":"https:\/\/admincentral.selleetools.com\/product\/pyunkang-yul-highly-moisturizing-essence-mask-pack-25-ml-wysoce-nawilzajaca-maska\/","name":"Pyunkang Yul Highly Moisturizing Essence Mask Pack 25 ml - Wysoce nawil\u017caj\u0105ca maska - Selleetools.com","isPartOf":{"@id":"https:\/\/selleetools.com\/#website"},"datePublished":"2025-10-22T06:32:07+00:00","dateModified":"2026-04-14T18:56:57+00:00","breadcrumb":{"@id":"https:\/\/admincentral.selleetools.com\/product\/pyunkang-yul-highly-moisturizing-essence-mask-pack-25-ml-wysoce-nawilzajaca-maska\/#breadcrumb"},"inLanguage":"pl-PL","potentialAction":[{"@type":"ReadAction","target":["https:\/\/admincentral.selleetools.com\/product\/pyunkang-yul-highly-moisturizing-essence-mask-pack-25-ml-wysoce-nawilzajaca-maska\/"]}]},{"@type":"BreadcrumbList","@id":"https:\/\/admincentral.selleetools.com\/product\/pyunkang-yul-highly-moisturizing-essence-mask-pack-25-ml-wysoce-nawilzajaca-maska\/#breadcrumb","itemListElement":[{"@type":"ListItem","position":1,"name":"Home","item":"https:\/\/selleetools.com\/pl\/"},{"@type":"ListItem","position":2,"name":"Katalog","item":"https:\/\/selleetools.com\/pl\/katalog\/"},{"@type":"ListItem","position":3,"name":"Pyunkang Yul Highly Moisturizing Essence Mask Pack 25 ml &#8211; Wysoce nawil\u017caj\u0105ca maska"}]}]}},"_links":{"self":[{"href":"https:\/\/admincentral.selleetools.com\/pl\/wp-json\/wp\/v2\/product\/597462"}],"collection":[{"href":"https:\/\/admincentral.selleetools.com\/pl\/wp-json\/wp\/v2\/product"}],"about":[{"href":"https:\/\/admincentral.selleetools.com\/pl\/wp-json\/wp\/v2\/types\/product"}],"replies":[{"embeddable":true,"href":"https:\/\/admincentral.selleetools.com\/pl\/wp-json\/wp\/v2\/comments?post=597462"}],"wp:featuredmedia":[{"embeddable":true,"href":"https:\/\/admincentral.selleetools.com\/pl\/wp-json\/wp\/v2\/media\/597458"}],"wp:attachment":[{"href":"https:\/\/admincentral.selleetools.com\/pl\/wp-json\/wp\/v2\/media?parent=597462"}],"curies":[{"name":"wp","href":"https:\/\/api.w.org\/{rel}","templated":true}]}}