{"id":597494,"date":"2025-10-22T08:32:29","date_gmt":"2025-10-22T06:32:29","guid":{"rendered":"https:\/\/selleetools.com\/?post_type=product&#038;p=597494"},"modified":"2026-02-25T19:08:37","modified_gmt":"2026-02-25T18:08:37","slug":"some-by-mi-bye-bye-blemish-vita-tox-brightening-bubble-cleanser-120-g-zel-oczyszczajacy","status":"publish","type":"product","link":"https:\/\/admincentral.selleetools.com\/pl\/product\/some-by-mi-bye-bye-blemish-vita-tox-brightening-bubble-cleanser-120-g-zel-oczyszczajacy\/","title":{"rendered":"SOME BY MI Bye Bye Blemish Vita Tox Brightening Bubble Cleanser 120 g &#8211; \u017bel oczyszczaj\u0105cy"},"content":{"rendered":"<p>Some By Mi Bye Bye Blemish Vita Tox Brightening Bubble Cleanser to zaawansowany \u015brodek czyszcz\u0105cy w formie b\u0105belkowej, kt\u00f3ry zapewnia sk\u00f3rze kompleksow\u0105 piel\u0119gnacj\u0119. Dzi\u0119ki formule wzbogaconej o witaminy i sk\u0142adniki o dzia\u0142aniu rozja\u015bniaj\u0105cym, ten delikatny \u017cel oczyszczaj\u0105cy skutecznie usuwa zanieczyszczenia, nadmiar sebum oraz resztki makija\u017cu, jednocze\u015bnie poprawiaj\u0105c koloryt sk\u00f3ry i rozja\u015bniaj\u0105c j\u0105. Formu\u0142a wytwarzaj\u0105ca bogate b\u0105belki doskonale penetruje pory, eliminuj\u0105c z nich zanieczyszczenia i martwe kom\u00f3rki nask\u00f3rka.<\/p>\n<p>Korzy\u015bci dla sk\u00f3ry:<br \/>\nOczyszczenie: Skutecznie usuwa zanieczyszczenia, sebum i resztki makija\u017cu.<br \/>\nRozja\u015bnienie: Wspomaga popraw\u0119 kolorytu sk\u00f3ry i redukcj\u0119 przebarwie\u0144.<br \/>\nOd\u015bwie\u017cenie: Dzia\u0142a tonizuj\u0105co, od\u015bwie\u017caj\u0105c sk\u00f3r\u0119 i pozostawiaj\u0105c j\u0105 g\u0142adk\u0105 i promienn\u0105.<\/p>\n<p>Spos\u00f3b u\u017cycia:<br \/>\nNa\u0142\u00f3\u017c niewielk\u0105 ilo\u015b\u0107 \u017celu na wilgotn\u0105 sk\u00f3r\u0119 twarzy. Masuj delikatnie, a\u017c do wytworzenia si\u0119 b\u0105belk\u00f3w. Nast\u0119pnie dok\u0142adnie sp\u0142ucz letni\u0105 wod\u0105. U\u017cywaj codziennie rano i wieczorem jako cz\u0119\u015b\u0107 swojej rutyny piel\u0119gnacyjnej, aby cieszy\u0107 si\u0119 czyst\u0105, promienn\u0105 sk\u00f3r\u0105.<\/p>\n","protected":false},"excerpt":{"rendered":"<p>Some By Mi Bye Bye Blemish Vita Tox Brightening Bubble Cleanser to zaawansowany \u015brodek czyszcz\u0105cy w formie b\u0105belkowej, kt\u00f3ry zapewnia sk\u00f3rze kompleksow\u0105 piel\u0119gnacj\u0119. Dzi\u0119ki formule wzbogaconej o witaminy i sk\u0142adniki o dzia\u0142aniu rozja\u015bniaj\u0105cym, ten delikatny \u017cel oczyszczaj\u0105cy skutecznie usuwa zanieczyszczenia, nadmiar sebum oraz resztki makija\u017cu, jednocze\u015bnie poprawiaj\u0105c koloryt sk\u00f3ry i rozja\u015bniaj\u0105c j\u0105. Formu\u0142a wytwarzaj\u0105ca bogate &#8230; <a title=\"SOME BY MI Bye Bye Blemish Vita Tox Brightening Bubble Cleanser 120 g &#8211; \u017bel oczyszczaj\u0105cy\" class=\"read-more\" href=\"https:\/\/admincentral.selleetools.com\/pl\/product\/some-by-mi-bye-bye-blemish-vita-tox-brightening-bubble-cleanser-120-g-zel-oczyszczajacy\/\">Read more<span class=\"screen-reader-text\">SOME BY MI Bye Bye Blemish Vita Tox Brightening Bubble Cleanser 120 g &#8211; \u017bel oczyszczaj\u0105cy<\/span><\/a><\/p>\n","protected":false},"featured_media":597490,"comment_status":"open","ping_status":"closed","template":"","meta":{"_links_to":"","_links_to_target":""},"yoast_head":"<!-- This site is optimized with the Yoast SEO plugin v19.4 - https:\/\/yoast.com\/wordpress\/plugins\/seo\/ -->\n<title>SOME BY MI Bye Bye Blemish Vita Tox Brightening Bubble Cleanser 120 g - \u017bel oczyszczaj\u0105cy - Selleetools.com<\/title>\n<meta name=\"robots\" content=\"index, follow, max-snippet:-1, max-image-preview:large, max-video-preview:-1\" \/>\n<link rel=\"canonical\" href=\"https:\/\/selleetools.com\/product\/some-by-mi-bye-bye-blemish-vita-tox-brightening-bubble-cleanser-120-g-zel-oczyszczajacy\/\" \/>\n<meta property=\"og:locale\" content=\"pl_PL\" \/>\n<meta property=\"og:type\" content=\"article\" \/>\n<meta property=\"og:title\" content=\"SOME BY MI Bye Bye Blemish Vita Tox Brightening Bubble Cleanser 120 g - \u017bel oczyszczaj\u0105cy - Selleetools.com\" \/>\n<meta property=\"og:description\" content=\"Some By Mi Bye Bye Blemish Vita Tox Brightening Bubble Cleanser to zaawansowany \u015brodek czyszcz\u0105cy w formie b\u0105belkowej, kt\u00f3ry zapewnia sk\u00f3rze kompleksow\u0105 piel\u0119gnacj\u0119. Dzi\u0119ki formule wzbogaconej o witaminy i sk\u0142adniki o dzia\u0142aniu rozja\u015bniaj\u0105cym, ten delikatny \u017cel oczyszczaj\u0105cy skutecznie usuwa zanieczyszczenia, nadmiar sebum oraz resztki makija\u017cu, jednocze\u015bnie poprawiaj\u0105c koloryt sk\u00f3ry i rozja\u015bniaj\u0105c j\u0105. Formu\u0142a wytwarzaj\u0105ca bogate ... Read moreSOME BY MI Bye Bye Blemish Vita Tox Brightening Bubble Cleanser 120 g &#8211; \u017bel oczyszczaj\u0105cy\" \/>\n<meta property=\"og:url\" content=\"https:\/\/selleetools.com\/product\/some-by-mi-bye-bye-blemish-vita-tox-brightening-bubble-cleanser-120-g-zel-oczyszczajacy\/\" \/>\n<meta property=\"og:site_name\" content=\"Selleetools.com\" \/>\n<meta property=\"article:modified_time\" content=\"2026-02-25T18:08:37+00:00\" \/>\n<meta property=\"og:image\" content=\"https:\/\/selleetools.com\/wp-content\/uploads\/2025\/10\/552f8a3d14a1c44d6b83a64eac2f06a9.jpg\" \/>\n\t<meta property=\"og:image:width\" content=\"700\" \/>\n\t<meta property=\"og:image:height\" content=\"674\" \/>\n\t<meta property=\"og:image:type\" content=\"image\/jpeg\" \/>\n<meta name=\"twitter:card\" content=\"summary_large_image\" \/>\n<meta name=\"twitter:label1\" content=\"Est. reading time\" \/>\n\t<meta name=\"twitter:data1\" content=\"1 minuta\" \/>\n<!-- \/ Yoast SEO plugin. -->","yoast_head_json":{"title":"SOME BY MI Bye Bye Blemish Vita Tox Brightening Bubble Cleanser 120 g - \u017bel oczyszczaj\u0105cy - Selleetools.com","robots":{"index":"index","follow":"follow","max-snippet":"max-snippet:-1","max-image-preview":"max-image-preview:large","max-video-preview":"max-video-preview:-1"},"canonical":"https:\/\/selleetools.com\/product\/some-by-mi-bye-bye-blemish-vita-tox-brightening-bubble-cleanser-120-g-zel-oczyszczajacy\/","og_locale":"pl_PL","og_type":"article","og_title":"SOME BY MI Bye Bye Blemish Vita Tox Brightening Bubble Cleanser 120 g - \u017bel oczyszczaj\u0105cy - Selleetools.com","og_description":"Some By Mi Bye Bye Blemish Vita Tox Brightening Bubble Cleanser to zaawansowany \u015brodek czyszcz\u0105cy w formie b\u0105belkowej, kt\u00f3ry zapewnia sk\u00f3rze kompleksow\u0105 piel\u0119gnacj\u0119. Dzi\u0119ki formule wzbogaconej o witaminy i sk\u0142adniki o dzia\u0142aniu rozja\u015bniaj\u0105cym, ten delikatny \u017cel oczyszczaj\u0105cy skutecznie usuwa zanieczyszczenia, nadmiar sebum oraz resztki makija\u017cu, jednocze\u015bnie poprawiaj\u0105c koloryt sk\u00f3ry i rozja\u015bniaj\u0105c j\u0105. Formu\u0142a wytwarzaj\u0105ca bogate ... Read moreSOME BY MI Bye Bye Blemish Vita Tox Brightening Bubble Cleanser 120 g &#8211; \u017bel oczyszczaj\u0105cy","og_url":"https:\/\/selleetools.com\/product\/some-by-mi-bye-bye-blemish-vita-tox-brightening-bubble-cleanser-120-g-zel-oczyszczajacy\/","og_site_name":"Selleetools.com","article_modified_time":"2026-02-25T18:08:37+00:00","og_image":[{"width":700,"height":674,"url":"https:\/\/selleetools.com\/wp-content\/uploads\/2025\/10\/552f8a3d14a1c44d6b83a64eac2f06a9.jpg","type":"image\/jpeg"}],"twitter_card":"summary_large_image","twitter_misc":{"Est. reading time":"1 minuta"},"schema":{"@context":"https:\/\/schema.org","@graph":[{"@type":"Organization","@id":"https:\/\/selleetools.com\/#organization","name":"Selleetools","url":"https:\/\/selleetools.com\/","sameAs":[],"logo":{"@type":"ImageObject","inLanguage":"pl-PL","@id":"https:\/\/selleetools.com\/#\/schema\/logo\/image\/","url":"https:\/\/selleetools.com\/wp-content\/uploads\/2021\/10\/logo-dark.png","contentUrl":"https:\/\/selleetools.com\/wp-content\/uploads\/2021\/10\/logo-dark.png","width":320,"height":76,"caption":"Selleetools"},"image":{"@id":"https:\/\/selleetools.com\/#\/schema\/logo\/image\/"}},{"@type":"WebSite","@id":"https:\/\/selleetools.com\/#website","url":"https:\/\/selleetools.com\/","name":"Selleetools.com","description":"","publisher":{"@id":"https:\/\/selleetools.com\/#organization"},"potentialAction":[{"@type":"SearchAction","target":{"@type":"EntryPoint","urlTemplate":"https:\/\/selleetools.com\/?s={search_term_string}"},"query-input":"required name=search_term_string"}],"inLanguage":"pl-PL"},{"@type":"WebPage","@id":"https:\/\/selleetools.com\/product\/some-by-mi-bye-bye-blemish-vita-tox-brightening-bubble-cleanser-120-g-zel-oczyszczajacy\/","url":"https:\/\/selleetools.com\/product\/some-by-mi-bye-bye-blemish-vita-tox-brightening-bubble-cleanser-120-g-zel-oczyszczajacy\/","name":"SOME BY MI Bye Bye Blemish Vita Tox Brightening Bubble Cleanser 120 g - \u017bel oczyszczaj\u0105cy - Selleetools.com","isPartOf":{"@id":"https:\/\/selleetools.com\/#website"},"datePublished":"2025-10-22T06:32:29+00:00","dateModified":"2026-02-25T18:08:37+00:00","breadcrumb":{"@id":"https:\/\/selleetools.com\/product\/some-by-mi-bye-bye-blemish-vita-tox-brightening-bubble-cleanser-120-g-zel-oczyszczajacy\/#breadcrumb"},"inLanguage":"pl-PL","potentialAction":[{"@type":"ReadAction","target":["https:\/\/selleetools.com\/product\/some-by-mi-bye-bye-blemish-vita-tox-brightening-bubble-cleanser-120-g-zel-oczyszczajacy\/"]}]},{"@type":"BreadcrumbList","@id":"https:\/\/selleetools.com\/product\/some-by-mi-bye-bye-blemish-vita-tox-brightening-bubble-cleanser-120-g-zel-oczyszczajacy\/#breadcrumb","itemListElement":[{"@type":"ListItem","position":1,"name":"Home","item":"https:\/\/selleetools.com\/pl\/"},{"@type":"ListItem","position":2,"name":"Katalog","item":"https:\/\/selleetools.com\/pl\/katalog\/"},{"@type":"ListItem","position":3,"name":"SOME BY MI Bye Bye Blemish Vita Tox Brightening Bubble Cleanser 120 g &#8211; \u017bel oczyszczaj\u0105cy"}]}]}},"_links":{"self":[{"href":"https:\/\/admincentral.selleetools.com\/pl\/wp-json\/wp\/v2\/product\/597494"}],"collection":[{"href":"https:\/\/admincentral.selleetools.com\/pl\/wp-json\/wp\/v2\/product"}],"about":[{"href":"https:\/\/admincentral.selleetools.com\/pl\/wp-json\/wp\/v2\/types\/product"}],"replies":[{"embeddable":true,"href":"https:\/\/admincentral.selleetools.com\/pl\/wp-json\/wp\/v2\/comments?post=597494"}],"wp:featuredmedia":[{"embeddable":true,"href":"https:\/\/admincentral.selleetools.com\/pl\/wp-json\/wp\/v2\/media\/597490"}],"wp:attachment":[{"href":"https:\/\/admincentral.selleetools.com\/pl\/wp-json\/wp\/v2\/media?parent=597494"}],"curies":[{"name":"wp","href":"https:\/\/api.w.org\/{rel}","templated":true}]}}