{"id":597673,"date":"2025-10-22T08:41:06","date_gmt":"2025-10-22T06:41:06","guid":{"rendered":"https:\/\/selleetools.com\/?post_type=product&#038;p=597673"},"modified":"2025-10-23T19:47:30","modified_gmt":"2025-10-23T17:47:30","slug":"pyunkang-yul-calming-moisture-repair-balm-30-ml-intensywnie-kojaco-nawilzajacy-krem-balm-do-twarzy","status":"publish","type":"product","link":"https:\/\/admincentral.selleetools.com\/pl\/product\/pyunkang-yul-calming-moisture-repair-balm-30-ml-intensywnie-kojaco-nawilzajacy-krem-balm-do-twarzy\/","title":{"rendered":"Pyunkang Yul Calming Moisture Repair Balm 30 ml &#8211; Intensywnie koj\u0105co-nawil\u017caj\u0105cy krem\/balm do twarzy"},"content":{"rendered":"<p>Pyunkang Yul Calming Moisture Repair Balm to kosmetyk piel\u0119gnacyjny stworzony przez renomowan\u0105 mark\u0119 Pyunkang Yul, znan\u0105 z wykorzystania naturalnych sk\u0142adnik\u00f3w i minimalistycznych formu\u0142. Ten balsam jest idealnym rozwi\u0105zaniem dla sk\u00f3ry wymagaj\u0105cej <b>intensywnego<\/b> <b>nawil\u017cenia, regeneracji i ukojenia<\/b>. Formu\u0142a bogata w sk\u0142adniki aktywne wspiera procesy naprawcze sk\u00f3ry, zapewniaj\u0105c jej zdrowy i promienny wygl\u0105d.<\/p>\n<div><\/div>\n<div>Korzy\u015bci dla sk\u00f3ry:<\/div>\n<div><b>Intensywne nawil\u017cenie:<\/b> Balsam g\u0142\u0119boko nawil\u017ca sk\u00f3r\u0119, zapobiegaj\u0105c jej wysuszeniu i przywracaj\u0105c odpowiedni poziom nawodnienia.<\/div>\n<div><b>Regeneracja:<\/b> Wspomaga regeneracj\u0119 sk\u00f3ry, przyspieszaj\u0105c gojenie si\u0119 drobnych uszkodze\u0144 i podra\u017cnie\u0144.<\/div>\n<div><b>Ukojenie<\/b>: Dzia\u0142a koj\u0105co na podra\u017cnienia i stany zapalne, redukuj\u0105c zaczerwienienia i dyskomfort.<br \/>\nWzmocnienie bariery ochronnej: Wzmacnia naturaln\u0105 barier\u0119 ochronn\u0105 sk\u00f3ry, chroni\u0105c j\u0105 przed szkodliwymi czynnikami zewn\u0119trznymi.<\/div>\n<div><b>Poprawa elastyczno\u015bci:<\/b> Regularne stosowanie poprawia elastyczno\u015b\u0107 sk\u00f3ry, czyni\u0105c j\u0105 bardziej j\u0119drn\u0105 i spr\u0119\u017cyst\u0105.<\/div>\n<div><b>\u0141agodzenie tr\u0105dziku:<\/b> Sk\u0142adniki balsamu pomagaj\u0105 w walce z tr\u0105dzikiem, redukuj\u0105c wypryski i zapobiegaj\u0105c powstawaniu nowych.<\/div>\n<div><\/div>\n<div><b> Spos\u00f3b u\u017cycia: <\/b><\/div>\n<div>Na oczyszczon\u0105 sk\u00f3r\u0119: Po dok\u0142adnym oczyszczeniu sk\u00f3ry twarzy, na\u0142\u00f3\u017c niewielk\u0105 ilo\u015b\u0107 balsamu na twarz.<\/div>\n<div>Delikatne wmasowanie: Delikatnie wmasuj balsam w sk\u00f3r\u0119 kolistymi ruchami, aby zapewni\u0107 lepsze wch\u0142anianie.<\/div>\n<div>Rano i wieczorem: Stosuj balsam zar\u00f3wno rano, jak i wieczorem jako ostatni krok w codziennej piel\u0119gnacji, aby zamkn\u0105\u0107 wszystkie wcze\u015bniej na\u0142o\u017cone produkty i maksymalizowa\u0107 ich dzia\u0142anie.<\/div>\n<div>Na problematyczne obszary: W przypadku suchej lub podra\u017cnionej sk\u00f3ry, na\u0142\u00f3\u017c dodatkow\u0105 ilo\u015b\u0107 balsamu na te obszary, aby przyspieszy\u0107 regeneracj\u0119 i ukojenie.<\/div>\n<p><\/p>\n","protected":false},"excerpt":{"rendered":"<p>Pyunkang Yul Calming Moisture Repair Balm to kosmetyk piel\u0119gnacyjny stworzony przez renomowan\u0105 mark\u0119 Pyunkang Yul, znan\u0105 z wykorzystania naturalnych sk\u0142adnik\u00f3w i minimalistycznych formu\u0142. Ten balsam jest idealnym rozwi\u0105zaniem dla sk\u00f3ry wymagaj\u0105cej intensywnego nawil\u017cenia, regeneracji i ukojenia. Formu\u0142a bogata w sk\u0142adniki aktywne wspiera procesy naprawcze sk\u00f3ry, zapewniaj\u0105c jej zdrowy i promienny wygl\u0105d. Korzy\u015bci dla sk\u00f3ry: Intensywne &#8230; <a title=\"Pyunkang Yul Calming Moisture Repair Balm 30 ml &#8211; Intensywnie koj\u0105co-nawil\u017caj\u0105cy krem\/balm do twarzy\" class=\"read-more\" href=\"https:\/\/admincentral.selleetools.com\/pl\/product\/pyunkang-yul-calming-moisture-repair-balm-30-ml-intensywnie-kojaco-nawilzajacy-krem-balm-do-twarzy\/\">Read more<span class=\"screen-reader-text\">Pyunkang Yul Calming Moisture Repair Balm 30 ml &#8211; Intensywnie koj\u0105co-nawil\u017caj\u0105cy krem\/balm do twarzy<\/span><\/a><\/p>\n","protected":false},"featured_media":597667,"comment_status":"open","ping_status":"closed","template":"","meta":{"_links_to":"","_links_to_target":""},"yoast_head":"<!-- This site is optimized with the Yoast SEO plugin v19.4 - https:\/\/yoast.com\/wordpress\/plugins\/seo\/ -->\n<title>Pyunkang Yul Calming Moisture Repair Balm 30 ml - Intensywnie koj\u0105co-nawil\u017caj\u0105cy krem\/balm do twarzy - Selleetools.com<\/title>\n<meta name=\"robots\" content=\"index, follow, max-snippet:-1, max-image-preview:large, max-video-preview:-1\" \/>\n<link rel=\"canonical\" href=\"https:\/\/admincentral.selleetools.com\/pl\/product\/pyunkang-yul-calming-moisture-repair-balm-30-ml-intensywnie-kojaco-nawilzajacy-krem-balm-do-twarzy\/\" \/>\n<meta property=\"og:locale\" content=\"pl_PL\" \/>\n<meta property=\"og:type\" content=\"article\" \/>\n<meta property=\"og:title\" content=\"Pyunkang Yul Calming Moisture Repair Balm 30 ml - Intensywnie koj\u0105co-nawil\u017caj\u0105cy krem\/balm do twarzy - Selleetools.com\" \/>\n<meta property=\"og:description\" content=\"Pyunkang Yul Calming Moisture Repair Balm to kosmetyk piel\u0119gnacyjny stworzony przez renomowan\u0105 mark\u0119 Pyunkang Yul, znan\u0105 z wykorzystania naturalnych sk\u0142adnik\u00f3w i minimalistycznych formu\u0142. Ten balsam jest idealnym rozwi\u0105zaniem dla sk\u00f3ry wymagaj\u0105cej intensywnego nawil\u017cenia, regeneracji i ukojenia. Formu\u0142a bogata w sk\u0142adniki aktywne wspiera procesy naprawcze sk\u00f3ry, zapewniaj\u0105c jej zdrowy i promienny wygl\u0105d. Korzy\u015bci dla sk\u00f3ry: Intensywne ... Read morePyunkang Yul Calming Moisture Repair Balm 30 ml &#8211; Intensywnie koj\u0105co-nawil\u017caj\u0105cy krem\/balm do twarzy\" \/>\n<meta property=\"og:url\" content=\"https:\/\/admincentral.selleetools.com\/pl\/product\/pyunkang-yul-calming-moisture-repair-balm-30-ml-intensywnie-kojaco-nawilzajacy-krem-balm-do-twarzy\/\" \/>\n<meta property=\"og:site_name\" content=\"Selleetools.com\" \/>\n<meta property=\"article:modified_time\" content=\"2025-10-23T17:47:30+00:00\" \/>\n<meta property=\"og:image\" content=\"https:\/\/selleetools.com\/wp-content\/uploads\/2025\/10\/096a0575dfea6e910936e79eca18c08a.jpg\" \/>\n\t<meta property=\"og:image:width\" content=\"1200\" \/>\n\t<meta property=\"og:image:height\" content=\"1200\" \/>\n\t<meta property=\"og:image:type\" content=\"image\/jpeg\" \/>\n<meta name=\"twitter:card\" content=\"summary_large_image\" \/>\n<meta name=\"twitter:label1\" content=\"Est. reading time\" \/>\n\t<meta name=\"twitter:data1\" content=\"1 minuta\" \/>\n<!-- \/ Yoast SEO plugin. -->","yoast_head_json":{"title":"Pyunkang Yul Calming Moisture Repair Balm 30 ml - Intensywnie koj\u0105co-nawil\u017caj\u0105cy krem\/balm do twarzy - Selleetools.com","robots":{"index":"index","follow":"follow","max-snippet":"max-snippet:-1","max-image-preview":"max-image-preview:large","max-video-preview":"max-video-preview:-1"},"canonical":"https:\/\/admincentral.selleetools.com\/pl\/product\/pyunkang-yul-calming-moisture-repair-balm-30-ml-intensywnie-kojaco-nawilzajacy-krem-balm-do-twarzy\/","og_locale":"pl_PL","og_type":"article","og_title":"Pyunkang Yul Calming Moisture Repair Balm 30 ml - Intensywnie koj\u0105co-nawil\u017caj\u0105cy krem\/balm do twarzy - Selleetools.com","og_description":"Pyunkang Yul Calming Moisture Repair Balm to kosmetyk piel\u0119gnacyjny stworzony przez renomowan\u0105 mark\u0119 Pyunkang Yul, znan\u0105 z wykorzystania naturalnych sk\u0142adnik\u00f3w i minimalistycznych formu\u0142. Ten balsam jest idealnym rozwi\u0105zaniem dla sk\u00f3ry wymagaj\u0105cej intensywnego nawil\u017cenia, regeneracji i ukojenia. Formu\u0142a bogata w sk\u0142adniki aktywne wspiera procesy naprawcze sk\u00f3ry, zapewniaj\u0105c jej zdrowy i promienny wygl\u0105d. Korzy\u015bci dla sk\u00f3ry: Intensywne ... Read morePyunkang Yul Calming Moisture Repair Balm 30 ml &#8211; Intensywnie koj\u0105co-nawil\u017caj\u0105cy krem\/balm do twarzy","og_url":"https:\/\/admincentral.selleetools.com\/pl\/product\/pyunkang-yul-calming-moisture-repair-balm-30-ml-intensywnie-kojaco-nawilzajacy-krem-balm-do-twarzy\/","og_site_name":"Selleetools.com","article_modified_time":"2025-10-23T17:47:30+00:00","og_image":[{"width":1200,"height":1200,"url":"https:\/\/selleetools.com\/wp-content\/uploads\/2025\/10\/096a0575dfea6e910936e79eca18c08a.jpg","type":"image\/jpeg"}],"twitter_card":"summary_large_image","twitter_misc":{"Est. reading time":"1 minuta"},"schema":{"@context":"https:\/\/schema.org","@graph":[{"@type":"Organization","@id":"https:\/\/selleetools.com\/#organization","name":"Selleetools","url":"https:\/\/selleetools.com\/","sameAs":[],"logo":{"@type":"ImageObject","inLanguage":"pl-PL","@id":"https:\/\/selleetools.com\/#\/schema\/logo\/image\/","url":"https:\/\/selleetools.com\/wp-content\/uploads\/2021\/10\/logo-dark.png","contentUrl":"https:\/\/selleetools.com\/wp-content\/uploads\/2021\/10\/logo-dark.png","width":320,"height":76,"caption":"Selleetools"},"image":{"@id":"https:\/\/selleetools.com\/#\/schema\/logo\/image\/"}},{"@type":"WebSite","@id":"https:\/\/selleetools.com\/#website","url":"https:\/\/selleetools.com\/","name":"Selleetools.com","description":"","publisher":{"@id":"https:\/\/selleetools.com\/#organization"},"potentialAction":[{"@type":"SearchAction","target":{"@type":"EntryPoint","urlTemplate":"https:\/\/selleetools.com\/?s={search_term_string}"},"query-input":"required name=search_term_string"}],"inLanguage":"pl-PL"},{"@type":"WebPage","@id":"https:\/\/admincentral.selleetools.com\/pl\/product\/pyunkang-yul-calming-moisture-repair-balm-30-ml-intensywnie-kojaco-nawilzajacy-krem-balm-do-twarzy\/","url":"https:\/\/admincentral.selleetools.com\/pl\/product\/pyunkang-yul-calming-moisture-repair-balm-30-ml-intensywnie-kojaco-nawilzajacy-krem-balm-do-twarzy\/","name":"Pyunkang Yul Calming Moisture Repair Balm 30 ml - Intensywnie koj\u0105co-nawil\u017caj\u0105cy krem\/balm do twarzy - Selleetools.com","isPartOf":{"@id":"https:\/\/selleetools.com\/#website"},"datePublished":"2025-10-22T06:41:06+00:00","dateModified":"2025-10-23T17:47:30+00:00","breadcrumb":{"@id":"https:\/\/admincentral.selleetools.com\/pl\/product\/pyunkang-yul-calming-moisture-repair-balm-30-ml-intensywnie-kojaco-nawilzajacy-krem-balm-do-twarzy\/#breadcrumb"},"inLanguage":"pl-PL","potentialAction":[{"@type":"ReadAction","target":["https:\/\/admincentral.selleetools.com\/pl\/product\/pyunkang-yul-calming-moisture-repair-balm-30-ml-intensywnie-kojaco-nawilzajacy-krem-balm-do-twarzy\/"]}]},{"@type":"BreadcrumbList","@id":"https:\/\/admincentral.selleetools.com\/pl\/product\/pyunkang-yul-calming-moisture-repair-balm-30-ml-intensywnie-kojaco-nawilzajacy-krem-balm-do-twarzy\/#breadcrumb","itemListElement":[{"@type":"ListItem","position":1,"name":"Home","item":"https:\/\/selleetools.com\/pl\/"},{"@type":"ListItem","position":2,"name":"Katalog","item":"https:\/\/selleetools.com\/pl\/katalog\/"},{"@type":"ListItem","position":3,"name":"Pyunkang Yul Calming Moisture Repair Balm 30 ml &#8211; Intensywnie koj\u0105co-nawil\u017caj\u0105cy krem\/balm do twarzy"}]}]}},"_links":{"self":[{"href":"https:\/\/admincentral.selleetools.com\/pl\/wp-json\/wp\/v2\/product\/597673"}],"collection":[{"href":"https:\/\/admincentral.selleetools.com\/pl\/wp-json\/wp\/v2\/product"}],"about":[{"href":"https:\/\/admincentral.selleetools.com\/pl\/wp-json\/wp\/v2\/types\/product"}],"replies":[{"embeddable":true,"href":"https:\/\/admincentral.selleetools.com\/pl\/wp-json\/wp\/v2\/comments?post=597673"}],"wp:featuredmedia":[{"embeddable":true,"href":"https:\/\/admincentral.selleetools.com\/pl\/wp-json\/wp\/v2\/media\/597667"}],"wp:attachment":[{"href":"https:\/\/admincentral.selleetools.com\/pl\/wp-json\/wp\/v2\/media?parent=597673"}],"curies":[{"name":"wp","href":"https:\/\/api.w.org\/{rel}","templated":true}]}}