{"id":597762,"date":"2025-10-22T08:42:30","date_gmt":"2025-10-22T06:42:30","guid":{"rendered":"https:\/\/selleetools.com\/?post_type=product&#038;p=597762"},"modified":"2026-02-25T19:19:00","modified_gmt":"2026-02-25T18:19:00","slug":"haruharu-wonder-black-rice-hyaluronic-anti-wrinkle-serum-50-ml-serum-przeciwzmarszczkowe","status":"publish","type":"product","link":"https:\/\/admincentral.selleetools.com\/pl\/product\/haruharu-wonder-black-rice-hyaluronic-anti-wrinkle-serum-50-ml-serum-przeciwzmarszczkowe\/","title":{"rendered":"HaruHaru Wonder Black Rice Hyaluronic Anti-wrinkle Serum 50 ml &#8211; Serum przeciwzmarszczkowe"},"content":{"rendered":"<p>Lekkie serum przeciwzmarszczkowe, kt\u00f3re intensywnie nawil\u017ca, wyg\u0142adza i wspiera j\u0119drno\u015b\u0107 sk\u00f3ry. Dzi\u0119ki zawarto\u015bci fermentowanego czarnego ry\u017cu i ekstraktu z bambusa serum dostarcza antyoksydant\u00f3w, chroni\u0105c sk\u00f3r\u0119 przed oznakami starzenia, a kwas hialuronowy dba o jej mi\u0119kko\u015b\u0107 i elastyczno\u015b\u0107.<br \/>\nRegularne stosowanie sprawia, \u017ce cera staje si\u0119 g\u0142adsza, bardziej promienna i pe\u0142na witalno\u015bci.<\/p>\n<p>Korzy\u015bci dla sk\u00f3ry:<br \/>\nNawil\u017cenie i wyg\u0142adzenie<br \/>\nRedukcja drobnych linii i zmarszczek<br \/>\nWsparcie j\u0119drno\u015bci i elastyczno\u015bci<br \/>\nOchrona przed stresem oksydacyjnym<br \/>\nZdrowy i promienny wygl\u0105d<\/p>\n<p>Spos\u00f3b u\u017cycia:<br \/>\nNa oczyszczon\u0105 i stonizowan\u0105 sk\u00f3r\u0119 na\u0142\u00f3\u017c kilka kropli serum, r\u00f3wnomiernie rozprowad\u017a i delikatnie wklep.<\/p>\n","protected":false},"excerpt":{"rendered":"<p>Lekkie serum przeciwzmarszczkowe, kt\u00f3re intensywnie nawil\u017ca, wyg\u0142adza i wspiera j\u0119drno\u015b\u0107 sk\u00f3ry. Dzi\u0119ki zawarto\u015bci fermentowanego czarnego ry\u017cu i ekstraktu z bambusa serum dostarcza antyoksydant\u00f3w, chroni\u0105c sk\u00f3r\u0119 przed oznakami starzenia, a kwas hialuronowy dba o jej mi\u0119kko\u015b\u0107 i elastyczno\u015b\u0107. Regularne stosowanie sprawia, \u017ce cera staje si\u0119 g\u0142adsza, bardziej promienna i pe\u0142na witalno\u015bci. Korzy\u015bci dla sk\u00f3ry: Nawil\u017cenie i &#8230; <a title=\"HaruHaru Wonder Black Rice Hyaluronic Anti-wrinkle Serum 50 ml &#8211; Serum przeciwzmarszczkowe\" class=\"read-more\" href=\"https:\/\/admincentral.selleetools.com\/pl\/product\/haruharu-wonder-black-rice-hyaluronic-anti-wrinkle-serum-50-ml-serum-przeciwzmarszczkowe\/\">Read more<span class=\"screen-reader-text\">HaruHaru Wonder Black Rice Hyaluronic Anti-wrinkle Serum 50 ml &#8211; Serum przeciwzmarszczkowe<\/span><\/a><\/p>\n","protected":false},"featured_media":597758,"comment_status":"open","ping_status":"closed","template":"","meta":{"_links_to":"","_links_to_target":""},"yoast_head":"<!-- This site is optimized with the Yoast SEO plugin v19.4 - https:\/\/yoast.com\/wordpress\/plugins\/seo\/ -->\n<title>HaruHaru Wonder Black Rice Hyaluronic Anti-wrinkle Serum 50 ml - Serum przeciwzmarszczkowe - Selleetools.com<\/title>\n<meta name=\"robots\" content=\"index, follow, max-snippet:-1, max-image-preview:large, max-video-preview:-1\" \/>\n<link rel=\"canonical\" href=\"https:\/\/admincentral.selleetools.com\/product\/haruharu-wonder-black-rice-hyaluronic-anti-wrinkle-serum-50-ml-serum-przeciwzmarszczkowe\/\" \/>\n<meta property=\"og:locale\" content=\"pl_PL\" \/>\n<meta property=\"og:type\" content=\"article\" \/>\n<meta property=\"og:title\" content=\"HaruHaru Wonder Black Rice Hyaluronic Anti-wrinkle Serum 50 ml - Serum przeciwzmarszczkowe - Selleetools.com\" \/>\n<meta property=\"og:description\" content=\"Lekkie serum przeciwzmarszczkowe, kt\u00f3re intensywnie nawil\u017ca, wyg\u0142adza i wspiera j\u0119drno\u015b\u0107 sk\u00f3ry. Dzi\u0119ki zawarto\u015bci fermentowanego czarnego ry\u017cu i ekstraktu z bambusa serum dostarcza antyoksydant\u00f3w, chroni\u0105c sk\u00f3r\u0119 przed oznakami starzenia, a kwas hialuronowy dba o jej mi\u0119kko\u015b\u0107 i elastyczno\u015b\u0107. Regularne stosowanie sprawia, \u017ce cera staje si\u0119 g\u0142adsza, bardziej promienna i pe\u0142na witalno\u015bci. Korzy\u015bci dla sk\u00f3ry: Nawil\u017cenie i ... Read moreHaruHaru Wonder Black Rice Hyaluronic Anti-wrinkle Serum 50 ml &#8211; Serum przeciwzmarszczkowe\" \/>\n<meta property=\"og:url\" content=\"https:\/\/admincentral.selleetools.com\/product\/haruharu-wonder-black-rice-hyaluronic-anti-wrinkle-serum-50-ml-serum-przeciwzmarszczkowe\/\" \/>\n<meta property=\"og:site_name\" content=\"Selleetools.com\" \/>\n<meta property=\"article:modified_time\" content=\"2026-02-25T18:19:00+00:00\" \/>\n<meta property=\"og:image\" content=\"https:\/\/selleetools.com\/wp-content\/uploads\/2025\/10\/1.jpg\" \/>\n\t<meta property=\"og:image:width\" content=\"247\" \/>\n\t<meta property=\"og:image:height\" content=\"800\" \/>\n\t<meta property=\"og:image:type\" content=\"image\/jpeg\" \/>\n<meta name=\"twitter:card\" content=\"summary_large_image\" \/>\n<meta name=\"twitter:label1\" content=\"Est. reading time\" \/>\n\t<meta name=\"twitter:data1\" content=\"1 minuta\" \/>\n<!-- \/ Yoast SEO plugin. -->","yoast_head_json":{"title":"HaruHaru Wonder Black Rice Hyaluronic Anti-wrinkle Serum 50 ml - Serum przeciwzmarszczkowe - Selleetools.com","robots":{"index":"index","follow":"follow","max-snippet":"max-snippet:-1","max-image-preview":"max-image-preview:large","max-video-preview":"max-video-preview:-1"},"canonical":"https:\/\/admincentral.selleetools.com\/product\/haruharu-wonder-black-rice-hyaluronic-anti-wrinkle-serum-50-ml-serum-przeciwzmarszczkowe\/","og_locale":"pl_PL","og_type":"article","og_title":"HaruHaru Wonder Black Rice Hyaluronic Anti-wrinkle Serum 50 ml - Serum przeciwzmarszczkowe - Selleetools.com","og_description":"Lekkie serum przeciwzmarszczkowe, kt\u00f3re intensywnie nawil\u017ca, wyg\u0142adza i wspiera j\u0119drno\u015b\u0107 sk\u00f3ry. Dzi\u0119ki zawarto\u015bci fermentowanego czarnego ry\u017cu i ekstraktu z bambusa serum dostarcza antyoksydant\u00f3w, chroni\u0105c sk\u00f3r\u0119 przed oznakami starzenia, a kwas hialuronowy dba o jej mi\u0119kko\u015b\u0107 i elastyczno\u015b\u0107. Regularne stosowanie sprawia, \u017ce cera staje si\u0119 g\u0142adsza, bardziej promienna i pe\u0142na witalno\u015bci. Korzy\u015bci dla sk\u00f3ry: Nawil\u017cenie i ... Read moreHaruHaru Wonder Black Rice Hyaluronic Anti-wrinkle Serum 50 ml &#8211; Serum przeciwzmarszczkowe","og_url":"https:\/\/admincentral.selleetools.com\/product\/haruharu-wonder-black-rice-hyaluronic-anti-wrinkle-serum-50-ml-serum-przeciwzmarszczkowe\/","og_site_name":"Selleetools.com","article_modified_time":"2026-02-25T18:19:00+00:00","og_image":[{"width":247,"height":800,"url":"https:\/\/selleetools.com\/wp-content\/uploads\/2025\/10\/1.jpg","type":"image\/jpeg"}],"twitter_card":"summary_large_image","twitter_misc":{"Est. reading time":"1 minuta"},"schema":{"@context":"https:\/\/schema.org","@graph":[{"@type":"Organization","@id":"https:\/\/selleetools.com\/#organization","name":"Selleetools","url":"https:\/\/selleetools.com\/","sameAs":[],"logo":{"@type":"ImageObject","inLanguage":"pl-PL","@id":"https:\/\/selleetools.com\/#\/schema\/logo\/image\/","url":"https:\/\/selleetools.com\/wp-content\/uploads\/2021\/10\/logo-dark.png","contentUrl":"https:\/\/selleetools.com\/wp-content\/uploads\/2021\/10\/logo-dark.png","width":320,"height":76,"caption":"Selleetools"},"image":{"@id":"https:\/\/selleetools.com\/#\/schema\/logo\/image\/"}},{"@type":"WebSite","@id":"https:\/\/selleetools.com\/#website","url":"https:\/\/selleetools.com\/","name":"Selleetools.com","description":"","publisher":{"@id":"https:\/\/selleetools.com\/#organization"},"potentialAction":[{"@type":"SearchAction","target":{"@type":"EntryPoint","urlTemplate":"https:\/\/selleetools.com\/?s={search_term_string}"},"query-input":"required name=search_term_string"}],"inLanguage":"pl-PL"},{"@type":"WebPage","@id":"https:\/\/admincentral.selleetools.com\/product\/haruharu-wonder-black-rice-hyaluronic-anti-wrinkle-serum-50-ml-serum-przeciwzmarszczkowe\/","url":"https:\/\/admincentral.selleetools.com\/product\/haruharu-wonder-black-rice-hyaluronic-anti-wrinkle-serum-50-ml-serum-przeciwzmarszczkowe\/","name":"HaruHaru Wonder Black Rice Hyaluronic Anti-wrinkle Serum 50 ml - Serum przeciwzmarszczkowe - Selleetools.com","isPartOf":{"@id":"https:\/\/selleetools.com\/#website"},"datePublished":"2025-10-22T06:42:30+00:00","dateModified":"2026-02-25T18:19:00+00:00","breadcrumb":{"@id":"https:\/\/admincentral.selleetools.com\/product\/haruharu-wonder-black-rice-hyaluronic-anti-wrinkle-serum-50-ml-serum-przeciwzmarszczkowe\/#breadcrumb"},"inLanguage":"pl-PL","potentialAction":[{"@type":"ReadAction","target":["https:\/\/admincentral.selleetools.com\/product\/haruharu-wonder-black-rice-hyaluronic-anti-wrinkle-serum-50-ml-serum-przeciwzmarszczkowe\/"]}]},{"@type":"BreadcrumbList","@id":"https:\/\/admincentral.selleetools.com\/product\/haruharu-wonder-black-rice-hyaluronic-anti-wrinkle-serum-50-ml-serum-przeciwzmarszczkowe\/#breadcrumb","itemListElement":[{"@type":"ListItem","position":1,"name":"Home","item":"https:\/\/selleetools.com\/pl\/"},{"@type":"ListItem","position":2,"name":"Katalog","item":"https:\/\/selleetools.com\/pl\/katalog\/"},{"@type":"ListItem","position":3,"name":"HaruHaru Wonder Black Rice Hyaluronic Anti-wrinkle Serum 50 ml &#8211; Serum przeciwzmarszczkowe"}]}]}},"_links":{"self":[{"href":"https:\/\/admincentral.selleetools.com\/pl\/wp-json\/wp\/v2\/product\/597762"}],"collection":[{"href":"https:\/\/admincentral.selleetools.com\/pl\/wp-json\/wp\/v2\/product"}],"about":[{"href":"https:\/\/admincentral.selleetools.com\/pl\/wp-json\/wp\/v2\/types\/product"}],"replies":[{"embeddable":true,"href":"https:\/\/admincentral.selleetools.com\/pl\/wp-json\/wp\/v2\/comments?post=597762"}],"wp:featuredmedia":[{"embeddable":true,"href":"https:\/\/admincentral.selleetools.com\/pl\/wp-json\/wp\/v2\/media\/597758"}],"wp:attachment":[{"href":"https:\/\/admincentral.selleetools.com\/pl\/wp-json\/wp\/v2\/media?parent=597762"}],"curies":[{"name":"wp","href":"https:\/\/api.w.org\/{rel}","templated":true}]}}