{"id":597831,"date":"2025-10-22T08:43:31","date_gmt":"2025-10-22T06:43:31","guid":{"rendered":"https:\/\/selleetools.com\/?post_type=product&#038;p=597831"},"modified":"2025-12-26T16:43:32","modified_gmt":"2025-12-26T15:43:32","slug":"pyunkang-yul-black-tea-revitalizing-mask-pack-25-ml-rewitalizujaca-maska-z-czarna-herbata","status":"publish","type":"product","link":"https:\/\/admincentral.selleetools.com\/pl\/product\/pyunkang-yul-black-tea-revitalizing-mask-pack-25-ml-rewitalizujaca-maska-z-czarna-herbata\/","title":{"rendered":"Pyunkang Yul Black Tea Revitalizing Mask Pack 25 ml \u2013 Rewitalizuj\u0105ca maska z czarn\u0105 herbat\u0105"},"content":{"rendered":"<p>Pyunkang Yul Black Tea Revitalizing Mask Pack to luksusowa maseczka na bazie czarnej herbaty, kt\u00f3ra oferuje intensywn\u0105 piel\u0119gnacj\u0119 i rewitalizacj\u0119 sk\u00f3ry. Stworzona przez renomowan\u0105 korea\u0144sk\u0105 mark\u0119 Pyunkang Yul, znan\u0105 ze swojego podej\u015bcia do minimalizmu i naturalnych sk\u0142adnik\u00f3w, maseczka ta dostarcza sk\u00f3rze cennych sk\u0142adnik\u00f3w od\u017cywczych, kt\u00f3re pomagaj\u0105 w jej regeneracji, nawil\u017ceniu i poprawie elastyczno\u015bci.<\/p>\n<p>Korzy\u015bci dla sk\u00f3ry:<br \/>\nRewitalizacja i odnowa: Ekstrakt z czarnej herbaty jest bogaty w antyoksydanty, kt\u00f3re pomagaj\u0105 zwalcza\u0107 wolne rodniki, przyspieszaj\u0105c procesy regeneracyjne sk\u00f3ry.<br \/>\nIntensywne nawil\u017cenie: Kwas hialuronowy zawarty w maseczce g\u0142\u0119boko nawil\u017ca sk\u00f3r\u0119, zapobiegaj\u0105c jej przesuszeniu.<br \/>\nPoprawa elastyczno\u015bci: Kolagen wspomaga j\u0119drno\u015b\u0107 i elastyczno\u015b\u0107 sk\u00f3ry, co pomaga w redukcji drobnych linii i zmarszczek.<br \/>\nUspokojenie i od\u015bwie\u017cenie: Naturalne ekstrakty ro\u015blinne, takie jak w\u0105krota azjatycka, dzia\u0142aj\u0105 koj\u0105co na podra\u017cnienia, pozostawiaj\u0105c sk\u00f3r\u0119 od\u015bwie\u017con\u0105 i zrelaksowan\u0105.<\/p>\n<p>Spos\u00f3b u\u017cycia:<br \/>\nPrzygotowanie sk\u00f3ry: Oczy\u015b\u0107 sk\u00f3r\u0119 twarzy i delikatnie osusz j\u0105 r\u0119cznikiem.<br \/>\nAplikacja maseczki: Otw\u00f3rz opakowanie i delikatnie wyjmij maseczk\u0119, rozk\u0142adaj\u0105c j\u0105 r\u00f3wnomiernie na twarzy.<br \/>\nCzas dzia\u0142ania: Pozostaw maseczk\u0119 na twarzy na oko\u0142o 15-20 minut, relaksuj\u0105c si\u0119 w tym czasie.<br \/>\nUsuni\u0119cie maseczki: Delikatnie zdejmij maseczk\u0119, a pozosta\u0142o\u015bci esencji wmasuj w sk\u00f3r\u0119, a\u017c do ca\u0142kowitego wch\u0142oni\u0119cia.<\/p>\n<p>Ta rewitalizuj\u0105ca maseczka jest idealna dla wszystkich typ\u00f3w sk\u00f3ry, szczeg\u00f3lnie dla cery zm\u0119czonej, pozbawionej blasku i odwodnionej. Regularne stosowanie zapewnia sk\u00f3rze zdrowy wygl\u0105d, nawil\u017cenie i m\u0142odzie\u0144cz\u0105 \u015bwie\u017co\u015b\u0107.<\/p>\n","protected":false},"excerpt":{"rendered":"<p>Pyunkang Yul Black Tea Revitalizing Mask Pack to luksusowa maseczka na bazie czarnej herbaty, kt\u00f3ra oferuje intensywn\u0105 piel\u0119gnacj\u0119 i rewitalizacj\u0119 sk\u00f3ry. Stworzona przez renomowan\u0105 korea\u0144sk\u0105 mark\u0119 Pyunkang Yul, znan\u0105 ze swojego podej\u015bcia do minimalizmu i naturalnych sk\u0142adnik\u00f3w, maseczka ta dostarcza sk\u00f3rze cennych sk\u0142adnik\u00f3w od\u017cywczych, kt\u00f3re pomagaj\u0105 w jej regeneracji, nawil\u017ceniu i poprawie elastyczno\u015bci. Korzy\u015bci dla &#8230; <a title=\"Pyunkang Yul Black Tea Revitalizing Mask Pack 25 ml \u2013 Rewitalizuj\u0105ca maska z czarn\u0105 herbat\u0105\" class=\"read-more\" href=\"https:\/\/admincentral.selleetools.com\/pl\/product\/pyunkang-yul-black-tea-revitalizing-mask-pack-25-ml-rewitalizujaca-maska-z-czarna-herbata\/\">Read more<span class=\"screen-reader-text\">Pyunkang Yul Black Tea Revitalizing Mask Pack 25 ml \u2013 Rewitalizuj\u0105ca maska z czarn\u0105 herbat\u0105<\/span><\/a><\/p>\n","protected":false},"featured_media":597823,"comment_status":"open","ping_status":"closed","template":"","meta":{"_links_to":"","_links_to_target":""},"yoast_head":"<!-- This site is optimized with the Yoast SEO plugin v19.4 - https:\/\/yoast.com\/wordpress\/plugins\/seo\/ -->\n<title>Pyunkang Yul Black Tea Revitalizing Mask Pack 25 ml \u2013 Rewitalizuj\u0105ca maska z czarn\u0105 herbat\u0105 - Selleetools.com<\/title>\n<meta name=\"robots\" content=\"index, follow, max-snippet:-1, max-image-preview:large, max-video-preview:-1\" \/>\n<link rel=\"canonical\" href=\"https:\/\/admincentral.selleetools.com\/pl\/product\/pyunkang-yul-black-tea-revitalizing-mask-pack-25-ml-rewitalizujaca-maska-z-czarna-herbata\/\" \/>\n<meta property=\"og:locale\" content=\"pl_PL\" \/>\n<meta property=\"og:type\" content=\"article\" \/>\n<meta property=\"og:title\" content=\"Pyunkang Yul Black Tea Revitalizing Mask Pack 25 ml \u2013 Rewitalizuj\u0105ca maska z czarn\u0105 herbat\u0105 - Selleetools.com\" \/>\n<meta property=\"og:description\" content=\"Pyunkang Yul Black Tea Revitalizing Mask Pack to luksusowa maseczka na bazie czarnej herbaty, kt\u00f3ra oferuje intensywn\u0105 piel\u0119gnacj\u0119 i rewitalizacj\u0119 sk\u00f3ry. Stworzona przez renomowan\u0105 korea\u0144sk\u0105 mark\u0119 Pyunkang Yul, znan\u0105 ze swojego podej\u015bcia do minimalizmu i naturalnych sk\u0142adnik\u00f3w, maseczka ta dostarcza sk\u00f3rze cennych sk\u0142adnik\u00f3w od\u017cywczych, kt\u00f3re pomagaj\u0105 w jej regeneracji, nawil\u017ceniu i poprawie elastyczno\u015bci. Korzy\u015bci dla ... Read morePyunkang Yul Black Tea Revitalizing Mask Pack 25 ml \u2013 Rewitalizuj\u0105ca maska z czarn\u0105 herbat\u0105\" \/>\n<meta property=\"og:url\" content=\"https:\/\/admincentral.selleetools.com\/pl\/product\/pyunkang-yul-black-tea-revitalizing-mask-pack-25-ml-rewitalizujaca-maska-z-czarna-herbata\/\" \/>\n<meta property=\"og:site_name\" content=\"Selleetools.com\" \/>\n<meta property=\"article:modified_time\" content=\"2025-12-26T15:43:32+00:00\" \/>\n<meta property=\"og:image\" content=\"https:\/\/selleetools.com\/wp-content\/uploads\/2025\/10\/bf4e5187680b78625345953a7415048c.jpg\" \/>\n\t<meta property=\"og:image:width\" content=\"607\" \/>\n\t<meta property=\"og:image:height\" content=\"607\" \/>\n\t<meta property=\"og:image:type\" content=\"image\/jpeg\" \/>\n<meta name=\"twitter:card\" content=\"summary_large_image\" \/>\n<meta name=\"twitter:label1\" content=\"Est. reading time\" \/>\n\t<meta name=\"twitter:data1\" content=\"1 minuta\" \/>\n<!-- \/ Yoast SEO plugin. -->","yoast_head_json":{"title":"Pyunkang Yul Black Tea Revitalizing Mask Pack 25 ml \u2013 Rewitalizuj\u0105ca maska z czarn\u0105 herbat\u0105 - Selleetools.com","robots":{"index":"index","follow":"follow","max-snippet":"max-snippet:-1","max-image-preview":"max-image-preview:large","max-video-preview":"max-video-preview:-1"},"canonical":"https:\/\/admincentral.selleetools.com\/pl\/product\/pyunkang-yul-black-tea-revitalizing-mask-pack-25-ml-rewitalizujaca-maska-z-czarna-herbata\/","og_locale":"pl_PL","og_type":"article","og_title":"Pyunkang Yul Black Tea Revitalizing Mask Pack 25 ml \u2013 Rewitalizuj\u0105ca maska z czarn\u0105 herbat\u0105 - Selleetools.com","og_description":"Pyunkang Yul Black Tea Revitalizing Mask Pack to luksusowa maseczka na bazie czarnej herbaty, kt\u00f3ra oferuje intensywn\u0105 piel\u0119gnacj\u0119 i rewitalizacj\u0119 sk\u00f3ry. Stworzona przez renomowan\u0105 korea\u0144sk\u0105 mark\u0119 Pyunkang Yul, znan\u0105 ze swojego podej\u015bcia do minimalizmu i naturalnych sk\u0142adnik\u00f3w, maseczka ta dostarcza sk\u00f3rze cennych sk\u0142adnik\u00f3w od\u017cywczych, kt\u00f3re pomagaj\u0105 w jej regeneracji, nawil\u017ceniu i poprawie elastyczno\u015bci. Korzy\u015bci dla ... Read morePyunkang Yul Black Tea Revitalizing Mask Pack 25 ml \u2013 Rewitalizuj\u0105ca maska z czarn\u0105 herbat\u0105","og_url":"https:\/\/admincentral.selleetools.com\/pl\/product\/pyunkang-yul-black-tea-revitalizing-mask-pack-25-ml-rewitalizujaca-maska-z-czarna-herbata\/","og_site_name":"Selleetools.com","article_modified_time":"2025-12-26T15:43:32+00:00","og_image":[{"width":607,"height":607,"url":"https:\/\/selleetools.com\/wp-content\/uploads\/2025\/10\/bf4e5187680b78625345953a7415048c.jpg","type":"image\/jpeg"}],"twitter_card":"summary_large_image","twitter_misc":{"Est. reading time":"1 minuta"},"schema":{"@context":"https:\/\/schema.org","@graph":[{"@type":"Organization","@id":"https:\/\/selleetools.com\/#organization","name":"Selleetools","url":"https:\/\/selleetools.com\/","sameAs":[],"logo":{"@type":"ImageObject","inLanguage":"pl-PL","@id":"https:\/\/selleetools.com\/#\/schema\/logo\/image\/","url":"https:\/\/selleetools.com\/wp-content\/uploads\/2021\/10\/logo-dark.png","contentUrl":"https:\/\/selleetools.com\/wp-content\/uploads\/2021\/10\/logo-dark.png","width":320,"height":76,"caption":"Selleetools"},"image":{"@id":"https:\/\/selleetools.com\/#\/schema\/logo\/image\/"}},{"@type":"WebSite","@id":"https:\/\/selleetools.com\/#website","url":"https:\/\/selleetools.com\/","name":"Selleetools.com","description":"","publisher":{"@id":"https:\/\/selleetools.com\/#organization"},"potentialAction":[{"@type":"SearchAction","target":{"@type":"EntryPoint","urlTemplate":"https:\/\/selleetools.com\/?s={search_term_string}"},"query-input":"required name=search_term_string"}],"inLanguage":"pl-PL"},{"@type":"WebPage","@id":"https:\/\/admincentral.selleetools.com\/pl\/product\/pyunkang-yul-black-tea-revitalizing-mask-pack-25-ml-rewitalizujaca-maska-z-czarna-herbata\/","url":"https:\/\/admincentral.selleetools.com\/pl\/product\/pyunkang-yul-black-tea-revitalizing-mask-pack-25-ml-rewitalizujaca-maska-z-czarna-herbata\/","name":"Pyunkang Yul Black Tea Revitalizing Mask Pack 25 ml \u2013 Rewitalizuj\u0105ca maska z czarn\u0105 herbat\u0105 - Selleetools.com","isPartOf":{"@id":"https:\/\/selleetools.com\/#website"},"datePublished":"2025-10-22T06:43:31+00:00","dateModified":"2025-12-26T15:43:32+00:00","breadcrumb":{"@id":"https:\/\/admincentral.selleetools.com\/pl\/product\/pyunkang-yul-black-tea-revitalizing-mask-pack-25-ml-rewitalizujaca-maska-z-czarna-herbata\/#breadcrumb"},"inLanguage":"pl-PL","potentialAction":[{"@type":"ReadAction","target":["https:\/\/admincentral.selleetools.com\/pl\/product\/pyunkang-yul-black-tea-revitalizing-mask-pack-25-ml-rewitalizujaca-maska-z-czarna-herbata\/"]}]},{"@type":"BreadcrumbList","@id":"https:\/\/admincentral.selleetools.com\/pl\/product\/pyunkang-yul-black-tea-revitalizing-mask-pack-25-ml-rewitalizujaca-maska-z-czarna-herbata\/#breadcrumb","itemListElement":[{"@type":"ListItem","position":1,"name":"Home","item":"https:\/\/selleetools.com\/pl\/"},{"@type":"ListItem","position":2,"name":"Katalog","item":"https:\/\/selleetools.com\/pl\/katalog\/"},{"@type":"ListItem","position":3,"name":"Pyunkang Yul Black Tea Revitalizing Mask Pack 25 ml \u2013 Rewitalizuj\u0105ca maska z czarn\u0105 herbat\u0105"}]}]}},"_links":{"self":[{"href":"https:\/\/admincentral.selleetools.com\/pl\/wp-json\/wp\/v2\/product\/597831"}],"collection":[{"href":"https:\/\/admincentral.selleetools.com\/pl\/wp-json\/wp\/v2\/product"}],"about":[{"href":"https:\/\/admincentral.selleetools.com\/pl\/wp-json\/wp\/v2\/types\/product"}],"replies":[{"embeddable":true,"href":"https:\/\/admincentral.selleetools.com\/pl\/wp-json\/wp\/v2\/comments?post=597831"}],"wp:featuredmedia":[{"embeddable":true,"href":"https:\/\/admincentral.selleetools.com\/pl\/wp-json\/wp\/v2\/media\/597823"}],"wp:attachment":[{"href":"https:\/\/admincentral.selleetools.com\/pl\/wp-json\/wp\/v2\/media?parent=597831"}],"curies":[{"name":"wp","href":"https:\/\/api.w.org\/{rel}","templated":true}]}}