{"id":597982,"date":"2025-10-22T08:45:54","date_gmt":"2025-10-22T06:45:54","guid":{"rendered":"https:\/\/selleetools.com\/?post_type=product&#038;p=597982"},"modified":"2025-12-26T16:43:51","modified_gmt":"2025-12-26T15:43:51","slug":"pyunkang-yul-black-tea-time-reverse-eye-patch-60-pcs-platki-pod-oczy-z-czarna-herbata","status":"publish","type":"product","link":"https:\/\/admincentral.selleetools.com\/pl\/product\/pyunkang-yul-black-tea-time-reverse-eye-patch-60-pcs-platki-pod-oczy-z-czarna-herbata\/","title":{"rendered":"Pyunkang yul Black Tea Time Reverse Eye Patch 60 pcs &#8211; P\u0142atki pod oczy z czarn\u0105 herbat\u0105"},"content":{"rendered":"<p>Pyunkang Yul Black Tea Time Reverse Eye Patch to luksusowe hydro\u017celowe p\u0142atki pod oczy, stworzone z my\u015bl\u0105 o intensywnej piel\u0119gnacji sk\u00f3ry wok\u00f3\u0142 oczu. Zawieraj\u0105 ferment z czarnej herbaty, peptydy, kolagen oraz kwas hialuronowy, kt\u00f3re wsp\u00f3lnie dzia\u0142aj\u0105 przeciwstarzeniowo, wyg\u0142adzaj\u0105 drobne zmarszczki i redukuj\u0105 opuchlizn\u0119 oraz cienie pod oczami. Sk\u00f3ra staje si\u0119 wyra\u017anie j\u0119drniejsza, bardziej elastyczna i promienna.<\/p>\n<p>Korzy\u015bci dla sk\u00f3ry:<br \/>\nWyg\u0142adzaj\u0105 i uj\u0119drniaj\u0105 sk\u00f3r\u0119 wok\u00f3\u0142 oczu<br \/>\nRedukuj\u0105 cienie i opuchlizn\u0119<br \/>\nIntensywnie nawil\u017caj\u0105 i regeneruj\u0105<br \/>\nWspieraj\u0105 naturalne procesy odnowy sk\u00f3ry<br \/>\nPrzynosz\u0105 natychmiastowe uczucie ukojenia<\/p>\n<p>Spos\u00f3b u\u017cycia: Na\u0142\u00f3\u017c p\u0142atki na oczyszczon\u0105 sk\u00f3r\u0119 pod oczami. Pozostaw na 20-40 minut, a nast\u0119pnie delikatnie zdejmij i wklep pozosta\u0142\u0105 esencj\u0119 w sk\u00f3r\u0119. Stosuj w razie potrzeby.<\/p>\n","protected":false},"excerpt":{"rendered":"<p>Pyunkang Yul Black Tea Time Reverse Eye Patch to luksusowe hydro\u017celowe p\u0142atki pod oczy, stworzone z my\u015bl\u0105 o intensywnej piel\u0119gnacji sk\u00f3ry wok\u00f3\u0142 oczu. Zawieraj\u0105 ferment z czarnej herbaty, peptydy, kolagen oraz kwas hialuronowy, kt\u00f3re wsp\u00f3lnie dzia\u0142aj\u0105 przeciwstarzeniowo, wyg\u0142adzaj\u0105 drobne zmarszczki i redukuj\u0105 opuchlizn\u0119 oraz cienie pod oczami. Sk\u00f3ra staje si\u0119 wyra\u017anie j\u0119drniejsza, bardziej elastyczna i &#8230; <a title=\"Pyunkang yul Black Tea Time Reverse Eye Patch 60 pcs &#8211; P\u0142atki pod oczy z czarn\u0105 herbat\u0105\" class=\"read-more\" href=\"https:\/\/admincentral.selleetools.com\/pl\/product\/pyunkang-yul-black-tea-time-reverse-eye-patch-60-pcs-platki-pod-oczy-z-czarna-herbata\/\">Read more<span class=\"screen-reader-text\">Pyunkang yul Black Tea Time Reverse Eye Patch 60 pcs &#8211; P\u0142atki pod oczy z czarn\u0105 herbat\u0105<\/span><\/a><\/p>\n","protected":false},"featured_media":597972,"comment_status":"open","ping_status":"closed","template":"","meta":{"_links_to":"","_links_to_target":""},"yoast_head":"<!-- This site is optimized with the Yoast SEO plugin v19.4 - https:\/\/yoast.com\/wordpress\/plugins\/seo\/ -->\n<title>Pyunkang yul Black Tea Time Reverse Eye Patch 60 pcs - P\u0142atki pod oczy z czarn\u0105 herbat\u0105 - Selleetools.com<\/title>\n<meta name=\"robots\" content=\"index, follow, max-snippet:-1, max-image-preview:large, max-video-preview:-1\" \/>\n<link rel=\"canonical\" href=\"https:\/\/selleetools.com\/pl\/product\/pyunkang-yul-black-tea-time-reverse-eye-patch-60-pcs-platki-pod-oczy-z-czarna-herbata\/\" \/>\n<meta property=\"og:locale\" content=\"pl_PL\" \/>\n<meta property=\"og:type\" content=\"article\" \/>\n<meta property=\"og:title\" content=\"Pyunkang yul Black Tea Time Reverse Eye Patch 60 pcs - P\u0142atki pod oczy z czarn\u0105 herbat\u0105 - Selleetools.com\" \/>\n<meta property=\"og:description\" content=\"Pyunkang Yul Black Tea Time Reverse Eye Patch to luksusowe hydro\u017celowe p\u0142atki pod oczy, stworzone z my\u015bl\u0105 o intensywnej piel\u0119gnacji sk\u00f3ry wok\u00f3\u0142 oczu. Zawieraj\u0105 ferment z czarnej herbaty, peptydy, kolagen oraz kwas hialuronowy, kt\u00f3re wsp\u00f3lnie dzia\u0142aj\u0105 przeciwstarzeniowo, wyg\u0142adzaj\u0105 drobne zmarszczki i redukuj\u0105 opuchlizn\u0119 oraz cienie pod oczami. Sk\u00f3ra staje si\u0119 wyra\u017anie j\u0119drniejsza, bardziej elastyczna i ... Read morePyunkang yul Black Tea Time Reverse Eye Patch 60 pcs &#8211; P\u0142atki pod oczy z czarn\u0105 herbat\u0105\" \/>\n<meta property=\"og:url\" content=\"https:\/\/selleetools.com\/pl\/product\/pyunkang-yul-black-tea-time-reverse-eye-patch-60-pcs-platki-pod-oczy-z-czarna-herbata\/\" \/>\n<meta property=\"og:site_name\" content=\"Selleetools.com\" \/>\n<meta property=\"article:modified_time\" content=\"2025-12-26T15:43:51+00:00\" \/>\n<meta property=\"og:image\" content=\"https:\/\/selleetools.com\/wp-content\/uploads\/2025\/10\/5611652f08c485bd450656d2991e2ec4.jpg\" \/>\n\t<meta property=\"og:image:width\" content=\"280\" \/>\n\t<meta property=\"og:image:height\" content=\"280\" \/>\n\t<meta property=\"og:image:type\" content=\"image\/jpeg\" \/>\n<meta name=\"twitter:card\" content=\"summary_large_image\" \/>\n<meta name=\"twitter:label1\" content=\"Est. reading time\" \/>\n\t<meta name=\"twitter:data1\" content=\"1 minuta\" \/>\n<!-- \/ Yoast SEO plugin. -->","yoast_head_json":{"title":"Pyunkang yul Black Tea Time Reverse Eye Patch 60 pcs - P\u0142atki pod oczy z czarn\u0105 herbat\u0105 - Selleetools.com","robots":{"index":"index","follow":"follow","max-snippet":"max-snippet:-1","max-image-preview":"max-image-preview:large","max-video-preview":"max-video-preview:-1"},"canonical":"https:\/\/selleetools.com\/pl\/product\/pyunkang-yul-black-tea-time-reverse-eye-patch-60-pcs-platki-pod-oczy-z-czarna-herbata\/","og_locale":"pl_PL","og_type":"article","og_title":"Pyunkang yul Black Tea Time Reverse Eye Patch 60 pcs - P\u0142atki pod oczy z czarn\u0105 herbat\u0105 - Selleetools.com","og_description":"Pyunkang Yul Black Tea Time Reverse Eye Patch to luksusowe hydro\u017celowe p\u0142atki pod oczy, stworzone z my\u015bl\u0105 o intensywnej piel\u0119gnacji sk\u00f3ry wok\u00f3\u0142 oczu. Zawieraj\u0105 ferment z czarnej herbaty, peptydy, kolagen oraz kwas hialuronowy, kt\u00f3re wsp\u00f3lnie dzia\u0142aj\u0105 przeciwstarzeniowo, wyg\u0142adzaj\u0105 drobne zmarszczki i redukuj\u0105 opuchlizn\u0119 oraz cienie pod oczami. Sk\u00f3ra staje si\u0119 wyra\u017anie j\u0119drniejsza, bardziej elastyczna i ... Read morePyunkang yul Black Tea Time Reverse Eye Patch 60 pcs &#8211; P\u0142atki pod oczy z czarn\u0105 herbat\u0105","og_url":"https:\/\/selleetools.com\/pl\/product\/pyunkang-yul-black-tea-time-reverse-eye-patch-60-pcs-platki-pod-oczy-z-czarna-herbata\/","og_site_name":"Selleetools.com","article_modified_time":"2025-12-26T15:43:51+00:00","og_image":[{"width":280,"height":280,"url":"https:\/\/selleetools.com\/wp-content\/uploads\/2025\/10\/5611652f08c485bd450656d2991e2ec4.jpg","type":"image\/jpeg"}],"twitter_card":"summary_large_image","twitter_misc":{"Est. reading time":"1 minuta"},"schema":{"@context":"https:\/\/schema.org","@graph":[{"@type":"Organization","@id":"https:\/\/selleetools.com\/#organization","name":"Selleetools","url":"https:\/\/selleetools.com\/","sameAs":[],"logo":{"@type":"ImageObject","inLanguage":"pl-PL","@id":"https:\/\/selleetools.com\/#\/schema\/logo\/image\/","url":"https:\/\/selleetools.com\/wp-content\/uploads\/2021\/10\/logo-dark.png","contentUrl":"https:\/\/selleetools.com\/wp-content\/uploads\/2021\/10\/logo-dark.png","width":320,"height":76,"caption":"Selleetools"},"image":{"@id":"https:\/\/selleetools.com\/#\/schema\/logo\/image\/"}},{"@type":"WebSite","@id":"https:\/\/selleetools.com\/#website","url":"https:\/\/selleetools.com\/","name":"Selleetools.com","description":"","publisher":{"@id":"https:\/\/selleetools.com\/#organization"},"potentialAction":[{"@type":"SearchAction","target":{"@type":"EntryPoint","urlTemplate":"https:\/\/selleetools.com\/?s={search_term_string}"},"query-input":"required name=search_term_string"}],"inLanguage":"pl-PL"},{"@type":"WebPage","@id":"https:\/\/selleetools.com\/pl\/product\/pyunkang-yul-black-tea-time-reverse-eye-patch-60-pcs-platki-pod-oczy-z-czarna-herbata\/","url":"https:\/\/selleetools.com\/pl\/product\/pyunkang-yul-black-tea-time-reverse-eye-patch-60-pcs-platki-pod-oczy-z-czarna-herbata\/","name":"Pyunkang yul Black Tea Time Reverse Eye Patch 60 pcs - P\u0142atki pod oczy z czarn\u0105 herbat\u0105 - Selleetools.com","isPartOf":{"@id":"https:\/\/selleetools.com\/#website"},"datePublished":"2025-10-22T06:45:54+00:00","dateModified":"2025-12-26T15:43:51+00:00","breadcrumb":{"@id":"https:\/\/selleetools.com\/pl\/product\/pyunkang-yul-black-tea-time-reverse-eye-patch-60-pcs-platki-pod-oczy-z-czarna-herbata\/#breadcrumb"},"inLanguage":"pl-PL","potentialAction":[{"@type":"ReadAction","target":["https:\/\/selleetools.com\/pl\/product\/pyunkang-yul-black-tea-time-reverse-eye-patch-60-pcs-platki-pod-oczy-z-czarna-herbata\/"]}]},{"@type":"BreadcrumbList","@id":"https:\/\/selleetools.com\/pl\/product\/pyunkang-yul-black-tea-time-reverse-eye-patch-60-pcs-platki-pod-oczy-z-czarna-herbata\/#breadcrumb","itemListElement":[{"@type":"ListItem","position":1,"name":"Home","item":"https:\/\/selleetools.com\/pl\/"},{"@type":"ListItem","position":2,"name":"Katalog","item":"https:\/\/selleetools.com\/pl\/katalog\/"},{"@type":"ListItem","position":3,"name":"Pyunkang yul Black Tea Time Reverse Eye Patch 60 pcs &#8211; P\u0142atki pod oczy z czarn\u0105 herbat\u0105"}]}]}},"_links":{"self":[{"href":"https:\/\/admincentral.selleetools.com\/pl\/wp-json\/wp\/v2\/product\/597982"}],"collection":[{"href":"https:\/\/admincentral.selleetools.com\/pl\/wp-json\/wp\/v2\/product"}],"about":[{"href":"https:\/\/admincentral.selleetools.com\/pl\/wp-json\/wp\/v2\/types\/product"}],"replies":[{"embeddable":true,"href":"https:\/\/admincentral.selleetools.com\/pl\/wp-json\/wp\/v2\/comments?post=597982"}],"wp:featuredmedia":[{"embeddable":true,"href":"https:\/\/admincentral.selleetools.com\/pl\/wp-json\/wp\/v2\/media\/597972"}],"wp:attachment":[{"href":"https:\/\/admincentral.selleetools.com\/pl\/wp-json\/wp\/v2\/media?parent=597982"}],"curies":[{"name":"wp","href":"https:\/\/api.w.org\/{rel}","templated":true}]}}