{"id":597985,"date":"2025-10-22T08:45:57","date_gmt":"2025-10-22T06:45:57","guid":{"rendered":"https:\/\/selleetools.com\/?post_type=product&#038;p=597985"},"modified":"2026-01-02T10:44:27","modified_gmt":"2026-01-02T09:44:27","slug":"pyunkang-yul-calming-toner-pad-70-pcs-platki-tonizujace-i-kojace","status":"publish","type":"product","link":"https:\/\/admincentral.selleetools.com\/pl\/product\/pyunkang-yul-calming-toner-pad-70-pcs-platki-tonizujace-i-kojace\/","title":{"rendered":"Pyunkang Yul Calming Toner Pad 70 pcs &#8211; P\u0142atki tonizuj\u0105ce i koj\u0105ce"},"content":{"rendered":"<p>Pyunkang Yul Calming Toner Pad to innowacyjne p\u0142atki tonizuj\u0105ce, kt\u00f3re \u0142\u0105cz\u0105 w sobie wygod\u0119 stosowania z dobroczynnymi w\u0142a\u015bciwo\u015bciami toniku. Produkt ten zosta\u0142 stworzony z my\u015bl\u0105 o sk\u00f3rze wra\u017cliwej i sk\u0142onnej do podra\u017cnie\u0144, zapewniaj\u0105c jej ukojenie oraz optymalne nawil\u017cenie. P\u0142atki te s\u0105 nas\u0105czone esencj\u0105 bogat\u0105 w sk\u0142adniki aktywne, kt\u00f3re pomagaj\u0105 utrzyma\u0107 zdrow\u0105 i zr\u00f3wnowa\u017con\u0105 kondycj\u0119 sk\u00f3ry.<\/p>\n<p>Korzy\u015bci dla sk\u00f3ry:<br \/>\n\u0141agodzenie podra\u017cnie\u0144: Ekstrakt z w\u0105krotki azjatyckiej (Centella Asiatica) dzia\u0142a koj\u0105co, redukuj\u0105c zaczerwienienia i podra\u017cnienia.<br \/>\nNawil\u017cenie: Kwas hialuronowy g\u0142\u0119boko nawil\u017ca sk\u00f3r\u0119, zapewniaj\u0105c jej mi\u0119kko\u015b\u0107 i elastyczno\u015b\u0107.<br \/>\nWyg\u0142adzenie: Ekstrakt z drzewa herbacianego pomaga wyg\u0142adzi\u0107 tekstur\u0119 sk\u00f3ry, przyczyniaj\u0105c si\u0119 do redukcji niedoskona\u0142o\u015bci.<br \/>\nOchrona: Produkt zawiera antyoksydanty, kt\u00f3re chroni\u0105 sk\u00f3r\u0119 przed szkodliwym dzia\u0142aniem wolnych rodnik\u00f3w.<\/p>\n<p>Spos\u00f3b u\u017cycia:<br \/>\nPo oczyszczeniu twarzy, wyjmij jeden p\u0142atek z opakowania.<br \/>\nDelikatnie przetrzyj nim ca\u0142\u0105 twarz, unikaj\u0105c okolic oczu i ust.<br \/>\nPozostaw esencj\u0119 do wch\u0142oni\u0119cia lub kontynuuj swoj\u0105 rutyn\u0119 piel\u0119gnacyjn\u0105.<br \/>\nProdukt mo\u017cna stosowa\u0107 zar\u00f3wno rano, jak i wieczorem.<\/p>\n<p>Te koj\u0105ce p\u0142atki tonizuj\u0105ce s\u0105 idealnym rozwi\u0105zaniem dla os\u00f3b poszukuj\u0105cych wygodnej i skutecznej piel\u0119gnacji, kt\u00f3ra zapewnia sk\u00f3rze zdrowy i promienny wygl\u0105d.<\/p>\n","protected":false},"excerpt":{"rendered":"<p>Pyunkang Yul Calming Toner Pad to innowacyjne p\u0142atki tonizuj\u0105ce, kt\u00f3re \u0142\u0105cz\u0105 w sobie wygod\u0119 stosowania z dobroczynnymi w\u0142a\u015bciwo\u015bciami toniku. Produkt ten zosta\u0142 stworzony z my\u015bl\u0105 o sk\u00f3rze wra\u017cliwej i sk\u0142onnej do podra\u017cnie\u0144, zapewniaj\u0105c jej ukojenie oraz optymalne nawil\u017cenie. P\u0142atki te s\u0105 nas\u0105czone esencj\u0105 bogat\u0105 w sk\u0142adniki aktywne, kt\u00f3re pomagaj\u0105 utrzyma\u0107 zdrow\u0105 i zr\u00f3wnowa\u017con\u0105 kondycj\u0119 sk\u00f3ry. &#8230; <a title=\"Pyunkang Yul Calming Toner Pad 70 pcs &#8211; P\u0142atki tonizuj\u0105ce i koj\u0105ce\" class=\"read-more\" href=\"https:\/\/admincentral.selleetools.com\/pl\/product\/pyunkang-yul-calming-toner-pad-70-pcs-platki-tonizujace-i-kojace\/\">Read more<span class=\"screen-reader-text\">Pyunkang Yul Calming Toner Pad 70 pcs &#8211; P\u0142atki tonizuj\u0105ce i koj\u0105ce<\/span><\/a><\/p>\n","protected":false},"featured_media":597983,"comment_status":"open","ping_status":"closed","template":"","meta":{"_links_to":"","_links_to_target":""},"yoast_head":"<!-- This site is optimized with the Yoast SEO plugin v19.4 - https:\/\/yoast.com\/wordpress\/plugins\/seo\/ -->\n<title>Pyunkang Yul Calming Toner Pad 70 pcs - P\u0142atki tonizuj\u0105ce i koj\u0105ce - Selleetools.com<\/title>\n<meta name=\"robots\" content=\"index, follow, max-snippet:-1, max-image-preview:large, max-video-preview:-1\" \/>\n<link rel=\"canonical\" href=\"https:\/\/selleetools.com\/pl\/product\/pyunkang-yul-calming-toner-pad-70-pcs-platki-tonizujace-i-kojace\/\" \/>\n<meta property=\"og:locale\" content=\"pl_PL\" \/>\n<meta property=\"og:type\" content=\"article\" \/>\n<meta property=\"og:title\" content=\"Pyunkang Yul Calming Toner Pad 70 pcs - P\u0142atki tonizuj\u0105ce i koj\u0105ce - Selleetools.com\" \/>\n<meta property=\"og:description\" content=\"Pyunkang Yul Calming Toner Pad to innowacyjne p\u0142atki tonizuj\u0105ce, kt\u00f3re \u0142\u0105cz\u0105 w sobie wygod\u0119 stosowania z dobroczynnymi w\u0142a\u015bciwo\u015bciami toniku. Produkt ten zosta\u0142 stworzony z my\u015bl\u0105 o sk\u00f3rze wra\u017cliwej i sk\u0142onnej do podra\u017cnie\u0144, zapewniaj\u0105c jej ukojenie oraz optymalne nawil\u017cenie. P\u0142atki te s\u0105 nas\u0105czone esencj\u0105 bogat\u0105 w sk\u0142adniki aktywne, kt\u00f3re pomagaj\u0105 utrzyma\u0107 zdrow\u0105 i zr\u00f3wnowa\u017con\u0105 kondycj\u0119 sk\u00f3ry. ... Read morePyunkang Yul Calming Toner Pad 70 pcs &#8211; P\u0142atki tonizuj\u0105ce i koj\u0105ce\" \/>\n<meta property=\"og:url\" content=\"https:\/\/selleetools.com\/pl\/product\/pyunkang-yul-calming-toner-pad-70-pcs-platki-tonizujace-i-kojace\/\" \/>\n<meta property=\"og:site_name\" content=\"Selleetools.com\" \/>\n<meta property=\"article:modified_time\" content=\"2026-01-02T09:44:27+00:00\" \/>\n<meta property=\"og:image\" content=\"https:\/\/selleetools.com\/wp-content\/uploads\/2025\/10\/c34ba6ab452ff2bfd778458a7f14e888.jpg\" \/>\n\t<meta property=\"og:image:width\" content=\"500\" \/>\n\t<meta property=\"og:image:height\" content=\"500\" \/>\n\t<meta property=\"og:image:type\" content=\"image\/jpeg\" \/>\n<meta name=\"twitter:card\" content=\"summary_large_image\" \/>\n<meta name=\"twitter:label1\" content=\"Est. reading time\" \/>\n\t<meta name=\"twitter:data1\" content=\"1 minuta\" \/>\n<!-- \/ Yoast SEO plugin. -->","yoast_head_json":{"title":"Pyunkang Yul Calming Toner Pad 70 pcs - P\u0142atki tonizuj\u0105ce i koj\u0105ce - Selleetools.com","robots":{"index":"index","follow":"follow","max-snippet":"max-snippet:-1","max-image-preview":"max-image-preview:large","max-video-preview":"max-video-preview:-1"},"canonical":"https:\/\/selleetools.com\/pl\/product\/pyunkang-yul-calming-toner-pad-70-pcs-platki-tonizujace-i-kojace\/","og_locale":"pl_PL","og_type":"article","og_title":"Pyunkang Yul Calming Toner Pad 70 pcs - P\u0142atki tonizuj\u0105ce i koj\u0105ce - Selleetools.com","og_description":"Pyunkang Yul Calming Toner Pad to innowacyjne p\u0142atki tonizuj\u0105ce, kt\u00f3re \u0142\u0105cz\u0105 w sobie wygod\u0119 stosowania z dobroczynnymi w\u0142a\u015bciwo\u015bciami toniku. Produkt ten zosta\u0142 stworzony z my\u015bl\u0105 o sk\u00f3rze wra\u017cliwej i sk\u0142onnej do podra\u017cnie\u0144, zapewniaj\u0105c jej ukojenie oraz optymalne nawil\u017cenie. P\u0142atki te s\u0105 nas\u0105czone esencj\u0105 bogat\u0105 w sk\u0142adniki aktywne, kt\u00f3re pomagaj\u0105 utrzyma\u0107 zdrow\u0105 i zr\u00f3wnowa\u017con\u0105 kondycj\u0119 sk\u00f3ry. ... Read morePyunkang Yul Calming Toner Pad 70 pcs &#8211; P\u0142atki tonizuj\u0105ce i koj\u0105ce","og_url":"https:\/\/selleetools.com\/pl\/product\/pyunkang-yul-calming-toner-pad-70-pcs-platki-tonizujace-i-kojace\/","og_site_name":"Selleetools.com","article_modified_time":"2026-01-02T09:44:27+00:00","og_image":[{"width":500,"height":500,"url":"https:\/\/selleetools.com\/wp-content\/uploads\/2025\/10\/c34ba6ab452ff2bfd778458a7f14e888.jpg","type":"image\/jpeg"}],"twitter_card":"summary_large_image","twitter_misc":{"Est. reading time":"1 minuta"},"schema":{"@context":"https:\/\/schema.org","@graph":[{"@type":"Organization","@id":"https:\/\/selleetools.com\/#organization","name":"Selleetools","url":"https:\/\/selleetools.com\/","sameAs":[],"logo":{"@type":"ImageObject","inLanguage":"pl-PL","@id":"https:\/\/selleetools.com\/#\/schema\/logo\/image\/","url":"https:\/\/selleetools.com\/wp-content\/uploads\/2021\/10\/logo-dark.png","contentUrl":"https:\/\/selleetools.com\/wp-content\/uploads\/2021\/10\/logo-dark.png","width":320,"height":76,"caption":"Selleetools"},"image":{"@id":"https:\/\/selleetools.com\/#\/schema\/logo\/image\/"}},{"@type":"WebSite","@id":"https:\/\/selleetools.com\/#website","url":"https:\/\/selleetools.com\/","name":"Selleetools.com","description":"","publisher":{"@id":"https:\/\/selleetools.com\/#organization"},"potentialAction":[{"@type":"SearchAction","target":{"@type":"EntryPoint","urlTemplate":"https:\/\/selleetools.com\/?s={search_term_string}"},"query-input":"required name=search_term_string"}],"inLanguage":"pl-PL"},{"@type":"WebPage","@id":"https:\/\/selleetools.com\/pl\/product\/pyunkang-yul-calming-toner-pad-70-pcs-platki-tonizujace-i-kojace\/","url":"https:\/\/selleetools.com\/pl\/product\/pyunkang-yul-calming-toner-pad-70-pcs-platki-tonizujace-i-kojace\/","name":"Pyunkang Yul Calming Toner Pad 70 pcs - P\u0142atki tonizuj\u0105ce i koj\u0105ce - Selleetools.com","isPartOf":{"@id":"https:\/\/selleetools.com\/#website"},"datePublished":"2025-10-22T06:45:57+00:00","dateModified":"2026-01-02T09:44:27+00:00","breadcrumb":{"@id":"https:\/\/selleetools.com\/pl\/product\/pyunkang-yul-calming-toner-pad-70-pcs-platki-tonizujace-i-kojace\/#breadcrumb"},"inLanguage":"pl-PL","potentialAction":[{"@type":"ReadAction","target":["https:\/\/selleetools.com\/pl\/product\/pyunkang-yul-calming-toner-pad-70-pcs-platki-tonizujace-i-kojace\/"]}]},{"@type":"BreadcrumbList","@id":"https:\/\/selleetools.com\/pl\/product\/pyunkang-yul-calming-toner-pad-70-pcs-platki-tonizujace-i-kojace\/#breadcrumb","itemListElement":[{"@type":"ListItem","position":1,"name":"Home","item":"https:\/\/selleetools.com\/pl\/"},{"@type":"ListItem","position":2,"name":"Katalog","item":"https:\/\/selleetools.com\/pl\/katalog\/"},{"@type":"ListItem","position":3,"name":"Pyunkang Yul Calming Toner Pad 70 pcs &#8211; P\u0142atki tonizuj\u0105ce i koj\u0105ce"}]}]}},"_links":{"self":[{"href":"https:\/\/admincentral.selleetools.com\/pl\/wp-json\/wp\/v2\/product\/597985"}],"collection":[{"href":"https:\/\/admincentral.selleetools.com\/pl\/wp-json\/wp\/v2\/product"}],"about":[{"href":"https:\/\/admincentral.selleetools.com\/pl\/wp-json\/wp\/v2\/types\/product"}],"replies":[{"embeddable":true,"href":"https:\/\/admincentral.selleetools.com\/pl\/wp-json\/wp\/v2\/comments?post=597985"}],"wp:featuredmedia":[{"embeddable":true,"href":"https:\/\/admincentral.selleetools.com\/pl\/wp-json\/wp\/v2\/media\/597983"}],"wp:attachment":[{"href":"https:\/\/admincentral.selleetools.com\/pl\/wp-json\/wp\/v2\/media?parent=597985"}],"curies":[{"name":"wp","href":"https:\/\/api.w.org\/{rel}","templated":true}]}}