{"id":598011,"date":"2025-10-22T08:46:27","date_gmt":"2025-10-22T06:46:27","guid":{"rendered":"https:\/\/selleetools.com\/?post_type=product&#038;p=598011"},"modified":"2025-10-23T19:48:03","modified_gmt":"2025-10-23T17:48:03","slug":"some-by-mi-cica-peptide-anti-hair-loss-derma-scalp-shampoo-285-ml-l-szampon-przeciw-wypadaniu-wlosow","status":"publish","type":"product","link":"https:\/\/admincentral.selleetools.com\/pl\/product\/some-by-mi-cica-peptide-anti-hair-loss-derma-scalp-shampoo-285-ml-l-szampon-przeciw-wypadaniu-wlosow\/","title":{"rendered":"SOME BY MI Cica Peptide Anti Hair Loss Derma Scalp Shampoo 285 ml (L) &#8211; Szampon przeciw wypadaniu w\u0142os\u00f3w"},"content":{"rendered":"<p>Odkryj nowe mo\u017cliwo\u015bci piel\u0119gnacji w\u0142os\u00f3w z szamponem SOME BY MI Cica Peptide Anti Hair Loss Derma Scalp Shampoo. Ten zaawansowany kosmetyk zosta\u0142 stworzony z my\u015bl\u0105 o sk\u00f3rze g\u0142owy oraz w\u0142osach, kt\u00f3re potrzebuj\u0105 skutecznej ochrony przed wypadaniem. Formu\u0142a wzbogacona o peptydy cica dzia\u0142a regeneruj\u0105co na sk\u00f3r\u0119 g\u0142owy, wspieraj\u0105c jej zdrowy stan oraz poprawiaj\u0105c kondycj\u0119 w\u0142os\u00f3w.<\/p>\n<p>Korzy\u015bci dla w\u0142os\u00f3w:<br \/>\nRedukcja wypadania w\u0142os\u00f3w: Specjalnie dobrane sk\u0142adniki pomagaj\u0105 wzmocni\u0107 w\u0142osy od cebulek, zmniejszaj\u0105c ich wypadanie.<br \/>\nRegeneracja sk\u00f3ry g\u0142owy: Peptydy cica dzia\u0142aj\u0105 koj\u0105co i wspomagaj\u0105 naturalne procesy regeneracji, poprawiaj\u0105c zdrowie sk\u00f3ry g\u0142owy.<br \/>\nWzmacnianie w\u0142os\u00f3w: Zawarto\u015b\u0107 sk\u0142adnik\u00f3w od\u017cywczych od\u017cywia i wzmacnia w\u0142osy, poprawiaj\u0105c ich wygl\u0105d i struktur\u0119.<br \/>\nPiel\u0119gnacja: Formu\u0142a szamponu jest delikatna, a jednocze\u015bnie skuteczna w usuwaniu zanieczyszcze\u0144 i nadmiaru sebum, pozostawiaj\u0105c sk\u00f3r\u0119 g\u0142owy \u015bwie\u017c\u0105 i czyst\u0105.<\/p>\n<p>Spos\u00f3b u\u017cycia:<br \/>\nNa wilgotne w\u0142osy nanie\u015b odpowiedni\u0105 ilo\u015b\u0107 szamponu i delikatnie wmasuj w sk\u00f3r\u0119 g\u0142owy oraz d\u0142ugo\u015b\u0107 w\u0142os\u00f3w. Dok\u0142adnie sp\u0142ucz ciep\u0142\u0105 wod\u0105. Dla najlepszych rezultat\u00f3w u\u017cywaj regularnie, najlepiej w po\u0142\u0105czeniu z innymi produktami z linii SOME BY MI Cica Peptide.<\/p>\n","protected":false},"excerpt":{"rendered":"<p>Odkryj nowe mo\u017cliwo\u015bci piel\u0119gnacji w\u0142os\u00f3w z szamponem SOME BY MI Cica Peptide Anti Hair Loss Derma Scalp Shampoo. Ten zaawansowany kosmetyk zosta\u0142 stworzony z my\u015bl\u0105 o sk\u00f3rze g\u0142owy oraz w\u0142osach, kt\u00f3re potrzebuj\u0105 skutecznej ochrony przed wypadaniem. Formu\u0142a wzbogacona o peptydy cica dzia\u0142a regeneruj\u0105co na sk\u00f3r\u0119 g\u0142owy, wspieraj\u0105c jej zdrowy stan oraz poprawiaj\u0105c kondycj\u0119 w\u0142os\u00f3w. Korzy\u015bci &#8230; <a title=\"SOME BY MI Cica Peptide Anti Hair Loss Derma Scalp Shampoo 285 ml (L) &#8211; Szampon przeciw wypadaniu w\u0142os\u00f3w\" class=\"read-more\" href=\"https:\/\/admincentral.selleetools.com\/pl\/product\/some-by-mi-cica-peptide-anti-hair-loss-derma-scalp-shampoo-285-ml-l-szampon-przeciw-wypadaniu-wlosow\/\">Read more<span class=\"screen-reader-text\">SOME BY MI Cica Peptide Anti Hair Loss Derma Scalp Shampoo 285 ml (L) &#8211; Szampon przeciw wypadaniu w\u0142os\u00f3w<\/span><\/a><\/p>\n","protected":false},"featured_media":598009,"comment_status":"open","ping_status":"closed","template":"","meta":{"_links_to":"","_links_to_target":""},"yoast_head":"<!-- This site is optimized with the Yoast SEO plugin v19.4 - https:\/\/yoast.com\/wordpress\/plugins\/seo\/ -->\n<title>SOME BY MI Cica Peptide Anti Hair Loss Derma Scalp Shampoo 285 ml (L) - Szampon przeciw wypadaniu w\u0142os\u00f3w - Selleetools.com<\/title>\n<meta name=\"robots\" content=\"index, follow, max-snippet:-1, max-image-preview:large, max-video-preview:-1\" \/>\n<link rel=\"canonical\" href=\"https:\/\/selleetools.com\/pl\/product\/some-by-mi-cica-peptide-anti-hair-loss-derma-scalp-shampoo-285-ml-l-szampon-przeciw-wypadaniu-wlosow\/\" \/>\n<meta property=\"og:locale\" content=\"pl_PL\" \/>\n<meta property=\"og:type\" content=\"article\" \/>\n<meta property=\"og:title\" content=\"SOME BY MI Cica Peptide Anti Hair Loss Derma Scalp Shampoo 285 ml (L) - Szampon przeciw wypadaniu w\u0142os\u00f3w - Selleetools.com\" \/>\n<meta property=\"og:description\" content=\"Odkryj nowe mo\u017cliwo\u015bci piel\u0119gnacji w\u0142os\u00f3w z szamponem SOME BY MI Cica Peptide Anti Hair Loss Derma Scalp Shampoo. Ten zaawansowany kosmetyk zosta\u0142 stworzony z my\u015bl\u0105 o sk\u00f3rze g\u0142owy oraz w\u0142osach, kt\u00f3re potrzebuj\u0105 skutecznej ochrony przed wypadaniem. Formu\u0142a wzbogacona o peptydy cica dzia\u0142a regeneruj\u0105co na sk\u00f3r\u0119 g\u0142owy, wspieraj\u0105c jej zdrowy stan oraz poprawiaj\u0105c kondycj\u0119 w\u0142os\u00f3w. Korzy\u015bci ... Read moreSOME BY MI Cica Peptide Anti Hair Loss Derma Scalp Shampoo 285 ml (L) &#8211; Szampon przeciw wypadaniu w\u0142os\u00f3w\" \/>\n<meta property=\"og:url\" content=\"https:\/\/selleetools.com\/pl\/product\/some-by-mi-cica-peptide-anti-hair-loss-derma-scalp-shampoo-285-ml-l-szampon-przeciw-wypadaniu-wlosow\/\" \/>\n<meta property=\"og:site_name\" content=\"Selleetools.com\" \/>\n<meta property=\"article:modified_time\" content=\"2025-10-23T17:48:03+00:00\" \/>\n<meta property=\"og:image\" content=\"https:\/\/selleetools.com\/wp-content\/uploads\/2025\/10\/e9d3744bdec5c3076dc8a3c643dde47a.png\" \/>\n\t<meta property=\"og:image:width\" content=\"1200\" \/>\n\t<meta property=\"og:image:height\" content=\"1200\" \/>\n\t<meta property=\"og:image:type\" content=\"image\/png\" \/>\n<meta name=\"twitter:card\" content=\"summary_large_image\" \/>\n<meta name=\"twitter:label1\" content=\"Est. reading time\" \/>\n\t<meta name=\"twitter:data1\" content=\"1 minuta\" \/>\n<!-- \/ Yoast SEO plugin. -->","yoast_head_json":{"title":"SOME BY MI Cica Peptide Anti Hair Loss Derma Scalp Shampoo 285 ml (L) - Szampon przeciw wypadaniu w\u0142os\u00f3w - Selleetools.com","robots":{"index":"index","follow":"follow","max-snippet":"max-snippet:-1","max-image-preview":"max-image-preview:large","max-video-preview":"max-video-preview:-1"},"canonical":"https:\/\/selleetools.com\/pl\/product\/some-by-mi-cica-peptide-anti-hair-loss-derma-scalp-shampoo-285-ml-l-szampon-przeciw-wypadaniu-wlosow\/","og_locale":"pl_PL","og_type":"article","og_title":"SOME BY MI Cica Peptide Anti Hair Loss Derma Scalp Shampoo 285 ml (L) - Szampon przeciw wypadaniu w\u0142os\u00f3w - Selleetools.com","og_description":"Odkryj nowe mo\u017cliwo\u015bci piel\u0119gnacji w\u0142os\u00f3w z szamponem SOME BY MI Cica Peptide Anti Hair Loss Derma Scalp Shampoo. Ten zaawansowany kosmetyk zosta\u0142 stworzony z my\u015bl\u0105 o sk\u00f3rze g\u0142owy oraz w\u0142osach, kt\u00f3re potrzebuj\u0105 skutecznej ochrony przed wypadaniem. Formu\u0142a wzbogacona o peptydy cica dzia\u0142a regeneruj\u0105co na sk\u00f3r\u0119 g\u0142owy, wspieraj\u0105c jej zdrowy stan oraz poprawiaj\u0105c kondycj\u0119 w\u0142os\u00f3w. Korzy\u015bci ... Read moreSOME BY MI Cica Peptide Anti Hair Loss Derma Scalp Shampoo 285 ml (L) &#8211; Szampon przeciw wypadaniu w\u0142os\u00f3w","og_url":"https:\/\/selleetools.com\/pl\/product\/some-by-mi-cica-peptide-anti-hair-loss-derma-scalp-shampoo-285-ml-l-szampon-przeciw-wypadaniu-wlosow\/","og_site_name":"Selleetools.com","article_modified_time":"2025-10-23T17:48:03+00:00","og_image":[{"width":1200,"height":1200,"url":"https:\/\/selleetools.com\/wp-content\/uploads\/2025\/10\/e9d3744bdec5c3076dc8a3c643dde47a.png","type":"image\/png"}],"twitter_card":"summary_large_image","twitter_misc":{"Est. reading time":"1 minuta"},"schema":{"@context":"https:\/\/schema.org","@graph":[{"@type":"Organization","@id":"https:\/\/selleetools.com\/#organization","name":"Selleetools","url":"https:\/\/selleetools.com\/","sameAs":[],"logo":{"@type":"ImageObject","inLanguage":"pl-PL","@id":"https:\/\/selleetools.com\/#\/schema\/logo\/image\/","url":"https:\/\/selleetools.com\/wp-content\/uploads\/2021\/10\/logo-dark.png","contentUrl":"https:\/\/selleetools.com\/wp-content\/uploads\/2021\/10\/logo-dark.png","width":320,"height":76,"caption":"Selleetools"},"image":{"@id":"https:\/\/selleetools.com\/#\/schema\/logo\/image\/"}},{"@type":"WebSite","@id":"https:\/\/selleetools.com\/#website","url":"https:\/\/selleetools.com\/","name":"Selleetools.com","description":"","publisher":{"@id":"https:\/\/selleetools.com\/#organization"},"potentialAction":[{"@type":"SearchAction","target":{"@type":"EntryPoint","urlTemplate":"https:\/\/selleetools.com\/?s={search_term_string}"},"query-input":"required name=search_term_string"}],"inLanguage":"pl-PL"},{"@type":"WebPage","@id":"https:\/\/selleetools.com\/pl\/product\/some-by-mi-cica-peptide-anti-hair-loss-derma-scalp-shampoo-285-ml-l-szampon-przeciw-wypadaniu-wlosow\/","url":"https:\/\/selleetools.com\/pl\/product\/some-by-mi-cica-peptide-anti-hair-loss-derma-scalp-shampoo-285-ml-l-szampon-przeciw-wypadaniu-wlosow\/","name":"SOME BY MI Cica Peptide Anti Hair Loss Derma Scalp Shampoo 285 ml (L) - Szampon przeciw wypadaniu w\u0142os\u00f3w - Selleetools.com","isPartOf":{"@id":"https:\/\/selleetools.com\/#website"},"datePublished":"2025-10-22T06:46:27+00:00","dateModified":"2025-10-23T17:48:03+00:00","breadcrumb":{"@id":"https:\/\/selleetools.com\/pl\/product\/some-by-mi-cica-peptide-anti-hair-loss-derma-scalp-shampoo-285-ml-l-szampon-przeciw-wypadaniu-wlosow\/#breadcrumb"},"inLanguage":"pl-PL","potentialAction":[{"@type":"ReadAction","target":["https:\/\/selleetools.com\/pl\/product\/some-by-mi-cica-peptide-anti-hair-loss-derma-scalp-shampoo-285-ml-l-szampon-przeciw-wypadaniu-wlosow\/"]}]},{"@type":"BreadcrumbList","@id":"https:\/\/selleetools.com\/pl\/product\/some-by-mi-cica-peptide-anti-hair-loss-derma-scalp-shampoo-285-ml-l-szampon-przeciw-wypadaniu-wlosow\/#breadcrumb","itemListElement":[{"@type":"ListItem","position":1,"name":"Home","item":"https:\/\/selleetools.com\/pl\/"},{"@type":"ListItem","position":2,"name":"Katalog","item":"https:\/\/selleetools.com\/pl\/katalog\/"},{"@type":"ListItem","position":3,"name":"SOME BY MI Cica Peptide Anti Hair Loss Derma Scalp Shampoo 285 ml (L) &#8211; Szampon przeciw wypadaniu w\u0142os\u00f3w"}]}]}},"_links":{"self":[{"href":"https:\/\/admincentral.selleetools.com\/pl\/wp-json\/wp\/v2\/product\/598011"}],"collection":[{"href":"https:\/\/admincentral.selleetools.com\/pl\/wp-json\/wp\/v2\/product"}],"about":[{"href":"https:\/\/admincentral.selleetools.com\/pl\/wp-json\/wp\/v2\/types\/product"}],"replies":[{"embeddable":true,"href":"https:\/\/admincentral.selleetools.com\/pl\/wp-json\/wp\/v2\/comments?post=598011"}],"wp:featuredmedia":[{"embeddable":true,"href":"https:\/\/admincentral.selleetools.com\/pl\/wp-json\/wp\/v2\/media\/598009"}],"wp:attachment":[{"href":"https:\/\/admincentral.selleetools.com\/pl\/wp-json\/wp\/v2\/media?parent=598011"}],"curies":[{"name":"wp","href":"https:\/\/api.w.org\/{rel}","templated":true}]}}